{"id":766,"date":"2025-02-24T18:39:11","date_gmt":"2025-02-24T17:39:11","guid":{"rendered":"https:\/\/korenina.sk\/?post_type=product&#038;p=766"},"modified":"2026-04-15T16:49:07","modified_gmt":"2026-04-15T14:49:07","slug":"horcicne-seminko-cele","status":"publish","type":"product","link":"https:\/\/korenina.sk\/cs\/produkt\/horcicne-seminko-cele\/","title":{"rendered":"Ho\u0159\u010di\u010dn\u00e9 sem\u00ednko cel\u00e9"},"content":{"rendered":"<p data-start=\"0\" data-end=\"269\"><strong data-start=\"0\" data-end=\"26\">Ho\u0159\u010di\u010dn\u00e9 sem\u00ednko cel\u00e9<\/strong> je tradi\u010dn\u00ed ko\u0159en\u00ed s typickou jemn\u011b pikantn\u00ed a m\u00edrn\u011b o\u0159echovou chut\u00ed, kter\u00e1 se naplno rozvine p\u0159i drcen\u00ed nebo kr\u00e1tk\u00e9m osma\u017een\u00ed. Na\u0161e sem\u00ednka jsou pe\u010dliv\u011b vyb\u00edr\u00e1na a t\u0159\u00edd\u011bna tak, aby obsahovala jen pevn\u00e9, kvalitn\u00ed kusy bez ne\u010distot.<\/p>\n<p data-start=\"271\" data-end=\"454\">Jsou ide\u00e1ln\u00ed k dochucen\u00ed om\u00e1\u010dek, dom\u00e1c\u00edch ho\u0159\u010dic, nakl\u00e1dan\u00e9 zeleniny, ko\u0159eninov\u00fdch sm\u011bs\u00ed, pe\u010diva i do tepl\u00e9 kuchyn\u011b. V cel\u00e9 form\u011b si zachov\u00e1vaj\u00ed pln\u00e9 aroma a\u017e do momentu pou\u017eit\u00ed.<\/p>\n<hr data-start=\"456\" data-end=\"459\" \/>\n<h3 data-start=\"461\" data-end=\"509\">Pro\u010d si vybrat na\u0161e ho\u0159\u010di\u010dn\u00e9 sem\u00ednko cel\u00e9?<\/h3>\n<p data-start=\"511\" data-end=\"715\">\u2714 100 % p\u0159\u00edrodn\u00ed cel\u00e1 sem\u00ednka \u2013 bez p\u0159\u00eddavn\u00fdch l\u00e1tek<br data-start=\"564\" data-end=\"567\" \/>\u2714 Intenzivn\u00ed, typick\u00e1 ho\u0159\u010di\u010dn\u00e1 chu\u0165 a aroma<br data-start=\"610\" data-end=\"613\" \/>\u2714 Rovnom\u011brn\u00e1 a nepo\u0161kozen\u00e1 sem\u00ednka pro maxim\u00e1ln\u00ed kvalitu<br data-start=\"670\" data-end=\"673\" \/>\u2714 Perfektn\u00ed pro p\u0159\u00edm\u00e9 pou\u017eit\u00ed i mlet\u00ed<\/p>\n<p data-start=\"717\" data-end=\"784\">Sem\u00ednka jsou pe\u010dliv\u011b t\u0159\u00edd\u011bna \u2013 bez drobn\u00fdch ulomk\u016f a prachu.<\/p>\n<p data-start=\"786\" data-end=\"944\">Jemn\u00e9, ale v\u00fdrazn\u00e9 aroma je vhodn\u00e9 pro profesion\u00e1ln\u00ed i dom\u00e1c\u00ed va\u0159en\u00ed. Stabiln\u00ed kvalita a dlouh\u00e1 trvanlivost zaji\u0161\u0165uj\u00ed spolehliv\u00fd v\u00fdsledek p\u0159i ka\u017ed\u00e9m pou\u017eit\u00ed.<\/p>\n<hr data-start=\"946\" data-end=\"949\" \/>\n<h3 data-start=\"951\" data-end=\"969\">Jak jej pou\u017e\u00edt?<\/h3>\n<p data-start=\"971\" data-end=\"1184\">P\u0159idej ho do n\u00e1lev\u016f na okurky a zeleninu, do om\u00e1\u010dek nebo dom\u00e1c\u00edch ho\u0159\u010dic. Skv\u011ble se hod\u00ed tak\u00e9 do pe\u010diva \u010di ko\u0159eninov\u00fdch sm\u011bs\u00ed. Pro intenzivn\u011bj\u0161\u00ed chu\u0165 ho m\u016f\u017ee\u0161 kr\u00e1tce opra\u017eit na such\u00e9 p\u00e1nvi nebo jemn\u011b podrtit.<\/p>\n<hr data-start=\"1186\" data-end=\"1189\" \/>\n<h3 data-start=\"1191\" data-end=\"1219\">Doporu\u010dujeme kombinovat s:<\/h3>\n<p data-start=\"1221\" data-end=\"1360\">Do nakl\u00e1dan\u00e9 zeleniny ho zkombinuj s <a href=\"https:\/\/korenina.sk\/cs\/produkt\/bobkovy-list\/?wmc-currency=CZK\"><strong data-start=\"1259\" data-end=\"1284\">Bobkov\u00fdm listem cel\u00fdm<\/strong>.<\/a><br data-start=\"1285\" data-end=\"1288\" \/>Do dom\u00e1c\u00edch ko\u0159eninov\u00fdch sm\u011bs\u00ed se v\u00fdborn\u011b dopl\u0148uje s <a href=\"https:\/\/korenina.sk\/cs\/produkt\/koriandr-cely\/?wmc-currency=CZK\"><strong data-start=\"1339\" data-end=\"1359\">Koriandrem cel\u00fdm<\/strong><\/a>.<\/p>","protected":false},"excerpt":{"rendered":"<p><strong>Slo\u017een\u00ed:<\/strong><br \/>\nBrassica nigra I.T\u0159\u00edda 100%<\/p>\n<p><strong>Zem\u011b p\u016fvodu:<\/strong><br \/>\nFrancie<\/p>\n<p><strong>Skladov\u00e1n\u00ed:<\/strong><br \/>\nSkladujte na such\u00e9m a tmav\u00e9m m\u00edst\u011b ve sklen\u011bn\u00e9 uzav\u00edrateln\u00e9 n\u00e1dob\u011b<\/p>\n<p><strong>Minim\u00e1ln\u00ed trvanlivost 12 m\u011bs\u00edc\u016f<\/strong><\/p>","protected":false},"featured_media":5915,"comment_status":"closed","ping_status":"closed","template":"","meta":[],"product_brand":[25],"product_cat":[39],"product_tag":[106],"class_list":{"0":"post-766","1":"product","2":"type-product","3":"status-publish","4":"has-post-thumbnail","6":"product_brand-korenina","7":"product_cat-cele-korenie","8":"product_tag-exoticke-korenie","10":"first","11":"instock","12":"sale","13":"shipping-taxable","14":"purchasable","15":"product-type-variable"},"yoast_head":"<!-- This site is optimized with the Yoast SEO plugin v27.0 - https:\/\/yoast.com\/product\/yoast-seo-wordpress\/ -->\n<title>Hor\u010di\u010dn\u00e9 semienko cel\u00e9 &#8211; Koreni.na<\/title>\n<meta name=\"description\" content=\"Hor\u010di\u010dn\u00e9 semienko cel\u00e9 \u2013 aromatick\u00e9 a kvalitn\u00e9 semienka. Ide\u00e1lne do om\u00e1\u010dok, hor\u010d\u00edc, nakladanej zeleniny, pe\u010diva a koreninov\u00fdch zmes\u00ed.\" \/>\n<meta name=\"robots\" content=\"index, follow, max-snippet:-1, max-image-preview:large, max-video-preview:-1\" \/>\n<link rel=\"canonical\" href=\"https:\/\/korenina.sk\/cs\/produkt\/horcicne-seminko-cele\/?wmc-currency=CZK\" \/>\n<meta property=\"og:locale\" content=\"cs_CZ\" \/>\n<meta property=\"og:type\" content=\"article\" \/>\n<meta property=\"og:title\" content=\"Hor\u010di\u010dn\u00e9 semienko cel\u00e9 &#8211; Koreni.na\" \/>\n<meta property=\"og:description\" content=\"Hor\u010di\u010dn\u00e9 semienko cel\u00e9 \u2013 aromatick\u00e9 a kvalitn\u00e9 semienka. Ide\u00e1lne do om\u00e1\u010dok, hor\u010d\u00edc, nakladanej zeleniny, pe\u010diva a koreninov\u00fdch zmes\u00ed.\" \/>\n<meta property=\"og:url\" content=\"https:\/\/korenina.sk\/cs\/produkt\/horcicne-seminko-cele\/?wmc-currency=CZK\" \/>\n<meta property=\"og:site_name\" content=\"Koreni.na\" \/>\n<meta property=\"article:modified_time\" content=\"2026-04-15T14:49:07+00:00\" \/>\n<meta property=\"og:image\" content=\"https:\/\/korenina.sk\/wp-content\/uploads\/2026\/02\/Horcicne-semeno-cele.webp\" \/>\n\t<meta property=\"og:image:width\" content=\"600\" \/>\n\t<meta property=\"og:image:height\" content=\"600\" \/>\n\t<meta property=\"og:image:type\" content=\"image\/webp\" \/>\n<meta name=\"twitter:card\" content=\"summary_large_image\" \/>\n<meta name=\"twitter:label1\" content=\"Odhadovan\u00e1 doba \u010dten\u00ed\" \/>\n\t<meta name=\"twitter:data1\" content=\"2 minuty\" \/>\n<script type=\"application\/ld+json\" class=\"yoast-schema-graph\">{\"@context\":\"https:\/\/schema.org\",\"@graph\":[{\"@type\":\"WebPage\",\"@id\":\"https:\/\/korenina.sk\/produkt\/horcicne-semienko-cele\/\",\"url\":\"https:\/\/korenina.sk\/produkt\/horcicne-semienko-cele\/\",\"name\":\"Hor\u010di\u010dn\u00e9 semienko cel\u00e9 &#8211; Koreni.na\",\"isPartOf\":{\"@id\":\"https:\/\/korenina.sk\/#website\"},\"primaryImageOfPage\":{\"@id\":\"https:\/\/korenina.sk\/produkt\/horcicne-semienko-cele\/#primaryimage\"},\"image\":{\"@id\":\"https:\/\/korenina.sk\/produkt\/horcicne-semienko-cele\/#primaryimage\"},\"thumbnailUrl\":\"https:\/\/korenina.sk\/wp-content\/uploads\/2026\/02\/Horcicne-semeno-cele.webp\",\"datePublished\":\"2025-02-24T17:39:11+00:00\",\"dateModified\":\"2026-04-15T14:49:07+00:00\",\"description\":\"Hor\u010di\u010dn\u00e9 semienko cel\u00e9 \u2013 aromatick\u00e9 a kvalitn\u00e9 semienka. Ide\u00e1lne do om\u00e1\u010dok, hor\u010d\u00edc, nakladanej zeleniny, pe\u010diva a koreninov\u00fdch zmes\u00ed.\",\"breadcrumb\":{\"@id\":\"https:\/\/korenina.sk\/produkt\/horcicne-semienko-cele\/#breadcrumb\"},\"inLanguage\":\"cs\",\"potentialAction\":[{\"@type\":\"ReadAction\",\"target\":[\"https:\/\/korenina.sk\/produkt\/horcicne-semienko-cele\/\"]}]},{\"@type\":\"ImageObject\",\"inLanguage\":\"cs\",\"@id\":\"https:\/\/korenina.sk\/produkt\/horcicne-semienko-cele\/#primaryimage\",\"url\":\"https:\/\/korenina.sk\/wp-content\/uploads\/2026\/02\/Horcicne-semeno-cele.webp\",\"contentUrl\":\"https:\/\/korenina.sk\/wp-content\/uploads\/2026\/02\/Horcicne-semeno-cele.webp\",\"width\":600,\"height\":600,\"caption\":\"hor\u010di\u010dn\u00e9 semeno cel\u00e9\"},{\"@type\":\"BreadcrumbList\",\"@id\":\"https:\/\/korenina.sk\/produkt\/horcicne-semienko-cele\/#breadcrumb\",\"itemListElement\":[{\"@type\":\"ListItem\",\"position\":1,\"name\":\"Domovsk\u00e1 str\u00e1nka\",\"item\":\"https:\/\/korenina.sk\/\"},{\"@type\":\"ListItem\",\"position\":2,\"name\":\"Na\u0161e koreniny a su\u0161en\u00e9 plody\",\"item\":\"https:\/\/korenina.sk\/nase-produkty\/\"},{\"@type\":\"ListItem\",\"position\":3,\"name\":\"Hor\u010di\u010dn\u00e9 semienko cel\u00e9\"}]},{\"@type\":\"WebSite\",\"@id\":\"https:\/\/korenina.sk\/#website\",\"url\":\"https:\/\/korenina.sk\/\",\"name\":\"Koreni.na\",\"description\":\"Z\u00e1\u017eitok z toho prav\u00e9ho korenia\",\"publisher\":{\"@id\":\"https:\/\/korenina.sk\/#organization\"},\"potentialAction\":[{\"@type\":\"SearchAction\",\"target\":{\"@type\":\"EntryPoint\",\"urlTemplate\":\"https:\/\/korenina.sk\/?s={search_term_string}\"},\"query-input\":{\"@type\":\"PropertyValueSpecification\",\"valueRequired\":true,\"valueName\":\"search_term_string\"}}],\"inLanguage\":\"cs\"},{\"@type\":\"Organization\",\"@id\":\"https:\/\/korenina.sk\/#organization\",\"name\":\"Koreni.na\",\"url\":\"https:\/\/korenina.sk\/\",\"logo\":{\"@type\":\"ImageObject\",\"inLanguage\":\"cs\",\"@id\":\"https:\/\/korenina.sk\/#\/schema\/logo\/image\/\",\"url\":\"https:\/\/korenina.sk\/wp-content\/uploads\/2025\/02\/logo.svg\",\"contentUrl\":\"https:\/\/korenina.sk\/wp-content\/uploads\/2025\/02\/logo.svg\",\"width\":500,\"height\":80,\"caption\":\"Koreni.na\"},\"image\":{\"@id\":\"https:\/\/korenina.sk\/#\/schema\/logo\/image\/\"}}]}<\/script>\n<!-- \/ Yoast SEO plugin. -->","yoast_head_json":{"title":"Ho\u0159\u010di\u010dn\u00e9 sem\u00ednko cel\u00e9 \u2013 Ko\u0159eni.","description":"Ho\u0159\u010di\u010dn\u00e9 sem\u00ednko cel\u00e9 \u2013 aromatick\u00e1 a kvalitn\u00ed sem\u00ednka. Ide\u00e1ln\u00ed do om\u00e1\u010dek, ho\u0159\u010dic, nakl\u00e1dan\u00e9 zeleniny, pe\u010diva a ko\u0159eninov\u00fdch sm\u011bs\u00ed.","robots":{"index":"index","follow":"follow","max-snippet":"max-snippet:-1","max-image-preview":"max-image-preview:large","max-video-preview":"max-video-preview:-1"},"canonical":"https:\/\/korenina.sk\/cs\/produkt\/horcicne-seminko-cele\/?wmc-currency=CZK","og_locale":"cs_CZ","og_type":"article","og_title":"Hor\u010di\u010dn\u00e9 semienko cel\u00e9 &#8211; Koreni.na","og_description":"Hor\u010di\u010dn\u00e9 semienko cel\u00e9 \u2013 aromatick\u00e9 a kvalitn\u00e9 semienka. Ide\u00e1lne do om\u00e1\u010dok, hor\u010d\u00edc, nakladanej zeleniny, pe\u010diva a koreninov\u00fdch zmes\u00ed.","og_url":"https:\/\/korenina.sk\/cs\/produkt\/horcicne-seminko-cele\/?wmc-currency=CZK","og_site_name":"Koreni.na","article_modified_time":"2026-04-15T14:49:07+00:00","og_image":[{"width":600,"height":600,"url":"https:\/\/korenina.sk\/wp-content\/uploads\/2026\/02\/Horcicne-semeno-cele.webp","type":"image\/webp"}],"twitter_card":"summary_large_image","twitter_misc":{"Odhadovan\u00e1 doba \u010dten\u00ed":"2 minuty"},"schema":{"@context":"https:\/\/schema.org","@graph":[{"@type":"WebPage","@id":"https:\/\/korenina.sk\/produkt\/horcicne-semienko-cele\/","url":"https:\/\/korenina.sk\/produkt\/horcicne-semienko-cele\/","name":"Ho\u0159\u010di\u010dn\u00e9 sem\u00ednko cel\u00e9 \u2013 Ko\u0159eni.","isPartOf":{"@id":"https:\/\/korenina.sk\/#website"},"primaryImageOfPage":{"@id":"https:\/\/korenina.sk\/produkt\/horcicne-semienko-cele\/#primaryimage"},"image":{"@id":"https:\/\/korenina.sk\/produkt\/horcicne-semienko-cele\/#primaryimage"},"thumbnailUrl":"https:\/\/korenina.sk\/wp-content\/uploads\/2026\/02\/Horcicne-semeno-cele.webp","datePublished":"2025-02-24T17:39:11+00:00","dateModified":"2026-04-15T14:49:07+00:00","description":"Ho\u0159\u010di\u010dn\u00e9 sem\u00ednko cel\u00e9 \u2013 aromatick\u00e1 a kvalitn\u00ed sem\u00ednka. Ide\u00e1ln\u00ed do om\u00e1\u010dek, ho\u0159\u010dic, nakl\u00e1dan\u00e9 zeleniny, pe\u010diva a ko\u0159eninov\u00fdch sm\u011bs\u00ed.","breadcrumb":{"@id":"https:\/\/korenina.sk\/produkt\/horcicne-semienko-cele\/#breadcrumb"},"inLanguage":"cs","potentialAction":[{"@type":"ReadAction","target":["https:\/\/korenina.sk\/produkt\/horcicne-semienko-cele\/"]}]},{"@type":"ImageObject","inLanguage":"cs","@id":"https:\/\/korenina.sk\/produkt\/horcicne-semienko-cele\/#primaryimage","url":"https:\/\/korenina.sk\/wp-content\/uploads\/2026\/02\/Horcicne-semeno-cele.webp","contentUrl":"https:\/\/korenina.sk\/wp-content\/uploads\/2026\/02\/Horcicne-semeno-cele.webp","width":600,"height":600,"caption":"hor\u010di\u010dn\u00e9 semeno cel\u00e9"},{"@type":"BreadcrumbList","@id":"https:\/\/korenina.sk\/produkt\/horcicne-semienko-cele\/#breadcrumb","itemListElement":[{"@type":"ListItem","position":1,"name":"Domovsk\u00e1 str\u00e1nka","item":"https:\/\/korenina.sk\/"},{"@type":"ListItem","position":2,"name":"Na\u0161e koreniny a su\u0161en\u00e9 plody","item":"https:\/\/korenina.sk\/nase-produkty\/"},{"@type":"ListItem","position":3,"name":"Hor\u010di\u010dn\u00e9 semienko cel\u00e9"}]},{"@type":"WebSite","@id":"https:\/\/korenina.sk\/#website","url":"https:\/\/korenina.sk\/","name":"Koreni.na","description":"Z\u00e1\u017eitek z toho prav\u00e9ho pep\u0159e","publisher":{"@id":"https:\/\/korenina.sk\/#organization"},"potentialAction":[{"@type":"SearchAction","target":{"@type":"EntryPoint","urlTemplate":"https:\/\/korenina.sk\/?s={search_term_string}"},"query-input":{"@type":"PropertyValueSpecification","valueRequired":true,"valueName":"search_term_string"}}],"inLanguage":"cs"},{"@type":"Organization","@id":"https:\/\/korenina.sk\/#organization","name":"Koreni.na","url":"https:\/\/korenina.sk\/","logo":{"@type":"ImageObject","inLanguage":"cs","@id":"https:\/\/korenina.sk\/#\/schema\/logo\/image\/","url":"https:\/\/korenina.sk\/wp-content\/uploads\/2025\/02\/logo.svg","contentUrl":"https:\/\/korenina.sk\/wp-content\/uploads\/2025\/02\/logo.svg","width":500,"height":80,"caption":"Koreni.na"},"image":{"@id":"https:\/\/korenina.sk\/#\/schema\/logo\/image\/"}}]}},"_links":{"self":[{"href":"https:\/\/korenina.sk\/cs\/wp-json\/wp\/v2\/product\/766","targetHints":{"allow":["GET"]}}],"collection":[{"href":"https:\/\/korenina.sk\/cs\/wp-json\/wp\/v2\/product"}],"about":[{"href":"https:\/\/korenina.sk\/cs\/wp-json\/wp\/v2\/types\/product"}],"replies":[{"embeddable":true,"href":"https:\/\/korenina.sk\/cs\/wp-json\/wp\/v2\/comments?post=766"}],"wp:featuredmedia":[{"embeddable":true,"href":"https:\/\/korenina.sk\/cs\/wp-json\/wp\/v2\/media\/5915"}],"wp:attachment":[{"href":"https:\/\/korenina.sk\/cs\/wp-json\/wp\/v2\/media?parent=766"}],"wp:term":[{"taxonomy":"product_brand","embeddable":true,"href":"https:\/\/korenina.sk\/cs\/wp-json\/wp\/v2\/product_brand?post=766"},{"taxonomy":"product_cat","embeddable":true,"href":"https:\/\/korenina.sk\/cs\/wp-json\/wp\/v2\/product_cat?post=766"},{"taxonomy":"product_tag","embeddable":true,"href":"https:\/\/korenina.sk\/cs\/wp-json\/wp\/v2\/product_tag?post=766"}],"curies":[{"name":"wp","href":"https:\/\/api.w.org\/{rel}","templated":true}]}}