{"id":741,"date":"2025-02-24T18:13:31","date_gmt":"2025-02-24T17:13:31","guid":{"rendered":"https:\/\/korenina.sk\/?post_type=product&#038;p=741"},"modified":"2026-04-15T16:49:07","modified_gmt":"2026-04-15T14:49:07","slug":"muskatovy-orech-mlety","status":"publish","type":"product","link":"https:\/\/korenina.sk\/cs\/produkt\/muskatovy-orech-mlety\/","title":{"rendered":"Mu\u0161k\u00e1tov\u00fd o\u0159ech mlet\u00fd"},"content":{"rendered":"<p data-start=\"0\" data-end=\"256\"><strong data-start=\"0\" data-end=\"25\">Mu\u0161k\u00e1tov\u00fd o\u0159ech mlet\u00fd<\/strong> je vyroben z kvalitn\u00edch, pe\u010dliv\u011b vybran\u00fdch semen mu\u0161k\u00e1tov\u00e9ho o\u0159echu, kter\u00e9 jsou \u0161etrn\u011b su\u0161en\u00e9 a n\u00e1sledn\u011b jemn\u011b mlet\u00e9 tak, aby si zachovaly sv\u00e9 charakteristick\u00e9, intenzivn\u00ed aroma a p\u0159\u00edjemn\u011b teplou, ko\u0159en\u011bnou chu\u0165 bez ho\u0159kosti.<\/p>\n<p data-start=\"258\" data-end=\"436\">U\u017e mal\u00e9 mno\u017estv\u00ed dok\u00e1\u017ee v\u00fdrazn\u011b zv\u00fdraznit chu\u0165 j\u00eddla a dodat mu typick\u00fd mu\u0161k\u00e1tov\u00fd charakter. Je ide\u00e1ln\u00ed do sladk\u00fdch i slan\u00fdch recept\u016f \u2013 od dezert\u016f a\u017e po om\u00e1\u010dky a masov\u00e1 j\u00eddla.<\/p>\n<hr data-start=\"438\" data-end=\"441\" \/>\n<h3 data-start=\"443\" data-end=\"489\">Pro\u010d si vybrat n\u00e1\u0161 mu\u0161k\u00e1tov\u00fd o\u0159ech mlet\u00fd?<\/h3>\n<p data-start=\"491\" data-end=\"653\">\u2714 Jemn\u011b mlet\u00fd pro rovnom\u011brn\u00e9 pou\u017eit\u00ed<br data-start=\"528\" data-end=\"531\" \/>\u2714 Intenzivn\u00ed, tepl\u00e1 a ko\u0159en\u011bn\u00e1 chu\u0165<br data-start=\"567\" data-end=\"570\" \/>\u2714 100 % p\u0159\u00edrodn\u00ed produkt \u2013 bez p\u0159\u00edsad<br data-start=\"607\" data-end=\"610\" \/>\u2714 Ide\u00e1ln\u00ed do sladk\u00fdch i slan\u00fdch recept\u016f<\/p>\n<p data-start=\"655\" data-end=\"737\">Pou\u017e\u00edv\u00e1me jen kvalitn\u00ed cel\u00e1 semena \u2013 ne levn\u00e9 n\u00e1hrady ani zbytky po zpracov\u00e1n\u00ed.<\/p>\n<p data-start=\"739\" data-end=\"905\">\u0160etrn\u00e9 mlet\u00ed zachov\u00e1v\u00e1 p\u0159irozen\u00e9 aroma a silice, d\u00edky \u010demu\u017e je chu\u0165 pln\u00e1 a v\u00fdrazn\u00e1. St\u00e1l\u00e1 kvalita umo\u017e\u0148uje p\u0159esn\u00e9 d\u00e1vkov\u00e1n\u00ed a konzistentn\u00ed v\u00fdsledek v ka\u017ed\u00e9m j\u00eddle.<\/p>\n<hr data-start=\"907\" data-end=\"910\" \/>\n<h3 data-start=\"912\" data-end=\"930\">Jak jej pou\u017e\u00edt?<\/h3>\n<p data-start=\"932\" data-end=\"1118\">P\u0159idej ho do kol\u00e1\u010d\u016f, pern\u00edk\u016f, pudink\u016f \u010di kr\u00e9m\u016f. V\u00fdborn\u011b se hod\u00ed i do be\u0161amelu, bramborov\u00e9 ka\u0161e, smetanov\u00fdch om\u00e1\u010dek, pol\u00e9vek nebo masn\u00fdch j\u00eddel. Sta\u010d\u00ed \u0161petka ke zv\u00fdrazn\u011bn\u00ed chuti.<\/p>\n<hr data-start=\"1120\" data-end=\"1123\" \/>\n<h3 data-start=\"1125\" data-end=\"1153\">Doporu\u010dujeme kombinovat s:<\/h3>\n<p data-start=\"1155\" data-end=\"1291\">Do sladk\u00e9ho pe\u010den\u00ed ho zkombinuj se <a href=\"https:\/\/korenina.sk\/cs\/produkt\/skorice-mleta\/?wmc-currency=CZK\"><strong data-start=\"1191\" data-end=\"1210\">Sko\u0159ic\u00ed mletou<\/strong><\/a>.<br data-start=\"1211\" data-end=\"1214\" \/>Do kr\u00e9mov\u00fdch om\u00e1\u010dek a pol\u00e9vek se v\u00fdborn\u011b dopl\u0148uje s <a href=\"https:\/\/korenina.sk\/cs\/produkt\/bily-pepr-mlete\/?wmc-currency=CZK\"><strong data-start=\"1265\" data-end=\"1290\">B\u00edl\u00fdm pep\u0159em mlet\u00fdm<\/strong>.<\/a><\/p>","protected":false},"excerpt":{"rendered":"<p><strong>Slo\u017een\u00ed:<\/strong><br \/>\nMyristica fragrans su\u0161en\u00e1 mlet\u00e1 I.T\u0159\u00edda 100%<\/p>\n<p><strong>Zem\u011b p\u016fvodu:<\/strong><br \/>\nSr\u00ed Lanka<\/p>\n<p><strong>Skladov\u00e1n\u00ed:<\/strong><br \/>\nSkladujte na such\u00e9m a tmav\u00e9m m\u00edst\u011b ve sklen\u011bn\u00e9 uzav\u00edrateln\u00e9 n\u00e1dob\u011b<\/p>\n<p><strong>Minim\u00e1ln\u00ed trvanlivost 12 m\u011bs\u00edc\u016f<\/strong><\/p>","protected":false},"featured_media":5954,"comment_status":"closed","ping_status":"closed","template":"","meta":[],"product_brand":[25],"product_cat":[38],"product_tag":[106],"class_list":{"0":"post-741","1":"product","2":"type-product","3":"status-publish","4":"has-post-thumbnail","6":"product_brand-korenina","7":"product_cat-mlete-korenie","8":"product_tag-exoticke-korenie","10":"first","11":"instock","12":"sale","13":"shipping-taxable","14":"purchasable","15":"product-type-variable"},"yoast_head":"<!-- This site is optimized with the Yoast SEO plugin v27.0 - https:\/\/yoast.com\/product\/yoast-seo-wordpress\/ -->\n<title>Mu\u0161k\u00e1tov\u00fd orech mlet\u00fd &#8211; Koreni.na<\/title>\n<meta name=\"description\" content=\"Mu\u0161k\u00e1tov\u00fd orech mlet\u00fd s intenz\u00edvnou korenistou chu\u0165ou a ar\u00f3mou. Kvalitn\u00fd 100% pr\u00edrodn\u00fd produkt, ide\u00e1lny do kol\u00e1\u010dov, om\u00e1\u010dok, polievok a m\u00e4sov\u00fdch jed\u00e1l.\" \/>\n<meta name=\"robots\" content=\"index, follow, max-snippet:-1, max-image-preview:large, max-video-preview:-1\" \/>\n<link rel=\"canonical\" href=\"https:\/\/korenina.sk\/cs\/produkt\/muskatovy-orech-mlety\/?wmc-currency=CZK\" \/>\n<meta property=\"og:locale\" content=\"cs_CZ\" \/>\n<meta property=\"og:type\" content=\"article\" \/>\n<meta property=\"og:title\" content=\"Mu\u0161k\u00e1tov\u00fd orech mlet\u00fd &#8211; Koreni.na\" \/>\n<meta property=\"og:description\" content=\"Mu\u0161k\u00e1tov\u00fd orech mlet\u00fd s intenz\u00edvnou korenistou chu\u0165ou a ar\u00f3mou. Kvalitn\u00fd 100% pr\u00edrodn\u00fd produkt, ide\u00e1lny do kol\u00e1\u010dov, om\u00e1\u010dok, polievok a m\u00e4sov\u00fdch jed\u00e1l.\" \/>\n<meta property=\"og:url\" content=\"https:\/\/korenina.sk\/cs\/produkt\/muskatovy-orech-mlety\/?wmc-currency=CZK\" \/>\n<meta property=\"og:site_name\" content=\"Koreni.na\" \/>\n<meta property=\"article:modified_time\" content=\"2026-04-15T14:49:07+00:00\" \/>\n<meta property=\"og:image\" content=\"https:\/\/korenina.sk\/wp-content\/uploads\/2026\/02\/Muskatovy-orech-mlety.webp\" \/>\n\t<meta property=\"og:image:width\" content=\"600\" \/>\n\t<meta property=\"og:image:height\" content=\"600\" \/>\n\t<meta property=\"og:image:type\" content=\"image\/webp\" \/>\n<meta name=\"twitter:card\" content=\"summary_large_image\" \/>\n<meta name=\"twitter:label1\" content=\"Odhadovan\u00e1 doba \u010dten\u00ed\" \/>\n\t<meta name=\"twitter:data1\" content=\"2 minuty\" \/>\n<script type=\"application\/ld+json\" class=\"yoast-schema-graph\">{\"@context\":\"https:\/\/schema.org\",\"@graph\":[{\"@type\":\"WebPage\",\"@id\":\"https:\/\/korenina.sk\/produkt\/muskatovy-orech-mlety\/\",\"url\":\"https:\/\/korenina.sk\/produkt\/muskatovy-orech-mlety\/\",\"name\":\"Mu\u0161k\u00e1tov\u00fd orech mlet\u00fd &#8211; Koreni.na\",\"isPartOf\":{\"@id\":\"https:\/\/korenina.sk\/#website\"},\"primaryImageOfPage\":{\"@id\":\"https:\/\/korenina.sk\/produkt\/muskatovy-orech-mlety\/#primaryimage\"},\"image\":{\"@id\":\"https:\/\/korenina.sk\/produkt\/muskatovy-orech-mlety\/#primaryimage\"},\"thumbnailUrl\":\"https:\/\/korenina.sk\/wp-content\/uploads\/2026\/02\/Muskatovy-orech-mlety.webp\",\"datePublished\":\"2025-02-24T17:13:31+00:00\",\"dateModified\":\"2026-04-15T14:49:07+00:00\",\"description\":\"Mu\u0161k\u00e1tov\u00fd orech mlet\u00fd s intenz\u00edvnou korenistou chu\u0165ou a ar\u00f3mou. Kvalitn\u00fd 100% pr\u00edrodn\u00fd produkt, ide\u00e1lny do kol\u00e1\u010dov, om\u00e1\u010dok, polievok a m\u00e4sov\u00fdch jed\u00e1l.\",\"breadcrumb\":{\"@id\":\"https:\/\/korenina.sk\/produkt\/muskatovy-orech-mlety\/#breadcrumb\"},\"inLanguage\":\"cs\",\"potentialAction\":[{\"@type\":\"ReadAction\",\"target\":[\"https:\/\/korenina.sk\/produkt\/muskatovy-orech-mlety\/\"]}]},{\"@type\":\"ImageObject\",\"inLanguage\":\"cs\",\"@id\":\"https:\/\/korenina.sk\/produkt\/muskatovy-orech-mlety\/#primaryimage\",\"url\":\"https:\/\/korenina.sk\/wp-content\/uploads\/2026\/02\/Muskatovy-orech-mlety.webp\",\"contentUrl\":\"https:\/\/korenina.sk\/wp-content\/uploads\/2026\/02\/Muskatovy-orech-mlety.webp\",\"width\":600,\"height\":600,\"caption\":\"mu\u0161k\u00e1tov\u00fd orech mlet\u00fd\"},{\"@type\":\"BreadcrumbList\",\"@id\":\"https:\/\/korenina.sk\/produkt\/muskatovy-orech-mlety\/#breadcrumb\",\"itemListElement\":[{\"@type\":\"ListItem\",\"position\":1,\"name\":\"Domovsk\u00e1 str\u00e1nka\",\"item\":\"https:\/\/korenina.sk\/\"},{\"@type\":\"ListItem\",\"position\":2,\"name\":\"Na\u0161e koreniny a su\u0161en\u00e9 plody\",\"item\":\"https:\/\/korenina.sk\/nase-produkty\/\"},{\"@type\":\"ListItem\",\"position\":3,\"name\":\"Mu\u0161k\u00e1tov\u00fd orech mlet\u00fd\"}]},{\"@type\":\"WebSite\",\"@id\":\"https:\/\/korenina.sk\/#website\",\"url\":\"https:\/\/korenina.sk\/\",\"name\":\"Koreni.na\",\"description\":\"Z\u00e1\u017eitok z toho prav\u00e9ho korenia\",\"publisher\":{\"@id\":\"https:\/\/korenina.sk\/#organization\"},\"potentialAction\":[{\"@type\":\"SearchAction\",\"target\":{\"@type\":\"EntryPoint\",\"urlTemplate\":\"https:\/\/korenina.sk\/?s={search_term_string}\"},\"query-input\":{\"@type\":\"PropertyValueSpecification\",\"valueRequired\":true,\"valueName\":\"search_term_string\"}}],\"inLanguage\":\"cs\"},{\"@type\":\"Organization\",\"@id\":\"https:\/\/korenina.sk\/#organization\",\"name\":\"Koreni.na\",\"url\":\"https:\/\/korenina.sk\/\",\"logo\":{\"@type\":\"ImageObject\",\"inLanguage\":\"cs\",\"@id\":\"https:\/\/korenina.sk\/#\/schema\/logo\/image\/\",\"url\":\"https:\/\/korenina.sk\/wp-content\/uploads\/2025\/02\/logo.svg\",\"contentUrl\":\"https:\/\/korenina.sk\/wp-content\/uploads\/2025\/02\/logo.svg\",\"width\":500,\"height\":80,\"caption\":\"Koreni.na\"},\"image\":{\"@id\":\"https:\/\/korenina.sk\/#\/schema\/logo\/image\/\"}}]}<\/script>\n<!-- \/ Yoast SEO plugin. -->","yoast_head_json":{"title":"Mu\u0161k\u00e1tov\u00fd o\u0159ech mlet\u00fd \u2013 Ko\u0159eni.","description":"Mu\u0161k\u00e1tov\u00fd o\u0159ech mlet\u00fd s intenzivn\u00ed ko\u0159en\u011bnou chut\u00ed a aroma. Kvalitn\u00ed 100% p\u0159\u00edrodn\u00ed produkt, ide\u00e1ln\u00ed do kol\u00e1\u010d\u016f, om\u00e1\u010dek, pol\u00e9vek a masn\u00fdch j\u00eddel.","robots":{"index":"index","follow":"follow","max-snippet":"max-snippet:-1","max-image-preview":"max-image-preview:large","max-video-preview":"max-video-preview:-1"},"canonical":"https:\/\/korenina.sk\/cs\/produkt\/muskatovy-orech-mlety\/?wmc-currency=CZK","og_locale":"cs_CZ","og_type":"article","og_title":"Mu\u0161k\u00e1tov\u00fd orech mlet\u00fd &#8211; Koreni.na","og_description":"Mu\u0161k\u00e1tov\u00fd orech mlet\u00fd s intenz\u00edvnou korenistou chu\u0165ou a ar\u00f3mou. Kvalitn\u00fd 100% pr\u00edrodn\u00fd produkt, ide\u00e1lny do kol\u00e1\u010dov, om\u00e1\u010dok, polievok a m\u00e4sov\u00fdch jed\u00e1l.","og_url":"https:\/\/korenina.sk\/cs\/produkt\/muskatovy-orech-mlety\/?wmc-currency=CZK","og_site_name":"Koreni.na","article_modified_time":"2026-04-15T14:49:07+00:00","og_image":[{"width":600,"height":600,"url":"https:\/\/korenina.sk\/wp-content\/uploads\/2026\/02\/Muskatovy-orech-mlety.webp","type":"image\/webp"}],"twitter_card":"summary_large_image","twitter_misc":{"Odhadovan\u00e1 doba \u010dten\u00ed":"2 minuty"},"schema":{"@context":"https:\/\/schema.org","@graph":[{"@type":"WebPage","@id":"https:\/\/korenina.sk\/produkt\/muskatovy-orech-mlety\/","url":"https:\/\/korenina.sk\/produkt\/muskatovy-orech-mlety\/","name":"Mu\u0161k\u00e1tov\u00fd o\u0159ech mlet\u00fd \u2013 Ko\u0159eni.","isPartOf":{"@id":"https:\/\/korenina.sk\/#website"},"primaryImageOfPage":{"@id":"https:\/\/korenina.sk\/produkt\/muskatovy-orech-mlety\/#primaryimage"},"image":{"@id":"https:\/\/korenina.sk\/produkt\/muskatovy-orech-mlety\/#primaryimage"},"thumbnailUrl":"https:\/\/korenina.sk\/wp-content\/uploads\/2026\/02\/Muskatovy-orech-mlety.webp","datePublished":"2025-02-24T17:13:31+00:00","dateModified":"2026-04-15T14:49:07+00:00","description":"Mu\u0161k\u00e1tov\u00fd o\u0159ech mlet\u00fd s intenzivn\u00ed ko\u0159en\u011bnou chut\u00ed a aroma. Kvalitn\u00ed 100% p\u0159\u00edrodn\u00ed produkt, ide\u00e1ln\u00ed do kol\u00e1\u010d\u016f, om\u00e1\u010dek, pol\u00e9vek a masn\u00fdch j\u00eddel.","breadcrumb":{"@id":"https:\/\/korenina.sk\/produkt\/muskatovy-orech-mlety\/#breadcrumb"},"inLanguage":"cs","potentialAction":[{"@type":"ReadAction","target":["https:\/\/korenina.sk\/produkt\/muskatovy-orech-mlety\/"]}]},{"@type":"ImageObject","inLanguage":"cs","@id":"https:\/\/korenina.sk\/produkt\/muskatovy-orech-mlety\/#primaryimage","url":"https:\/\/korenina.sk\/wp-content\/uploads\/2026\/02\/Muskatovy-orech-mlety.webp","contentUrl":"https:\/\/korenina.sk\/wp-content\/uploads\/2026\/02\/Muskatovy-orech-mlety.webp","width":600,"height":600,"caption":"mu\u0161k\u00e1tov\u00fd orech mlet\u00fd"},{"@type":"BreadcrumbList","@id":"https:\/\/korenina.sk\/produkt\/muskatovy-orech-mlety\/#breadcrumb","itemListElement":[{"@type":"ListItem","position":1,"name":"Domovsk\u00e1 str\u00e1nka","item":"https:\/\/korenina.sk\/"},{"@type":"ListItem","position":2,"name":"Na\u0161e koreniny a su\u0161en\u00e9 plody","item":"https:\/\/korenina.sk\/nase-produkty\/"},{"@type":"ListItem","position":3,"name":"Mu\u0161k\u00e1tov\u00fd orech mlet\u00fd"}]},{"@type":"WebSite","@id":"https:\/\/korenina.sk\/#website","url":"https:\/\/korenina.sk\/","name":"Koreni.na","description":"Z\u00e1\u017eitek z toho prav\u00e9ho pep\u0159e","publisher":{"@id":"https:\/\/korenina.sk\/#organization"},"potentialAction":[{"@type":"SearchAction","target":{"@type":"EntryPoint","urlTemplate":"https:\/\/korenina.sk\/?s={search_term_string}"},"query-input":{"@type":"PropertyValueSpecification","valueRequired":true,"valueName":"search_term_string"}}],"inLanguage":"cs"},{"@type":"Organization","@id":"https:\/\/korenina.sk\/#organization","name":"Koreni.na","url":"https:\/\/korenina.sk\/","logo":{"@type":"ImageObject","inLanguage":"cs","@id":"https:\/\/korenina.sk\/#\/schema\/logo\/image\/","url":"https:\/\/korenina.sk\/wp-content\/uploads\/2025\/02\/logo.svg","contentUrl":"https:\/\/korenina.sk\/wp-content\/uploads\/2025\/02\/logo.svg","width":500,"height":80,"caption":"Koreni.na"},"image":{"@id":"https:\/\/korenina.sk\/#\/schema\/logo\/image\/"}}]}},"_links":{"self":[{"href":"https:\/\/korenina.sk\/cs\/wp-json\/wp\/v2\/product\/741","targetHints":{"allow":["GET"]}}],"collection":[{"href":"https:\/\/korenina.sk\/cs\/wp-json\/wp\/v2\/product"}],"about":[{"href":"https:\/\/korenina.sk\/cs\/wp-json\/wp\/v2\/types\/product"}],"replies":[{"embeddable":true,"href":"https:\/\/korenina.sk\/cs\/wp-json\/wp\/v2\/comments?post=741"}],"wp:featuredmedia":[{"embeddable":true,"href":"https:\/\/korenina.sk\/cs\/wp-json\/wp\/v2\/media\/5954"}],"wp:attachment":[{"href":"https:\/\/korenina.sk\/cs\/wp-json\/wp\/v2\/media?parent=741"}],"wp:term":[{"taxonomy":"product_brand","embeddable":true,"href":"https:\/\/korenina.sk\/cs\/wp-json\/wp\/v2\/product_brand?post=741"},{"taxonomy":"product_cat","embeddable":true,"href":"https:\/\/korenina.sk\/cs\/wp-json\/wp\/v2\/product_cat?post=741"},{"taxonomy":"product_tag","embeddable":true,"href":"https:\/\/korenina.sk\/cs\/wp-json\/wp\/v2\/product_tag?post=741"}],"curies":[{"name":"wp","href":"https:\/\/api.w.org\/{rel}","templated":true}]}}