{"id":731,"date":"2025-02-24T18:06:24","date_gmt":"2025-02-24T17:06:24","guid":{"rendered":"https:\/\/korenina.sk\/?post_type=product&#038;p=731"},"modified":"2026-04-15T16:49:07","modified_gmt":"2026-04-15T14:49:07","slug":"zeleny-pepr-cele","status":"publish","type":"product","link":"https:\/\/korenina.sk\/cs\/produkt\/zeleny-pepr-cele\/","title":{"rendered":"Zelen\u00fd pep\u0159 cel\u00fd"},"content":{"rendered":"<p data-start=\"0\" data-end=\"245\"><strong data-start=\"0\" data-end=\"23\">Zelen\u00fd pep\u0159 cel\u00fd<\/strong> jsou pe\u010dliv\u011b vyb\u00edr\u00e1ny bobule s intenzivn\u00edm, sv\u011b\u017e\u00edm aroma a jemnou, p\u0159\u00edjemn\u011b ko\u0159en\u011bnou chut\u00ed. Ve srovn\u00e1n\u00ed s pep\u0159em p\u016fsob\u00ed zelen\u00fd pep\u0159 jemn\u011bji a sv\u011b\u017eeji, d\u00edky \u010demu\u017e je ide\u00e1ln\u00ed do delik\u00e1tn\u011bj\u0161\u00edch j\u00eddel.<\/p>\n<p data-start=\"247\" data-end=\"384\">Cel\u00e9 bobule si zachov\u00e1vaj\u00ed pln\u00e9 aroma a\u017e do momentu pou\u017eit\u00ed \u2013 m\u016f\u017ee\u0161 je pou\u017e\u00edt cel\u00e9 nebo poml\u00edt t\u011bsn\u011b p\u0159ed va\u0159en\u00edm pro maxim\u00e1ln\u00ed chu\u0165.<\/p>\n<hr data-start=\"386\" data-end=\"389\" \/>\n<h3 data-start=\"391\" data-end=\"436\">Pro\u010d si vybrat na\u0161e zelen\u00e9 ko\u0159en\u00ed cel\u00e9?<\/h3>\n<p data-start=\"438\" data-end=\"633\">\u2714 100 % p\u0159\u00edrodn\u00ed cel\u00e9 bobule \u2013 bez ulomk\u016f a ne\u010distot<br data-start=\"491\" data-end=\"494\" \/>\u2714 Sv\u011b\u017e\u00ed, jemn\u011b ko\u0159en\u011bn\u00e1 chu\u0165 a aroma<br data-start=\"532\" data-end=\"535\" \/>\u2714 Rovnom\u011brn\u00e9, kvalitn\u00ed bobule pro maxim\u00e1ln\u00ed intenzitu<br data-start=\"588\" data-end=\"591\" \/>\u2714 Perfektn\u00ed pro mlet\u00ed i p\u0159\u00edm\u00e9 pou\u017eit\u00ed<\/p>\n<p data-start=\"635\" data-end=\"713\">\u017d\u00e1dn\u00e9 drobn\u00e9 ulomky ani v\u011btvi\u010dky \u2013 jen \u010dist\u00e9 a pe\u010dliv\u011b t\u0159\u00edd\u011bn\u00e9 bobule.<\/p>\n<p data-start=\"715\" data-end=\"852\">Intenzivn\u00ed sv\u011b\u017e\u00ed aroma je vhodn\u00e9 pro profesion\u00e1ln\u00ed i dom\u00e1c\u00ed va\u0159en\u00ed. Stabiln\u00ed kvalita zaji\u0161\u0165uje spolehliv\u00fd v\u00fdsledek v ka\u017ed\u00e9m receptu.<\/p>\n<hr data-start=\"854\" data-end=\"857\" \/>\n<h3 data-start=\"859\" data-end=\"877\">Jak jej pou\u017e\u00edt?<\/h3>\n<p data-start=\"879\" data-end=\"1077\">P\u0159idej cel\u00e9 bobule do v\u00fdvar\u016f, smetanov\u00fdch om\u00e1\u010dek, marin\u00e1d nebo k du\u0161en\u00e9mu masu. V\u00fdborn\u011b se hod\u00ed k dr\u016fbe\u017ei, telec\u00edmu masu \u010di ryb\u00e1m. P\u0159ed pou\u017eit\u00edm je m\u016f\u017ee\u0161 jemn\u011b podrtit pro je\u0161t\u011b v\u00fdrazn\u011bj\u0161\u00ed aroma.<\/p>\n<hr data-start=\"1079\" data-end=\"1082\" \/>\n<h3 data-start=\"1084\" data-end=\"1112\">Doporu\u010dujeme kombinovat s:<\/h3>\n<p data-start=\"1114\" data-end=\"1262\">Do jemn\u00fdch masn\u00fdch j\u00eddel ho zkombinuj s <a href=\"https:\/\/korenina.sk\/cs\/produkt\/bily-pepr-cele\/?wmc-currency=CZK\"><strong data-start=\"1155\" data-end=\"1179\">B\u00edl\u00fdm pep\u0159em cel\u00fdm<\/strong>.<\/a><br data-start=\"1180\" data-end=\"1183\" \/>Do aromatick\u00fdch om\u00e1\u010dek a marin\u00e1d se v\u00fdborn\u011b dopl\u0148uje s<a href=\"https:\/\/korenina.sk\/cs\/produkt\/bobkovy-list\/?wmc-currency=CZK\"> <strong data-start=\"1236\" data-end=\"1261\">Bobkov\u00fdm listem cel\u00fdm<\/strong>.<\/a><\/p>","protected":false},"excerpt":{"rendered":"<p><strong>Slo\u017een\u00ed:<\/strong><br \/>\nPiper nigrum su\u0161en\u00e9 cel\u00e9 I.T\u0159\u00edda 100%<\/p>\n<p><strong>Zem\u011b p\u016fvodu:<\/strong><br \/>\nIndie<\/p>\n<p><strong>Skladov\u00e1n\u00ed:<\/strong><br \/>\nSkladujte na such\u00e9m a tmav\u00e9m m\u00edst\u011b ve sklen\u011bn\u00e9 uzav\u00edrateln\u00e9 n\u00e1dob\u011b<\/p>\n<p><strong>Minim\u00e1ln\u00ed trvanlivost 12 m\u011bs\u00edc\u016f<\/strong><\/p>","protected":false},"featured_media":6009,"comment_status":"closed","ping_status":"closed","template":"","meta":[],"product_brand":[25],"product_cat":[39],"product_tag":[106],"class_list":{"0":"post-731","1":"product","2":"type-product","3":"status-publish","4":"has-post-thumbnail","6":"product_brand-korenina","7":"product_cat-cele-korenie","8":"product_tag-exoticke-korenie","10":"first","11":"instock","12":"sale","13":"shipping-taxable","14":"purchasable","15":"product-type-variable"},"yoast_head":"<!-- This site is optimized with the Yoast SEO plugin v27.0 - https:\/\/yoast.com\/product\/yoast-seo-wordpress\/ -->\n<title>Zelen\u00e9 korenie cel\u00e9 &#8211; Koreni.na<\/title>\n<meta name=\"description\" content=\"Zelen\u00e9 korenie cel\u00e9 s jemnou svie\u017eou chu\u0165ou a ar\u00f3mou. Ide\u00e1lne do polievok, om\u00e1\u010dok, dusen\u00e9ho m\u00e4sa a koreninov\u00fdch zmes\u00ed. 100% pr\u00edrodn\u00e9.\" \/>\n<meta name=\"robots\" content=\"index, follow, max-snippet:-1, max-image-preview:large, max-video-preview:-1\" \/>\n<link rel=\"canonical\" href=\"https:\/\/korenina.sk\/cs\/produkt\/zeleny-pepr-cele\/?wmc-currency=CZK\" \/>\n<meta property=\"og:locale\" content=\"cs_CZ\" \/>\n<meta property=\"og:type\" content=\"article\" \/>\n<meta property=\"og:title\" content=\"Zelen\u00e9 korenie cel\u00e9 &#8211; Koreni.na\" \/>\n<meta property=\"og:description\" content=\"Zelen\u00e9 korenie cel\u00e9 s jemnou svie\u017eou chu\u0165ou a ar\u00f3mou. Ide\u00e1lne do polievok, om\u00e1\u010dok, dusen\u00e9ho m\u00e4sa a koreninov\u00fdch zmes\u00ed. 100% pr\u00edrodn\u00e9.\" \/>\n<meta property=\"og:url\" content=\"https:\/\/korenina.sk\/cs\/produkt\/zeleny-pepr-cele\/?wmc-currency=CZK\" \/>\n<meta property=\"og:site_name\" content=\"Koreni.na\" \/>\n<meta property=\"article:modified_time\" content=\"2026-04-15T14:49:07+00:00\" \/>\n<meta property=\"og:image\" content=\"https:\/\/korenina.sk\/wp-content\/uploads\/2026\/02\/zelene-korenie-cele.webp\" \/>\n\t<meta property=\"og:image:width\" content=\"600\" \/>\n\t<meta property=\"og:image:height\" content=\"600\" \/>\n\t<meta property=\"og:image:type\" content=\"image\/webp\" \/>\n<meta name=\"twitter:card\" content=\"summary_large_image\" \/>\n<meta name=\"twitter:label1\" content=\"Odhadovan\u00e1 doba \u010dten\u00ed\" \/>\n\t<meta name=\"twitter:data1\" content=\"2 minuty\" \/>\n<script type=\"application\/ld+json\" class=\"yoast-schema-graph\">{\"@context\":\"https:\/\/schema.org\",\"@graph\":[{\"@type\":\"WebPage\",\"@id\":\"https:\/\/korenina.sk\/produkt\/zelene-korenie-cele\/\",\"url\":\"https:\/\/korenina.sk\/produkt\/zelene-korenie-cele\/\",\"name\":\"Zelen\u00e9 korenie cel\u00e9 &#8211; Koreni.na\",\"isPartOf\":{\"@id\":\"https:\/\/korenina.sk\/#website\"},\"primaryImageOfPage\":{\"@id\":\"https:\/\/korenina.sk\/produkt\/zelene-korenie-cele\/#primaryimage\"},\"image\":{\"@id\":\"https:\/\/korenina.sk\/produkt\/zelene-korenie-cele\/#primaryimage\"},\"thumbnailUrl\":\"https:\/\/korenina.sk\/wp-content\/uploads\/2026\/02\/zelene-korenie-cele.webp\",\"datePublished\":\"2025-02-24T17:06:24+00:00\",\"dateModified\":\"2026-04-15T14:49:07+00:00\",\"description\":\"Zelen\u00e9 korenie cel\u00e9 s jemnou svie\u017eou chu\u0165ou a ar\u00f3mou. Ide\u00e1lne do polievok, om\u00e1\u010dok, dusen\u00e9ho m\u00e4sa a koreninov\u00fdch zmes\u00ed. 100% pr\u00edrodn\u00e9.\",\"breadcrumb\":{\"@id\":\"https:\/\/korenina.sk\/produkt\/zelene-korenie-cele\/#breadcrumb\"},\"inLanguage\":\"cs\",\"potentialAction\":[{\"@type\":\"ReadAction\",\"target\":[\"https:\/\/korenina.sk\/produkt\/zelene-korenie-cele\/\"]}]},{\"@type\":\"ImageObject\",\"inLanguage\":\"cs\",\"@id\":\"https:\/\/korenina.sk\/produkt\/zelene-korenie-cele\/#primaryimage\",\"url\":\"https:\/\/korenina.sk\/wp-content\/uploads\/2026\/02\/zelene-korenie-cele.webp\",\"contentUrl\":\"https:\/\/korenina.sk\/wp-content\/uploads\/2026\/02\/zelene-korenie-cele.webp\",\"width\":600,\"height\":600,\"caption\":\"zelen\u00e9 korenie cel\u00e9\"},{\"@type\":\"BreadcrumbList\",\"@id\":\"https:\/\/korenina.sk\/produkt\/zelene-korenie-cele\/#breadcrumb\",\"itemListElement\":[{\"@type\":\"ListItem\",\"position\":1,\"name\":\"Domovsk\u00e1 str\u00e1nka\",\"item\":\"https:\/\/korenina.sk\/\"},{\"@type\":\"ListItem\",\"position\":2,\"name\":\"Na\u0161e koreniny a su\u0161en\u00e9 plody\",\"item\":\"https:\/\/korenina.sk\/nase-produkty\/\"},{\"@type\":\"ListItem\",\"position\":3,\"name\":\"Zelen\u00e9 korenie cel\u00e9\"}]},{\"@type\":\"WebSite\",\"@id\":\"https:\/\/korenina.sk\/#website\",\"url\":\"https:\/\/korenina.sk\/\",\"name\":\"Koreni.na\",\"description\":\"Z\u00e1\u017eitok z toho prav\u00e9ho korenia\",\"publisher\":{\"@id\":\"https:\/\/korenina.sk\/#organization\"},\"potentialAction\":[{\"@type\":\"SearchAction\",\"target\":{\"@type\":\"EntryPoint\",\"urlTemplate\":\"https:\/\/korenina.sk\/?s={search_term_string}\"},\"query-input\":{\"@type\":\"PropertyValueSpecification\",\"valueRequired\":true,\"valueName\":\"search_term_string\"}}],\"inLanguage\":\"cs\"},{\"@type\":\"Organization\",\"@id\":\"https:\/\/korenina.sk\/#organization\",\"name\":\"Koreni.na\",\"url\":\"https:\/\/korenina.sk\/\",\"logo\":{\"@type\":\"ImageObject\",\"inLanguage\":\"cs\",\"@id\":\"https:\/\/korenina.sk\/#\/schema\/logo\/image\/\",\"url\":\"https:\/\/korenina.sk\/wp-content\/uploads\/2025\/02\/logo.svg\",\"contentUrl\":\"https:\/\/korenina.sk\/wp-content\/uploads\/2025\/02\/logo.svg\",\"width\":500,\"height\":80,\"caption\":\"Koreni.na\"},\"image\":{\"@id\":\"https:\/\/korenina.sk\/#\/schema\/logo\/image\/\"}}]}<\/script>\n<!-- \/ Yoast SEO plugin. -->","yoast_head_json":{"title":"Zelen\u00fd pep\u0159 cel\u00fd \u2013 Ko\u0159eni.","description":"Zelen\u00fd pep\u0159 cel\u00fd s jemnou sv\u011b\u017e\u00ed chut\u00ed a aroma. Ide\u00e1ln\u00ed do pol\u00e9vek, om\u00e1\u010dek, du\u0161en\u00e9ho masa a ko\u0159eninov\u00fdch sm\u011bs\u00ed. 100% p\u0159\u00edrodn\u00ed.","robots":{"index":"index","follow":"follow","max-snippet":"max-snippet:-1","max-image-preview":"max-image-preview:large","max-video-preview":"max-video-preview:-1"},"canonical":"https:\/\/korenina.sk\/cs\/produkt\/zeleny-pepr-cele\/?wmc-currency=CZK","og_locale":"cs_CZ","og_type":"article","og_title":"Zelen\u00e9 korenie cel\u00e9 &#8211; Koreni.na","og_description":"Zelen\u00e9 korenie cel\u00e9 s jemnou svie\u017eou chu\u0165ou a ar\u00f3mou. Ide\u00e1lne do polievok, om\u00e1\u010dok, dusen\u00e9ho m\u00e4sa a koreninov\u00fdch zmes\u00ed. 100% pr\u00edrodn\u00e9.","og_url":"https:\/\/korenina.sk\/cs\/produkt\/zeleny-pepr-cele\/?wmc-currency=CZK","og_site_name":"Koreni.na","article_modified_time":"2026-04-15T14:49:07+00:00","og_image":[{"width":600,"height":600,"url":"https:\/\/korenina.sk\/wp-content\/uploads\/2026\/02\/zelene-korenie-cele.webp","type":"image\/webp"}],"twitter_card":"summary_large_image","twitter_misc":{"Odhadovan\u00e1 doba \u010dten\u00ed":"2 minuty"},"schema":{"@context":"https:\/\/schema.org","@graph":[{"@type":"WebPage","@id":"https:\/\/korenina.sk\/produkt\/zelene-korenie-cele\/","url":"https:\/\/korenina.sk\/produkt\/zelene-korenie-cele\/","name":"Zelen\u00fd pep\u0159 cel\u00fd \u2013 Ko\u0159eni.","isPartOf":{"@id":"https:\/\/korenina.sk\/#website"},"primaryImageOfPage":{"@id":"https:\/\/korenina.sk\/produkt\/zelene-korenie-cele\/#primaryimage"},"image":{"@id":"https:\/\/korenina.sk\/produkt\/zelene-korenie-cele\/#primaryimage"},"thumbnailUrl":"https:\/\/korenina.sk\/wp-content\/uploads\/2026\/02\/zelene-korenie-cele.webp","datePublished":"2025-02-24T17:06:24+00:00","dateModified":"2026-04-15T14:49:07+00:00","description":"Zelen\u00fd pep\u0159 cel\u00fd s jemnou sv\u011b\u017e\u00ed chut\u00ed a aroma. Ide\u00e1ln\u00ed do pol\u00e9vek, om\u00e1\u010dek, du\u0161en\u00e9ho masa a ko\u0159eninov\u00fdch sm\u011bs\u00ed. 100% p\u0159\u00edrodn\u00ed.","breadcrumb":{"@id":"https:\/\/korenina.sk\/produkt\/zelene-korenie-cele\/#breadcrumb"},"inLanguage":"cs","potentialAction":[{"@type":"ReadAction","target":["https:\/\/korenina.sk\/produkt\/zelene-korenie-cele\/"]}]},{"@type":"ImageObject","inLanguage":"cs","@id":"https:\/\/korenina.sk\/produkt\/zelene-korenie-cele\/#primaryimage","url":"https:\/\/korenina.sk\/wp-content\/uploads\/2026\/02\/zelene-korenie-cele.webp","contentUrl":"https:\/\/korenina.sk\/wp-content\/uploads\/2026\/02\/zelene-korenie-cele.webp","width":600,"height":600,"caption":"zelen\u00e9 korenie cel\u00e9"},{"@type":"BreadcrumbList","@id":"https:\/\/korenina.sk\/produkt\/zelene-korenie-cele\/#breadcrumb","itemListElement":[{"@type":"ListItem","position":1,"name":"Domovsk\u00e1 str\u00e1nka","item":"https:\/\/korenina.sk\/"},{"@type":"ListItem","position":2,"name":"Na\u0161e koreniny a su\u0161en\u00e9 plody","item":"https:\/\/korenina.sk\/nase-produkty\/"},{"@type":"ListItem","position":3,"name":"Zelen\u00e9 korenie cel\u00e9"}]},{"@type":"WebSite","@id":"https:\/\/korenina.sk\/#website","url":"https:\/\/korenina.sk\/","name":"Koreni.na","description":"Z\u00e1\u017eitek z toho prav\u00e9ho pep\u0159e","publisher":{"@id":"https:\/\/korenina.sk\/#organization"},"potentialAction":[{"@type":"SearchAction","target":{"@type":"EntryPoint","urlTemplate":"https:\/\/korenina.sk\/?s={search_term_string}"},"query-input":{"@type":"PropertyValueSpecification","valueRequired":true,"valueName":"search_term_string"}}],"inLanguage":"cs"},{"@type":"Organization","@id":"https:\/\/korenina.sk\/#organization","name":"Koreni.na","url":"https:\/\/korenina.sk\/","logo":{"@type":"ImageObject","inLanguage":"cs","@id":"https:\/\/korenina.sk\/#\/schema\/logo\/image\/","url":"https:\/\/korenina.sk\/wp-content\/uploads\/2025\/02\/logo.svg","contentUrl":"https:\/\/korenina.sk\/wp-content\/uploads\/2025\/02\/logo.svg","width":500,"height":80,"caption":"Koreni.na"},"image":{"@id":"https:\/\/korenina.sk\/#\/schema\/logo\/image\/"}}]}},"_links":{"self":[{"href":"https:\/\/korenina.sk\/cs\/wp-json\/wp\/v2\/product\/731","targetHints":{"allow":["GET"]}}],"collection":[{"href":"https:\/\/korenina.sk\/cs\/wp-json\/wp\/v2\/product"}],"about":[{"href":"https:\/\/korenina.sk\/cs\/wp-json\/wp\/v2\/types\/product"}],"replies":[{"embeddable":true,"href":"https:\/\/korenina.sk\/cs\/wp-json\/wp\/v2\/comments?post=731"}],"wp:featuredmedia":[{"embeddable":true,"href":"https:\/\/korenina.sk\/cs\/wp-json\/wp\/v2\/media\/6009"}],"wp:attachment":[{"href":"https:\/\/korenina.sk\/cs\/wp-json\/wp\/v2\/media?parent=731"}],"wp:term":[{"taxonomy":"product_brand","embeddable":true,"href":"https:\/\/korenina.sk\/cs\/wp-json\/wp\/v2\/product_brand?post=731"},{"taxonomy":"product_cat","embeddable":true,"href":"https:\/\/korenina.sk\/cs\/wp-json\/wp\/v2\/product_cat?post=731"},{"taxonomy":"product_tag","embeddable":true,"href":"https:\/\/korenina.sk\/cs\/wp-json\/wp\/v2\/product_tag?post=731"}],"curies":[{"name":"wp","href":"https:\/\/api.w.org\/{rel}","templated":true}]}}