{"id":716,"date":"2025-02-24T17:57:01","date_gmt":"2025-02-24T16:57:01","guid":{"rendered":"https:\/\/korenina.sk\/?post_type=product&#038;p=716"},"modified":"2026-04-15T16:49:07","modified_gmt":"2026-04-15T14:49:07","slug":"jalovec-jalovec-jemne-mlet","status":"publish","type":"product","link":"https:\/\/korenina.sk\/cs\/produkt\/jalovec-jalovec-jemne-mlet\/","title":{"rendered":"Jalovec \u2013 jemn\u011b mlet\u00e9 plody"},"content":{"rendered":"<p data-start=\"0\" data-end=\"297\"><strong data-start=\"0\" data-end=\"34\">Jalovec \/ jalovec jemn\u011b mlet\u00e1<\/strong> je vyrobena z kvalitn\u00edch, aromatick\u00fdch plod\u016f jalovce, kter\u00e9 jsou jemn\u011b pomlet\u00e9 pro maxim\u00e1ln\u00ed a okam\u017eit\u00e9 uvoln\u011bn\u00ed typick\u00e9 d\u0159evit\u00e9, prysky\u0159i\u010dn\u00e9 a m\u00edrn\u011b nasl\u00e1dl\u00e9 chuti. D\u00edky mlet\u00e9 form\u011b se rychle spoj\u00ed s ostatn\u00edmi surovinami a zajist\u00ed rovnom\u011brn\u00e9 dochucen\u00ed.<\/p>\n<p data-start=\"299\" data-end=\"475\">Je ide\u00e1ln\u00ed na du\u0161en\u00e9 maso, zv\u011b\u0159inu, gul\u00e1\u0161y, zeln\u00e1 j\u00eddla, marin\u00e1dy i alkoholov\u00e9 n\u00e1poje. Skv\u011bl\u00e1 volba v\u0161ude tam, kde chce\u0161 intenzivn\u00ed aroma bez nutnosti drcen\u00ed cel\u00fdch bobul\u00ed.<\/p>\n<p data-start=\"477\" data-end=\"527\">100 % p\u0159\u00edrodn\u00ed produkt \u2013 bez chemick\u00fdch p\u0159\u00eddavk\u016f.<\/p>\n<hr data-start=\"529\" data-end=\"532\" \/>\n<h3 data-start=\"534\" data-end=\"590\">Pro\u010d si vybrat na\u0161i jalovci \/ jalovec jemn\u011b mletou?<\/h3>\n<p data-start=\"592\" data-end=\"766\">\u2714 Jemn\u00e9 mlet\u00ed pro rychl\u00e9 uvoln\u011bn\u00ed aroma<br data-start=\"633\" data-end=\"636\" \/>\u2714 100 % p\u0159\u00edrodn\u00ed plody \u2013 bez chemick\u00fdch p\u0159\u00edsad<br data-start=\"682\" data-end=\"685\" \/>\u2714 Siln\u00e1, typick\u00e1 jalovcov\u00e1 v\u016fn\u011b<br data-start=\"717\" data-end=\"720\" \/>\u2714 Vhodn\u00e1 do tradi\u010dn\u00edch i modern\u00edch recept\u016f<\/p>\n<p data-start=\"768\" data-end=\"834\">Vyrobena je z kvalitn\u00edch cel\u00fdch bobul\u00ed \u2013 ne z drti nebo odpadu.<\/p>\n<p data-start=\"836\" data-end=\"987\">Intenzivn\u00ed chu\u0165 ocen\u00ed z\u00e1kazn\u00edci p\u0159i p\u0159\u00edprav\u011b masa i dom\u00e1c\u00edch n\u00e1poj\u016f. Praktick\u00e1 forma umo\u017e\u0148uje snadn\u00e9 d\u00e1vkov\u00e1n\u00ed bez pot\u0159eby drcen\u00ed \u010di p\u0159\u00edpravy.<\/p>\n<p data-start=\"989\" data-end=\"1064\">Stabiln\u00ed kvalita a \u010derstv\u00e9 aroma zaji\u0161\u0165uj\u00ed autentick\u00fd kulin\u00e1\u0159sk\u00fd z\u00e1\u017eitek.<\/p>\n<hr data-start=\"1066\" data-end=\"1069\" \/>\n<h3 data-start=\"1071\" data-end=\"1089\">Jak ji pou\u017e\u00edt?<\/h3>\n<p data-start=\"1091\" data-end=\"1294\">P\u0159idej ji p\u0159\u00edmo do gul\u00e1\u0161\u016f, du\u0161en\u00e9ho masa, om\u00e1\u010dek nebo marin\u00e1d na zv\u011b\u0159inu a vep\u0159ov\u00e9 maso. V\u00fdborn\u011b se hod\u00ed i do zeln\u00fdch j\u00eddel \u010di dom\u00e1c\u00edch lik\u00e9r\u016f. Sta\u010d\u00ed mal\u00e9 mno\u017estv\u00ed k dosa\u017een\u00ed v\u00fdrazn\u00e9ho aroma.<\/p>\n<hr data-start=\"1296\" data-end=\"1299\" \/>\n<h3 data-start=\"1301\" data-end=\"1329\">Doporu\u010dujeme kombinovat s:<\/h3>\n<p data-start=\"1331\" data-end=\"1494\">Do zv\u011b\u0159inov\u00fdch a du\u0161en\u00fdch j\u00eddel ji zkombinuj s <a href=\"https:\/\/korenina.sk\/cs\/produkt\/bobkovy-list\/?wmc-currency=CZK\"><strong data-start=\"1377\" data-end=\"1402\">Bobkov\u00fdm listem cel\u00fdm<\/strong>.<\/a><br data-start=\"1403\" data-end=\"1406\" \/>Do aromatick\u00fdch masn\u00fdch sm\u011bs\u00ed se v\u00fdborn\u011b dopl\u0148uje s<a href=\"https:\/\/korenina.sk\/cs\/produkt\/cerny-pepr-mlete-prvni-trida-exclusive\/?wmc-currency=CZK\"> <strong data-start=\"1457\" data-end=\"1493\">\u010cern\u00fdm pep\u0159em mlet\u00fdm 1. t\u0159\u00eddy<\/strong>.<\/a><\/p>","protected":false},"excerpt":{"rendered":"<p><strong>Slo\u017een\u00ed:<\/strong><br \/>\nJuniperus communis su\u0161en\u00e9 jemn\u011b mlet\u00e9 I.T\u0159\u00edda 100%<\/p>\n<p><strong>Zem\u011b p\u016fvodu:<\/strong><br \/>\n\u010cesko<\/p>\n<p><strong>Skladov\u00e1n\u00ed:<\/strong><br \/>\nSkladujte na such\u00e9m a tmav\u00e9m m\u00edst\u011b ve sklen\u011bn\u00e9 uzav\u00edrateln\u00e9 n\u00e1dob\u011b<\/p>\n<p><strong>Minim\u00e1ln\u00ed trvanlivost 12 m\u011bs\u00edc\u016f<\/strong><\/p>","protected":false},"featured_media":5919,"comment_status":"closed","ping_status":"closed","template":"","meta":[],"product_brand":[25],"product_cat":[38],"product_tag":[106],"class_list":{"0":"post-716","1":"product","2":"type-product","3":"status-publish","4":"has-post-thumbnail","6":"product_brand-korenina","7":"product_cat-mlete-korenie","8":"product_tag-exoticke-korenie","10":"first","11":"instock","12":"sale","13":"shipping-taxable","14":"purchasable","15":"product-type-variable"},"yoast_head":"<!-- This site is optimized with the Yoast SEO plugin v27.0 - https:\/\/yoast.com\/product\/yoast-seo-wordpress\/ -->\n<title>Jalovec\/borievka jemne mlet\u00e1 &#8211; Koreni.na<\/title>\n<meta name=\"description\" content=\"Jemne mlet\u00e1 borievka\/jalovec s intenz\u00edvnou ar\u00f3mou. Ide\u00e1lna do m\u00e4sa, gul\u00e1\u0161ov, marin\u00e1d a lik\u00e9rov. 100% pr\u00edrodn\u00e9 a kvalitn\u00e9 korenie.\" \/>\n<meta name=\"robots\" content=\"index, follow, max-snippet:-1, max-image-preview:large, max-video-preview:-1\" \/>\n<link rel=\"canonical\" href=\"https:\/\/korenina.sk\/cs\/produkt\/jalovec-jalovec-jemne-mlet\/?wmc-currency=CZK\" \/>\n<meta property=\"og:locale\" content=\"cs_CZ\" \/>\n<meta property=\"og:type\" content=\"article\" \/>\n<meta property=\"og:title\" content=\"Jalovec\/borievka jemne mlet\u00e1 &#8211; Koreni.na\" \/>\n<meta property=\"og:description\" content=\"Jemne mlet\u00e1 borievka\/jalovec s intenz\u00edvnou ar\u00f3mou. Ide\u00e1lna do m\u00e4sa, gul\u00e1\u0161ov, marin\u00e1d a lik\u00e9rov. 100% pr\u00edrodn\u00e9 a kvalitn\u00e9 korenie.\" \/>\n<meta property=\"og:url\" content=\"https:\/\/korenina.sk\/cs\/produkt\/jalovec-jalovec-jemne-mlet\/?wmc-currency=CZK\" \/>\n<meta property=\"og:site_name\" content=\"Koreni.na\" \/>\n<meta property=\"article:modified_time\" content=\"2026-04-15T14:49:07+00:00\" \/>\n<meta property=\"og:image\" content=\"https:\/\/korenina.sk\/wp-content\/uploads\/2026\/02\/jalovec-mlety.webp\" \/>\n\t<meta property=\"og:image:width\" content=\"600\" \/>\n\t<meta property=\"og:image:height\" content=\"600\" \/>\n\t<meta property=\"og:image:type\" content=\"image\/webp\" \/>\n<meta name=\"twitter:card\" content=\"summary_large_image\" \/>\n<meta name=\"twitter:label1\" content=\"Odhadovan\u00e1 doba \u010dten\u00ed\" \/>\n\t<meta name=\"twitter:data1\" content=\"2 minuty\" \/>\n<script type=\"application\/ld+json\" class=\"yoast-schema-graph\">{\"@context\":\"https:\/\/schema.org\",\"@graph\":[{\"@type\":\"WebPage\",\"@id\":\"https:\/\/korenina.sk\/produkt\/jalovec-borievka-jemne-mleta\/\",\"url\":\"https:\/\/korenina.sk\/produkt\/jalovec-borievka-jemne-mleta\/\",\"name\":\"Jalovec\/borievka jemne mlet\u00e1 &#8211; Koreni.na\",\"isPartOf\":{\"@id\":\"https:\/\/korenina.sk\/#website\"},\"primaryImageOfPage\":{\"@id\":\"https:\/\/korenina.sk\/produkt\/jalovec-borievka-jemne-mleta\/#primaryimage\"},\"image\":{\"@id\":\"https:\/\/korenina.sk\/produkt\/jalovec-borievka-jemne-mleta\/#primaryimage\"},\"thumbnailUrl\":\"https:\/\/korenina.sk\/wp-content\/uploads\/2026\/02\/jalovec-mlety.webp\",\"datePublished\":\"2025-02-24T16:57:01+00:00\",\"dateModified\":\"2026-04-15T14:49:07+00:00\",\"description\":\"Jemne mlet\u00e1 borievka\/jalovec s intenz\u00edvnou ar\u00f3mou. Ide\u00e1lna do m\u00e4sa, gul\u00e1\u0161ov, marin\u00e1d a lik\u00e9rov. 100% pr\u00edrodn\u00e9 a kvalitn\u00e9 korenie.\",\"breadcrumb\":{\"@id\":\"https:\/\/korenina.sk\/produkt\/jalovec-borievka-jemne-mleta\/#breadcrumb\"},\"inLanguage\":\"cs\",\"potentialAction\":[{\"@type\":\"ReadAction\",\"target\":[\"https:\/\/korenina.sk\/produkt\/jalovec-borievka-jemne-mleta\/\"]}]},{\"@type\":\"ImageObject\",\"inLanguage\":\"cs\",\"@id\":\"https:\/\/korenina.sk\/produkt\/jalovec-borievka-jemne-mleta\/#primaryimage\",\"url\":\"https:\/\/korenina.sk\/wp-content\/uploads\/2026\/02\/jalovec-mlety.webp\",\"contentUrl\":\"https:\/\/korenina.sk\/wp-content\/uploads\/2026\/02\/jalovec-mlety.webp\",\"width\":600,\"height\":600,\"caption\":\"jalovec mlet\u00fd\"},{\"@type\":\"BreadcrumbList\",\"@id\":\"https:\/\/korenina.sk\/produkt\/jalovec-borievka-jemne-mleta\/#breadcrumb\",\"itemListElement\":[{\"@type\":\"ListItem\",\"position\":1,\"name\":\"Domovsk\u00e1 str\u00e1nka\",\"item\":\"https:\/\/korenina.sk\/\"},{\"@type\":\"ListItem\",\"position\":2,\"name\":\"Na\u0161e koreniny a su\u0161en\u00e9 plody\",\"item\":\"https:\/\/korenina.sk\/nase-produkty\/\"},{\"@type\":\"ListItem\",\"position\":3,\"name\":\"Jalovec\/borievka jemne mlet\u00e1\"}]},{\"@type\":\"WebSite\",\"@id\":\"https:\/\/korenina.sk\/#website\",\"url\":\"https:\/\/korenina.sk\/\",\"name\":\"Koreni.na\",\"description\":\"Z\u00e1\u017eitok z toho prav\u00e9ho korenia\",\"publisher\":{\"@id\":\"https:\/\/korenina.sk\/#organization\"},\"potentialAction\":[{\"@type\":\"SearchAction\",\"target\":{\"@type\":\"EntryPoint\",\"urlTemplate\":\"https:\/\/korenina.sk\/?s={search_term_string}\"},\"query-input\":{\"@type\":\"PropertyValueSpecification\",\"valueRequired\":true,\"valueName\":\"search_term_string\"}}],\"inLanguage\":\"cs\"},{\"@type\":\"Organization\",\"@id\":\"https:\/\/korenina.sk\/#organization\",\"name\":\"Koreni.na\",\"url\":\"https:\/\/korenina.sk\/\",\"logo\":{\"@type\":\"ImageObject\",\"inLanguage\":\"cs\",\"@id\":\"https:\/\/korenina.sk\/#\/schema\/logo\/image\/\",\"url\":\"https:\/\/korenina.sk\/wp-content\/uploads\/2025\/02\/logo.svg\",\"contentUrl\":\"https:\/\/korenina.sk\/wp-content\/uploads\/2025\/02\/logo.svg\",\"width\":500,\"height\":80,\"caption\":\"Koreni.na\"},\"image\":{\"@id\":\"https:\/\/korenina.sk\/#\/schema\/logo\/image\/\"}}]}<\/script>\n<!-- \/ Yoast SEO plugin. -->","yoast_head_json":{"title":"Jalovec\/jalovec jemn\u011b mlet\u00fd \u2013 Ko\u0159en\u00ed.na","description":"Jemn\u011b mlet\u00fd jalovec\/jalovec s intenzivn\u00edm aroma. Ide\u00e1ln\u00ed do masa, gul\u00e1\u0161\u016f, marin\u00e1d a lik\u00e9r\u016f. 100% p\u0159\u00edrodn\u00ed a kvalitn\u00ed ko\u0159en\u00ed.","robots":{"index":"index","follow":"follow","max-snippet":"max-snippet:-1","max-image-preview":"max-image-preview:large","max-video-preview":"max-video-preview:-1"},"canonical":"https:\/\/korenina.sk\/cs\/produkt\/jalovec-jalovec-jemne-mlet\/?wmc-currency=CZK","og_locale":"cs_CZ","og_type":"article","og_title":"Jalovec\/borievka jemne mlet\u00e1 &#8211; Koreni.na","og_description":"Jemne mlet\u00e1 borievka\/jalovec s intenz\u00edvnou ar\u00f3mou. Ide\u00e1lna do m\u00e4sa, gul\u00e1\u0161ov, marin\u00e1d a lik\u00e9rov. 100% pr\u00edrodn\u00e9 a kvalitn\u00e9 korenie.","og_url":"https:\/\/korenina.sk\/cs\/produkt\/jalovec-jalovec-jemne-mlet\/?wmc-currency=CZK","og_site_name":"Koreni.na","article_modified_time":"2026-04-15T14:49:07+00:00","og_image":[{"width":600,"height":600,"url":"https:\/\/korenina.sk\/wp-content\/uploads\/2026\/02\/jalovec-mlety.webp","type":"image\/webp"}],"twitter_card":"summary_large_image","twitter_misc":{"Odhadovan\u00e1 doba \u010dten\u00ed":"2 minuty"},"schema":{"@context":"https:\/\/schema.org","@graph":[{"@type":"WebPage","@id":"https:\/\/korenina.sk\/produkt\/jalovec-borievka-jemne-mleta\/","url":"https:\/\/korenina.sk\/produkt\/jalovec-borievka-jemne-mleta\/","name":"Jalovec\/jalovec jemn\u011b mlet\u00fd \u2013 Ko\u0159en\u00ed.na","isPartOf":{"@id":"https:\/\/korenina.sk\/#website"},"primaryImageOfPage":{"@id":"https:\/\/korenina.sk\/produkt\/jalovec-borievka-jemne-mleta\/#primaryimage"},"image":{"@id":"https:\/\/korenina.sk\/produkt\/jalovec-borievka-jemne-mleta\/#primaryimage"},"thumbnailUrl":"https:\/\/korenina.sk\/wp-content\/uploads\/2026\/02\/jalovec-mlety.webp","datePublished":"2025-02-24T16:57:01+00:00","dateModified":"2026-04-15T14:49:07+00:00","description":"Jemn\u011b mlet\u00fd jalovec\/jalovec s intenzivn\u00edm aroma. Ide\u00e1ln\u00ed do masa, gul\u00e1\u0161\u016f, marin\u00e1d a lik\u00e9r\u016f. 100% p\u0159\u00edrodn\u00ed a kvalitn\u00ed ko\u0159en\u00ed.","breadcrumb":{"@id":"https:\/\/korenina.sk\/produkt\/jalovec-borievka-jemne-mleta\/#breadcrumb"},"inLanguage":"cs","potentialAction":[{"@type":"ReadAction","target":["https:\/\/korenina.sk\/produkt\/jalovec-borievka-jemne-mleta\/"]}]},{"@type":"ImageObject","inLanguage":"cs","@id":"https:\/\/korenina.sk\/produkt\/jalovec-borievka-jemne-mleta\/#primaryimage","url":"https:\/\/korenina.sk\/wp-content\/uploads\/2026\/02\/jalovec-mlety.webp","contentUrl":"https:\/\/korenina.sk\/wp-content\/uploads\/2026\/02\/jalovec-mlety.webp","width":600,"height":600,"caption":"jalovec mlet\u00fd"},{"@type":"BreadcrumbList","@id":"https:\/\/korenina.sk\/produkt\/jalovec-borievka-jemne-mleta\/#breadcrumb","itemListElement":[{"@type":"ListItem","position":1,"name":"Domovsk\u00e1 str\u00e1nka","item":"https:\/\/korenina.sk\/"},{"@type":"ListItem","position":2,"name":"Na\u0161e koreniny a su\u0161en\u00e9 plody","item":"https:\/\/korenina.sk\/nase-produkty\/"},{"@type":"ListItem","position":3,"name":"Jalovec\/borievka jemne mlet\u00e1"}]},{"@type":"WebSite","@id":"https:\/\/korenina.sk\/#website","url":"https:\/\/korenina.sk\/","name":"Koreni.na","description":"Z\u00e1\u017eitek z toho prav\u00e9ho pep\u0159e","publisher":{"@id":"https:\/\/korenina.sk\/#organization"},"potentialAction":[{"@type":"SearchAction","target":{"@type":"EntryPoint","urlTemplate":"https:\/\/korenina.sk\/?s={search_term_string}"},"query-input":{"@type":"PropertyValueSpecification","valueRequired":true,"valueName":"search_term_string"}}],"inLanguage":"cs"},{"@type":"Organization","@id":"https:\/\/korenina.sk\/#organization","name":"Koreni.na","url":"https:\/\/korenina.sk\/","logo":{"@type":"ImageObject","inLanguage":"cs","@id":"https:\/\/korenina.sk\/#\/schema\/logo\/image\/","url":"https:\/\/korenina.sk\/wp-content\/uploads\/2025\/02\/logo.svg","contentUrl":"https:\/\/korenina.sk\/wp-content\/uploads\/2025\/02\/logo.svg","width":500,"height":80,"caption":"Koreni.na"},"image":{"@id":"https:\/\/korenina.sk\/#\/schema\/logo\/image\/"}}]}},"_links":{"self":[{"href":"https:\/\/korenina.sk\/cs\/wp-json\/wp\/v2\/product\/716","targetHints":{"allow":["GET"]}}],"collection":[{"href":"https:\/\/korenina.sk\/cs\/wp-json\/wp\/v2\/product"}],"about":[{"href":"https:\/\/korenina.sk\/cs\/wp-json\/wp\/v2\/types\/product"}],"replies":[{"embeddable":true,"href":"https:\/\/korenina.sk\/cs\/wp-json\/wp\/v2\/comments?post=716"}],"wp:featuredmedia":[{"embeddable":true,"href":"https:\/\/korenina.sk\/cs\/wp-json\/wp\/v2\/media\/5919"}],"wp:attachment":[{"href":"https:\/\/korenina.sk\/cs\/wp-json\/wp\/v2\/media?parent=716"}],"wp:term":[{"taxonomy":"product_brand","embeddable":true,"href":"https:\/\/korenina.sk\/cs\/wp-json\/wp\/v2\/product_brand?post=716"},{"taxonomy":"product_cat","embeddable":true,"href":"https:\/\/korenina.sk\/cs\/wp-json\/wp\/v2\/product_cat?post=716"},{"taxonomy":"product_tag","embeddable":true,"href":"https:\/\/korenina.sk\/cs\/wp-json\/wp\/v2\/product_tag?post=716"}],"curies":[{"name":"wp","href":"https:\/\/api.w.org\/{rel}","templated":true}]}}