{"id":688,"date":"2025-02-24T17:37:05","date_gmt":"2025-02-24T16:37:05","guid":{"rendered":"https:\/\/korenina.sk\/?post_type=product&#038;p=688"},"modified":"2026-04-15T16:49:08","modified_gmt":"2026-04-15T14:49:08","slug":"susena-cibule-kousky","status":"publish","type":"product","link":"https:\/\/korenina.sk\/cs\/produkt\/susena-cibule-kousky\/","title":{"rendered":"Su\u0161en\u00e1 cibule \u2013 kousky"},"content":{"rendered":"<p data-start=\"0\" data-end=\"235\"><strong data-start=\"0\" data-end=\"24\">Cibule su\u0161en\u00e1 pl\u00e1tky<\/strong> je pe\u010dliv\u011b su\u0161en\u00e1 a nakr\u00e1jen\u00e1 na rovnom\u011brn\u00e9 kousky, kter\u00e9 si zachov\u00e1vaj\u00ed intenzivn\u00ed cibulovou chu\u0165 a p\u0159irozen\u00e9 aroma. D\u00edky \u0161etrn\u00e9mu su\u0161en\u00ed m\u00e1 plnou chu\u0165 bez zatuchnut\u00ed a je p\u0159ipravena k okam\u017eit\u00e9mu pou\u017eit\u00ed.<\/p>\n<p data-start=\"237\" data-end=\"343\">Je ide\u00e1ln\u00ed do pol\u00e9vek, om\u00e1\u010dek, du\u0161en\u00e9ho masa, lu\u0161t\u011bnin, zap\u00e9kan\u00fdch j\u00eddel i dom\u00e1c\u00edch ko\u0159eninov\u00fdch sm\u011bs\u00ed.<\/p>\n<hr data-start=\"345\" data-end=\"348\" \/>\n<h3 data-start=\"350\" data-end=\"396\">Pro\u010d si vybrat na\u0161i cibuli su\u0161enou pl\u00e1tky?<\/h3>\n<p data-start=\"398\" data-end=\"588\">\u2714 100 % p\u0159\u00edrodn\u00ed surovina \u2013 bez chemick\u00fdch p\u0159\u00eddavk\u016f<br data-start=\"450\" data-end=\"453\" \/>\u2714 Rovnom\u011brn\u00e9 kousky pro lep\u0161\u00ed manipulaci a va\u0159en\u00ed<br data-start=\"504\" data-end=\"507\" \/>\u2714 Siln\u00e1 a typick\u00e1 cibulov\u00e1 chu\u0165<br data-start=\"538\" data-end=\"541\" \/>\u2714 Praktick\u00e9 pou\u017eit\u00ed bez lousk\u00e1n\u00ed \u010di kr\u00e1jen\u00ed<\/p>\n<p data-start=\"590\" data-end=\"650\">Pou\u017e\u00edv\u00e1me jen kvalitn\u00ed cibuli \u2013 ne odpad ani levn\u00e9 sm\u011bsi.<\/p>\n<p data-start=\"652\" data-end=\"791\">\u0160etrn\u00e9 su\u0161en\u00ed zachov\u00e1v\u00e1 p\u0159irozen\u00e9 aroma a nasl\u00e1dlou chu\u0165. Po p\u0159id\u00e1n\u00ed do j\u00eddla se pl\u00e1tky rovnom\u011brn\u011b rehydratuj\u00ed a dodaj\u00ed pokrmu plnou chu\u0165.<\/p>\n<p data-start=\"793\" data-end=\"853\">St\u00e1l\u00e1 kvalita je vhodn\u00e1 pro dom\u00e1c\u00ed i profesion\u00e1ln\u00ed kuchyni.<\/p>\n<hr data-start=\"855\" data-end=\"858\" \/>\n<h3 data-start=\"860\" data-end=\"878\">Jak ji pou\u017e\u00edt?<\/h3>\n<p data-start=\"880\" data-end=\"1081\">P\u0159idej ji p\u0159\u00edmo do pol\u00e9vek, om\u00e1\u010dek nebo du\u0161en\u00fdch j\u00eddel. Skv\u011ble se hod\u00ed i do lu\u0161t\u011bnin, zap\u00e9kan\u00fdch pokrm\u016f \u010di dom\u00e1c\u00edch ko\u0159eninov\u00fdch sm\u011bs\u00ed. Pro jemn\u011bj\u0161\u00ed konzistenci ji m\u016f\u017ee\u0161 kr\u00e1tce namo\u010dit do vody.<\/p>\n<hr data-start=\"1083\" data-end=\"1086\" \/>\n<h3 data-start=\"1088\" data-end=\"1116\">Doporu\u010dujeme kombinovat s:<\/h3>\n<p data-start=\"1118\" data-end=\"1260\">Do du\u0161en\u00fdch j\u00eddel ji zkombinuj s <a href=\"https:\/\/korenina.sk\/cs\/produkt\/paprika-mleta-sladka-asta-180\/?wmc-currency=CZK\"><strong data-start=\"1151\" data-end=\"1180\">Sladkou paprikou ASTA 180<\/strong>.<\/a><br data-start=\"1181\" data-end=\"1184\" \/>Do masn\u00fdch a lu\u0161t\u011bninov\u00fdch recept\u016f se v\u00fdborn\u011b dopl\u0148uje s <a href=\"https:\/\/korenina.sk\/cs\/produkt\/kmin-mleta\/?wmc-currency=CZK\"><strong data-start=\"1242\" data-end=\"1259\">Km\u00ednem mletou<\/strong>.<\/a><\/p>","protected":false},"excerpt":{"rendered":"<p><strong>Slo\u017een\u00ed:<\/strong><br \/>\nAllium Cepa su\u0161en\u00e1 drcen\u00e1 I.T\u0159\u00edda 100%<\/p>\n<p><strong>Zem\u011b p\u016fvodu:<\/strong><br \/>\nMa\u010farsko<\/p>\n<p><strong>Skladov\u00e1n\u00ed:<\/strong><br \/>\nSkladujte na such\u00e9m a tmav\u00e9m m\u00edst\u011b ve sklen\u011bn\u00e9 uzav\u00edrateln\u00e9 n\u00e1dob\u011b<\/p>\n<p><strong>Minim\u00e1ln\u00ed trvanlivost 12 m\u011bs\u00edc\u016f<\/strong><\/p>","protected":false},"featured_media":6000,"comment_status":"closed","ping_status":"closed","template":"","meta":[],"product_brand":[25],"product_cat":[39],"product_tag":[105],"class_list":{"0":"post-688","1":"product","2":"type-product","3":"status-publish","4":"has-post-thumbnail","6":"product_brand-korenina","7":"product_cat-cele-korenie","8":"product_tag-poctive-korenie-zo-zahrady","10":"first","11":"instock","12":"sale","13":"shipping-taxable","14":"purchasable","15":"product-type-variable"},"yoast_head":"<!-- This site is optimized with the Yoast SEO plugin v27.0 - https:\/\/yoast.com\/product\/yoast-seo-wordpress\/ -->\n<title>Su\u0161en\u00e1 cibu\u013ea \u2013 k\u00fasky &#8211; Koreni.na<\/title>\n<meta name=\"description\" content=\"Su\u0161en\u00e1 cibu\u013ea \u2013 k\u00fasky s intenz\u00edvnou chu\u0165ou a ar\u00f3mou. Ide\u00e1lna do polievok, om\u00e1\u010dok, dusen\u00e9ho m\u00e4sa a zapekan\u00fdch jed\u00e1l. 100% pr\u00edrodn\u00e1.\" \/>\n<meta name=\"robots\" content=\"index, follow, max-snippet:-1, max-image-preview:large, max-video-preview:-1\" \/>\n<link rel=\"canonical\" href=\"https:\/\/korenina.sk\/cs\/produkt\/susena-cibule-kousky\/?wmc-currency=CZK\" \/>\n<meta property=\"og:locale\" content=\"cs_CZ\" \/>\n<meta property=\"og:type\" content=\"article\" \/>\n<meta property=\"og:title\" content=\"Su\u0161en\u00e1 cibu\u013ea \u2013 k\u00fasky &#8211; Koreni.na\" \/>\n<meta property=\"og:description\" content=\"Su\u0161en\u00e1 cibu\u013ea \u2013 k\u00fasky s intenz\u00edvnou chu\u0165ou a ar\u00f3mou. Ide\u00e1lna do polievok, om\u00e1\u010dok, dusen\u00e9ho m\u00e4sa a zapekan\u00fdch jed\u00e1l. 100% pr\u00edrodn\u00e1.\" \/>\n<meta property=\"og:url\" content=\"https:\/\/korenina.sk\/cs\/produkt\/susena-cibule-kousky\/?wmc-currency=CZK\" \/>\n<meta property=\"og:site_name\" content=\"Koreni.na\" \/>\n<meta property=\"article:modified_time\" content=\"2026-04-15T14:49:08+00:00\" \/>\n<meta property=\"og:image\" content=\"https:\/\/korenina.sk\/wp-content\/uploads\/2026\/02\/Susena-cibula-kusky.webp\" \/>\n\t<meta property=\"og:image:width\" content=\"600\" \/>\n\t<meta property=\"og:image:height\" content=\"600\" \/>\n\t<meta property=\"og:image:type\" content=\"image\/webp\" \/>\n<meta name=\"twitter:card\" content=\"summary_large_image\" \/>\n<meta name=\"twitter:label1\" content=\"Odhadovan\u00e1 doba \u010dten\u00ed\" \/>\n\t<meta name=\"twitter:data1\" content=\"2 minuty\" \/>\n<script type=\"application\/ld+json\" class=\"yoast-schema-graph\">{\"@context\":\"https:\/\/schema.org\",\"@graph\":[{\"@type\":\"WebPage\",\"@id\":\"https:\/\/korenina.sk\/produkt\/susena-cibula-kusky\/\",\"url\":\"https:\/\/korenina.sk\/produkt\/susena-cibula-kusky\/\",\"name\":\"Su\u0161en\u00e1 cibu\u013ea \u2013 k\u00fasky &#8211; Koreni.na\",\"isPartOf\":{\"@id\":\"https:\/\/korenina.sk\/#website\"},\"primaryImageOfPage\":{\"@id\":\"https:\/\/korenina.sk\/produkt\/susena-cibula-kusky\/#primaryimage\"},\"image\":{\"@id\":\"https:\/\/korenina.sk\/produkt\/susena-cibula-kusky\/#primaryimage\"},\"thumbnailUrl\":\"https:\/\/korenina.sk\/wp-content\/uploads\/2026\/02\/Susena-cibula-kusky.webp\",\"datePublished\":\"2025-02-24T16:37:05+00:00\",\"dateModified\":\"2026-04-15T14:49:08+00:00\",\"description\":\"Su\u0161en\u00e1 cibu\u013ea \u2013 k\u00fasky s intenz\u00edvnou chu\u0165ou a ar\u00f3mou. Ide\u00e1lna do polievok, om\u00e1\u010dok, dusen\u00e9ho m\u00e4sa a zapekan\u00fdch jed\u00e1l. 100% pr\u00edrodn\u00e1.\",\"breadcrumb\":{\"@id\":\"https:\/\/korenina.sk\/produkt\/susena-cibula-kusky\/#breadcrumb\"},\"inLanguage\":\"cs\",\"potentialAction\":[{\"@type\":\"ReadAction\",\"target\":[\"https:\/\/korenina.sk\/produkt\/susena-cibula-kusky\/\"]}]},{\"@type\":\"ImageObject\",\"inLanguage\":\"cs\",\"@id\":\"https:\/\/korenina.sk\/produkt\/susena-cibula-kusky\/#primaryimage\",\"url\":\"https:\/\/korenina.sk\/wp-content\/uploads\/2026\/02\/Susena-cibula-kusky.webp\",\"contentUrl\":\"https:\/\/korenina.sk\/wp-content\/uploads\/2026\/02\/Susena-cibula-kusky.webp\",\"width\":600,\"height\":600,\"caption\":\"su\u0161en\u00e1 cibu\u013ea k\u00fasky\"},{\"@type\":\"BreadcrumbList\",\"@id\":\"https:\/\/korenina.sk\/produkt\/susena-cibula-kusky\/#breadcrumb\",\"itemListElement\":[{\"@type\":\"ListItem\",\"position\":1,\"name\":\"Domovsk\u00e1 str\u00e1nka\",\"item\":\"https:\/\/korenina.sk\/\"},{\"@type\":\"ListItem\",\"position\":2,\"name\":\"Na\u0161e koreniny a su\u0161en\u00e9 plody\",\"item\":\"https:\/\/korenina.sk\/nase-produkty\/\"},{\"@type\":\"ListItem\",\"position\":3,\"name\":\"Su\u0161en\u00e1 cibu\u013ea \u2013 k\u00fasky\"}]},{\"@type\":\"WebSite\",\"@id\":\"https:\/\/korenina.sk\/#website\",\"url\":\"https:\/\/korenina.sk\/\",\"name\":\"Koreni.na\",\"description\":\"Z\u00e1\u017eitok z toho prav\u00e9ho korenia\",\"publisher\":{\"@id\":\"https:\/\/korenina.sk\/#organization\"},\"potentialAction\":[{\"@type\":\"SearchAction\",\"target\":{\"@type\":\"EntryPoint\",\"urlTemplate\":\"https:\/\/korenina.sk\/?s={search_term_string}\"},\"query-input\":{\"@type\":\"PropertyValueSpecification\",\"valueRequired\":true,\"valueName\":\"search_term_string\"}}],\"inLanguage\":\"cs\"},{\"@type\":\"Organization\",\"@id\":\"https:\/\/korenina.sk\/#organization\",\"name\":\"Koreni.na\",\"url\":\"https:\/\/korenina.sk\/\",\"logo\":{\"@type\":\"ImageObject\",\"inLanguage\":\"cs\",\"@id\":\"https:\/\/korenina.sk\/#\/schema\/logo\/image\/\",\"url\":\"https:\/\/korenina.sk\/wp-content\/uploads\/2025\/02\/logo.svg\",\"contentUrl\":\"https:\/\/korenina.sk\/wp-content\/uploads\/2025\/02\/logo.svg\",\"width\":500,\"height\":80,\"caption\":\"Koreni.na\"},\"image\":{\"@id\":\"https:\/\/korenina.sk\/#\/schema\/logo\/image\/\"}}]}<\/script>\n<!-- \/ Yoast SEO plugin. -->","yoast_head_json":{"title":"Su\u0161en\u00e1 cibule \u2013 kousky \u2013 Ko\u0159eni.","description":"Su\u0161en\u00e1 cibule \u2013 kousky s intenzivn\u00ed chut\u00ed a aroma. Ide\u00e1ln\u00ed do pol\u00e9vek, om\u00e1\u010dek, du\u0161en\u00e9ho masa a zap\u00e9kan\u00fdch j\u00eddel. 100% p\u0159\u00edrodn\u00ed.","robots":{"index":"index","follow":"follow","max-snippet":"max-snippet:-1","max-image-preview":"max-image-preview:large","max-video-preview":"max-video-preview:-1"},"canonical":"https:\/\/korenina.sk\/cs\/produkt\/susena-cibule-kousky\/?wmc-currency=CZK","og_locale":"cs_CZ","og_type":"article","og_title":"Su\u0161en\u00e1 cibu\u013ea \u2013 k\u00fasky &#8211; Koreni.na","og_description":"Su\u0161en\u00e1 cibu\u013ea \u2013 k\u00fasky s intenz\u00edvnou chu\u0165ou a ar\u00f3mou. Ide\u00e1lna do polievok, om\u00e1\u010dok, dusen\u00e9ho m\u00e4sa a zapekan\u00fdch jed\u00e1l. 100% pr\u00edrodn\u00e1.","og_url":"https:\/\/korenina.sk\/cs\/produkt\/susena-cibule-kousky\/?wmc-currency=CZK","og_site_name":"Koreni.na","article_modified_time":"2026-04-15T14:49:08+00:00","og_image":[{"width":600,"height":600,"url":"https:\/\/korenina.sk\/wp-content\/uploads\/2026\/02\/Susena-cibula-kusky.webp","type":"image\/webp"}],"twitter_card":"summary_large_image","twitter_misc":{"Odhadovan\u00e1 doba \u010dten\u00ed":"2 minuty"},"schema":{"@context":"https:\/\/schema.org","@graph":[{"@type":"WebPage","@id":"https:\/\/korenina.sk\/produkt\/susena-cibula-kusky\/","url":"https:\/\/korenina.sk\/produkt\/susena-cibula-kusky\/","name":"Su\u0161en\u00e1 cibule \u2013 kousky \u2013 Ko\u0159eni.","isPartOf":{"@id":"https:\/\/korenina.sk\/#website"},"primaryImageOfPage":{"@id":"https:\/\/korenina.sk\/produkt\/susena-cibula-kusky\/#primaryimage"},"image":{"@id":"https:\/\/korenina.sk\/produkt\/susena-cibula-kusky\/#primaryimage"},"thumbnailUrl":"https:\/\/korenina.sk\/wp-content\/uploads\/2026\/02\/Susena-cibula-kusky.webp","datePublished":"2025-02-24T16:37:05+00:00","dateModified":"2026-04-15T14:49:08+00:00","description":"Su\u0161en\u00e1 cibule \u2013 kousky s intenzivn\u00ed chut\u00ed a aroma. Ide\u00e1ln\u00ed do pol\u00e9vek, om\u00e1\u010dek, du\u0161en\u00e9ho masa a zap\u00e9kan\u00fdch j\u00eddel. 100% p\u0159\u00edrodn\u00ed.","breadcrumb":{"@id":"https:\/\/korenina.sk\/produkt\/susena-cibula-kusky\/#breadcrumb"},"inLanguage":"cs","potentialAction":[{"@type":"ReadAction","target":["https:\/\/korenina.sk\/produkt\/susena-cibula-kusky\/"]}]},{"@type":"ImageObject","inLanguage":"cs","@id":"https:\/\/korenina.sk\/produkt\/susena-cibula-kusky\/#primaryimage","url":"https:\/\/korenina.sk\/wp-content\/uploads\/2026\/02\/Susena-cibula-kusky.webp","contentUrl":"https:\/\/korenina.sk\/wp-content\/uploads\/2026\/02\/Susena-cibula-kusky.webp","width":600,"height":600,"caption":"su\u0161en\u00e1 cibu\u013ea k\u00fasky"},{"@type":"BreadcrumbList","@id":"https:\/\/korenina.sk\/produkt\/susena-cibula-kusky\/#breadcrumb","itemListElement":[{"@type":"ListItem","position":1,"name":"Domovsk\u00e1 str\u00e1nka","item":"https:\/\/korenina.sk\/"},{"@type":"ListItem","position":2,"name":"Na\u0161e koreniny a su\u0161en\u00e9 plody","item":"https:\/\/korenina.sk\/nase-produkty\/"},{"@type":"ListItem","position":3,"name":"Su\u0161en\u00e1 cibu\u013ea \u2013 k\u00fasky"}]},{"@type":"WebSite","@id":"https:\/\/korenina.sk\/#website","url":"https:\/\/korenina.sk\/","name":"Koreni.na","description":"Z\u00e1\u017eitek z toho prav\u00e9ho pep\u0159e","publisher":{"@id":"https:\/\/korenina.sk\/#organization"},"potentialAction":[{"@type":"SearchAction","target":{"@type":"EntryPoint","urlTemplate":"https:\/\/korenina.sk\/?s={search_term_string}"},"query-input":{"@type":"PropertyValueSpecification","valueRequired":true,"valueName":"search_term_string"}}],"inLanguage":"cs"},{"@type":"Organization","@id":"https:\/\/korenina.sk\/#organization","name":"Koreni.na","url":"https:\/\/korenina.sk\/","logo":{"@type":"ImageObject","inLanguage":"cs","@id":"https:\/\/korenina.sk\/#\/schema\/logo\/image\/","url":"https:\/\/korenina.sk\/wp-content\/uploads\/2025\/02\/logo.svg","contentUrl":"https:\/\/korenina.sk\/wp-content\/uploads\/2025\/02\/logo.svg","width":500,"height":80,"caption":"Koreni.na"},"image":{"@id":"https:\/\/korenina.sk\/#\/schema\/logo\/image\/"}}]}},"_links":{"self":[{"href":"https:\/\/korenina.sk\/cs\/wp-json\/wp\/v2\/product\/688","targetHints":{"allow":["GET"]}}],"collection":[{"href":"https:\/\/korenina.sk\/cs\/wp-json\/wp\/v2\/product"}],"about":[{"href":"https:\/\/korenina.sk\/cs\/wp-json\/wp\/v2\/types\/product"}],"replies":[{"embeddable":true,"href":"https:\/\/korenina.sk\/cs\/wp-json\/wp\/v2\/comments?post=688"}],"wp:featuredmedia":[{"embeddable":true,"href":"https:\/\/korenina.sk\/cs\/wp-json\/wp\/v2\/media\/6000"}],"wp:attachment":[{"href":"https:\/\/korenina.sk\/cs\/wp-json\/wp\/v2\/media?parent=688"}],"wp:term":[{"taxonomy":"product_brand","embeddable":true,"href":"https:\/\/korenina.sk\/cs\/wp-json\/wp\/v2\/product_brand?post=688"},{"taxonomy":"product_cat","embeddable":true,"href":"https:\/\/korenina.sk\/cs\/wp-json\/wp\/v2\/product_cat?post=688"},{"taxonomy":"product_tag","embeddable":true,"href":"https:\/\/korenina.sk\/cs\/wp-json\/wp\/v2\/product_tag?post=688"}],"curies":[{"name":"wp","href":"https:\/\/api.w.org\/{rel}","templated":true}]}}