{"id":658,"date":"2025-02-24T17:10:12","date_gmt":"2025-02-24T16:10:12","guid":{"rendered":"https:\/\/korenina.sk\/?post_type=product&#038;p=658"},"modified":"2026-04-15T16:49:08","modified_gmt":"2026-04-15T14:49:08","slug":"sezam-bily","status":"publish","type":"product","link":"https:\/\/korenina.sk\/cs\/produkt\/sezam-bily\/","title":{"rendered":"Sezam b\u00edl\u00fd"},"content":{"rendered":"<p data-start=\"215\" data-end=\"456\">S\u00e9z\u00e1m b\u00edl\u00fd jsou drobn\u00e1 sem\u00ednka s jemnou, m\u00edrn\u011b o\u0159\u00ed\u0161kovou chut\u00ed, kter\u00e1 se tradi\u010dn\u011b pou\u017e\u00edvaj\u00ed zejm\u00e9na v peka\u0159stv\u00ed. Po upe\u010den\u00ed z\u00edsk\u00e1vaj\u00ed v\u00fdrazn\u011bj\u0161\u00ed aroma a k\u0159upavou strukturu, d\u00edky \u010demu\u017e jsou obl\u00edbenou sou\u010d\u00e1st\u00ed dom\u00e1c\u00edho i \u0159emesln\u00e9ho pe\u010den\u00ed.<\/p>\n<p data-start=\"458\" data-end=\"714\">Nej\u010dast\u011bji se pou\u017e\u00edv\u00e1 k posyp\u00e1n\u00ed chleba, pe\u010diva, housek, rohl\u00edk\u016f a slan\u00fdch kol\u00e1\u010d\u016f. Hod\u00ed se tak\u00e9 p\u0159\u00edmo do t\u011bsta, kde dod\u00e1v\u00e1 jemnou chu\u0165 a zaj\u00edmavou texturu. B\u00edl\u00fd sezam je vhodn\u00fd do slan\u00fdch recept\u016f, kde dopl\u0148uje ostatn\u00ed suroviny, ani\u017e by je p\u0159ehlu\u0161il.<\/p>\n<p data-start=\"716\" data-end=\"928\">V kuchyni se p\u0159irozen\u011b kombinuje s produkty jako <a href=\"https:\/\/korenina.sk\/cs\/produkt\/mak-modry\/?wmc-currency=CZK\"><strong data-start=\"766\" data-end=\"779\">M\u00e1k modr\u00fd<\/strong><\/a>, <a href=\"https:\/\/korenina.sk\/cs\/produkt\/lanova-seminka\/?wmc-currency=CZK\"><strong data-start=\"781\" data-end=\"800\">Ln\u011bn\u00e1 sem\u00ednka<\/strong><\/a>, <a href=\"https:\/\/korenina.sk\/cs\/produkt\/slunecnicova-seminka-loupana-nesolena-neprazena\/?wmc-currency=CZK\"><strong data-start=\"802\" data-end=\"833\">Slune\u010dnicov\u00e1 sem\u00ednka loupan\u00e9<\/strong><\/a> nebo <a href=\"https:\/\/korenina.sk\/cs\/produkt\/bezsupkova-dynova-jaderka-natur-exclusive\/?wmc-currency=CZK\"><strong data-start=\"840\" data-end=\"868\">D\u00fd\u0148ov\u00e1 jad\u00e9rka natur<\/strong><\/a>, kter\u00e9 se \u010dasto pou\u017e\u00edvaj\u00ed spolu p\u0159i pe\u010den\u00ed chleba a pe\u010diva.<\/p>\n<p data-start=\"930\" data-end=\"1021\">Ka\u017ed\u00e1 \u0161ar\u017ee proch\u00e1z\u00ed kontrolou kvality, aby byla sem\u00ednka \u010dist\u00e1, such\u00e1 a chu\u0165ov\u011b stabiln\u00ed.<\/p>\n<hr data-start=\"1023\" data-end=\"1026\" \/>\n<h3 data-start=\"1028\" data-end=\"1059\">Pro\u010d si vybrat sezam b\u00edl\u00fd<\/h3>\n<ul data-start=\"1060\" data-end=\"1218\">\n<li data-start=\"1060\" data-end=\"1096\">\n<p data-start=\"1062\" data-end=\"1096\">jemn\u00e1, p\u0159irozen\u011b o\u0159\u00ed\u0161kov\u00e1 chu\u0165<\/p>\n<\/li>\n<li data-start=\"1097\" data-end=\"1135\">\n<p data-start=\"1099\" data-end=\"1135\">ide\u00e1ln\u00ed na pe\u010den\u00ed chleba a pe\u010diva<\/p>\n<\/li>\n<li data-start=\"1136\" data-end=\"1160\">\n<p data-start=\"1138\" data-end=\"1160\">k\u0159upav\u00fd po upe\u010den\u00ed<\/p>\n<\/li>\n<li data-start=\"1161\" data-end=\"1197\">\n<p data-start=\"1163\" data-end=\"1197\">\u0161irok\u00e9 vyu\u017eit\u00ed ve slan\u00e9 kuchyni<\/p>\n<\/li>\n<li data-start=\"1198\" data-end=\"1218\">\n<p data-start=\"1200\" data-end=\"1218\">stabiln\u00ed kvalita<\/p>\n<\/li>\n<\/ul>\n<hr data-start=\"1220\" data-end=\"1223\" \/>\n<h3 data-start=\"1225\" data-end=\"1237\">Pou\u017eit\u00ed<\/h3>\n<p data-start=\"1238\" data-end=\"1301\">chl\u00e9b, pe\u010divo, slan\u00e9 kol\u00e1\u010de, posypy, t\u011bsto, peka\u0159sk\u00e9 v\u00fdrobky<\/p>\n<p data-start=\"1303\" data-end=\"1406\">Tip: B\u00edl\u00fd sezam je nejv\u00fdrazn\u011bj\u0161\u00ed po kr\u00e1tk\u00e9m ope\u010den\u00ed nebo upe\u010den\u00ed, kdy se naplno rozvine jeho aroma.<\/p>","protected":false},"excerpt":{"rendered":"<p><strong>Slo\u017een\u00ed:<\/strong><br \/>\nSesamum indicum su\u0161en\u00e1 I.T\u0159\u00edda 100%<\/p>\n<p><strong>Zem\u011b p\u016fvodu:<\/strong><br \/>\nMa\u010farsko<\/p>\n<p><strong>Skladov\u00e1n\u00ed:<\/strong><br \/>\nSkladujte na such\u00e9m a tmav\u00e9m m\u00edst\u011b ve sklen\u011bn\u00e9 uzav\u00edrateln\u00e9 n\u00e1dob\u011b<\/p>\n<p><strong>Minim\u00e1ln\u00ed trvanlivost 12 m\u011bs\u00edc\u016f<\/strong><\/p>","protected":false},"featured_media":5992,"comment_status":"closed","ping_status":"closed","template":"","meta":[],"product_brand":[25],"product_cat":[120],"product_tag":[106],"class_list":{"0":"post-658","1":"product","2":"type-product","3":"status-publish","4":"has-post-thumbnail","6":"product_brand-korenina","7":"product_cat-zrna-a-semena","8":"product_tag-exoticke-korenie","10":"first","11":"instock","12":"sale","13":"shipping-taxable","14":"purchasable","15":"product-type-variable"},"yoast_head":"<!-- This site is optimized with the Yoast SEO plugin v27.0 - https:\/\/yoast.com\/product\/yoast-seo-wordpress\/ -->\n<title>S\u00e9zam biely &#8211; Koreni.na<\/title>\n<meta name=\"description\" content=\"S\u00e9zam biely s jemnou orie\u0161kovou chu\u0165ou. Kvalitn\u00e9, \u010dist\u00e9 semienka bez pr\u00edsad, ide\u00e1lne na pe\u010divo, \u0161al\u00e1ty, m\u00e4so, ryby a \u00e1zijsk\u00fa kuchy\u0148u.\" \/>\n<meta name=\"robots\" content=\"index, follow, max-snippet:-1, max-image-preview:large, max-video-preview:-1\" \/>\n<link rel=\"canonical\" href=\"https:\/\/korenina.sk\/cs\/produkt\/sezam-bily\/?wmc-currency=CZK\" \/>\n<meta property=\"og:locale\" content=\"cs_CZ\" \/>\n<meta property=\"og:type\" content=\"article\" \/>\n<meta property=\"og:title\" content=\"S\u00e9zam biely &#8211; Koreni.na\" \/>\n<meta property=\"og:description\" content=\"S\u00e9zam biely s jemnou orie\u0161kovou chu\u0165ou. Kvalitn\u00e9, \u010dist\u00e9 semienka bez pr\u00edsad, ide\u00e1lne na pe\u010divo, \u0161al\u00e1ty, m\u00e4so, ryby a \u00e1zijsk\u00fa kuchy\u0148u.\" \/>\n<meta property=\"og:url\" content=\"https:\/\/korenina.sk\/cs\/produkt\/sezam-bily\/?wmc-currency=CZK\" \/>\n<meta property=\"og:site_name\" content=\"Koreni.na\" \/>\n<meta property=\"article:modified_time\" content=\"2026-04-15T14:49:08+00:00\" \/>\n<meta property=\"og:image\" content=\"https:\/\/korenina.sk\/wp-content\/uploads\/2026\/02\/sezam-biely.webp\" \/>\n\t<meta property=\"og:image:width\" content=\"1000\" \/>\n\t<meta property=\"og:image:height\" content=\"908\" \/>\n\t<meta property=\"og:image:type\" content=\"image\/webp\" \/>\n<meta name=\"twitter:card\" content=\"summary_large_image\" \/>\n<meta name=\"twitter:label1\" content=\"Odhadovan\u00e1 doba \u010dten\u00ed\" \/>\n\t<meta name=\"twitter:data1\" content=\"2 minuty\" \/>\n<script type=\"application\/ld+json\" class=\"yoast-schema-graph\">{\"@context\":\"https:\/\/schema.org\",\"@graph\":[{\"@type\":\"WebPage\",\"@id\":\"https:\/\/korenina.sk\/produkt\/sezam-biely\/\",\"url\":\"https:\/\/korenina.sk\/produkt\/sezam-biely\/\",\"name\":\"S\u00e9zam biely &#8211; Koreni.na\",\"isPartOf\":{\"@id\":\"https:\/\/korenina.sk\/#website\"},\"primaryImageOfPage\":{\"@id\":\"https:\/\/korenina.sk\/produkt\/sezam-biely\/#primaryimage\"},\"image\":{\"@id\":\"https:\/\/korenina.sk\/produkt\/sezam-biely\/#primaryimage\"},\"thumbnailUrl\":\"https:\/\/korenina.sk\/wp-content\/uploads\/2026\/02\/sezam-biely.webp\",\"datePublished\":\"2025-02-24T16:10:12+00:00\",\"dateModified\":\"2026-04-15T14:49:08+00:00\",\"description\":\"S\u00e9zam biely s jemnou orie\u0161kovou chu\u0165ou. Kvalitn\u00e9, \u010dist\u00e9 semienka bez pr\u00edsad, ide\u00e1lne na pe\u010divo, \u0161al\u00e1ty, m\u00e4so, ryby a \u00e1zijsk\u00fa kuchy\u0148u.\",\"breadcrumb\":{\"@id\":\"https:\/\/korenina.sk\/produkt\/sezam-biely\/#breadcrumb\"},\"inLanguage\":\"cs\",\"potentialAction\":[{\"@type\":\"ReadAction\",\"target\":[\"https:\/\/korenina.sk\/produkt\/sezam-biely\/\"]}]},{\"@type\":\"ImageObject\",\"inLanguage\":\"cs\",\"@id\":\"https:\/\/korenina.sk\/produkt\/sezam-biely\/#primaryimage\",\"url\":\"https:\/\/korenina.sk\/wp-content\/uploads\/2026\/02\/sezam-biely.webp\",\"contentUrl\":\"https:\/\/korenina.sk\/wp-content\/uploads\/2026\/02\/sezam-biely.webp\",\"width\":1000,\"height\":908,\"caption\":\"sezam biely\"},{\"@type\":\"BreadcrumbList\",\"@id\":\"https:\/\/korenina.sk\/produkt\/sezam-biely\/#breadcrumb\",\"itemListElement\":[{\"@type\":\"ListItem\",\"position\":1,\"name\":\"Domovsk\u00e1 str\u00e1nka\",\"item\":\"https:\/\/korenina.sk\/\"},{\"@type\":\"ListItem\",\"position\":2,\"name\":\"Na\u0161e koreniny a su\u0161en\u00e9 plody\",\"item\":\"https:\/\/korenina.sk\/nase-produkty\/\"},{\"@type\":\"ListItem\",\"position\":3,\"name\":\"S\u00e9zam biely\"}]},{\"@type\":\"WebSite\",\"@id\":\"https:\/\/korenina.sk\/#website\",\"url\":\"https:\/\/korenina.sk\/\",\"name\":\"Koreni.na\",\"description\":\"Z\u00e1\u017eitok z toho prav\u00e9ho korenia\",\"publisher\":{\"@id\":\"https:\/\/korenina.sk\/#organization\"},\"potentialAction\":[{\"@type\":\"SearchAction\",\"target\":{\"@type\":\"EntryPoint\",\"urlTemplate\":\"https:\/\/korenina.sk\/?s={search_term_string}\"},\"query-input\":{\"@type\":\"PropertyValueSpecification\",\"valueRequired\":true,\"valueName\":\"search_term_string\"}}],\"inLanguage\":\"cs\"},{\"@type\":\"Organization\",\"@id\":\"https:\/\/korenina.sk\/#organization\",\"name\":\"Koreni.na\",\"url\":\"https:\/\/korenina.sk\/\",\"logo\":{\"@type\":\"ImageObject\",\"inLanguage\":\"cs\",\"@id\":\"https:\/\/korenina.sk\/#\/schema\/logo\/image\/\",\"url\":\"https:\/\/korenina.sk\/wp-content\/uploads\/2025\/02\/logo.svg\",\"contentUrl\":\"https:\/\/korenina.sk\/wp-content\/uploads\/2025\/02\/logo.svg\",\"width\":500,\"height\":80,\"caption\":\"Koreni.na\"},\"image\":{\"@id\":\"https:\/\/korenina.sk\/#\/schema\/logo\/image\/\"}}]}<\/script>\n<!-- \/ Yoast SEO plugin. -->","yoast_head_json":{"title":"Sezam b\u00edl\u00fd \u2013 Ko\u0159eni.","description":"Sezam b\u00edl\u00fd s jemnou o\u0159\u00ed\u0161kovou chut\u00ed. Kvalitn\u00ed, \u010dist\u00e1 sem\u00ednka bez p\u0159\u00edsad, ide\u00e1ln\u00ed na pe\u010divo, sal\u00e1ty, maso, ryby a asijskou kuchyni.","robots":{"index":"index","follow":"follow","max-snippet":"max-snippet:-1","max-image-preview":"max-image-preview:large","max-video-preview":"max-video-preview:-1"},"canonical":"https:\/\/korenina.sk\/cs\/produkt\/sezam-bily\/?wmc-currency=CZK","og_locale":"cs_CZ","og_type":"article","og_title":"S\u00e9zam biely &#8211; Koreni.na","og_description":"S\u00e9zam biely s jemnou orie\u0161kovou chu\u0165ou. Kvalitn\u00e9, \u010dist\u00e9 semienka bez pr\u00edsad, ide\u00e1lne na pe\u010divo, \u0161al\u00e1ty, m\u00e4so, ryby a \u00e1zijsk\u00fa kuchy\u0148u.","og_url":"https:\/\/korenina.sk\/cs\/produkt\/sezam-bily\/?wmc-currency=CZK","og_site_name":"Koreni.na","article_modified_time":"2026-04-15T14:49:08+00:00","og_image":[{"width":1000,"height":908,"url":"https:\/\/korenina.sk\/wp-content\/uploads\/2026\/02\/sezam-biely.webp","type":"image\/webp"}],"twitter_card":"summary_large_image","twitter_misc":{"Odhadovan\u00e1 doba \u010dten\u00ed":"2 minuty"},"schema":{"@context":"https:\/\/schema.org","@graph":[{"@type":"WebPage","@id":"https:\/\/korenina.sk\/produkt\/sezam-biely\/","url":"https:\/\/korenina.sk\/produkt\/sezam-biely\/","name":"Sezam b\u00edl\u00fd \u2013 Ko\u0159eni.","isPartOf":{"@id":"https:\/\/korenina.sk\/#website"},"primaryImageOfPage":{"@id":"https:\/\/korenina.sk\/produkt\/sezam-biely\/#primaryimage"},"image":{"@id":"https:\/\/korenina.sk\/produkt\/sezam-biely\/#primaryimage"},"thumbnailUrl":"https:\/\/korenina.sk\/wp-content\/uploads\/2026\/02\/sezam-biely.webp","datePublished":"2025-02-24T16:10:12+00:00","dateModified":"2026-04-15T14:49:08+00:00","description":"Sezam b\u00edl\u00fd s jemnou o\u0159\u00ed\u0161kovou chut\u00ed. Kvalitn\u00ed, \u010dist\u00e1 sem\u00ednka bez p\u0159\u00edsad, ide\u00e1ln\u00ed na pe\u010divo, sal\u00e1ty, maso, ryby a asijskou kuchyni.","breadcrumb":{"@id":"https:\/\/korenina.sk\/produkt\/sezam-biely\/#breadcrumb"},"inLanguage":"cs","potentialAction":[{"@type":"ReadAction","target":["https:\/\/korenina.sk\/produkt\/sezam-biely\/"]}]},{"@type":"ImageObject","inLanguage":"cs","@id":"https:\/\/korenina.sk\/produkt\/sezam-biely\/#primaryimage","url":"https:\/\/korenina.sk\/wp-content\/uploads\/2026\/02\/sezam-biely.webp","contentUrl":"https:\/\/korenina.sk\/wp-content\/uploads\/2026\/02\/sezam-biely.webp","width":1000,"height":908,"caption":"sezam biely"},{"@type":"BreadcrumbList","@id":"https:\/\/korenina.sk\/produkt\/sezam-biely\/#breadcrumb","itemListElement":[{"@type":"ListItem","position":1,"name":"Domovsk\u00e1 str\u00e1nka","item":"https:\/\/korenina.sk\/"},{"@type":"ListItem","position":2,"name":"Na\u0161e koreniny a su\u0161en\u00e9 plody","item":"https:\/\/korenina.sk\/nase-produkty\/"},{"@type":"ListItem","position":3,"name":"S\u00e9zam biely"}]},{"@type":"WebSite","@id":"https:\/\/korenina.sk\/#website","url":"https:\/\/korenina.sk\/","name":"Koreni.na","description":"Z\u00e1\u017eitek z toho prav\u00e9ho pep\u0159e","publisher":{"@id":"https:\/\/korenina.sk\/#organization"},"potentialAction":[{"@type":"SearchAction","target":{"@type":"EntryPoint","urlTemplate":"https:\/\/korenina.sk\/?s={search_term_string}"},"query-input":{"@type":"PropertyValueSpecification","valueRequired":true,"valueName":"search_term_string"}}],"inLanguage":"cs"},{"@type":"Organization","@id":"https:\/\/korenina.sk\/#organization","name":"Koreni.na","url":"https:\/\/korenina.sk\/","logo":{"@type":"ImageObject","inLanguage":"cs","@id":"https:\/\/korenina.sk\/#\/schema\/logo\/image\/","url":"https:\/\/korenina.sk\/wp-content\/uploads\/2025\/02\/logo.svg","contentUrl":"https:\/\/korenina.sk\/wp-content\/uploads\/2025\/02\/logo.svg","width":500,"height":80,"caption":"Koreni.na"},"image":{"@id":"https:\/\/korenina.sk\/#\/schema\/logo\/image\/"}}]}},"_links":{"self":[{"href":"https:\/\/korenina.sk\/cs\/wp-json\/wp\/v2\/product\/658","targetHints":{"allow":["GET"]}}],"collection":[{"href":"https:\/\/korenina.sk\/cs\/wp-json\/wp\/v2\/product"}],"about":[{"href":"https:\/\/korenina.sk\/cs\/wp-json\/wp\/v2\/types\/product"}],"replies":[{"embeddable":true,"href":"https:\/\/korenina.sk\/cs\/wp-json\/wp\/v2\/comments?post=658"}],"wp:featuredmedia":[{"embeddable":true,"href":"https:\/\/korenina.sk\/cs\/wp-json\/wp\/v2\/media\/5992"}],"wp:attachment":[{"href":"https:\/\/korenina.sk\/cs\/wp-json\/wp\/v2\/media?parent=658"}],"wp:term":[{"taxonomy":"product_brand","embeddable":true,"href":"https:\/\/korenina.sk\/cs\/wp-json\/wp\/v2\/product_brand?post=658"},{"taxonomy":"product_cat","embeddable":true,"href":"https:\/\/korenina.sk\/cs\/wp-json\/wp\/v2\/product_cat?post=658"},{"taxonomy":"product_tag","embeddable":true,"href":"https:\/\/korenina.sk\/cs\/wp-json\/wp\/v2\/product_tag?post=658"}],"curies":[{"name":"wp","href":"https:\/\/api.w.org\/{rel}","templated":true}]}}