{"id":4885,"date":"2025-12-27T13:44:28","date_gmt":"2025-12-27T12:44:28","guid":{"rendered":"https:\/\/korenina.sk\/?post_type=product&#038;p=4885"},"modified":"2026-04-15T16:48:57","modified_gmt":"2026-04-15T14:48:57","slug":"dynova-seminka-loupana-prazena-solena","status":"publish","type":"product","link":"https:\/\/korenina.sk\/cs\/produkt\/dynova-seminka-loupana-prazena-solena\/","title":{"rendered":"D\u00fd\u0148ov\u00e1 sem\u00ednka loupan\u00e1 pra\u017een\u00e1 solen\u00e1"},"content":{"rendered":"<p data-start=\"232\" data-end=\"455\">D\u00fd\u0148ov\u00e1 sem\u00ednka loupan\u00e1 pra\u017een\u00e1 solen\u00e1 jsou hotov\u00fd slan\u00fd snack s v\u00fdraznou chut\u00ed a p\u0159\u00edjemnou k\u0159upavost\u00ed. Sem\u00ednka jsou \u0161etrn\u011b pra\u017een\u00e1 a jemn\u011b solen\u00e1 tak, aby vynikla jejich p\u0159irozen\u00e1 o\u0159\u00ed\u0161kov\u00e1 chu\u0165 bez zbyte\u010dn\u00e9ho prosolen\u00ed.<\/p>\n<p data-start=\"457\" data-end=\"660\">Pou\u017e\u00edvaj\u00ed se zejm\u00e9na k p\u0159\u00edm\u00e9mu konzumov\u00e1n\u00ed jako rychl\u00e1 pochoutka doma, v pr\u00e1ci nebo na cest\u00e1ch. D\u00edky vyv\u00e1\u017een\u00e9 chuti jsou obl\u00edben\u00e9 tak\u00e9 jako sou\u010d\u00e1st snackov\u00fdch sm\u011bs\u00ed, kde dob\u0159e dopl\u0148uj\u00ed dal\u0161\u00ed pra\u017een\u00e1 sem\u00ednka.<\/p>\n<p data-start=\"662\" data-end=\"869\">V sortimentu se p\u0159irozen\u011b kombinuj\u00ed s produkty jako <a href=\"https:\/\/korenina.sk\/cs\/produkt\/slunecnice-lupana-prazena-solena\/?wmc-currency=CZK\"><strong data-start=\"715\" data-end=\"750\">Slune\u010dnice loupan\u00e1 pra\u017een\u00e1 solen\u00e1<\/strong><\/a>, <strong data-start=\"752\" data-end=\"774\">Pra\u017een\u00fd bob, solen\u00fd, k\u0159upav\u00fd, \u010derstv\u011b pra\u017een\u00fd<\/strong> nebo <a href=\"https:\/\/korenina.sk\/cs\/produkt\/prazena-cizrna\/?wmc-currency=CZK\"><strong data-start=\"781\" data-end=\"798\">Pra\u017een\u00e1 cizrna<\/strong><\/a>, kde spolu vytv\u00e1\u0159ej\u00ed pestrou a chu\u0165ov\u011b vyv\u00e1\u017eenou nab\u00eddku slan\u00fdch snack\u016f.<\/p>\n<p data-start=\"871\" data-end=\"980\">Ka\u017ed\u00e1 \u0161ar\u017ee proch\u00e1z\u00ed kontrolou kvality, aby byla sem\u00ednka rovnom\u011brn\u011b upra\u017een\u00e1, k\u0159upav\u00e1 a chu\u0165ov\u011b stabiln\u00ed.<\/p>\n<hr data-start=\"982\" data-end=\"985\" \/>\n<h3 data-start=\"987\" data-end=\"1047\">Pro\u010d si vybrat d\u00fd\u0148ov\u00e1 sem\u00ednka loupan\u00e9 pra\u017een\u00e9 solen\u00e9<\/h3>\n<ul data-start=\"1048\" data-end=\"1187\">\n<li data-start=\"1048\" data-end=\"1086\">\n<p data-start=\"1050\" data-end=\"1086\">v\u00fdrazn\u00e1, p\u0159irozen\u011b o\u0159\u00ed\u0161kov\u00e1 chu\u0165<\/p>\n<\/li>\n<li data-start=\"1087\" data-end=\"1110\">\n<p data-start=\"1089\" data-end=\"1110\">k\u0159upav\u00e1 struktura<\/p>\n<\/li>\n<li data-start=\"1111\" data-end=\"1145\">\n<p data-start=\"1113\" data-end=\"1145\">hotov\u00fd snack bez dal\u0161\u00ed \u00fapravy<\/p>\n<\/li>\n<li data-start=\"1146\" data-end=\"1166\">\n<p data-start=\"1148\" data-end=\"1166\">vyv\u00e1\u017een\u00e9 solen\u00ed<\/p>\n<\/li>\n<li data-start=\"1167\" data-end=\"1187\">\n<p data-start=\"1169\" data-end=\"1187\">stabiln\u00ed kvalita<\/p>\n<\/li>\n<\/ul>\n<hr data-start=\"1189\" data-end=\"1192\" \/>\n<h3 data-start=\"1194\" data-end=\"1206\">Pou\u017eit\u00ed<\/h3>\n<p data-start=\"1207\" data-end=\"1254\">snack, mls\u00e1n\u00ed, poho\u0161t\u011bn\u00ed, snackov\u00e9 sm\u011bsi<\/p>\n<p data-start=\"1256\" data-end=\"1409\">Tip: D\u00fd\u0148ov\u00e1 sem\u00ednka loupan\u00e1 pra\u017een\u00e1 solen\u00e1 jsou vhodnou alternativou ke klasick\u00fdm slan\u00fdm pochutin\u00e1m a dob\u0159e se kombinuj\u00ed s dal\u0161\u00edmi pra\u017een\u00fdmi sem\u00ednky.<\/p>","protected":false},"excerpt":{"rendered":"<p><strong>Slo\u017een\u00ed:<\/strong><br \/>\nCucurbita pepo I.T\u0159\u00edda 100%<\/p>\n<p><strong>Zem\u011b p\u016fvodu:<\/strong><br \/>\nMa\u010farsko<\/p>\n<p><strong>Skladov\u00e1n\u00ed:<\/strong><br \/>\nSkladujte na such\u00e9m a tmav\u00e9m m\u00edst\u011b ve sklen\u011bn\u00e9 uzav\u00edrateln\u00e9 n\u00e1dob\u011b<\/p>\n<p><strong>Minim\u00e1ln\u00ed trvanlivost 12 m\u011bs\u00edc\u016f<\/strong><\/p>","protected":false},"featured_media":4962,"comment_status":"closed","ping_status":"closed","template":"","meta":[],"product_brand":[25],"product_cat":[120],"product_tag":[],"class_list":{"0":"post-4885","1":"product","2":"type-product","3":"status-publish","4":"has-post-thumbnail","6":"product_brand-korenina","7":"product_cat-zrna-a-semena","9":"first","10":"instock","11":"sale","12":"shipping-taxable","13":"purchasable","14":"product-type-variable"},"yoast_head":"<!-- This site is optimized with the Yoast SEO plugin v27.0 - https:\/\/yoast.com\/product\/yoast-seo-wordpress\/ -->\n<title>Tekvicov\u00e9 semienka l\u00fapan\u00e9 pra\u017een\u00e9 solen\u00e9 &#8211; Koreni.na<\/title>\n<meta name=\"description\" content=\"Tekvicov\u00e9 semienka l\u00fapan\u00e9 pra\u017een\u00e9 solen\u00e9 \u2013 chrumkav\u00e9, jemne orie\u0161kov\u00e9 a vyv\u00e1\u017eene slan\u00e9. Ide\u00e1lne ako snack alebo do \u0161al\u00e1tov a jed\u00e1l.\" \/>\n<meta name=\"robots\" content=\"index, follow, max-snippet:-1, max-image-preview:large, max-video-preview:-1\" \/>\n<link rel=\"canonical\" href=\"https:\/\/korenina.sk\/cs\/produkt\/dynova-seminka-loupana-prazena-solena\/?wmc-currency=CZK\" \/>\n<meta property=\"og:locale\" content=\"cs_CZ\" \/>\n<meta property=\"og:type\" content=\"article\" \/>\n<meta property=\"og:title\" content=\"Tekvicov\u00e9 semienka l\u00fapan\u00e9 pra\u017een\u00e9 solen\u00e9 &#8211; Koreni.na\" \/>\n<meta property=\"og:description\" content=\"Tekvicov\u00e9 semienka l\u00fapan\u00e9 pra\u017een\u00e9 solen\u00e9 \u2013 chrumkav\u00e9, jemne orie\u0161kov\u00e9 a vyv\u00e1\u017eene slan\u00e9. Ide\u00e1lne ako snack alebo do \u0161al\u00e1tov a jed\u00e1l.\" \/>\n<meta property=\"og:url\" content=\"https:\/\/korenina.sk\/cs\/produkt\/dynova-seminka-loupana-prazena-solena\/?wmc-currency=CZK\" \/>\n<meta property=\"og:site_name\" content=\"Koreni.na\" \/>\n<meta property=\"article:modified_time\" content=\"2026-04-15T14:48:57+00:00\" \/>\n<meta property=\"og:image\" content=\"https:\/\/korenina.sk\/wp-content\/uploads\/2025\/12\/tekvicove-jadierka-prazene-solene.webp\" \/>\n\t<meta property=\"og:image:width\" content=\"600\" \/>\n\t<meta property=\"og:image:height\" content=\"530\" \/>\n\t<meta property=\"og:image:type\" content=\"image\/webp\" \/>\n<meta name=\"twitter:card\" content=\"summary_large_image\" \/>\n<meta name=\"twitter:label1\" content=\"Odhadovan\u00e1 doba \u010dten\u00ed\" \/>\n\t<meta name=\"twitter:data1\" content=\"2 minuty\" \/>\n<script type=\"application\/ld+json\" class=\"yoast-schema-graph\">{\"@context\":\"https:\/\/schema.org\",\"@graph\":[{\"@type\":\"WebPage\",\"@id\":\"https:\/\/korenina.sk\/produkt\/tekvicove-semienka-lupane-prazene-solene\/\",\"url\":\"https:\/\/korenina.sk\/produkt\/tekvicove-semienka-lupane-prazene-solene\/\",\"name\":\"Tekvicov\u00e9 semienka l\u00fapan\u00e9 pra\u017een\u00e9 solen\u00e9 &#8211; Koreni.na\",\"isPartOf\":{\"@id\":\"https:\/\/korenina.sk\/#website\"},\"primaryImageOfPage\":{\"@id\":\"https:\/\/korenina.sk\/produkt\/tekvicove-semienka-lupane-prazene-solene\/#primaryimage\"},\"image\":{\"@id\":\"https:\/\/korenina.sk\/produkt\/tekvicove-semienka-lupane-prazene-solene\/#primaryimage\"},\"thumbnailUrl\":\"https:\/\/korenina.sk\/wp-content\/uploads\/2025\/12\/tekvicove-jadierka-prazene-solene.webp\",\"datePublished\":\"2025-12-27T12:44:28+00:00\",\"dateModified\":\"2026-04-15T14:48:57+00:00\",\"description\":\"Tekvicov\u00e9 semienka l\u00fapan\u00e9 pra\u017een\u00e9 solen\u00e9 \u2013 chrumkav\u00e9, jemne orie\u0161kov\u00e9 a vyv\u00e1\u017eene slan\u00e9. Ide\u00e1lne ako snack alebo do \u0161al\u00e1tov a jed\u00e1l.\",\"breadcrumb\":{\"@id\":\"https:\/\/korenina.sk\/produkt\/tekvicove-semienka-lupane-prazene-solene\/#breadcrumb\"},\"inLanguage\":\"cs\",\"potentialAction\":[{\"@type\":\"ReadAction\",\"target\":[\"https:\/\/korenina.sk\/produkt\/tekvicove-semienka-lupane-prazene-solene\/\"]}]},{\"@type\":\"ImageObject\",\"inLanguage\":\"cs\",\"@id\":\"https:\/\/korenina.sk\/produkt\/tekvicove-semienka-lupane-prazene-solene\/#primaryimage\",\"url\":\"https:\/\/korenina.sk\/wp-content\/uploads\/2025\/12\/tekvicove-jadierka-prazene-solene.webp\",\"contentUrl\":\"https:\/\/korenina.sk\/wp-content\/uploads\/2025\/12\/tekvicove-jadierka-prazene-solene.webp\",\"width\":600,\"height\":530,\"caption\":\"Tekvicov\u00e9 semienka l\u00fapan\u00e9 pra\u017een\u00e9 solen\u00e9\"},{\"@type\":\"BreadcrumbList\",\"@id\":\"https:\/\/korenina.sk\/produkt\/tekvicove-semienka-lupane-prazene-solene\/#breadcrumb\",\"itemListElement\":[{\"@type\":\"ListItem\",\"position\":1,\"name\":\"Domovsk\u00e1 str\u00e1nka\",\"item\":\"https:\/\/korenina.sk\/\"},{\"@type\":\"ListItem\",\"position\":2,\"name\":\"Na\u0161e koreniny a su\u0161en\u00e9 plody\",\"item\":\"https:\/\/korenina.sk\/nase-produkty\/\"},{\"@type\":\"ListItem\",\"position\":3,\"name\":\"Tekvicov\u00e9 semienka l\u00fapan\u00e9 pra\u017een\u00e9 solen\u00e9\"}]},{\"@type\":\"WebSite\",\"@id\":\"https:\/\/korenina.sk\/#website\",\"url\":\"https:\/\/korenina.sk\/\",\"name\":\"Koreni.na\",\"description\":\"Z\u00e1\u017eitok z toho prav\u00e9ho korenia\",\"publisher\":{\"@id\":\"https:\/\/korenina.sk\/#organization\"},\"potentialAction\":[{\"@type\":\"SearchAction\",\"target\":{\"@type\":\"EntryPoint\",\"urlTemplate\":\"https:\/\/korenina.sk\/?s={search_term_string}\"},\"query-input\":{\"@type\":\"PropertyValueSpecification\",\"valueRequired\":true,\"valueName\":\"search_term_string\"}}],\"inLanguage\":\"cs\"},{\"@type\":\"Organization\",\"@id\":\"https:\/\/korenina.sk\/#organization\",\"name\":\"Koreni.na\",\"url\":\"https:\/\/korenina.sk\/\",\"logo\":{\"@type\":\"ImageObject\",\"inLanguage\":\"cs\",\"@id\":\"https:\/\/korenina.sk\/#\/schema\/logo\/image\/\",\"url\":\"https:\/\/korenina.sk\/wp-content\/uploads\/2025\/02\/logo.svg\",\"contentUrl\":\"https:\/\/korenina.sk\/wp-content\/uploads\/2025\/02\/logo.svg\",\"width\":500,\"height\":80,\"caption\":\"Koreni.na\"},\"image\":{\"@id\":\"https:\/\/korenina.sk\/#\/schema\/logo\/image\/\"}}]}<\/script>\n<!-- \/ Yoast SEO plugin. -->","yoast_head_json":{"title":"D\u00fd\u0148ov\u00e1 sem\u00ednka loupan\u00e1 pra\u017een\u00e1 solen\u00e1 \u2013 Koreni.na","description":"D\u00fd\u0148ov\u00e1 sem\u00ednka loupan\u00e1 pra\u017een\u00e1 solen\u00e1 \u2013 k\u0159upav\u00e1, jemn\u011b o\u0159\u00ed\u0161kov\u00e1 a vyv\u00e1\u017een\u011b slan\u00e1. Ide\u00e1ln\u00ed jako snack nebo do sal\u00e1t\u016f a j\u00eddel.","robots":{"index":"index","follow":"follow","max-snippet":"max-snippet:-1","max-image-preview":"max-image-preview:large","max-video-preview":"max-video-preview:-1"},"canonical":"https:\/\/korenina.sk\/cs\/produkt\/dynova-seminka-loupana-prazena-solena\/?wmc-currency=CZK","og_locale":"cs_CZ","og_type":"article","og_title":"Tekvicov\u00e9 semienka l\u00fapan\u00e9 pra\u017een\u00e9 solen\u00e9 &#8211; Koreni.na","og_description":"Tekvicov\u00e9 semienka l\u00fapan\u00e9 pra\u017een\u00e9 solen\u00e9 \u2013 chrumkav\u00e9, jemne orie\u0161kov\u00e9 a vyv\u00e1\u017eene slan\u00e9. Ide\u00e1lne ako snack alebo do \u0161al\u00e1tov a jed\u00e1l.","og_url":"https:\/\/korenina.sk\/cs\/produkt\/dynova-seminka-loupana-prazena-solena\/?wmc-currency=CZK","og_site_name":"Koreni.na","article_modified_time":"2026-04-15T14:48:57+00:00","og_image":[{"width":600,"height":530,"url":"https:\/\/korenina.sk\/wp-content\/uploads\/2025\/12\/tekvicove-jadierka-prazene-solene.webp","type":"image\/webp"}],"twitter_card":"summary_large_image","twitter_misc":{"Odhadovan\u00e1 doba \u010dten\u00ed":"2 minuty"},"schema":{"@context":"https:\/\/schema.org","@graph":[{"@type":"WebPage","@id":"https:\/\/korenina.sk\/produkt\/tekvicove-semienka-lupane-prazene-solene\/","url":"https:\/\/korenina.sk\/produkt\/tekvicove-semienka-lupane-prazene-solene\/","name":"D\u00fd\u0148ov\u00e1 sem\u00ednka loupan\u00e1 pra\u017een\u00e1 solen\u00e1 \u2013 Koreni.na","isPartOf":{"@id":"https:\/\/korenina.sk\/#website"},"primaryImageOfPage":{"@id":"https:\/\/korenina.sk\/produkt\/tekvicove-semienka-lupane-prazene-solene\/#primaryimage"},"image":{"@id":"https:\/\/korenina.sk\/produkt\/tekvicove-semienka-lupane-prazene-solene\/#primaryimage"},"thumbnailUrl":"https:\/\/korenina.sk\/wp-content\/uploads\/2025\/12\/tekvicove-jadierka-prazene-solene.webp","datePublished":"2025-12-27T12:44:28+00:00","dateModified":"2026-04-15T14:48:57+00:00","description":"D\u00fd\u0148ov\u00e1 sem\u00ednka loupan\u00e1 pra\u017een\u00e1 solen\u00e1 \u2013 k\u0159upav\u00e1, jemn\u011b o\u0159\u00ed\u0161kov\u00e1 a vyv\u00e1\u017een\u011b slan\u00e1. Ide\u00e1ln\u00ed jako snack nebo do sal\u00e1t\u016f a j\u00eddel.","breadcrumb":{"@id":"https:\/\/korenina.sk\/produkt\/tekvicove-semienka-lupane-prazene-solene\/#breadcrumb"},"inLanguage":"cs","potentialAction":[{"@type":"ReadAction","target":["https:\/\/korenina.sk\/produkt\/tekvicove-semienka-lupane-prazene-solene\/"]}]},{"@type":"ImageObject","inLanguage":"cs","@id":"https:\/\/korenina.sk\/produkt\/tekvicove-semienka-lupane-prazene-solene\/#primaryimage","url":"https:\/\/korenina.sk\/wp-content\/uploads\/2025\/12\/tekvicove-jadierka-prazene-solene.webp","contentUrl":"https:\/\/korenina.sk\/wp-content\/uploads\/2025\/12\/tekvicove-jadierka-prazene-solene.webp","width":600,"height":530,"caption":"Tekvicov\u00e9 semienka l\u00fapan\u00e9 pra\u017een\u00e9 solen\u00e9"},{"@type":"BreadcrumbList","@id":"https:\/\/korenina.sk\/produkt\/tekvicove-semienka-lupane-prazene-solene\/#breadcrumb","itemListElement":[{"@type":"ListItem","position":1,"name":"Domovsk\u00e1 str\u00e1nka","item":"https:\/\/korenina.sk\/"},{"@type":"ListItem","position":2,"name":"Na\u0161e koreniny a su\u0161en\u00e9 plody","item":"https:\/\/korenina.sk\/nase-produkty\/"},{"@type":"ListItem","position":3,"name":"Tekvicov\u00e9 semienka l\u00fapan\u00e9 pra\u017een\u00e9 solen\u00e9"}]},{"@type":"WebSite","@id":"https:\/\/korenina.sk\/#website","url":"https:\/\/korenina.sk\/","name":"Koreni.na","description":"Z\u00e1\u017eitek z toho prav\u00e9ho pep\u0159e","publisher":{"@id":"https:\/\/korenina.sk\/#organization"},"potentialAction":[{"@type":"SearchAction","target":{"@type":"EntryPoint","urlTemplate":"https:\/\/korenina.sk\/?s={search_term_string}"},"query-input":{"@type":"PropertyValueSpecification","valueRequired":true,"valueName":"search_term_string"}}],"inLanguage":"cs"},{"@type":"Organization","@id":"https:\/\/korenina.sk\/#organization","name":"Koreni.na","url":"https:\/\/korenina.sk\/","logo":{"@type":"ImageObject","inLanguage":"cs","@id":"https:\/\/korenina.sk\/#\/schema\/logo\/image\/","url":"https:\/\/korenina.sk\/wp-content\/uploads\/2025\/02\/logo.svg","contentUrl":"https:\/\/korenina.sk\/wp-content\/uploads\/2025\/02\/logo.svg","width":500,"height":80,"caption":"Koreni.na"},"image":{"@id":"https:\/\/korenina.sk\/#\/schema\/logo\/image\/"}}]}},"_links":{"self":[{"href":"https:\/\/korenina.sk\/cs\/wp-json\/wp\/v2\/product\/4885","targetHints":{"allow":["GET"]}}],"collection":[{"href":"https:\/\/korenina.sk\/cs\/wp-json\/wp\/v2\/product"}],"about":[{"href":"https:\/\/korenina.sk\/cs\/wp-json\/wp\/v2\/types\/product"}],"replies":[{"embeddable":true,"href":"https:\/\/korenina.sk\/cs\/wp-json\/wp\/v2\/comments?post=4885"}],"wp:featuredmedia":[{"embeddable":true,"href":"https:\/\/korenina.sk\/cs\/wp-json\/wp\/v2\/media\/4962"}],"wp:attachment":[{"href":"https:\/\/korenina.sk\/cs\/wp-json\/wp\/v2\/media?parent=4885"}],"wp:term":[{"taxonomy":"product_brand","embeddable":true,"href":"https:\/\/korenina.sk\/cs\/wp-json\/wp\/v2\/product_brand?post=4885"},{"taxonomy":"product_cat","embeddable":true,"href":"https:\/\/korenina.sk\/cs\/wp-json\/wp\/v2\/product_cat?post=4885"},{"taxonomy":"product_tag","embeddable":true,"href":"https:\/\/korenina.sk\/cs\/wp-json\/wp\/v2\/product_tag?post=4885"}],"curies":[{"name":"wp","href":"https:\/\/api.w.org\/{rel}","templated":true}]}}