{"id":4834,"date":"2025-12-27T14:07:40","date_gmt":"2025-12-27T13:07:40","guid":{"rendered":"https:\/\/korenina.sk\/?post_type=product&#038;p=4834"},"modified":"2026-04-15T16:48:57","modified_gmt":"2026-04-15T14:48:57","slug":"materi-duska-sypana","status":"publish","type":"product","link":"https:\/\/korenina.sk\/cs\/produkt\/materi-duska-sypana\/","title":{"rendered":"Su\u0161en\u00e1 na\u0165 mate\u0159\u00eddou\u0161ky, drcen\u00e1"},"content":{"rendered":"<p data-start=\"209\" data-end=\"494\">Mate\u0159\u00eddou\u0161ka sypan\u00e1 je aromatick\u00e1 bylina pe\u010dliv\u011b zpracovan\u00e1 a \u0161etrn\u011b su\u0161en\u00e1 tak, aby si zachovala svou p\u0159irozenou barvu, v\u00fdraznou v\u016fni a charakteristickou, jemn\u011b ko\u0159en\u011bnou bylinnou chu\u0165. D\u00edky kvalitn\u00edmu zpracov\u00e1n\u00ed je vhodn\u00e1 pro p\u0159\u00edpravu \u010daj\u016f, bylinn\u00fdch sm\u011bs\u00ed a dom\u00e1c\u00edch receptur.<\/p>\n<p data-start=\"496\" data-end=\"746\">Mate\u0159\u00eddou\u0161ka se \u010dasto pou\u017e\u00edv\u00e1 samostatn\u011b, ale v\u00fdborn\u011b se kombinuje is dal\u0161\u00edmi bylinkami, jako jsou <a href=\"https:\/\/korenina.sk\/cs\/produkt\/lipovy-kvet-sypany\/?wmc-currency=CZK\"><strong data-start=\"595\" data-end=\"610\">Lipov\u00fd kv\u011bt<\/strong><\/a>,<a href=\"https:\/\/korenina.sk\/cs\/produkt\/susene-listy-jitrocele\/?wmc-currency=CZK\"> <strong data-start=\"612\" data-end=\"630\">Jitrocel listy<\/strong><\/a> nebo <a href=\"https:\/\/korenina.sk\/cs\/produkt\/repik-lekarsky-suseny\/?wmc-currency=CZK\"><strong data-start=\"637\" data-end=\"655\">\u0158ep\u00edk l\u00e9ka\u0159sk\u00fd<\/strong>.<\/a> Takov\u00e9 kombinace vytv\u00e1\u0159ej\u00ed chu\u0165ov\u011b vyv\u00e1\u017een\u00e9 bylinn\u00e9 sm\u011bsi vhodn\u00e9 pro ka\u017edodenn\u00ed pou\u017eit\u00ed.<\/p>\n<p data-start=\"748\" data-end=\"963\">Ka\u017ed\u00e1 \u0161ar\u017ee proch\u00e1z\u00ed kontrolou kvality, aby byl v\u00fdsledn\u00fd produkt aromaticky stabiln\u00ed a konzistentn\u00ed. Mate\u0159\u00eddou\u0161ka sypan\u00e1 je vhodn\u00e1 nejen do \u010daj\u016f, ale tak\u00e9 jako sou\u010d\u00e1st vlastn\u00edch bylinn\u00fdch sm\u011bs\u00ed \u010di wellness n\u00e1poj\u016f.<\/p>\n<h3 data-start=\"965\" data-end=\"1007\">Pro\u010d si vybrat mate\u0159\u00eddou\u0161ku sypanou:<\/h3>\n<ul data-start=\"1008\" data-end=\"1224\">\n<li data-start=\"1008\" data-end=\"1062\">\n<p data-start=\"1010\" data-end=\"1062\">\u0161etrn\u011b su\u0161en\u00e1 bylina se zachovan\u00fdm v\u00fdrazn\u00fdm aroma<\/p>\n<\/li>\n<li data-start=\"1063\" data-end=\"1096\">\n<p data-start=\"1065\" data-end=\"1096\">jemn\u011b ko\u0159en\u011bn\u00e1, bylinn\u00e1 chu\u0165<\/p>\n<\/li>\n<li data-start=\"1097\" data-end=\"1143\">\n<p data-start=\"1099\" data-end=\"1143\">vhodn\u00e1 na samostatn\u00e9 \u010daje i bylinn\u00e9 sm\u011bsi<\/p>\n<\/li>\n<li data-start=\"1144\" data-end=\"1186\">\n<p data-start=\"1146\" data-end=\"1186\">konzistentn\u00ed kvalita p\u0159i ka\u017ed\u00e9m balen\u00ed<\/p>\n<\/li>\n<li data-start=\"1187\" data-end=\"1224\">\n<p data-start=\"1189\" data-end=\"1224\">univerz\u00e1ln\u00ed vyu\u017eit\u00ed v dom\u00e1cnosti<\/p>\n<\/li>\n<\/ul>\n<h3 data-start=\"1226\" data-end=\"1239\">Pou\u017eit\u00ed:<\/h3>\n<p data-start=\"1240\" data-end=\"1296\">\u010daje, bylinn\u00e9 sm\u011bsi, wellness n\u00e1poje, dom\u00e1c\u00ed receptury<\/p>\n<p data-start=\"1298\" data-end=\"1481\">\ud83d\udca1 Tip: Mate\u0159\u00eddou\u0161ku lze kombinovat is bylinkami jako <a href=\"https:\/\/korenina.sk\/cs\/produkt\/susene-listy-medunky-lekarske\/?wmc-currency=CZK\"><strong data-start=\"1360\" data-end=\"1380\">Medu\u0148ka l\u00e9ka\u0159sk\u00e1<\/strong><\/a>, <a href=\"https:\/\/korenina.sk\/cs\/produkt\/rumancek-pravy-kvetiny\/?wmc-currency=CZK\"><strong data-start=\"1382\" data-end=\"1400\">He\u0159m\u00e1nek prav\u00fd<\/strong><\/a> nebo <a href=\"https:\/\/korenina.sk\/cs\/produkt\/plucnik-lekarsky\/?wmc-currency=CZK\"><strong data-start=\"1407\" data-end=\"1427\">Su\u0161en\u00e1 na\u0165 plicn\u00edku l\u00e9ka\u0159sk\u00e9ho, drcen\u00e1<\/strong><\/a> dle chuti a preferovan\u00e9ho charakteru \u010dajov\u00e9 sm\u011bsi.<\/p>","protected":false},"excerpt":{"rendered":"<p><strong>Slo\u017een\u00ed:<\/strong><br \/>\n<em class=\"eujQNb\" data-complete=\"true\"><strong class=\"Yjhzub\" data-complete=\"true\">Thymus serpyllum<\/strong><\/em> su\u0161en\u00e9 I.T\u0159\u00edda 100%<\/p>\n<p><strong>Zem\u011b p\u016fvodu:<\/strong><br \/>\nSlovensko<\/p>\n<p><strong>Skladov\u00e1n\u00ed:<\/strong><br \/>\nSkladujte na such\u00e9m a tmav\u00e9m m\u00edst\u011b ve sklen\u011bn\u00e9 uzav\u00edrateln\u00e9 n\u00e1dob\u011b<\/p>\n<p><strong>Minim\u00e1ln\u00ed trvanlivost 12 m\u011bs\u00edc\u016f<\/strong><\/p>","protected":false},"featured_media":5949,"comment_status":"closed","ping_status":"closed","template":"","meta":[],"product_brand":[25],"product_cat":[103],"product_tag":[],"class_list":{"0":"post-4834","1":"product","2":"type-product","3":"status-publish","4":"has-post-thumbnail","6":"product_brand-korenina","7":"product_cat-bylinne-caje","9":"first","10":"instock","11":"sale","12":"shipping-taxable","13":"purchasable","14":"product-type-variable"},"yoast_head":"<!-- This site is optimized with the Yoast SEO plugin v27.0 - https:\/\/yoast.com\/product\/yoast-seo-wordpress\/ -->\n<title>Materina d\u00fa\u0161ka sypan\u00e1 &#8211; Koreni.na<\/title>\n<meta name=\"description\" content=\"Materina d\u00fa\u0161ka sypan\u00e1 \u2013 aromatick\u00e1 bylinka so svie\u017eou a intenz\u00edvnou chu\u0165ou. Ide\u00e1lna na \u010daje, zmesi a kulin\u00e1rske vyu\u017eitie s profesion\u00e1lnym v\u00fdsledkom.\" \/>\n<meta name=\"robots\" content=\"index, follow, max-snippet:-1, max-image-preview:large, max-video-preview:-1\" \/>\n<link rel=\"canonical\" href=\"https:\/\/korenina.sk\/cs\/produkt\/materi-duska-sypana\/?wmc-currency=CZK\" \/>\n<meta property=\"og:locale\" content=\"cs_CZ\" \/>\n<meta property=\"og:type\" content=\"article\" \/>\n<meta property=\"og:title\" content=\"Materina d\u00fa\u0161ka sypan\u00e1 &#8211; Koreni.na\" \/>\n<meta property=\"og:description\" content=\"Materina d\u00fa\u0161ka sypan\u00e1 \u2013 aromatick\u00e1 bylinka so svie\u017eou a intenz\u00edvnou chu\u0165ou. Ide\u00e1lna na \u010daje, zmesi a kulin\u00e1rske vyu\u017eitie s profesion\u00e1lnym v\u00fdsledkom.\" \/>\n<meta property=\"og:url\" content=\"https:\/\/korenina.sk\/cs\/produkt\/materi-duska-sypana\/?wmc-currency=CZK\" \/>\n<meta property=\"og:site_name\" content=\"Koreni.na\" \/>\n<meta property=\"article:modified_time\" content=\"2026-04-15T14:48:57+00:00\" \/>\n<meta property=\"og:image\" content=\"https:\/\/korenina.sk\/wp-content\/uploads\/2026\/02\/materina-duska.webp\" \/>\n\t<meta property=\"og:image:width\" content=\"600\" \/>\n\t<meta property=\"og:image:height\" content=\"431\" \/>\n\t<meta property=\"og:image:type\" content=\"image\/webp\" \/>\n<meta name=\"twitter:card\" content=\"summary_large_image\" \/>\n<meta name=\"twitter:label1\" content=\"Odhadovan\u00e1 doba \u010dten\u00ed\" \/>\n\t<meta name=\"twitter:data1\" content=\"2 minuty\" \/>\n<script type=\"application\/ld+json\" class=\"yoast-schema-graph\">{\"@context\":\"https:\/\/schema.org\",\"@graph\":[{\"@type\":\"WebPage\",\"@id\":\"https:\/\/korenina.sk\/produkt\/materina-duska-sypana\/\",\"url\":\"https:\/\/korenina.sk\/produkt\/materina-duska-sypana\/\",\"name\":\"Materina d\u00fa\u0161ka sypan\u00e1 &#8211; Koreni.na\",\"isPartOf\":{\"@id\":\"https:\/\/korenina.sk\/#website\"},\"primaryImageOfPage\":{\"@id\":\"https:\/\/korenina.sk\/produkt\/materina-duska-sypana\/#primaryimage\"},\"image\":{\"@id\":\"https:\/\/korenina.sk\/produkt\/materina-duska-sypana\/#primaryimage\"},\"thumbnailUrl\":\"https:\/\/korenina.sk\/wp-content\/uploads\/2026\/02\/materina-duska.webp\",\"datePublished\":\"2025-12-27T13:07:40+00:00\",\"dateModified\":\"2026-04-15T14:48:57+00:00\",\"description\":\"Materina d\u00fa\u0161ka sypan\u00e1 \u2013 aromatick\u00e1 bylinka so svie\u017eou a intenz\u00edvnou chu\u0165ou. Ide\u00e1lna na \u010daje, zmesi a kulin\u00e1rske vyu\u017eitie s profesion\u00e1lnym v\u00fdsledkom.\",\"breadcrumb\":{\"@id\":\"https:\/\/korenina.sk\/produkt\/materina-duska-sypana\/#breadcrumb\"},\"inLanguage\":\"cs\",\"potentialAction\":[{\"@type\":\"ReadAction\",\"target\":[\"https:\/\/korenina.sk\/produkt\/materina-duska-sypana\/\"]}]},{\"@type\":\"ImageObject\",\"inLanguage\":\"cs\",\"@id\":\"https:\/\/korenina.sk\/produkt\/materina-duska-sypana\/#primaryimage\",\"url\":\"https:\/\/korenina.sk\/wp-content\/uploads\/2026\/02\/materina-duska.webp\",\"contentUrl\":\"https:\/\/korenina.sk\/wp-content\/uploads\/2026\/02\/materina-duska.webp\",\"width\":600,\"height\":431,\"caption\":\"materina d\u00fa\u0161ka\"},{\"@type\":\"BreadcrumbList\",\"@id\":\"https:\/\/korenina.sk\/produkt\/materina-duska-sypana\/#breadcrumb\",\"itemListElement\":[{\"@type\":\"ListItem\",\"position\":1,\"name\":\"Domovsk\u00e1 str\u00e1nka\",\"item\":\"https:\/\/korenina.sk\/\"},{\"@type\":\"ListItem\",\"position\":2,\"name\":\"Na\u0161e koreniny a su\u0161en\u00e9 plody\",\"item\":\"https:\/\/korenina.sk\/nase-produkty\/\"},{\"@type\":\"ListItem\",\"position\":3,\"name\":\"Materina d\u00fa\u0161ka sypan\u00e1\"}]},{\"@type\":\"WebSite\",\"@id\":\"https:\/\/korenina.sk\/#website\",\"url\":\"https:\/\/korenina.sk\/\",\"name\":\"Koreni.na\",\"description\":\"Z\u00e1\u017eitok z toho prav\u00e9ho korenia\",\"publisher\":{\"@id\":\"https:\/\/korenina.sk\/#organization\"},\"potentialAction\":[{\"@type\":\"SearchAction\",\"target\":{\"@type\":\"EntryPoint\",\"urlTemplate\":\"https:\/\/korenina.sk\/?s={search_term_string}\"},\"query-input\":{\"@type\":\"PropertyValueSpecification\",\"valueRequired\":true,\"valueName\":\"search_term_string\"}}],\"inLanguage\":\"cs\"},{\"@type\":\"Organization\",\"@id\":\"https:\/\/korenina.sk\/#organization\",\"name\":\"Koreni.na\",\"url\":\"https:\/\/korenina.sk\/\",\"logo\":{\"@type\":\"ImageObject\",\"inLanguage\":\"cs\",\"@id\":\"https:\/\/korenina.sk\/#\/schema\/logo\/image\/\",\"url\":\"https:\/\/korenina.sk\/wp-content\/uploads\/2025\/02\/logo.svg\",\"contentUrl\":\"https:\/\/korenina.sk\/wp-content\/uploads\/2025\/02\/logo.svg\",\"width\":500,\"height\":80,\"caption\":\"Koreni.na\"},\"image\":{\"@id\":\"https:\/\/korenina.sk\/#\/schema\/logo\/image\/\"}}]}<\/script>\n<!-- \/ Yoast SEO plugin. -->","yoast_head_json":{"title":"Mate\u0159\u00eddou\u0161ka sypan\u00e1 \u2013 Ko\u0159eni.na","description":"Mate\u0159\u00eddou\u0161ka sypan\u00e1 \u2013 aromatick\u00e1 bylinka se sv\u011b\u017e\u00ed a intenzivn\u00ed chut\u00ed. Ide\u00e1ln\u00ed na \u010daje, sm\u011bsi a kulin\u00e1\u0159sk\u00e9 vyu\u017eit\u00ed s profesion\u00e1ln\u00edm v\u00fdsledkem.","robots":{"index":"index","follow":"follow","max-snippet":"max-snippet:-1","max-image-preview":"max-image-preview:large","max-video-preview":"max-video-preview:-1"},"canonical":"https:\/\/korenina.sk\/cs\/produkt\/materi-duska-sypana\/?wmc-currency=CZK","og_locale":"cs_CZ","og_type":"article","og_title":"Materina d\u00fa\u0161ka sypan\u00e1 &#8211; Koreni.na","og_description":"Materina d\u00fa\u0161ka sypan\u00e1 \u2013 aromatick\u00e1 bylinka so svie\u017eou a intenz\u00edvnou chu\u0165ou. Ide\u00e1lna na \u010daje, zmesi a kulin\u00e1rske vyu\u017eitie s profesion\u00e1lnym v\u00fdsledkom.","og_url":"https:\/\/korenina.sk\/cs\/produkt\/materi-duska-sypana\/?wmc-currency=CZK","og_site_name":"Koreni.na","article_modified_time":"2026-04-15T14:48:57+00:00","og_image":[{"width":600,"height":431,"url":"https:\/\/korenina.sk\/wp-content\/uploads\/2026\/02\/materina-duska.webp","type":"image\/webp"}],"twitter_card":"summary_large_image","twitter_misc":{"Odhadovan\u00e1 doba \u010dten\u00ed":"2 minuty"},"schema":{"@context":"https:\/\/schema.org","@graph":[{"@type":"WebPage","@id":"https:\/\/korenina.sk\/produkt\/materina-duska-sypana\/","url":"https:\/\/korenina.sk\/produkt\/materina-duska-sypana\/","name":"Mate\u0159\u00eddou\u0161ka sypan\u00e1 \u2013 Ko\u0159eni.na","isPartOf":{"@id":"https:\/\/korenina.sk\/#website"},"primaryImageOfPage":{"@id":"https:\/\/korenina.sk\/produkt\/materina-duska-sypana\/#primaryimage"},"image":{"@id":"https:\/\/korenina.sk\/produkt\/materina-duska-sypana\/#primaryimage"},"thumbnailUrl":"https:\/\/korenina.sk\/wp-content\/uploads\/2026\/02\/materina-duska.webp","datePublished":"2025-12-27T13:07:40+00:00","dateModified":"2026-04-15T14:48:57+00:00","description":"Mate\u0159\u00eddou\u0161ka sypan\u00e1 \u2013 aromatick\u00e1 bylinka se sv\u011b\u017e\u00ed a intenzivn\u00ed chut\u00ed. Ide\u00e1ln\u00ed na \u010daje, sm\u011bsi a kulin\u00e1\u0159sk\u00e9 vyu\u017eit\u00ed s profesion\u00e1ln\u00edm v\u00fdsledkem.","breadcrumb":{"@id":"https:\/\/korenina.sk\/produkt\/materina-duska-sypana\/#breadcrumb"},"inLanguage":"cs","potentialAction":[{"@type":"ReadAction","target":["https:\/\/korenina.sk\/produkt\/materina-duska-sypana\/"]}]},{"@type":"ImageObject","inLanguage":"cs","@id":"https:\/\/korenina.sk\/produkt\/materina-duska-sypana\/#primaryimage","url":"https:\/\/korenina.sk\/wp-content\/uploads\/2026\/02\/materina-duska.webp","contentUrl":"https:\/\/korenina.sk\/wp-content\/uploads\/2026\/02\/materina-duska.webp","width":600,"height":431,"caption":"materina d\u00fa\u0161ka"},{"@type":"BreadcrumbList","@id":"https:\/\/korenina.sk\/produkt\/materina-duska-sypana\/#breadcrumb","itemListElement":[{"@type":"ListItem","position":1,"name":"Domovsk\u00e1 str\u00e1nka","item":"https:\/\/korenina.sk\/"},{"@type":"ListItem","position":2,"name":"Na\u0161e koreniny a su\u0161en\u00e9 plody","item":"https:\/\/korenina.sk\/nase-produkty\/"},{"@type":"ListItem","position":3,"name":"Materina d\u00fa\u0161ka sypan\u00e1"}]},{"@type":"WebSite","@id":"https:\/\/korenina.sk\/#website","url":"https:\/\/korenina.sk\/","name":"Koreni.na","description":"Z\u00e1\u017eitek z toho prav\u00e9ho pep\u0159e","publisher":{"@id":"https:\/\/korenina.sk\/#organization"},"potentialAction":[{"@type":"SearchAction","target":{"@type":"EntryPoint","urlTemplate":"https:\/\/korenina.sk\/?s={search_term_string}"},"query-input":{"@type":"PropertyValueSpecification","valueRequired":true,"valueName":"search_term_string"}}],"inLanguage":"cs"},{"@type":"Organization","@id":"https:\/\/korenina.sk\/#organization","name":"Koreni.na","url":"https:\/\/korenina.sk\/","logo":{"@type":"ImageObject","inLanguage":"cs","@id":"https:\/\/korenina.sk\/#\/schema\/logo\/image\/","url":"https:\/\/korenina.sk\/wp-content\/uploads\/2025\/02\/logo.svg","contentUrl":"https:\/\/korenina.sk\/wp-content\/uploads\/2025\/02\/logo.svg","width":500,"height":80,"caption":"Koreni.na"},"image":{"@id":"https:\/\/korenina.sk\/#\/schema\/logo\/image\/"}}]}},"_links":{"self":[{"href":"https:\/\/korenina.sk\/cs\/wp-json\/wp\/v2\/product\/4834","targetHints":{"allow":["GET"]}}],"collection":[{"href":"https:\/\/korenina.sk\/cs\/wp-json\/wp\/v2\/product"}],"about":[{"href":"https:\/\/korenina.sk\/cs\/wp-json\/wp\/v2\/types\/product"}],"replies":[{"embeddable":true,"href":"https:\/\/korenina.sk\/cs\/wp-json\/wp\/v2\/comments?post=4834"}],"wp:featuredmedia":[{"embeddable":true,"href":"https:\/\/korenina.sk\/cs\/wp-json\/wp\/v2\/media\/5949"}],"wp:attachment":[{"href":"https:\/\/korenina.sk\/cs\/wp-json\/wp\/v2\/media?parent=4834"}],"wp:term":[{"taxonomy":"product_brand","embeddable":true,"href":"https:\/\/korenina.sk\/cs\/wp-json\/wp\/v2\/product_brand?post=4834"},{"taxonomy":"product_cat","embeddable":true,"href":"https:\/\/korenina.sk\/cs\/wp-json\/wp\/v2\/product_cat?post=4834"},{"taxonomy":"product_tag","embeddable":true,"href":"https:\/\/korenina.sk\/cs\/wp-json\/wp\/v2\/product_tag?post=4834"}],"curies":[{"name":"wp","href":"https:\/\/api.w.org\/{rel}","templated":true}]}}