{"id":4794,"date":"2025-12-24T17:04:28","date_gmt":"2025-12-24T16:04:28","guid":{"rendered":"https:\/\/korenina.sk\/?post_type=product&#038;p=4794"},"modified":"2026-04-15T16:48:57","modified_gmt":"2026-04-15T14:48:57","slug":"uzeny-bujon-sypky-prasek","status":"publish","type":"product","link":"https:\/\/korenina.sk\/cs\/produkt\/uzeny-bujon-sypky-prasek\/","title":{"rendered":"Uzen\u00fd bujon \u2013 sypk\u00fd pr\u00e1\u0161ek"},"content":{"rendered":"<p data-start=\"228\" data-end=\"499\">Uzen\u00fd bujon v pr\u00e1\u0161ku je vyroben z <strong data-start=\"263\" data-end=\"318\">v\u00fdb\u011brov\u00e9ho masa, ko\u0159en\u00ed a speci\u00e1ln\u011b uzen\u00fdch p\u0159\u00edsad<\/strong>, aby poskytoval intenzivn\u00ed, hlubokou a p\u0159irozenou chu\u0165 s jemn\u00fdm uzen\u00fdm t\u00f3nem. Praktick\u00e1 sypk\u00e1 forma umo\u017e\u0148uje rychl\u00e9 a snadn\u00e9 dochucen\u00ed pol\u00e9vek, om\u00e1\u010dek, du\u0161en\u00e9ho masa \u010di rizota.<\/p>\n<p data-start=\"501\" data-end=\"685\">Ka\u017ed\u00e1 d\u00e1vka je pe\u010dliv\u011b vyv\u00e1\u017eena, aby chu\u0165 p\u016fsobila harmonicky a profesion\u00e1ln\u011b. D\u00edky praktick\u00e9 form\u011b pr\u00e1\u0161ku z\u00edsk\u00e1v\u00e1te jistotu, \u017ee ka\u017ed\u00e9 j\u00eddlo bude konzistentn\u00ed a aromaticky bohat\u00e9.<\/p>\n<p data-start=\"687\" data-end=\"725\"><strong data-start=\"687\" data-end=\"725\">Pro\u010d si vybrat sypk\u00fd uzen\u00fd bujon:<\/strong><\/p>\n<ul data-start=\"726\" data-end=\"955\">\n<li data-start=\"726\" data-end=\"769\">\n<p data-start=\"728\" data-end=\"769\">v\u00fdb\u011brov\u00e9 maso, ko\u0159en\u00ed a uzen\u00e9 p\u0159\u00edsady<\/p>\n<\/li>\n<li data-start=\"770\" data-end=\"809\">\n<p data-start=\"772\" data-end=\"809\">intenzivn\u00ed a autentick\u00e9 uzen\u00e9 aroma<\/p>\n<\/li>\n<li data-start=\"810\" data-end=\"855\">\n<p data-start=\"812\" data-end=\"855\">praktick\u00e1 sypk\u00e1 forma pro rychl\u00e9 pou\u017eit\u00ed<\/p>\n<\/li>\n<li data-start=\"856\" data-end=\"899\">\n<p data-start=\"858\" data-end=\"899\">konzistentn\u00ed kvalita p\u0159i ka\u017ed\u00e9m pou\u017eit\u00ed<\/p>\n<\/li>\n<li data-start=\"900\" data-end=\"955\">\n<p data-start=\"902\" data-end=\"955\">ide\u00e1ln\u00ed pro pol\u00e9vky, om\u00e1\u010dky, rizoto a du\u0161en\u00e1 j\u00eddla<\/p>\n<\/li>\n<\/ul>\n<p data-start=\"957\" data-end=\"1071\">Pou\u017eit\u00ed: pol\u00e9vky, om\u00e1\u010dky, du\u0161en\u00e9 maso, rizoto, speciality a recepty, kde chcete dos\u00e1hnout jemn\u00e9ho uzen\u00e9ho charakteru.<\/p>","protected":false},"excerpt":{"rendered":"<p>Uzen\u00fd bujon v pr\u00e1\u0161ku je vyroben z v\u00fdb\u011brov\u00e9ho masa, ko\u0159en\u00ed a speci\u00e1ln\u011b uzen\u00fdch p\u0159\u00edsad, aby poskytoval intenzivn\u00ed, hlubokou a p\u0159irozenou chu\u0165 s jemn\u00fdm uzen\u00fdm t\u00f3nem. Praktick\u00e1 sypk\u00e1 forma umo\u017e\u0148uje rychl\u00e9 a snadn\u00e9 dochucen\u00ed pol\u00e9vek, om\u00e1\u010dek, du\u0161en\u00e9ho masa \u010di rizota. Ka\u017ed\u00e1 d\u00e1vka je pe\u010dliv\u011b vyv\u00e1\u017eena, aby chu\u0165 p\u016fsobila harmonicky a profesion\u00e1ln\u011b. D\u00edky praktick\u00e9 form\u011b pr\u00e1\u0161ku z\u00edsk\u00e1v\u00e1te [\u2026]<\/p>","protected":false},"featured_media":0,"comment_status":"closed","ping_status":"closed","template":"","meta":[],"product_brand":[25],"product_cat":[40],"product_tag":[],"class_list":{"0":"post-4794","1":"product","2":"type-product","3":"status-publish","5":"product_brand-korenina","6":"product_cat-koreniace-zmesi","8":"first","9":"instock","10":"shipping-taxable","11":"purchasable","12":"product-type-variable"},"yoast_head":"<!-- This site is optimized with the Yoast SEO plugin v27.0 - https:\/\/yoast.com\/product\/yoast-seo-wordpress\/ -->\n<title>\u00daden\u00fd buj\u00f3n \u2013 sypk\u00fd pr\u00e1\u0161ok &#8211; Koreni.na<\/title>\n<meta name=\"description\" content=\"Sypk\u00fd \u00faden\u00fd buj\u00f3n z v\u00fdberov\u00e9ho m\u00e4sa a koren\u00edn. Intenz\u00edvna \u00faden\u00e1 ar\u00f3ma a pln\u00e1 chu\u0165 do polievok, om\u00e1\u010dok a dusen\u00fdch jed\u00e1l pre profesion\u00e1lny v\u00fdsledok.\" \/>\n<meta name=\"robots\" content=\"index, follow, max-snippet:-1, max-image-preview:large, max-video-preview:-1\" \/>\n<link rel=\"canonical\" href=\"https:\/\/korenina.sk\/cs\/produkt\/uzeny-bujon-sypky-prasek\/?wmc-currency=CZK\" \/>\n<meta property=\"og:locale\" content=\"cs_CZ\" \/>\n<meta property=\"og:type\" content=\"article\" \/>\n<meta property=\"og:title\" content=\"\u00daden\u00fd buj\u00f3n \u2013 sypk\u00fd pr\u00e1\u0161ok &#8211; Koreni.na\" \/>\n<meta property=\"og:description\" content=\"Sypk\u00fd \u00faden\u00fd buj\u00f3n z v\u00fdberov\u00e9ho m\u00e4sa a koren\u00edn. Intenz\u00edvna \u00faden\u00e1 ar\u00f3ma a pln\u00e1 chu\u0165 do polievok, om\u00e1\u010dok a dusen\u00fdch jed\u00e1l pre profesion\u00e1lny v\u00fdsledok.\" \/>\n<meta property=\"og:url\" content=\"https:\/\/korenina.sk\/cs\/produkt\/uzeny-bujon-sypky-prasek\/?wmc-currency=CZK\" \/>\n<meta property=\"og:site_name\" content=\"Koreni.na\" \/>\n<meta property=\"article:modified_time\" content=\"2026-04-15T14:48:57+00:00\" \/>\n<meta name=\"twitter:card\" content=\"summary_large_image\" \/>\n<meta name=\"twitter:label1\" content=\"Odhadovan\u00e1 doba \u010dten\u00ed\" \/>\n\t<meta name=\"twitter:data1\" content=\"1 minuta\" \/>\n<script type=\"application\/ld+json\" class=\"yoast-schema-graph\">{\"@context\":\"https:\/\/schema.org\",\"@graph\":[{\"@type\":\"WebPage\",\"@id\":\"https:\/\/korenina.sk\/produkt\/udeny-bujon-sypky-prasok\/\",\"url\":\"https:\/\/korenina.sk\/produkt\/udeny-bujon-sypky-prasok\/\",\"name\":\"\u00daden\u00fd buj\u00f3n \u2013 sypk\u00fd pr\u00e1\u0161ok &#8211; Koreni.na\",\"isPartOf\":{\"@id\":\"https:\/\/korenina.sk\/#website\"},\"datePublished\":\"2025-12-24T16:04:28+00:00\",\"dateModified\":\"2026-04-15T14:48:57+00:00\",\"description\":\"Sypk\u00fd \u00faden\u00fd buj\u00f3n z v\u00fdberov\u00e9ho m\u00e4sa a koren\u00edn. Intenz\u00edvna \u00faden\u00e1 ar\u00f3ma a pln\u00e1 chu\u0165 do polievok, om\u00e1\u010dok a dusen\u00fdch jed\u00e1l pre profesion\u00e1lny v\u00fdsledok.\",\"breadcrumb\":{\"@id\":\"https:\/\/korenina.sk\/produkt\/udeny-bujon-sypky-prasok\/#breadcrumb\"},\"inLanguage\":\"cs\",\"potentialAction\":[{\"@type\":\"ReadAction\",\"target\":[\"https:\/\/korenina.sk\/produkt\/udeny-bujon-sypky-prasok\/\"]}]},{\"@type\":\"BreadcrumbList\",\"@id\":\"https:\/\/korenina.sk\/produkt\/udeny-bujon-sypky-prasok\/#breadcrumb\",\"itemListElement\":[{\"@type\":\"ListItem\",\"position\":1,\"name\":\"Domovsk\u00e1 str\u00e1nka\",\"item\":\"https:\/\/korenina.sk\/\"},{\"@type\":\"ListItem\",\"position\":2,\"name\":\"Na\u0161e koreniny a su\u0161en\u00e9 plody\",\"item\":\"https:\/\/korenina.sk\/nase-produkty\/\"},{\"@type\":\"ListItem\",\"position\":3,\"name\":\"\u00daden\u00fd buj\u00f3n \u2013 sypk\u00fd pr\u00e1\u0161ok\"}]},{\"@type\":\"WebSite\",\"@id\":\"https:\/\/korenina.sk\/#website\",\"url\":\"https:\/\/korenina.sk\/\",\"name\":\"Koreni.na\",\"description\":\"Z\u00e1\u017eitok z toho prav\u00e9ho korenia\",\"publisher\":{\"@id\":\"https:\/\/korenina.sk\/#organization\"},\"potentialAction\":[{\"@type\":\"SearchAction\",\"target\":{\"@type\":\"EntryPoint\",\"urlTemplate\":\"https:\/\/korenina.sk\/?s={search_term_string}\"},\"query-input\":{\"@type\":\"PropertyValueSpecification\",\"valueRequired\":true,\"valueName\":\"search_term_string\"}}],\"inLanguage\":\"cs\"},{\"@type\":\"Organization\",\"@id\":\"https:\/\/korenina.sk\/#organization\",\"name\":\"Koreni.na\",\"url\":\"https:\/\/korenina.sk\/\",\"logo\":{\"@type\":\"ImageObject\",\"inLanguage\":\"cs\",\"@id\":\"https:\/\/korenina.sk\/#\/schema\/logo\/image\/\",\"url\":\"https:\/\/korenina.sk\/wp-content\/uploads\/2025\/02\/logo.svg\",\"contentUrl\":\"https:\/\/korenina.sk\/wp-content\/uploads\/2025\/02\/logo.svg\",\"width\":500,\"height\":80,\"caption\":\"Koreni.na\"},\"image\":{\"@id\":\"https:\/\/korenina.sk\/#\/schema\/logo\/image\/\"}}]}<\/script>\n<!-- \/ Yoast SEO plugin. -->","yoast_head_json":{"title":"Uzen\u00fd bujon \u2013 sypk\u00fd pr\u00e1\u0161ek \u2013 Ko\u0159en\u00ed.","description":"Sypk\u00fd uzen\u00fd bujon z v\u00fdb\u011brov\u00e9ho masa a ko\u0159en\u00ed. Intenzivn\u00ed uzen\u00e9 aroma a pln\u00e1 chu\u0165 do pol\u00e9vek, om\u00e1\u010dek a du\u0161en\u00fdch j\u00eddel pro profesion\u00e1ln\u00ed v\u00fdsledek.","robots":{"index":"index","follow":"follow","max-snippet":"max-snippet:-1","max-image-preview":"max-image-preview:large","max-video-preview":"max-video-preview:-1"},"canonical":"https:\/\/korenina.sk\/cs\/produkt\/uzeny-bujon-sypky-prasek\/?wmc-currency=CZK","og_locale":"cs_CZ","og_type":"article","og_title":"\u00daden\u00fd buj\u00f3n \u2013 sypk\u00fd pr\u00e1\u0161ok &#8211; Koreni.na","og_description":"Sypk\u00fd \u00faden\u00fd buj\u00f3n z v\u00fdberov\u00e9ho m\u00e4sa a koren\u00edn. Intenz\u00edvna \u00faden\u00e1 ar\u00f3ma a pln\u00e1 chu\u0165 do polievok, om\u00e1\u010dok a dusen\u00fdch jed\u00e1l pre profesion\u00e1lny v\u00fdsledok.","og_url":"https:\/\/korenina.sk\/cs\/produkt\/uzeny-bujon-sypky-prasek\/?wmc-currency=CZK","og_site_name":"Koreni.na","article_modified_time":"2026-04-15T14:48:57+00:00","twitter_card":"summary_large_image","twitter_misc":{"Odhadovan\u00e1 doba \u010dten\u00ed":"1 minuta"},"schema":{"@context":"https:\/\/schema.org","@graph":[{"@type":"WebPage","@id":"https:\/\/korenina.sk\/produkt\/udeny-bujon-sypky-prasok\/","url":"https:\/\/korenina.sk\/produkt\/udeny-bujon-sypky-prasok\/","name":"Uzen\u00fd bujon \u2013 sypk\u00fd pr\u00e1\u0161ek \u2013 Ko\u0159en\u00ed.","isPartOf":{"@id":"https:\/\/korenina.sk\/#website"},"datePublished":"2025-12-24T16:04:28+00:00","dateModified":"2026-04-15T14:48:57+00:00","description":"Sypk\u00fd uzen\u00fd bujon z v\u00fdb\u011brov\u00e9ho masa a ko\u0159en\u00ed. Intenzivn\u00ed uzen\u00e9 aroma a pln\u00e1 chu\u0165 do pol\u00e9vek, om\u00e1\u010dek a du\u0161en\u00fdch j\u00eddel pro profesion\u00e1ln\u00ed v\u00fdsledek.","breadcrumb":{"@id":"https:\/\/korenina.sk\/produkt\/udeny-bujon-sypky-prasok\/#breadcrumb"},"inLanguage":"cs","potentialAction":[{"@type":"ReadAction","target":["https:\/\/korenina.sk\/produkt\/udeny-bujon-sypky-prasok\/"]}]},{"@type":"BreadcrumbList","@id":"https:\/\/korenina.sk\/produkt\/udeny-bujon-sypky-prasok\/#breadcrumb","itemListElement":[{"@type":"ListItem","position":1,"name":"Domovsk\u00e1 str\u00e1nka","item":"https:\/\/korenina.sk\/"},{"@type":"ListItem","position":2,"name":"Na\u0161e koreniny a su\u0161en\u00e9 plody","item":"https:\/\/korenina.sk\/nase-produkty\/"},{"@type":"ListItem","position":3,"name":"\u00daden\u00fd buj\u00f3n \u2013 sypk\u00fd pr\u00e1\u0161ok"}]},{"@type":"WebSite","@id":"https:\/\/korenina.sk\/#website","url":"https:\/\/korenina.sk\/","name":"Koreni.na","description":"Z\u00e1\u017eitek z toho prav\u00e9ho pep\u0159e","publisher":{"@id":"https:\/\/korenina.sk\/#organization"},"potentialAction":[{"@type":"SearchAction","target":{"@type":"EntryPoint","urlTemplate":"https:\/\/korenina.sk\/?s={search_term_string}"},"query-input":{"@type":"PropertyValueSpecification","valueRequired":true,"valueName":"search_term_string"}}],"inLanguage":"cs"},{"@type":"Organization","@id":"https:\/\/korenina.sk\/#organization","name":"Koreni.na","url":"https:\/\/korenina.sk\/","logo":{"@type":"ImageObject","inLanguage":"cs","@id":"https:\/\/korenina.sk\/#\/schema\/logo\/image\/","url":"https:\/\/korenina.sk\/wp-content\/uploads\/2025\/02\/logo.svg","contentUrl":"https:\/\/korenina.sk\/wp-content\/uploads\/2025\/02\/logo.svg","width":500,"height":80,"caption":"Koreni.na"},"image":{"@id":"https:\/\/korenina.sk\/#\/schema\/logo\/image\/"}}]}},"_links":{"self":[{"href":"https:\/\/korenina.sk\/cs\/wp-json\/wp\/v2\/product\/4794","targetHints":{"allow":["GET"]}}],"collection":[{"href":"https:\/\/korenina.sk\/cs\/wp-json\/wp\/v2\/product"}],"about":[{"href":"https:\/\/korenina.sk\/cs\/wp-json\/wp\/v2\/types\/product"}],"replies":[{"embeddable":true,"href":"https:\/\/korenina.sk\/cs\/wp-json\/wp\/v2\/comments?post=4794"}],"wp:attachment":[{"href":"https:\/\/korenina.sk\/cs\/wp-json\/wp\/v2\/media?parent=4794"}],"wp:term":[{"taxonomy":"product_brand","embeddable":true,"href":"https:\/\/korenina.sk\/cs\/wp-json\/wp\/v2\/product_brand?post=4794"},{"taxonomy":"product_cat","embeddable":true,"href":"https:\/\/korenina.sk\/cs\/wp-json\/wp\/v2\/product_cat?post=4794"},{"taxonomy":"product_tag","embeddable":true,"href":"https:\/\/korenina.sk\/cs\/wp-json\/wp\/v2\/product_tag?post=4794"}],"curies":[{"name":"wp","href":"https:\/\/api.w.org\/{rel}","templated":true}]}}