{"id":4758,"date":"2026-01-27T19:36:17","date_gmt":"2026-01-27T18:36:17","guid":{"rendered":"https:\/\/korenina.sk\/?post_type=product&#038;p=4758"},"modified":"2026-04-15T16:48:55","modified_gmt":"2026-04-15T14:48:55","slug":"korenici-smes-na-kebap-exclusive","status":"publish","type":"product","link":"https:\/\/korenina.sk\/cs\/produkt\/korenici-smes-na-kebap-exclusive\/","title":{"rendered":"Ko\u0159en\u00edc\u00ed sm\u011bs na kebap \u2013 EXCLUSIVE"},"content":{"rendered":"<p data-start=\"252\" data-end=\"508\">Ko\u0159en\u00edc\u00ed sm\u011bs na kebap <strong data-start=\"276\" data-end=\"289\">EXCLUSIVE<\/strong> je vytvo\u0159ena s c\u00edlem dos\u00e1hnout autentickou chu\u0165, jakou zn\u00e1te z kvalitn\u00edch kebab\u00e1ren a profesion\u00e1ln\u00ed gastronomie. Spojuje v sob\u011b aromatick\u00e9 ko\u0159en\u00ed a bylinky, kter\u00e9 dod\u00e1vaj\u00ed masu plnost, hloubku a nezam\u011bniteln\u00fd charakter.<\/p>\n<p data-start=\"510\" data-end=\"816\">Ka\u017ed\u00e1 slo\u017eka je pe\u010dliv\u011b vybr\u00e1na a vyv\u00e1\u017eena tak, aby chu\u0165 p\u016fsobila p\u0159irozen\u011b, harmonicky a sebev\u011bdom\u011b. Sm\u011bs pracuje s masem, ne proti n\u011bmu \u2013 zv\u00fdraz\u0148uje jeho \u0161\u0165avnatost a vytv\u00e1\u0159\u00ed chu\u0165ov\u00fd profil, kter\u00fd je v\u00fdrazn\u00fd, ale elegantn\u00ed. P\u0159i va\u0159en\u00ed s touto sm\u011bs\u00ed m\u00e1te jistotu v\u00fdsledku, kter\u00fd p\u016fsob\u00ed profesion\u00e1ln\u011b.<\/p>\n<p data-start=\"818\" data-end=\"859\"><strong data-start=\"818\" data-end=\"859\">Pro\u010d si vybrat kebap sm\u011bs EXCLUSIVE:<\/strong><\/p>\n<ul data-start=\"860\" data-end=\"1069\">\n<li data-start=\"860\" data-end=\"894\">\n<p data-start=\"862\" data-end=\"894\">v\u00fdb\u011brov\u00e9 ko\u0159en\u00ed prvn\u00ed t\u0159\u00eddy<\/p>\n<\/li>\n<li data-start=\"895\" data-end=\"932\">\n<p data-start=\"897\" data-end=\"932\">autentick\u00e1 chu\u0165 tradi\u010dn\u00edho kebapu<\/p>\n<\/li>\n<li data-start=\"933\" data-end=\"973\">\n<p data-start=\"935\" data-end=\"973\">vyv\u00e1\u017een\u00e9 aroma bez agresivn\u00edch t\u00f3n\u016f<\/p>\n<\/li>\n<li data-start=\"974\" data-end=\"1017\">\n<p data-start=\"976\" data-end=\"1017\">konzistentn\u00ed kvalita p\u0159i ka\u017ed\u00e9m pou\u017eit\u00ed<\/p>\n<\/li>\n<li data-start=\"1018\" data-end=\"1069\">\n<p data-start=\"1020\" data-end=\"1069\">pocit jistoty a profesionality p\u0159i p\u0159\u00edprav\u011b masa<\/p>\n<\/li>\n<\/ul>\n<p data-start=\"1071\" data-end=\"1190\">Pou\u017eit\u00ed: kebap z hov\u011bz\u00edho, ku\u0159ec\u00edho nebo jehn\u011b\u010d\u00edho masa, gyros, grilovan\u00e9 maso, wrapy, marin\u00e1dy a rychl\u00e1 kuchyn\u011b.<\/p>","protected":false},"excerpt":{"rendered":"<p><strong data-start=\"87\" data-end=\"100\">Slo\u017een\u00ed:<\/strong><br data-start=\"100\" data-end=\"103\" \/>Mo\u0159sk\u00e1 s\u016fl (15 %), pep\u0159 mlet\u00fd, paprika sladk\u00e1 mlet\u00e1, rozmar\u00fdn mlet\u00fd, \u010desnek jemn\u011b mlet\u00fd, oregano mlet\u00e1, cibule jemn\u011b mlet\u00fd, nov\u00e9 ko\u0159en\u00ed mlet\u00e9, p\u00edskavice \u0159eck\u00e1 mlet\u00e1<\/p>\n<p><strong>Zem\u011b p\u016fvodu:<\/strong><br \/>\n\u010cesk\u00e1 Republika<\/p>\n<p><strong>Skladov\u00e1n\u00ed:<\/strong><br \/>\nSkladujte na such\u00e9m a tmav\u00e9m m\u00edst\u011b ve sklen\u011bn\u00e9 uzav\u00edrateln\u00e9 n\u00e1dob\u011b<\/p>\n<p><strong>Minim\u00e1ln\u00ed trvanlivost 12 m\u011bs\u00edc\u016f<\/strong><\/p>","protected":false},"featured_media":0,"comment_status":"closed","ping_status":"closed","template":"","meta":[],"product_brand":[25],"product_cat":[40],"product_tag":[],"class_list":{"0":"post-4758","1":"product","2":"type-product","3":"status-publish","5":"product_brand-korenina","6":"product_cat-koreniace-zmesi","8":"first","9":"instock","10":"sale","11":"shipping-taxable","12":"purchasable","13":"product-type-variable"},"yoast_head":"<!-- This site is optimized with the Yoast SEO plugin v27.0 - https:\/\/yoast.com\/product\/yoast-seo-wordpress\/ -->\n<title>Koreniaca zmes na kebap \u2013 EXCLUSIVE &#8211; Koreni.na<\/title>\n<meta name=\"description\" content=\"Koreniaca zmes na kebap EXCLUSIVE z v\u00fdberov\u00fdch surov\u00edn. Autentick\u00e1 chu\u0165, ktor\u00e1 dod\u00e1 m\u00e4su profesion\u00e1lny charakter. Ide\u00e1lna na kebap a gyros.\" \/>\n<meta name=\"robots\" content=\"index, follow, max-snippet:-1, max-image-preview:large, max-video-preview:-1\" \/>\n<link rel=\"canonical\" href=\"https:\/\/korenina.sk\/cs\/produkt\/korenici-smes-na-kebap-exclusive\/?wmc-currency=CZK\" \/>\n<meta property=\"og:locale\" content=\"cs_CZ\" \/>\n<meta property=\"og:type\" content=\"article\" \/>\n<meta property=\"og:title\" content=\"Koreniaca zmes na kebap \u2013 EXCLUSIVE &#8211; Koreni.na\" \/>\n<meta property=\"og:description\" content=\"Koreniaca zmes na kebap EXCLUSIVE z v\u00fdberov\u00fdch surov\u00edn. Autentick\u00e1 chu\u0165, ktor\u00e1 dod\u00e1 m\u00e4su profesion\u00e1lny charakter. Ide\u00e1lna na kebap a gyros.\" \/>\n<meta property=\"og:url\" content=\"https:\/\/korenina.sk\/cs\/produkt\/korenici-smes-na-kebap-exclusive\/?wmc-currency=CZK\" \/>\n<meta property=\"og:site_name\" content=\"Koreni.na\" \/>\n<meta property=\"article:modified_time\" content=\"2026-04-15T14:48:55+00:00\" \/>\n<meta name=\"twitter:card\" content=\"summary_large_image\" \/>\n<meta name=\"twitter:label1\" content=\"Odhadovan\u00e1 doba \u010dten\u00ed\" \/>\n\t<meta name=\"twitter:data1\" content=\"1 minuta\" \/>\n<script type=\"application\/ld+json\" class=\"yoast-schema-graph\">{\"@context\":\"https:\/\/schema.org\",\"@graph\":[{\"@type\":\"WebPage\",\"@id\":\"https:\/\/korenina.sk\/produkt\/koreniaca-zmes-na-kebap-exclusive\/\",\"url\":\"https:\/\/korenina.sk\/produkt\/koreniaca-zmes-na-kebap-exclusive\/\",\"name\":\"Koreniaca zmes na kebap \u2013 EXCLUSIVE &#8211; Koreni.na\",\"isPartOf\":{\"@id\":\"https:\/\/korenina.sk\/#website\"},\"datePublished\":\"2026-01-27T18:36:17+00:00\",\"dateModified\":\"2026-04-15T14:48:55+00:00\",\"description\":\"Koreniaca zmes na kebap EXCLUSIVE z v\u00fdberov\u00fdch surov\u00edn. Autentick\u00e1 chu\u0165, ktor\u00e1 dod\u00e1 m\u00e4su profesion\u00e1lny charakter. Ide\u00e1lna na kebap a gyros.\",\"breadcrumb\":{\"@id\":\"https:\/\/korenina.sk\/produkt\/koreniaca-zmes-na-kebap-exclusive\/#breadcrumb\"},\"inLanguage\":\"cs\",\"potentialAction\":[{\"@type\":\"ReadAction\",\"target\":[\"https:\/\/korenina.sk\/produkt\/koreniaca-zmes-na-kebap-exclusive\/\"]}]},{\"@type\":\"BreadcrumbList\",\"@id\":\"https:\/\/korenina.sk\/produkt\/koreniaca-zmes-na-kebap-exclusive\/#breadcrumb\",\"itemListElement\":[{\"@type\":\"ListItem\",\"position\":1,\"name\":\"Domovsk\u00e1 str\u00e1nka\",\"item\":\"https:\/\/korenina.sk\/\"},{\"@type\":\"ListItem\",\"position\":2,\"name\":\"Na\u0161e koreniny a su\u0161en\u00e9 plody\",\"item\":\"https:\/\/korenina.sk\/nase-produkty\/\"},{\"@type\":\"ListItem\",\"position\":3,\"name\":\"Koreniaca zmes na kebap \u2013 EXCLUSIVE\"}]},{\"@type\":\"WebSite\",\"@id\":\"https:\/\/korenina.sk\/#website\",\"url\":\"https:\/\/korenina.sk\/\",\"name\":\"Koreni.na\",\"description\":\"Z\u00e1\u017eitok z toho prav\u00e9ho korenia\",\"publisher\":{\"@id\":\"https:\/\/korenina.sk\/#organization\"},\"potentialAction\":[{\"@type\":\"SearchAction\",\"target\":{\"@type\":\"EntryPoint\",\"urlTemplate\":\"https:\/\/korenina.sk\/?s={search_term_string}\"},\"query-input\":{\"@type\":\"PropertyValueSpecification\",\"valueRequired\":true,\"valueName\":\"search_term_string\"}}],\"inLanguage\":\"cs\"},{\"@type\":\"Organization\",\"@id\":\"https:\/\/korenina.sk\/#organization\",\"name\":\"Koreni.na\",\"url\":\"https:\/\/korenina.sk\/\",\"logo\":{\"@type\":\"ImageObject\",\"inLanguage\":\"cs\",\"@id\":\"https:\/\/korenina.sk\/#\/schema\/logo\/image\/\",\"url\":\"https:\/\/korenina.sk\/wp-content\/uploads\/2025\/02\/logo.svg\",\"contentUrl\":\"https:\/\/korenina.sk\/wp-content\/uploads\/2025\/02\/logo.svg\",\"width\":500,\"height\":80,\"caption\":\"Koreni.na\"},\"image\":{\"@id\":\"https:\/\/korenina.sk\/#\/schema\/logo\/image\/\"}}]}<\/script>\n<!-- \/ Yoast SEO plugin. -->","yoast_head_json":{"title":"Ko\u0159en\u00edc\u00ed sm\u011bs na kebap \u2013 EXCLUSIVE \u2013 Ko\u0159en\u00ed.","description":"Ko\u0159en\u00edc\u00ed sm\u011bs na kebap EXCLUSIVE z v\u00fdb\u011brov\u00fdch surovin. Autentick\u00e1 chu\u0165, kter\u00e1 dod\u00e1 masu profesion\u00e1ln\u00ed charakter. Ide\u00e1ln\u00ed na kebap a gyros.","robots":{"index":"index","follow":"follow","max-snippet":"max-snippet:-1","max-image-preview":"max-image-preview:large","max-video-preview":"max-video-preview:-1"},"canonical":"https:\/\/korenina.sk\/cs\/produkt\/korenici-smes-na-kebap-exclusive\/?wmc-currency=CZK","og_locale":"cs_CZ","og_type":"article","og_title":"Koreniaca zmes na kebap \u2013 EXCLUSIVE &#8211; Koreni.na","og_description":"Koreniaca zmes na kebap EXCLUSIVE z v\u00fdberov\u00fdch surov\u00edn. Autentick\u00e1 chu\u0165, ktor\u00e1 dod\u00e1 m\u00e4su profesion\u00e1lny charakter. Ide\u00e1lna na kebap a gyros.","og_url":"https:\/\/korenina.sk\/cs\/produkt\/korenici-smes-na-kebap-exclusive\/?wmc-currency=CZK","og_site_name":"Koreni.na","article_modified_time":"2026-04-15T14:48:55+00:00","twitter_card":"summary_large_image","twitter_misc":{"Odhadovan\u00e1 doba \u010dten\u00ed":"1 minuta"},"schema":{"@context":"https:\/\/schema.org","@graph":[{"@type":"WebPage","@id":"https:\/\/korenina.sk\/produkt\/koreniaca-zmes-na-kebap-exclusive\/","url":"https:\/\/korenina.sk\/produkt\/koreniaca-zmes-na-kebap-exclusive\/","name":"Ko\u0159en\u00edc\u00ed sm\u011bs na kebap \u2013 EXCLUSIVE \u2013 Ko\u0159en\u00ed.","isPartOf":{"@id":"https:\/\/korenina.sk\/#website"},"datePublished":"2026-01-27T18:36:17+00:00","dateModified":"2026-04-15T14:48:55+00:00","description":"Ko\u0159en\u00edc\u00ed sm\u011bs na kebap EXCLUSIVE z v\u00fdb\u011brov\u00fdch surovin. Autentick\u00e1 chu\u0165, kter\u00e1 dod\u00e1 masu profesion\u00e1ln\u00ed charakter. Ide\u00e1ln\u00ed na kebap a gyros.","breadcrumb":{"@id":"https:\/\/korenina.sk\/produkt\/koreniaca-zmes-na-kebap-exclusive\/#breadcrumb"},"inLanguage":"cs","potentialAction":[{"@type":"ReadAction","target":["https:\/\/korenina.sk\/produkt\/koreniaca-zmes-na-kebap-exclusive\/"]}]},{"@type":"BreadcrumbList","@id":"https:\/\/korenina.sk\/produkt\/koreniaca-zmes-na-kebap-exclusive\/#breadcrumb","itemListElement":[{"@type":"ListItem","position":1,"name":"Domovsk\u00e1 str\u00e1nka","item":"https:\/\/korenina.sk\/"},{"@type":"ListItem","position":2,"name":"Na\u0161e koreniny a su\u0161en\u00e9 plody","item":"https:\/\/korenina.sk\/nase-produkty\/"},{"@type":"ListItem","position":3,"name":"Koreniaca zmes na kebap \u2013 EXCLUSIVE"}]},{"@type":"WebSite","@id":"https:\/\/korenina.sk\/#website","url":"https:\/\/korenina.sk\/","name":"Koreni.na","description":"Z\u00e1\u017eitek z toho prav\u00e9ho pep\u0159e","publisher":{"@id":"https:\/\/korenina.sk\/#organization"},"potentialAction":[{"@type":"SearchAction","target":{"@type":"EntryPoint","urlTemplate":"https:\/\/korenina.sk\/?s={search_term_string}"},"query-input":{"@type":"PropertyValueSpecification","valueRequired":true,"valueName":"search_term_string"}}],"inLanguage":"cs"},{"@type":"Organization","@id":"https:\/\/korenina.sk\/#organization","name":"Koreni.na","url":"https:\/\/korenina.sk\/","logo":{"@type":"ImageObject","inLanguage":"cs","@id":"https:\/\/korenina.sk\/#\/schema\/logo\/image\/","url":"https:\/\/korenina.sk\/wp-content\/uploads\/2025\/02\/logo.svg","contentUrl":"https:\/\/korenina.sk\/wp-content\/uploads\/2025\/02\/logo.svg","width":500,"height":80,"caption":"Koreni.na"},"image":{"@id":"https:\/\/korenina.sk\/#\/schema\/logo\/image\/"}}]}},"_links":{"self":[{"href":"https:\/\/korenina.sk\/cs\/wp-json\/wp\/v2\/product\/4758","targetHints":{"allow":["GET"]}}],"collection":[{"href":"https:\/\/korenina.sk\/cs\/wp-json\/wp\/v2\/product"}],"about":[{"href":"https:\/\/korenina.sk\/cs\/wp-json\/wp\/v2\/types\/product"}],"replies":[{"embeddable":true,"href":"https:\/\/korenina.sk\/cs\/wp-json\/wp\/v2\/comments?post=4758"}],"wp:attachment":[{"href":"https:\/\/korenina.sk\/cs\/wp-json\/wp\/v2\/media?parent=4758"}],"wp:term":[{"taxonomy":"product_brand","embeddable":true,"href":"https:\/\/korenina.sk\/cs\/wp-json\/wp\/v2\/product_brand?post=4758"},{"taxonomy":"product_cat","embeddable":true,"href":"https:\/\/korenina.sk\/cs\/wp-json\/wp\/v2\/product_cat?post=4758"},{"taxonomy":"product_tag","embeddable":true,"href":"https:\/\/korenina.sk\/cs\/wp-json\/wp\/v2\/product_tag?post=4758"}],"curies":[{"name":"wp","href":"https:\/\/api.w.org\/{rel}","templated":true}]}}