{"id":4655,"date":"2025-12-23T07:59:27","date_gmt":"2025-12-23T06:59:27","guid":{"rendered":"https:\/\/korenina.sk\/?post_type=product&#038;p=4655"},"modified":"2026-04-15T16:48:58","modified_gmt":"2026-04-15T14:48:58","slug":"kmin-rimsky-cela-kumin","status":"publish","type":"product","link":"https:\/\/korenina.sk\/cs\/produkt\/kmin-rimsky-cela-kumin\/","title":{"rendered":"Km\u00edn \u0159\u00edmsk\u00fd cel\u00fd (Kumin)"},"content":{"rendered":"<p data-start=\"0\" data-end=\"266\"><strong data-start=\"0\" data-end=\"29\">Km\u00edn \u0159\u00edmsk\u00fd cel\u00fd (kumin)<\/strong> je aromatick\u00e9 ko\u0159en\u00ed s intenzivn\u00ed, teplou a m\u00edrn\u011b o\u0159\u00ed\u0161kovou chut\u00ed, kter\u00e9 je neodmyslitelnou sou\u010d\u00e1st\u00ed orient\u00e1ln\u00ed, indick\u00e9, mexick\u00e9 a st\u0159edomo\u0159sk\u00e9 kuchyn\u011b. Oproti klasick\u00e9mu km\u00ednu m\u00e1 v\u00fdrazn\u011bj\u0161\u00ed aroma a ko\u0159en\u011bn\u011bj\u0161\u00ed, hlub\u0161\u00ed profil.<\/p>\n<p data-start=\"268\" data-end=\"480\">Nab\u00edz\u00edme cel\u00e1 sem\u00ednka \u0159\u00edmsk\u00e9ho km\u00ednu vysok\u00e9 kvality, kter\u00e1 si zachov\u00e1vaj\u00ed maximum chuti a silic. P\u0159ed pou\u017eit\u00edm je m\u016f\u017eete kr\u00e1tce opra\u017eit na such\u00e9 p\u00e1nvi nebo \u010derstv\u011b poml\u00edt \u2013 aroma se tak je\u0161t\u011b v\u00edce zv\u00fdrazn\u00ed.<\/p>\n<hr data-start=\"482\" data-end=\"485\" \/>\n<h3 data-start=\"487\" data-end=\"530\">Pro\u010d si vybrat na\u0161i km\u00edn \u0159\u00edmskou celou?<\/h3>\n<p data-start=\"532\" data-end=\"680\">\u2714 Cel\u00e1 sem\u00ednka s pln\u00fdm aroma a sv\u011b\u017e\u00ed chut\u00ed<br data-start=\"579\" data-end=\"582\" \/>\u2714 Ide\u00e1ln\u00ed pro mlet\u00ed i pra\u017een\u00ed<br data-start=\"613\" data-end=\"616\" \/>\u2714 Bez p\u0159\u00edsad, barviv a konzervant\u016f<br data-start=\"651\" data-end=\"654\" \/>\u2714 100 % p\u0159\u00edrodn\u00ed produkt<\/p>\n<p data-start=\"682\" data-end=\"767\">Pou\u017e\u00edv\u00e1me jen plnohodnotn\u00e1, vyzr\u00e1l\u00e1 sem\u00ednka \u2013 ne l\u00e1man\u00e9 kousky ani t\u0159\u00edd\u011bn\u00fd odpad.<\/p>\n<p data-start=\"769\" data-end=\"932\">Vysok\u00fd obsah \u00e9terick\u00fdch olej\u016f zaji\u0161\u0165uje intenzivn\u00ed chu\u0165 i p\u0159i men\u0161\u00edm mno\u017estv\u00ed. Stabiln\u00ed kvalita je vhodn\u00e1 pro dom\u00e1c\u00ed kuchyni i profesion\u00e1ln\u00ed gastro provozy.<\/p>\n<hr data-start=\"934\" data-end=\"937\" \/>\n<h3 data-start=\"939\" data-end=\"957\">Jak ji pou\u017e\u00edt?<\/h3>\n<p data-start=\"959\" data-end=\"1173\">Neodmysliteln\u00e1 do kari sm\u011bs\u00ed, hummusu, falafelu \u010di chilli. Skv\u011ble se hod\u00ed do lu\u0161t\u011bninov\u00fdch j\u00eddel, r\u00fd\u017ee, masa i pe\u010den\u00e9 zeleniny. P\u0159ed p\u0159id\u00e1n\u00edm k j\u00eddlu ji m\u016f\u017ee\u0161 kr\u00e1tce opra\u017eit pro je\u0161t\u011b v\u00fdrazn\u011bj\u0161\u00ed chu\u0165ov\u00fd z\u00e1\u017eitek.<\/p>\n<hr data-start=\"1175\" data-end=\"1178\" \/>\n<h3 data-start=\"1180\" data-end=\"1208\">Doporu\u010dujeme kombinovat s:<\/h3>\n<p data-start=\"1210\" data-end=\"1374\">Do orient\u00e1ln\u00edch a mexick\u00fdch recept\u016f ji zkombinuj s <a href=\"https:\/\/korenina.sk\/cs\/produkt\/koriandr-mlety\/?wmc-currency=CZK\"><strong data-start=\"1262\" data-end=\"1283\">Koriandrem mlet\u00fdm<\/strong>.<\/a><br data-start=\"1284\" data-end=\"1287\" \/>Do pikantn\u00edch j\u00eddel a chilli sm\u011bs\u00ed se v\u00fdborn\u011b dopl\u0148uje s <a href=\"https:\/\/korenina.sk\/cs\/produkt\/chilli-vlocky-drcene-bez-seminek\/?wmc-currency=CZK\"><strong data-start=\"1342\" data-end=\"1373\">Chilli flokami bez sem\u00ednek<\/strong>.<\/a><\/p>","protected":false},"excerpt":{"rendered":"<p><strong>Slo\u017een\u00ed:<\/strong><br \/>\nCuminum cyminum su\u0161en\u00e9 cel\u00e9 I.T\u0159\u00edda 100%<\/p>\n<p><strong>Zem\u011b p\u016fvodu:<\/strong><br \/>\nIndie<\/p>\n<p><strong>Skladov\u00e1n\u00ed:<\/strong><br \/>\nSkladujte na such\u00e9m a tmav\u00e9m m\u00edst\u011b ve sklen\u011bn\u00e9 uzav\u00edrateln\u00e9 n\u00e1dob\u011b<\/p>\n<p><strong>Minim\u00e1ln\u00ed trvanlivost 12 m\u011bs\u00edc\u016f<\/strong><\/p>","protected":false},"featured_media":4656,"comment_status":"closed","ping_status":"closed","template":"","meta":[],"product_brand":[25],"product_cat":[39],"product_tag":[],"class_list":{"0":"post-4655","1":"product","2":"type-product","3":"status-publish","4":"has-post-thumbnail","6":"product_brand-korenina","7":"product_cat-cele-korenie","9":"first","10":"instock","11":"sale","12":"shipping-taxable","13":"purchasable","14":"product-type-variable"},"yoast_head":"<!-- This site is optimized with the Yoast SEO plugin v27.0 - https:\/\/yoast.com\/product\/yoast-seo-wordpress\/ -->\n<title>Rasca r\u00edmska cel\u00e1 (Kumin) &#8211; Koreni.na<\/title>\n<meta name=\"description\" content=\"Rasca r\u00edmska cel\u00e1 (kumin) s intenz\u00edvnou ar\u00f3mou a plnou chu\u0165ou. Ide\u00e1lna do orient\u00e1lnej a indickej kuchyne. \u010cerstv\u00e9 balenie, r\u00fdchle dodanie.\" \/>\n<meta name=\"robots\" content=\"index, follow, max-snippet:-1, max-image-preview:large, max-video-preview:-1\" \/>\n<link rel=\"canonical\" href=\"https:\/\/korenina.sk\/cs\/produkt\/kmin-rimsky-cela-kumin\/?wmc-currency=CZK\" \/>\n<meta property=\"og:locale\" content=\"cs_CZ\" \/>\n<meta property=\"og:type\" content=\"article\" \/>\n<meta property=\"og:title\" content=\"Rasca r\u00edmska cel\u00e1 (Kumin) &#8211; Koreni.na\" \/>\n<meta property=\"og:description\" content=\"Rasca r\u00edmska cel\u00e1 (kumin) s intenz\u00edvnou ar\u00f3mou a plnou chu\u0165ou. Ide\u00e1lna do orient\u00e1lnej a indickej kuchyne. \u010cerstv\u00e9 balenie, r\u00fdchle dodanie.\" \/>\n<meta property=\"og:url\" content=\"https:\/\/korenina.sk\/cs\/produkt\/kmin-rimsky-cela-kumin\/?wmc-currency=CZK\" \/>\n<meta property=\"og:site_name\" content=\"Koreni.na\" \/>\n<meta property=\"article:modified_time\" content=\"2026-04-15T14:48:58+00:00\" \/>\n<meta property=\"og:image\" content=\"https:\/\/korenina.sk\/wp-content\/uploads\/2025\/12\/Rasca-rimska-cela-Kumin.webp\" \/>\n\t<meta property=\"og:image:width\" content=\"600\" \/>\n\t<meta property=\"og:image:height\" content=\"400\" \/>\n\t<meta property=\"og:image:type\" content=\"image\/webp\" \/>\n<meta name=\"twitter:card\" content=\"summary_large_image\" \/>\n<meta name=\"twitter:label1\" content=\"Odhadovan\u00e1 doba \u010dten\u00ed\" \/>\n\t<meta name=\"twitter:data1\" content=\"2 minuty\" \/>\n<script type=\"application\/ld+json\" class=\"yoast-schema-graph\">{\"@context\":\"https:\/\/schema.org\",\"@graph\":[{\"@type\":\"WebPage\",\"@id\":\"https:\/\/korenina.sk\/produkt\/rasca-rimska-cela-kumin\/\",\"url\":\"https:\/\/korenina.sk\/produkt\/rasca-rimska-cela-kumin\/\",\"name\":\"Rasca r\u00edmska cel\u00e1 (Kumin) &#8211; Koreni.na\",\"isPartOf\":{\"@id\":\"https:\/\/korenina.sk\/#website\"},\"primaryImageOfPage\":{\"@id\":\"https:\/\/korenina.sk\/produkt\/rasca-rimska-cela-kumin\/#primaryimage\"},\"image\":{\"@id\":\"https:\/\/korenina.sk\/produkt\/rasca-rimska-cela-kumin\/#primaryimage\"},\"thumbnailUrl\":\"https:\/\/korenina.sk\/wp-content\/uploads\/2025\/12\/Rasca-rimska-cela-Kumin.webp\",\"datePublished\":\"2025-12-23T06:59:27+00:00\",\"dateModified\":\"2026-04-15T14:48:58+00:00\",\"description\":\"Rasca r\u00edmska cel\u00e1 (kumin) s intenz\u00edvnou ar\u00f3mou a plnou chu\u0165ou. Ide\u00e1lna do orient\u00e1lnej a indickej kuchyne. \u010cerstv\u00e9 balenie, r\u00fdchle dodanie.\",\"breadcrumb\":{\"@id\":\"https:\/\/korenina.sk\/produkt\/rasca-rimska-cela-kumin\/#breadcrumb\"},\"inLanguage\":\"cs\",\"potentialAction\":[{\"@type\":\"ReadAction\",\"target\":[\"https:\/\/korenina.sk\/produkt\/rasca-rimska-cela-kumin\/\"]}]},{\"@type\":\"ImageObject\",\"inLanguage\":\"cs\",\"@id\":\"https:\/\/korenina.sk\/produkt\/rasca-rimska-cela-kumin\/#primaryimage\",\"url\":\"https:\/\/korenina.sk\/wp-content\/uploads\/2025\/12\/Rasca-rimska-cela-Kumin.webp\",\"contentUrl\":\"https:\/\/korenina.sk\/wp-content\/uploads\/2025\/12\/Rasca-rimska-cela-Kumin.webp\",\"width\":600,\"height\":400,\"caption\":\"Rasca r\u00edmska cel\u00e1 (Kumin)\"},{\"@type\":\"BreadcrumbList\",\"@id\":\"https:\/\/korenina.sk\/produkt\/rasca-rimska-cela-kumin\/#breadcrumb\",\"itemListElement\":[{\"@type\":\"ListItem\",\"position\":1,\"name\":\"Domovsk\u00e1 str\u00e1nka\",\"item\":\"https:\/\/korenina.sk\/\"},{\"@type\":\"ListItem\",\"position\":2,\"name\":\"Na\u0161e koreniny a su\u0161en\u00e9 plody\",\"item\":\"https:\/\/korenina.sk\/nase-produkty\/\"},{\"@type\":\"ListItem\",\"position\":3,\"name\":\"Rasca r\u00edmska cel\u00e1 (Kumin)\"}]},{\"@type\":\"WebSite\",\"@id\":\"https:\/\/korenina.sk\/#website\",\"url\":\"https:\/\/korenina.sk\/\",\"name\":\"Koreni.na\",\"description\":\"Z\u00e1\u017eitok z toho prav\u00e9ho korenia\",\"publisher\":{\"@id\":\"https:\/\/korenina.sk\/#organization\"},\"potentialAction\":[{\"@type\":\"SearchAction\",\"target\":{\"@type\":\"EntryPoint\",\"urlTemplate\":\"https:\/\/korenina.sk\/?s={search_term_string}\"},\"query-input\":{\"@type\":\"PropertyValueSpecification\",\"valueRequired\":true,\"valueName\":\"search_term_string\"}}],\"inLanguage\":\"cs\"},{\"@type\":\"Organization\",\"@id\":\"https:\/\/korenina.sk\/#organization\",\"name\":\"Koreni.na\",\"url\":\"https:\/\/korenina.sk\/\",\"logo\":{\"@type\":\"ImageObject\",\"inLanguage\":\"cs\",\"@id\":\"https:\/\/korenina.sk\/#\/schema\/logo\/image\/\",\"url\":\"https:\/\/korenina.sk\/wp-content\/uploads\/2025\/02\/logo.svg\",\"contentUrl\":\"https:\/\/korenina.sk\/wp-content\/uploads\/2025\/02\/logo.svg\",\"width\":500,\"height\":80,\"caption\":\"Koreni.na\"},\"image\":{\"@id\":\"https:\/\/korenina.sk\/#\/schema\/logo\/image\/\"}}]}<\/script>\n<!-- \/ Yoast SEO plugin. -->","yoast_head_json":{"title":"Km\u00edn \u0159\u00edmsk\u00fd cel\u00fd (Kumin) \u2013 Ko\u0159eni.na","description":"Km\u00edn \u0159\u00edmsk\u00fd cel\u00fd (kumin) s intenzivn\u00edm aroma a plnou chut\u00ed. Ide\u00e1ln\u00ed do orient\u00e1ln\u00ed a indick\u00e9 kuchyn\u011b. \u010cerstv\u00e9 balen\u00ed, rychl\u00e9 dod\u00e1n\u00ed.","robots":{"index":"index","follow":"follow","max-snippet":"max-snippet:-1","max-image-preview":"max-image-preview:large","max-video-preview":"max-video-preview:-1"},"canonical":"https:\/\/korenina.sk\/cs\/produkt\/kmin-rimsky-cela-kumin\/?wmc-currency=CZK","og_locale":"cs_CZ","og_type":"article","og_title":"Rasca r\u00edmska cel\u00e1 (Kumin) &#8211; Koreni.na","og_description":"Rasca r\u00edmska cel\u00e1 (kumin) s intenz\u00edvnou ar\u00f3mou a plnou chu\u0165ou. Ide\u00e1lna do orient\u00e1lnej a indickej kuchyne. \u010cerstv\u00e9 balenie, r\u00fdchle dodanie.","og_url":"https:\/\/korenina.sk\/cs\/produkt\/kmin-rimsky-cela-kumin\/?wmc-currency=CZK","og_site_name":"Koreni.na","article_modified_time":"2026-04-15T14:48:58+00:00","og_image":[{"width":600,"height":400,"url":"https:\/\/korenina.sk\/wp-content\/uploads\/2025\/12\/Rasca-rimska-cela-Kumin.webp","type":"image\/webp"}],"twitter_card":"summary_large_image","twitter_misc":{"Odhadovan\u00e1 doba \u010dten\u00ed":"2 minuty"},"schema":{"@context":"https:\/\/schema.org","@graph":[{"@type":"WebPage","@id":"https:\/\/korenina.sk\/produkt\/rasca-rimska-cela-kumin\/","url":"https:\/\/korenina.sk\/produkt\/rasca-rimska-cela-kumin\/","name":"Km\u00edn \u0159\u00edmsk\u00fd cel\u00fd (Kumin) \u2013 Ko\u0159eni.na","isPartOf":{"@id":"https:\/\/korenina.sk\/#website"},"primaryImageOfPage":{"@id":"https:\/\/korenina.sk\/produkt\/rasca-rimska-cela-kumin\/#primaryimage"},"image":{"@id":"https:\/\/korenina.sk\/produkt\/rasca-rimska-cela-kumin\/#primaryimage"},"thumbnailUrl":"https:\/\/korenina.sk\/wp-content\/uploads\/2025\/12\/Rasca-rimska-cela-Kumin.webp","datePublished":"2025-12-23T06:59:27+00:00","dateModified":"2026-04-15T14:48:58+00:00","description":"Km\u00edn \u0159\u00edmsk\u00fd cel\u00fd (kumin) s intenzivn\u00edm aroma a plnou chut\u00ed. Ide\u00e1ln\u00ed do orient\u00e1ln\u00ed a indick\u00e9 kuchyn\u011b. \u010cerstv\u00e9 balen\u00ed, rychl\u00e9 dod\u00e1n\u00ed.","breadcrumb":{"@id":"https:\/\/korenina.sk\/produkt\/rasca-rimska-cela-kumin\/#breadcrumb"},"inLanguage":"cs","potentialAction":[{"@type":"ReadAction","target":["https:\/\/korenina.sk\/produkt\/rasca-rimska-cela-kumin\/"]}]},{"@type":"ImageObject","inLanguage":"cs","@id":"https:\/\/korenina.sk\/produkt\/rasca-rimska-cela-kumin\/#primaryimage","url":"https:\/\/korenina.sk\/wp-content\/uploads\/2025\/12\/Rasca-rimska-cela-Kumin.webp","contentUrl":"https:\/\/korenina.sk\/wp-content\/uploads\/2025\/12\/Rasca-rimska-cela-Kumin.webp","width":600,"height":400,"caption":"Rasca r\u00edmska cel\u00e1 (Kumin)"},{"@type":"BreadcrumbList","@id":"https:\/\/korenina.sk\/produkt\/rasca-rimska-cela-kumin\/#breadcrumb","itemListElement":[{"@type":"ListItem","position":1,"name":"Domovsk\u00e1 str\u00e1nka","item":"https:\/\/korenina.sk\/"},{"@type":"ListItem","position":2,"name":"Na\u0161e koreniny a su\u0161en\u00e9 plody","item":"https:\/\/korenina.sk\/nase-produkty\/"},{"@type":"ListItem","position":3,"name":"Rasca r\u00edmska cel\u00e1 (Kumin)"}]},{"@type":"WebSite","@id":"https:\/\/korenina.sk\/#website","url":"https:\/\/korenina.sk\/","name":"Koreni.na","description":"Z\u00e1\u017eitek z toho prav\u00e9ho pep\u0159e","publisher":{"@id":"https:\/\/korenina.sk\/#organization"},"potentialAction":[{"@type":"SearchAction","target":{"@type":"EntryPoint","urlTemplate":"https:\/\/korenina.sk\/?s={search_term_string}"},"query-input":{"@type":"PropertyValueSpecification","valueRequired":true,"valueName":"search_term_string"}}],"inLanguage":"cs"},{"@type":"Organization","@id":"https:\/\/korenina.sk\/#organization","name":"Koreni.na","url":"https:\/\/korenina.sk\/","logo":{"@type":"ImageObject","inLanguage":"cs","@id":"https:\/\/korenina.sk\/#\/schema\/logo\/image\/","url":"https:\/\/korenina.sk\/wp-content\/uploads\/2025\/02\/logo.svg","contentUrl":"https:\/\/korenina.sk\/wp-content\/uploads\/2025\/02\/logo.svg","width":500,"height":80,"caption":"Koreni.na"},"image":{"@id":"https:\/\/korenina.sk\/#\/schema\/logo\/image\/"}}]}},"_links":{"self":[{"href":"https:\/\/korenina.sk\/cs\/wp-json\/wp\/v2\/product\/4655","targetHints":{"allow":["GET"]}}],"collection":[{"href":"https:\/\/korenina.sk\/cs\/wp-json\/wp\/v2\/product"}],"about":[{"href":"https:\/\/korenina.sk\/cs\/wp-json\/wp\/v2\/types\/product"}],"replies":[{"embeddable":true,"href":"https:\/\/korenina.sk\/cs\/wp-json\/wp\/v2\/comments?post=4655"}],"wp:featuredmedia":[{"embeddable":true,"href":"https:\/\/korenina.sk\/cs\/wp-json\/wp\/v2\/media\/4656"}],"wp:attachment":[{"href":"https:\/\/korenina.sk\/cs\/wp-json\/wp\/v2\/media?parent=4655"}],"wp:term":[{"taxonomy":"product_brand","embeddable":true,"href":"https:\/\/korenina.sk\/cs\/wp-json\/wp\/v2\/product_brand?post=4655"},{"taxonomy":"product_cat","embeddable":true,"href":"https:\/\/korenina.sk\/cs\/wp-json\/wp\/v2\/product_cat?post=4655"},{"taxonomy":"product_tag","embeddable":true,"href":"https:\/\/korenina.sk\/cs\/wp-json\/wp\/v2\/product_tag?post=4655"}],"curies":[{"name":"wp","href":"https:\/\/api.w.org\/{rel}","templated":true}]}}