{"id":3121,"date":"2025-12-23T05:34:33","date_gmt":"2025-12-23T04:34:33","guid":{"rendered":"https:\/\/korenina.sk\/?post_type=product&#038;p=3121"},"modified":"2026-04-15T16:48:59","modified_gmt":"2026-04-15T14:48:59","slug":"sezam-cerny","status":"publish","type":"product","link":"https:\/\/korenina.sk\/cs\/produkt\/sezam-cerny\/","title":{"rendered":"Sezam \u010dern\u00fd \u2013 v\u00fd\u017eivn\u00e1 sem\u00ednka pln\u00e1 miner\u00e1l\u016f"},"content":{"rendered":"<p data-start=\"161\" data-end=\"372\">Sezam \u010dern\u00fd jsou drobn\u00e1 sem\u00ednka s v\u00fdrazn\u011bj\u0161\u00ed, intenzivn\u011bj\u0161\u00ed chut\u00ed ne\u017e m\u00e1 <strong data-start=\"237\" data-end=\"252\">sezam b\u00edl\u00fd<\/strong>. Vynikaj\u00ed tmavou barvou a jemn\u011b o\u0159\u00ed\u0161kov\u00fdm a\u017e zemit\u011bj\u0161\u00edm chu\u0165ov\u00fdm profilem, kter\u00fd po tepeln\u00e9 \u00faprav\u011b je\u0161t\u011b v\u00edce vynikne.<\/p>\n<p data-start=\"374\" data-end=\"640\">Pou\u017e\u00edv\u00e1 se zejm\u00e9na k posyp\u00e1n\u00ed chleba, pe\u010diva a slan\u00fdch kol\u00e1\u010d\u016f, kde dod\u00e1v\u00e1 nejen chu\u0165, ale tak\u00e9 v\u00fdrazn\u00fd vizu\u00e1ln\u00ed kontrast. Vhodn\u00fd je tak\u00e9 do t\u011bsta nebo k dokon\u010den\u00ed hotov\u00fdch j\u00eddel. Ve slan\u00e9 kuchyni se pou\u017e\u00edv\u00e1 sp\u00ed\u0161e jako chu\u0165ov\u00fd a vizu\u00e1ln\u00ed dopln\u011bk ne\u017e jako hlavn\u00ed slo\u017eka.<\/p>\n<p data-start=\"642\" data-end=\"855\">V kuchyni se p\u0159irozen\u011b kombinuje s produkty jako <a href=\"https:\/\/korenina.sk\/cs\/produkt\/sezam-bily\/?wmc-currency=CZK\"><strong data-start=\"692\" data-end=\"707\">Sezam b\u00edl\u00fd<\/strong><\/a>, <a href=\"https:\/\/korenina.sk\/cs\/produkt\/mak-modry\/?wmc-currency=CZK\"><strong data-start=\"709\" data-end=\"722\">M\u00e1k modr\u00fd<\/strong><\/a>, <a href=\"https:\/\/korenina.sk\/cs\/produkt\/lanova-seminka\/?wmc-currency=CZK\"><strong data-start=\"724\" data-end=\"743\">Ln\u011bn\u00e1 sem\u00ednka<\/strong> <\/a>nebo <strong data-start=\"750\" data-end=\"781\">Slune\u010dnicov\u00e1 sem\u00ednka loupan\u00e9<\/strong>, kter\u00e9 se \u010dasto pou\u017e\u00edvaj\u00ed spolu v peka\u0159stv\u00ed a p\u0159i pe\u010den\u00ed dom\u00e1c\u00edho chleba.<\/p>\n<p data-start=\"857\" data-end=\"948\">Ka\u017ed\u00e1 \u0161ar\u017ee proch\u00e1z\u00ed kontrolou kvality, aby byla sem\u00ednka \u010dist\u00e1, such\u00e1 a chu\u0165ov\u011b stabiln\u00ed.<\/p>\n<hr data-start=\"950\" data-end=\"953\" \/>\n<h3 data-start=\"955\" data-end=\"987\">Pro\u010d si vybrat sezam \u010dern\u00fd<\/h3>\n<ul data-start=\"988\" data-end=\"1136\">\n<li data-start=\"988\" data-end=\"1020\">\n<p data-start=\"990\" data-end=\"1020\">v\u00fdrazn\u011bj\u0161\u00ed, intenzivn\u00ed chu\u0165<\/p>\n<\/li>\n<li data-start=\"1021\" data-end=\"1058\">\n<p data-start=\"1023\" data-end=\"1058\">tmav\u00e1 barva pro vizu\u00e1ln\u00ed kontrast<\/p>\n<\/li>\n<li data-start=\"1059\" data-end=\"1090\">\n<p data-start=\"1061\" data-end=\"1090\">ide\u00e1ln\u00ed na pe\u010den\u00ed a posypy<\/p>\n<\/li>\n<li data-start=\"1091\" data-end=\"1115\">\n<p data-start=\"1093\" data-end=\"1115\">k\u0159upav\u00fd po upe\u010den\u00ed<\/p>\n<\/li>\n<li data-start=\"1116\" data-end=\"1136\">\n<p data-start=\"1118\" data-end=\"1136\">stabiln\u00ed kvalita<\/p>\n<\/li>\n<\/ul>\n<hr data-start=\"1138\" data-end=\"1141\" \/>\n<h3 data-start=\"1143\" data-end=\"1155\">Pou\u017eit\u00ed<\/h3>\n<p data-start=\"1156\" data-end=\"1219\">chl\u00e9b, pe\u010divo, slan\u00e9 kol\u00e1\u010de, posypy, t\u011bsto, peka\u0159sk\u00e9 v\u00fdrobky<\/p>\n<p data-start=\"1221\" data-end=\"1333\">Tip: \u010cern\u00fd sezam je vhodn\u00fd pro kombinov\u00e1n\u00ed s b\u00edl\u00fdm sezamem, kde vznikne chu\u0165ov\u011b i vizu\u00e1ln\u011b vyv\u00e1\u017een\u00fd v\u00fdsledek.<\/p>","protected":false},"excerpt":{"rendered":"<p><strong>Slo\u017een\u00ed:<\/strong><br \/>\nSesamum indicum su\u0161en\u00e1 I.T\u0159\u00edda 100%<\/p>\n<p><strong>Zem\u011b p\u016fvodu:<\/strong><br \/>\nIndie<\/p>\n<p><strong>Skladov\u00e1n\u00ed:<\/strong><br \/>\nSkladujte na such\u00e9m a tmav\u00e9m m\u00edst\u011b ve sklen\u011bn\u00e9 uzav\u00edrateln\u00e9 n\u00e1dob\u011b<\/p>\n<p><strong>Minim\u00e1ln\u00ed trvanlivost 12 m\u011bs\u00edc\u016f<\/strong><\/p>","protected":false},"featured_media":4625,"comment_status":"closed","ping_status":"closed","template":"","meta":[],"product_brand":[25],"product_cat":[120],"product_tag":[],"class_list":{"0":"post-3121","1":"product","2":"type-product","3":"status-publish","4":"has-post-thumbnail","6":"product_brand-korenina","7":"product_cat-zrna-a-semena","9":"first","10":"instock","11":"sale","12":"shipping-taxable","13":"purchasable","14":"product-type-variable"},"yoast_head":"<!-- This site is optimized with the Yoast SEO plugin v27.0 - https:\/\/yoast.com\/product\/yoast-seo-wordpress\/ -->\n<title>Sezam \u010dierny \u2013 v\u00fd\u017eivn\u00e9 semienka pln\u00e9 miner\u00e1lov &#8211; Koreni.na<\/title>\n<meta name=\"description\" content=\"S\u00e9zam \u010dierny bohat\u00fd na v\u00e1pnik, \u017eelezo, zinok a antioxidanty. Ide\u00e1lny do pe\u010diva, \u0161al\u00e1tov \u010di \u00e1zijsk\u00fdch jed\u00e1l. Pr\u00e9miov\u00e1 kvalita a \u010derstvos\u0165.\" \/>\n<meta name=\"robots\" content=\"index, follow, max-snippet:-1, max-image-preview:large, max-video-preview:-1\" \/>\n<link rel=\"canonical\" href=\"https:\/\/korenina.sk\/cs\/produkt\/sezam-cerny\/?wmc-currency=CZK\" \/>\n<meta property=\"og:locale\" content=\"cs_CZ\" \/>\n<meta property=\"og:type\" content=\"article\" \/>\n<meta property=\"og:title\" content=\"Sezam \u010dierny \u2013 v\u00fd\u017eivn\u00e9 semienka pln\u00e9 miner\u00e1lov &#8211; Koreni.na\" \/>\n<meta property=\"og:description\" content=\"S\u00e9zam \u010dierny bohat\u00fd na v\u00e1pnik, \u017eelezo, zinok a antioxidanty. Ide\u00e1lny do pe\u010diva, \u0161al\u00e1tov \u010di \u00e1zijsk\u00fdch jed\u00e1l. Pr\u00e9miov\u00e1 kvalita a \u010derstvos\u0165.\" \/>\n<meta property=\"og:url\" content=\"https:\/\/korenina.sk\/cs\/produkt\/sezam-cerny\/?wmc-currency=CZK\" \/>\n<meta property=\"og:site_name\" content=\"Koreni.na\" \/>\n<meta property=\"article:modified_time\" content=\"2026-04-15T14:48:59+00:00\" \/>\n<meta property=\"og:image\" content=\"https:\/\/korenina.sk\/wp-content\/uploads\/2025\/12\/cierny-sezam.webp\" \/>\n\t<meta property=\"og:image:width\" content=\"600\" \/>\n\t<meta property=\"og:image:height\" content=\"433\" \/>\n\t<meta property=\"og:image:type\" content=\"image\/webp\" \/>\n<meta name=\"twitter:card\" content=\"summary_large_image\" \/>\n<meta name=\"twitter:label1\" content=\"Odhadovan\u00e1 doba \u010dten\u00ed\" \/>\n\t<meta name=\"twitter:data1\" content=\"2 minuty\" \/>\n<script type=\"application\/ld+json\" class=\"yoast-schema-graph\">{\"@context\":\"https:\/\/schema.org\",\"@graph\":[{\"@type\":\"WebPage\",\"@id\":\"https:\/\/korenina.sk\/produkt\/sezam-cierny\/\",\"url\":\"https:\/\/korenina.sk\/produkt\/sezam-cierny\/\",\"name\":\"Sezam \u010dierny \u2013 v\u00fd\u017eivn\u00e9 semienka pln\u00e9 miner\u00e1lov &#8211; Koreni.na\",\"isPartOf\":{\"@id\":\"https:\/\/korenina.sk\/#website\"},\"primaryImageOfPage\":{\"@id\":\"https:\/\/korenina.sk\/produkt\/sezam-cierny\/#primaryimage\"},\"image\":{\"@id\":\"https:\/\/korenina.sk\/produkt\/sezam-cierny\/#primaryimage\"},\"thumbnailUrl\":\"https:\/\/korenina.sk\/wp-content\/uploads\/2025\/12\/cierny-sezam.webp\",\"datePublished\":\"2025-12-23T04:34:33+00:00\",\"dateModified\":\"2026-04-15T14:48:59+00:00\",\"description\":\"S\u00e9zam \u010dierny bohat\u00fd na v\u00e1pnik, \u017eelezo, zinok a antioxidanty. Ide\u00e1lny do pe\u010diva, \u0161al\u00e1tov \u010di \u00e1zijsk\u00fdch jed\u00e1l. Pr\u00e9miov\u00e1 kvalita a \u010derstvos\u0165.\",\"breadcrumb\":{\"@id\":\"https:\/\/korenina.sk\/produkt\/sezam-cierny\/#breadcrumb\"},\"inLanguage\":\"cs\",\"potentialAction\":[{\"@type\":\"ReadAction\",\"target\":[\"https:\/\/korenina.sk\/produkt\/sezam-cierny\/\"]}]},{\"@type\":\"ImageObject\",\"inLanguage\":\"cs\",\"@id\":\"https:\/\/korenina.sk\/produkt\/sezam-cierny\/#primaryimage\",\"url\":\"https:\/\/korenina.sk\/wp-content\/uploads\/2025\/12\/cierny-sezam.webp\",\"contentUrl\":\"https:\/\/korenina.sk\/wp-content\/uploads\/2025\/12\/cierny-sezam.webp\",\"width\":600,\"height\":433,\"caption\":\"\u010dierny s\u00e9zam\"},{\"@type\":\"BreadcrumbList\",\"@id\":\"https:\/\/korenina.sk\/produkt\/sezam-cierny\/#breadcrumb\",\"itemListElement\":[{\"@type\":\"ListItem\",\"position\":1,\"name\":\"Domovsk\u00e1 str\u00e1nka\",\"item\":\"https:\/\/korenina.sk\/\"},{\"@type\":\"ListItem\",\"position\":2,\"name\":\"Na\u0161e koreniny a su\u0161en\u00e9 plody\",\"item\":\"https:\/\/korenina.sk\/nase-produkty\/\"},{\"@type\":\"ListItem\",\"position\":3,\"name\":\"Sezam \u010dierny \u2013 v\u00fd\u017eivn\u00e9 semienka pln\u00e9 miner\u00e1lov\"}]},{\"@type\":\"WebSite\",\"@id\":\"https:\/\/korenina.sk\/#website\",\"url\":\"https:\/\/korenina.sk\/\",\"name\":\"Koreni.na\",\"description\":\"Z\u00e1\u017eitok z toho prav\u00e9ho korenia\",\"publisher\":{\"@id\":\"https:\/\/korenina.sk\/#organization\"},\"potentialAction\":[{\"@type\":\"SearchAction\",\"target\":{\"@type\":\"EntryPoint\",\"urlTemplate\":\"https:\/\/korenina.sk\/?s={search_term_string}\"},\"query-input\":{\"@type\":\"PropertyValueSpecification\",\"valueRequired\":true,\"valueName\":\"search_term_string\"}}],\"inLanguage\":\"cs\"},{\"@type\":\"Organization\",\"@id\":\"https:\/\/korenina.sk\/#organization\",\"name\":\"Koreni.na\",\"url\":\"https:\/\/korenina.sk\/\",\"logo\":{\"@type\":\"ImageObject\",\"inLanguage\":\"cs\",\"@id\":\"https:\/\/korenina.sk\/#\/schema\/logo\/image\/\",\"url\":\"https:\/\/korenina.sk\/wp-content\/uploads\/2025\/02\/logo.svg\",\"contentUrl\":\"https:\/\/korenina.sk\/wp-content\/uploads\/2025\/02\/logo.svg\",\"width\":500,\"height\":80,\"caption\":\"Koreni.na\"},\"image\":{\"@id\":\"https:\/\/korenina.sk\/#\/schema\/logo\/image\/\"}}]}<\/script>\n<!-- \/ Yoast SEO plugin. -->","yoast_head_json":{"title":"Sezam \u010dern\u00fd \u2013 v\u00fd\u017eivn\u00e1 sem\u00ednka pln\u00e1 miner\u00e1l\u016f \u2013 Koreni.na","description":"S\u00e9z\u00e1m \u010dern\u00fd bohat\u00fd na v\u00e1pn\u00edk, \u017eelezo, zinek a antioxidanty. Ide\u00e1ln\u00ed do pe\u010diva, sal\u00e1t\u016f \u010di asijsk\u00fdch j\u00eddel. Pr\u00e9miov\u00e1 kvalita a \u010derstvost.","robots":{"index":"index","follow":"follow","max-snippet":"max-snippet:-1","max-image-preview":"max-image-preview:large","max-video-preview":"max-video-preview:-1"},"canonical":"https:\/\/korenina.sk\/cs\/produkt\/sezam-cerny\/?wmc-currency=CZK","og_locale":"cs_CZ","og_type":"article","og_title":"Sezam \u010dierny \u2013 v\u00fd\u017eivn\u00e9 semienka pln\u00e9 miner\u00e1lov &#8211; Koreni.na","og_description":"S\u00e9zam \u010dierny bohat\u00fd na v\u00e1pnik, \u017eelezo, zinok a antioxidanty. Ide\u00e1lny do pe\u010diva, \u0161al\u00e1tov \u010di \u00e1zijsk\u00fdch jed\u00e1l. Pr\u00e9miov\u00e1 kvalita a \u010derstvos\u0165.","og_url":"https:\/\/korenina.sk\/cs\/produkt\/sezam-cerny\/?wmc-currency=CZK","og_site_name":"Koreni.na","article_modified_time":"2026-04-15T14:48:59+00:00","og_image":[{"width":600,"height":433,"url":"https:\/\/korenina.sk\/wp-content\/uploads\/2025\/12\/cierny-sezam.webp","type":"image\/webp"}],"twitter_card":"summary_large_image","twitter_misc":{"Odhadovan\u00e1 doba \u010dten\u00ed":"2 minuty"},"schema":{"@context":"https:\/\/schema.org","@graph":[{"@type":"WebPage","@id":"https:\/\/korenina.sk\/produkt\/sezam-cierny\/","url":"https:\/\/korenina.sk\/produkt\/sezam-cierny\/","name":"Sezam \u010dern\u00fd \u2013 v\u00fd\u017eivn\u00e1 sem\u00ednka pln\u00e1 miner\u00e1l\u016f \u2013 Koreni.na","isPartOf":{"@id":"https:\/\/korenina.sk\/#website"},"primaryImageOfPage":{"@id":"https:\/\/korenina.sk\/produkt\/sezam-cierny\/#primaryimage"},"image":{"@id":"https:\/\/korenina.sk\/produkt\/sezam-cierny\/#primaryimage"},"thumbnailUrl":"https:\/\/korenina.sk\/wp-content\/uploads\/2025\/12\/cierny-sezam.webp","datePublished":"2025-12-23T04:34:33+00:00","dateModified":"2026-04-15T14:48:59+00:00","description":"S\u00e9z\u00e1m \u010dern\u00fd bohat\u00fd na v\u00e1pn\u00edk, \u017eelezo, zinek a antioxidanty. Ide\u00e1ln\u00ed do pe\u010diva, sal\u00e1t\u016f \u010di asijsk\u00fdch j\u00eddel. Pr\u00e9miov\u00e1 kvalita a \u010derstvost.","breadcrumb":{"@id":"https:\/\/korenina.sk\/produkt\/sezam-cierny\/#breadcrumb"},"inLanguage":"cs","potentialAction":[{"@type":"ReadAction","target":["https:\/\/korenina.sk\/produkt\/sezam-cierny\/"]}]},{"@type":"ImageObject","inLanguage":"cs","@id":"https:\/\/korenina.sk\/produkt\/sezam-cierny\/#primaryimage","url":"https:\/\/korenina.sk\/wp-content\/uploads\/2025\/12\/cierny-sezam.webp","contentUrl":"https:\/\/korenina.sk\/wp-content\/uploads\/2025\/12\/cierny-sezam.webp","width":600,"height":433,"caption":"\u010dierny s\u00e9zam"},{"@type":"BreadcrumbList","@id":"https:\/\/korenina.sk\/produkt\/sezam-cierny\/#breadcrumb","itemListElement":[{"@type":"ListItem","position":1,"name":"Domovsk\u00e1 str\u00e1nka","item":"https:\/\/korenina.sk\/"},{"@type":"ListItem","position":2,"name":"Na\u0161e koreniny a su\u0161en\u00e9 plody","item":"https:\/\/korenina.sk\/nase-produkty\/"},{"@type":"ListItem","position":3,"name":"Sezam \u010dierny \u2013 v\u00fd\u017eivn\u00e9 semienka pln\u00e9 miner\u00e1lov"}]},{"@type":"WebSite","@id":"https:\/\/korenina.sk\/#website","url":"https:\/\/korenina.sk\/","name":"Koreni.na","description":"Z\u00e1\u017eitek z toho prav\u00e9ho pep\u0159e","publisher":{"@id":"https:\/\/korenina.sk\/#organization"},"potentialAction":[{"@type":"SearchAction","target":{"@type":"EntryPoint","urlTemplate":"https:\/\/korenina.sk\/?s={search_term_string}"},"query-input":{"@type":"PropertyValueSpecification","valueRequired":true,"valueName":"search_term_string"}}],"inLanguage":"cs"},{"@type":"Organization","@id":"https:\/\/korenina.sk\/#organization","name":"Koreni.na","url":"https:\/\/korenina.sk\/","logo":{"@type":"ImageObject","inLanguage":"cs","@id":"https:\/\/korenina.sk\/#\/schema\/logo\/image\/","url":"https:\/\/korenina.sk\/wp-content\/uploads\/2025\/02\/logo.svg","contentUrl":"https:\/\/korenina.sk\/wp-content\/uploads\/2025\/02\/logo.svg","width":500,"height":80,"caption":"Koreni.na"},"image":{"@id":"https:\/\/korenina.sk\/#\/schema\/logo\/image\/"}}]}},"_links":{"self":[{"href":"https:\/\/korenina.sk\/cs\/wp-json\/wp\/v2\/product\/3121","targetHints":{"allow":["GET"]}}],"collection":[{"href":"https:\/\/korenina.sk\/cs\/wp-json\/wp\/v2\/product"}],"about":[{"href":"https:\/\/korenina.sk\/cs\/wp-json\/wp\/v2\/types\/product"}],"replies":[{"embeddable":true,"href":"https:\/\/korenina.sk\/cs\/wp-json\/wp\/v2\/comments?post=3121"}],"wp:featuredmedia":[{"embeddable":true,"href":"https:\/\/korenina.sk\/cs\/wp-json\/wp\/v2\/media\/4625"}],"wp:attachment":[{"href":"https:\/\/korenina.sk\/cs\/wp-json\/wp\/v2\/media?parent=3121"}],"wp:term":[{"taxonomy":"product_brand","embeddable":true,"href":"https:\/\/korenina.sk\/cs\/wp-json\/wp\/v2\/product_brand?post=3121"},{"taxonomy":"product_cat","embeddable":true,"href":"https:\/\/korenina.sk\/cs\/wp-json\/wp\/v2\/product_cat?post=3121"},{"taxonomy":"product_tag","embeddable":true,"href":"https:\/\/korenina.sk\/cs\/wp-json\/wp\/v2\/product_tag?post=3121"}],"curies":[{"name":"wp","href":"https:\/\/api.w.org\/{rel}","templated":true}]}}