{"id":281,"date":"2025-02-17T18:03:27","date_gmt":"2025-02-17T17:03:27","guid":{"rendered":"https:\/\/korenina.sk\/?post_type=product&#038;p=281"},"modified":"2026-04-22T15:38:32","modified_gmt":"2026-04-22T13:38:32","slug":"novy-pepr-cele","status":"publish","type":"product","link":"https:\/\/korenina.sk\/cs\/produkt\/novy-pepr-cele\/","title":{"rendered":"Nov\u00e9 ko\u0159en\u00ed cel\u00e9"},"content":{"rendered":"<p data-start=\"0\" data-end=\"295\"><strong data-start=\"0\" data-end=\"21\">Nov\u00e9 ko\u0159en\u00ed cel\u00e9<\/strong> pat\u0159\u00ed mezi tradi\u010dn\u00ed ko\u0159en\u00ed s typickou jemn\u011b ko\u0159en\u011bnou, m\u00edrn\u011b nasl\u00e1dlou chut\u00ed p\u0159ipom\u00ednaj\u00edc\u00ed kombinaci h\u0159eb\u00ed\u010dku, sko\u0159ice a mu\u0161k\u00e1tov\u00e9ho o\u0159echu. Na\u0161e bobule jsou pe\u010dliv\u011b vyb\u00edr\u00e1ny tak, aby obsahovaly jen pevn\u00e9, aromatick\u00e9 a nepo\u0161kozen\u00e9 kusy bez ulomk\u016f \u010di v\u011btvi\u010dek.<\/p>\n<p data-start=\"297\" data-end=\"445\">Je ide\u00e1ln\u00ed do pol\u00e9vek, du\u0161en\u00e9ho masa, om\u00e1\u010dek, marin\u00e1d i dom\u00e1c\u00edch ko\u0159eninov\u00fdch sm\u011bs\u00ed. V cel\u00e9 form\u011b si zachov\u00e1v\u00e1 pln\u00e9 aroma a\u017e do momentu pou\u017eit\u00ed.<\/p>\n<hr data-start=\"447\" data-end=\"450\" \/>\n<h3 data-start=\"452\" data-end=\"495\">Pro\u010d si vybrat na\u0161e nov\u00e9 ko\u0159en\u00ed cel\u00e9?<\/h3>\n<p data-start=\"497\" data-end=\"706\">\u2714 100 % p\u0159\u00edrodn\u00ed cel\u00e9 bobule \u2013 bez ne\u010distot a po\u0161kozen\u00fdch \u010d\u00e1st\u00ed<br data-start=\"560\" data-end=\"563\" \/>\u2714 Typick\u00e1 jemn\u011b ko\u0159en\u011bn\u00e1 chu\u0165 a p\u0159\u00edjemn\u00e9 aroma<br data-start=\"610\" data-end=\"613\" \/>\u2714 Rovnom\u011brn\u00e9, kvalitn\u00ed bobule pro maxim\u00e1ln\u00ed chu\u0165<br data-start=\"661\" data-end=\"664\" \/>\u2714 Perfektn\u00ed pro mlet\u00ed i p\u0159\u00edm\u00e9 pou\u017eit\u00ed<\/p>\n<p data-start=\"708\" data-end=\"774\">\u017d\u00e1dn\u00e9 drobn\u00e9 ulomky ani v\u011btvi\u010dky \u2013 jen \u010dist\u00e9 a kvalitn\u00ed bobule.<\/p>\n<p data-start=\"776\" data-end=\"906\">Intenzivn\u00ed aroma je vhodn\u00e9 pro profesion\u00e1ln\u00ed i dom\u00e1c\u00ed va\u0159en\u00ed. Pe\u010dliv\u011b t\u0159\u00edd\u011bn\u00e9 a balen\u00e9 pro maxim\u00e1ln\u00ed spokojenost z\u00e1kazn\u00edk\u016f.<\/p>\n<hr data-start=\"908\" data-end=\"911\" \/>\n<h3 data-start=\"913\" data-end=\"931\">Jak jej pou\u017e\u00edt?<\/h3>\n<p data-start=\"933\" data-end=\"1123\">P\u0159idej cel\u00e9 bobule do v\u00fdvar\u016f, gul\u00e1\u0161\u016f, om\u00e1\u010dek nebo marin\u00e1d. Skv\u011ble se hod\u00ed i do nakl\u00e1dan\u00e9 zeleniny \u010di dom\u00e1c\u00edch pa\u0161tik. P\u0159ed pou\u017eit\u00edm ho m\u016f\u017ee\u0161 jemn\u011b podrtit pro je\u0161t\u011b intenzivn\u011bj\u0161\u00ed aroma.<\/p>\n<hr data-start=\"1125\" data-end=\"1128\" \/>\n<h3 data-start=\"1130\" data-end=\"1158\">Doporu\u010dujeme kombinovat s:<\/h3>\n<p data-start=\"1160\" data-end=\"1312\">Do tradi\u010dn\u00edch masn\u00fdch j\u00eddel ho zkombinuj s\u00a0<a href=\"https:\/\/korenina.sk\/cs\/produkt\/bobkovy-list\/?wmc-currency=CZK\"><strong data-start=\"138\" data-end=\"174\">Bobkov\u00fd list cel\u00fd<\/strong><\/a><\/p>\n<p data-start=\"1160\" data-end=\"1312\">Do aromatick\u00fdch v\u00fdvar\u016f a om\u00e1\u010dek se v\u00fdborn\u011b dopl\u0148uje s <a href=\"https:\/\/korenina.sk\/cs\/produkt\/cerny-pepr-cele\/?wmc-currency=CZK\"><strong data-start=\"1286\" data-end=\"1311\">\u010cern\u00fdm pep\u0159em cel\u00fdm<\/strong><\/a>.<\/p>","protected":false},"excerpt":{"rendered":"<p><strong>Slo\u017een\u00ed:<\/strong><br \/>\nPimenta dioica su\u0161en\u00e9 cel\u00e9 I.T\u0159\u00edda 100%<\/p>\n<p><strong>Zem\u011b p\u016fvodu:<\/strong><br \/>\nJamaica<\/p>\n<p><strong>Skladov\u00e1n\u00ed:<\/strong><br \/>\nSkladujte na such\u00e9m a tmav\u00e9m m\u00edst\u011b ve sklen\u011bn\u00e9 uzav\u00edrateln\u00e9 n\u00e1dob\u011b<\/p>\n<p><strong>Minim\u00e1ln\u00ed trvanlivost 12 m\u011bs\u00edc\u016f<\/strong><\/p>","protected":false},"featured_media":5956,"comment_status":"closed","ping_status":"closed","template":"","meta":[],"product_brand":[25],"product_cat":[39],"product_tag":[106],"class_list":{"0":"post-281","1":"product","2":"type-product","3":"status-publish","4":"has-post-thumbnail","6":"product_brand-korenina","7":"product_cat-cele-korenie","8":"product_tag-exoticke-korenie","10":"first","11":"instock","12":"sale","13":"shipping-taxable","14":"purchasable","15":"product-type-variable"},"yoast_head":"<!-- This site is optimized with the Yoast SEO plugin v27.0 - https:\/\/yoast.com\/product\/yoast-seo-wordpress\/ -->\n<title>Nov\u00e9 korenie cel\u00e9 &#8211; Koreni.na<\/title>\n<meta name=\"description\" content=\"Nov\u00e9 korenie cel\u00e9 \u2013 kvalitn\u00e9 bobule bez ulomkov a kon\u00e1rikov. Jemn\u00e1 korenist\u00e1 chu\u0165 a ar\u00f3ma, ide\u00e1lne do polievok, om\u00e1\u010dok a dusen\u00e9ho m\u00e4sa.\" \/>\n<meta name=\"robots\" content=\"index, follow, max-snippet:-1, max-image-preview:large, max-video-preview:-1\" \/>\n<link rel=\"canonical\" href=\"https:\/\/korenina.sk\/cs\/produkt\/novy-pepr-cele\/?wmc-currency=CZK\" \/>\n<meta property=\"og:locale\" content=\"cs_CZ\" \/>\n<meta property=\"og:type\" content=\"article\" \/>\n<meta property=\"og:title\" content=\"Nov\u00e9 korenie cel\u00e9 &#8211; Koreni.na\" \/>\n<meta property=\"og:description\" content=\"Nov\u00e9 korenie cel\u00e9 \u2013 kvalitn\u00e9 bobule bez ulomkov a kon\u00e1rikov. Jemn\u00e1 korenist\u00e1 chu\u0165 a ar\u00f3ma, ide\u00e1lne do polievok, om\u00e1\u010dok a dusen\u00e9ho m\u00e4sa.\" \/>\n<meta property=\"og:url\" content=\"https:\/\/korenina.sk\/cs\/produkt\/novy-pepr-cele\/?wmc-currency=CZK\" \/>\n<meta property=\"og:site_name\" content=\"Koreni.na\" \/>\n<meta property=\"article:modified_time\" content=\"2026-04-22T13:38:32+00:00\" \/>\n<meta property=\"og:image\" content=\"https:\/\/korenina.sk\/wp-content\/uploads\/2026\/02\/nove-korenie.webp\" \/>\n\t<meta property=\"og:image:width\" content=\"1000\" \/>\n\t<meta property=\"og:image:height\" content=\"1000\" \/>\n\t<meta property=\"og:image:type\" content=\"image\/webp\" \/>\n<meta name=\"twitter:card\" content=\"summary_large_image\" \/>\n<meta name=\"twitter:label1\" content=\"Odhadovan\u00e1 doba \u010dten\u00ed\" \/>\n\t<meta name=\"twitter:data1\" content=\"2 minuty\" \/>\n<script type=\"application\/ld+json\" class=\"yoast-schema-graph\">{\"@context\":\"https:\/\/schema.org\",\"@graph\":[{\"@type\":\"WebPage\",\"@id\":\"https:\/\/korenina.sk\/produkt\/nove-korenie-cele\/\",\"url\":\"https:\/\/korenina.sk\/produkt\/nove-korenie-cele\/\",\"name\":\"Nov\u00e9 korenie cel\u00e9 &#8211; Koreni.na\",\"isPartOf\":{\"@id\":\"https:\/\/korenina.sk\/#website\"},\"primaryImageOfPage\":{\"@id\":\"https:\/\/korenina.sk\/produkt\/nove-korenie-cele\/#primaryimage\"},\"image\":{\"@id\":\"https:\/\/korenina.sk\/produkt\/nove-korenie-cele\/#primaryimage\"},\"thumbnailUrl\":\"https:\/\/korenina.sk\/wp-content\/uploads\/2026\/02\/nove-korenie.webp\",\"datePublished\":\"2025-02-17T17:03:27+00:00\",\"dateModified\":\"2026-04-22T13:38:32+00:00\",\"description\":\"Nov\u00e9 korenie cel\u00e9 \u2013 kvalitn\u00e9 bobule bez ulomkov a kon\u00e1rikov. Jemn\u00e1 korenist\u00e1 chu\u0165 a ar\u00f3ma, ide\u00e1lne do polievok, om\u00e1\u010dok a dusen\u00e9ho m\u00e4sa.\",\"breadcrumb\":{\"@id\":\"https:\/\/korenina.sk\/produkt\/nove-korenie-cele\/#breadcrumb\"},\"inLanguage\":\"cs\",\"potentialAction\":[{\"@type\":\"ReadAction\",\"target\":[\"https:\/\/korenina.sk\/produkt\/nove-korenie-cele\/\"]}]},{\"@type\":\"ImageObject\",\"inLanguage\":\"cs\",\"@id\":\"https:\/\/korenina.sk\/produkt\/nove-korenie-cele\/#primaryimage\",\"url\":\"https:\/\/korenina.sk\/wp-content\/uploads\/2026\/02\/nove-korenie.webp\",\"contentUrl\":\"https:\/\/korenina.sk\/wp-content\/uploads\/2026\/02\/nove-korenie.webp\",\"width\":1000,\"height\":1000,\"caption\":\"nov\u00e9 korenie\"},{\"@type\":\"BreadcrumbList\",\"@id\":\"https:\/\/korenina.sk\/produkt\/nove-korenie-cele\/#breadcrumb\",\"itemListElement\":[{\"@type\":\"ListItem\",\"position\":1,\"name\":\"Domovsk\u00e1 str\u00e1nka\",\"item\":\"https:\/\/korenina.sk\/\"},{\"@type\":\"ListItem\",\"position\":2,\"name\":\"Na\u0161e koreniny a su\u0161en\u00e9 plody\",\"item\":\"https:\/\/korenina.sk\/nase-produkty\/\"},{\"@type\":\"ListItem\",\"position\":3,\"name\":\"Nov\u00e9 korenie cel\u00e9\"}]},{\"@type\":\"WebSite\",\"@id\":\"https:\/\/korenina.sk\/#website\",\"url\":\"https:\/\/korenina.sk\/\",\"name\":\"Koreni.na\",\"description\":\"Z\u00e1\u017eitok z toho prav\u00e9ho korenia\",\"publisher\":{\"@id\":\"https:\/\/korenina.sk\/#organization\"},\"potentialAction\":[{\"@type\":\"SearchAction\",\"target\":{\"@type\":\"EntryPoint\",\"urlTemplate\":\"https:\/\/korenina.sk\/?s={search_term_string}\"},\"query-input\":{\"@type\":\"PropertyValueSpecification\",\"valueRequired\":true,\"valueName\":\"search_term_string\"}}],\"inLanguage\":\"cs\"},{\"@type\":\"Organization\",\"@id\":\"https:\/\/korenina.sk\/#organization\",\"name\":\"Koreni.na\",\"url\":\"https:\/\/korenina.sk\/\",\"logo\":{\"@type\":\"ImageObject\",\"inLanguage\":\"cs\",\"@id\":\"https:\/\/korenina.sk\/#\/schema\/logo\/image\/\",\"url\":\"https:\/\/korenina.sk\/wp-content\/uploads\/2025\/02\/logo.svg\",\"contentUrl\":\"https:\/\/korenina.sk\/wp-content\/uploads\/2025\/02\/logo.svg\",\"width\":500,\"height\":80,\"caption\":\"Koreni.na\"},\"image\":{\"@id\":\"https:\/\/korenina.sk\/#\/schema\/logo\/image\/\"}}]}<\/script>\n<!-- \/ Yoast SEO plugin. -->","yoast_head_json":{"title":"Nov\u00e9 ko\u0159en\u00ed cel\u00e9 \u2013 Ko\u0159eni.","description":"Nov\u00e9 ko\u0159en\u00ed cel\u00e9 \u2013 kvalitn\u00ed bobule bez ulomk\u016f a v\u011btvi\u010dek. Jemn\u00e1 ko\u0159en\u011bn\u00e1 chu\u0165 a aroma, ide\u00e1ln\u00ed do pol\u00e9vek, om\u00e1\u010dek a du\u0161en\u00e9ho masa.","robots":{"index":"index","follow":"follow","max-snippet":"max-snippet:-1","max-image-preview":"max-image-preview:large","max-video-preview":"max-video-preview:-1"},"canonical":"https:\/\/korenina.sk\/cs\/produkt\/novy-pepr-cele\/?wmc-currency=CZK","og_locale":"cs_CZ","og_type":"article","og_title":"Nov\u00e9 korenie cel\u00e9 &#8211; Koreni.na","og_description":"Nov\u00e9 korenie cel\u00e9 \u2013 kvalitn\u00e9 bobule bez ulomkov a kon\u00e1rikov. Jemn\u00e1 korenist\u00e1 chu\u0165 a ar\u00f3ma, ide\u00e1lne do polievok, om\u00e1\u010dok a dusen\u00e9ho m\u00e4sa.","og_url":"https:\/\/korenina.sk\/cs\/produkt\/novy-pepr-cele\/?wmc-currency=CZK","og_site_name":"Koreni.na","article_modified_time":"2026-04-22T13:38:32+00:00","og_image":[{"width":1000,"height":1000,"url":"https:\/\/korenina.sk\/wp-content\/uploads\/2026\/02\/nove-korenie.webp","type":"image\/webp"}],"twitter_card":"summary_large_image","twitter_misc":{"Odhadovan\u00e1 doba \u010dten\u00ed":"2 minuty"},"schema":{"@context":"https:\/\/schema.org","@graph":[{"@type":"WebPage","@id":"https:\/\/korenina.sk\/produkt\/nove-korenie-cele\/","url":"https:\/\/korenina.sk\/produkt\/nove-korenie-cele\/","name":"Nov\u00e9 ko\u0159en\u00ed cel\u00e9 \u2013 Ko\u0159eni.","isPartOf":{"@id":"https:\/\/korenina.sk\/#website"},"primaryImageOfPage":{"@id":"https:\/\/korenina.sk\/produkt\/nove-korenie-cele\/#primaryimage"},"image":{"@id":"https:\/\/korenina.sk\/produkt\/nove-korenie-cele\/#primaryimage"},"thumbnailUrl":"https:\/\/korenina.sk\/wp-content\/uploads\/2026\/02\/nove-korenie.webp","datePublished":"2025-02-17T17:03:27+00:00","dateModified":"2026-04-22T13:38:32+00:00","description":"Nov\u00e9 ko\u0159en\u00ed cel\u00e9 \u2013 kvalitn\u00ed bobule bez ulomk\u016f a v\u011btvi\u010dek. Jemn\u00e1 ko\u0159en\u011bn\u00e1 chu\u0165 a aroma, ide\u00e1ln\u00ed do pol\u00e9vek, om\u00e1\u010dek a du\u0161en\u00e9ho masa.","breadcrumb":{"@id":"https:\/\/korenina.sk\/produkt\/nove-korenie-cele\/#breadcrumb"},"inLanguage":"cs","potentialAction":[{"@type":"ReadAction","target":["https:\/\/korenina.sk\/produkt\/nove-korenie-cele\/"]}]},{"@type":"ImageObject","inLanguage":"cs","@id":"https:\/\/korenina.sk\/produkt\/nove-korenie-cele\/#primaryimage","url":"https:\/\/korenina.sk\/wp-content\/uploads\/2026\/02\/nove-korenie.webp","contentUrl":"https:\/\/korenina.sk\/wp-content\/uploads\/2026\/02\/nove-korenie.webp","width":1000,"height":1000,"caption":"nov\u00e9 korenie"},{"@type":"BreadcrumbList","@id":"https:\/\/korenina.sk\/produkt\/nove-korenie-cele\/#breadcrumb","itemListElement":[{"@type":"ListItem","position":1,"name":"Domovsk\u00e1 str\u00e1nka","item":"https:\/\/korenina.sk\/"},{"@type":"ListItem","position":2,"name":"Na\u0161e koreniny a su\u0161en\u00e9 plody","item":"https:\/\/korenina.sk\/nase-produkty\/"},{"@type":"ListItem","position":3,"name":"Nov\u00e9 korenie cel\u00e9"}]},{"@type":"WebSite","@id":"https:\/\/korenina.sk\/#website","url":"https:\/\/korenina.sk\/","name":"Koreni.na","description":"Z\u00e1\u017eitek z toho prav\u00e9ho pep\u0159e","publisher":{"@id":"https:\/\/korenina.sk\/#organization"},"potentialAction":[{"@type":"SearchAction","target":{"@type":"EntryPoint","urlTemplate":"https:\/\/korenina.sk\/?s={search_term_string}"},"query-input":{"@type":"PropertyValueSpecification","valueRequired":true,"valueName":"search_term_string"}}],"inLanguage":"cs"},{"@type":"Organization","@id":"https:\/\/korenina.sk\/#organization","name":"Koreni.na","url":"https:\/\/korenina.sk\/","logo":{"@type":"ImageObject","inLanguage":"cs","@id":"https:\/\/korenina.sk\/#\/schema\/logo\/image\/","url":"https:\/\/korenina.sk\/wp-content\/uploads\/2025\/02\/logo.svg","contentUrl":"https:\/\/korenina.sk\/wp-content\/uploads\/2025\/02\/logo.svg","width":500,"height":80,"caption":"Koreni.na"},"image":{"@id":"https:\/\/korenina.sk\/#\/schema\/logo\/image\/"}}]}},"_links":{"self":[{"href":"https:\/\/korenina.sk\/cs\/wp-json\/wp\/v2\/product\/281","targetHints":{"allow":["GET"]}}],"collection":[{"href":"https:\/\/korenina.sk\/cs\/wp-json\/wp\/v2\/product"}],"about":[{"href":"https:\/\/korenina.sk\/cs\/wp-json\/wp\/v2\/types\/product"}],"replies":[{"embeddable":true,"href":"https:\/\/korenina.sk\/cs\/wp-json\/wp\/v2\/comments?post=281"}],"wp:featuredmedia":[{"embeddable":true,"href":"https:\/\/korenina.sk\/cs\/wp-json\/wp\/v2\/media\/5956"}],"wp:attachment":[{"href":"https:\/\/korenina.sk\/cs\/wp-json\/wp\/v2\/media?parent=281"}],"wp:term":[{"taxonomy":"product_brand","embeddable":true,"href":"https:\/\/korenina.sk\/cs\/wp-json\/wp\/v2\/product_brand?post=281"},{"taxonomy":"product_cat","embeddable":true,"href":"https:\/\/korenina.sk\/cs\/wp-json\/wp\/v2\/product_cat?post=281"},{"taxonomy":"product_tag","embeddable":true,"href":"https:\/\/korenina.sk\/cs\/wp-json\/wp\/v2\/product_tag?post=281"}],"curies":[{"name":"wp","href":"https:\/\/api.w.org\/{rel}","templated":true}]}}