{"id":2719,"date":"2025-09-26T10:32:14","date_gmt":"2025-09-26T08:32:14","guid":{"rendered":"https:\/\/korenina.sk\/?post_type=product&#038;p=2719"},"modified":"2026-04-15T16:48:59","modified_gmt":"2026-04-15T14:48:59","slug":"kesu-natural","status":"publish","type":"product","link":"https:\/\/korenina.sk\/cs\/produkt\/kesu-natural\/","title":{"rendered":"Ke\u0161u natur\u00e1l \u2013 zdrav\u00e9 a k\u0159upav\u00e9 o\u0159echy"},"content":{"rendered":"<h3 data-start=\"102\" data-end=\"159\">Ke\u0161u natur\u00e1l \u2013 pr\u00e9miov\u00e9 o\u0159echy bez soli a bez \u00faprav<\/h3>\n<p data-start=\"161\" data-end=\"373\"><strong data-start=\"161\" data-end=\"177\">Ke\u0161u natur\u00e1l<\/strong> jsou pe\u010dliv\u011b vybr\u00e1na, cel\u00e1 j\u00e1dra bez soli, bez pra\u017een\u00ed a bez jak\u00fdchkoli p\u0159\u00eddatn\u00fdch l\u00e1tek. Vynikaj\u00ed jemnou, m\u00e1slovou chut\u00ed a p\u0159irozen\u011b kr\u00e9movou texturou, kter\u00e1 se doslova rozpl\u00fdv\u00e1 na jazyku.<\/p>\n<p data-start=\"375\" data-end=\"484\">Pokud hled\u00e1\u0161 zdrav\u00e9 o\u0159echy bez soli, kvalitn\u00ed ke\u0161u na va\u0159en\u00ed nebo v\u00fd\u017eivn\u00fd snack b\u011bhem dne, pr\u00e1v\u011b jsi ho na\u0161el.<\/p>\n<hr data-start=\"486\" data-end=\"489\" \/>\n<h3 data-start=\"491\" data-end=\"521\">Pro\u010d si vybrat na\u0161e ke\u0161u?<\/h3>\n<p data-start=\"523\" data-end=\"727\">\u2714 100 % p\u0159\u00edrodn\u00ed \u2013 bez soli a bez konzervant\u016f<br data-start=\"569\" data-end=\"572\" \/>\u2714 jemn\u00e1, kr\u00e9mov\u00e1 a p\u0159irozen\u011b nasl\u00e1dl\u00e1 chu\u0165<br data-start=\"616\" data-end=\"619\" \/>\u2714 vysok\u00fd obsah zdrav\u00fdch tuk\u016f a rostlinn\u00fdch b\u00edlkovin<br data-start=\"672\" data-end=\"675\" \/>\u2714 ide\u00e1ln\u00ed pro va\u0159en\u00ed, pe\u010den\u00ed i p\u0159\u00edm\u00e9 mls\u00e1n\u00ed<\/p>\n<p data-start=\"729\" data-end=\"883\">Ke\u0161u pat\u0159\u00ed mezi nejobl\u00edben\u011bj\u0161\u00ed o\u0159echy pro sportovce, aktivn\u00ed lidi i rodiny s d\u011btmi. Jsou p\u0159irozen\u00fdm zdrojem energie a zasyt\u00ed bez zbyte\u010dn\u00fdch p\u0159\u00edsad.<\/p>\n<hr data-start=\"885\" data-end=\"888\" \/>\n<h3 data-start=\"890\" data-end=\"909\">Jak je pou\u017e\u00edt?<\/h3>\n<p data-start=\"911\" data-end=\"1155\">Ke\u0161u natur\u00e1l jsou ide\u00e1ln\u00ed do smoothie, dom\u00e1c\u00edho m\u00fcsli nebo jogurtu. M\u016f\u017ee\u0161 z nich p\u0159ipravit i dom\u00e1c\u00ed ke\u0161u m\u00e1slo, veganskou smetanovou om\u00e1\u010dku nebo je p\u0159idat do asijsk\u00fdch j\u00eddel. Skv\u011ble chutnaj\u00ed i samotn\u00e9 \u2013 jako zdrav\u00e1 alternativa klasick\u00fdch snack\u016f.<\/p>\n<hr data-start=\"1157\" data-end=\"1160\" \/>\n<h3 data-start=\"1162\" data-end=\"1179\">Kombinujte s:<\/h3>\n<p data-start=\"1181\" data-end=\"1436\">Pro vyv\u00e1\u017eenou o\u0159echovou sm\u011bs je m\u016f\u017ee\u0161 spojit s <a href=\"https:\/\/korenina.sk\/cs\/produkt\/mandle-natural-lupane-platky\/?wmc-currency=CZK\"><strong data-start=\"1227\" data-end=\"1256\">Mandlemi natur\u00e1l loupan\u00fdmi<\/strong><\/a>, kter\u00e9 dodaj\u00ed jemnou k\u0159upavost. Spolu s <a href=\"https:\/\/korenina.sk\/cs\/produkt\/pekanove-orechy\/?wmc-currency=CZK\"><strong data-start=\"1298\" data-end=\"1320\">Pekanov\u00fdmi o\u0159echy<\/strong><\/a> vytvo\u0159\u00ed luxusn\u00ed kombinaci do dezert\u016f. Pokud chce\u0161 slad\u0161\u00ed kontrast, p\u0159idej <a href=\"https:\/\/korenina.sk\/cs\/produkt\/kanadske-brusinky-susene-bez-pridavneho-cukru\/?wmc-currency=CZK\"><strong data-start=\"1395\" data-end=\"1435\">Brusinky su\u0161en\u00e9 bez p\u0159\u00eddavn\u00e9ho cukru<\/strong><\/a>.<\/p>","protected":false},"excerpt":{"rendered":"<p><strong>Slo\u017een\u00ed:<\/strong><br \/>\nAnacardium occidentale,<\/p>\n<p><strong>Zem\u011b p\u016fvodu:\u00a0<\/strong>Vietnam<\/p>\n<p><strong>Skladov\u00e1n\u00ed:\u00a0<\/strong>Skladujte na such\u00e9m a tmav\u00e9m m\u00edst\u011b ve sklen\u011bn\u00e9 uzav\u00edrateln\u00e9 n\u00e1dob\u011b<\/p>\n<p><strong>Minim\u00e1ln\u00ed trvanlivost 12 m\u011bs\u00edc\u016f<\/strong><\/p>","protected":false},"featured_media":4715,"comment_status":"closed","ping_status":"closed","template":"","meta":[],"product_brand":[25],"product_cat":[116],"product_tag":[],"class_list":{"0":"post-2719","1":"product","2":"type-product","3":"status-publish","4":"has-post-thumbnail","6":"product_brand-korenina","7":"product_cat-orechy","9":"first","10":"instock","11":"sale","12":"shipping-taxable","13":"purchasable","14":"product-type-variable"},"yoast_head":"<!-- This site is optimized with the Yoast SEO plugin v27.0 - https:\/\/yoast.com\/product\/yoast-seo-wordpress\/ -->\n<title>Ke\u0161u natur\u00e1l \u2013 zdrav\u00e9 a chrumkav\u00e9 orechy &#8211; Koreni.na<\/title>\n<meta name=\"description\" content=\"Ke\u0161u natur\u00e1l s\u00fa chrumkav\u00e9 a pln\u00e9 pr\u00edrodnej chuti. Skvel\u00e9 ako zdrav\u00fd snack, do \u0161al\u00e1tov, m\u00fcsli alebo na pe\u010denie a varenie..\" \/>\n<meta name=\"robots\" content=\"index, follow, max-snippet:-1, max-image-preview:large, max-video-preview:-1\" \/>\n<link rel=\"canonical\" href=\"https:\/\/korenina.sk\/cs\/produkt\/kesu-natural\/?wmc-currency=CZK\" \/>\n<meta property=\"og:locale\" content=\"cs_CZ\" \/>\n<meta property=\"og:type\" content=\"article\" \/>\n<meta property=\"og:title\" content=\"Ke\u0161u natur\u00e1l \u2013 zdrav\u00e9 a chrumkav\u00e9 orechy &#8211; Koreni.na\" \/>\n<meta property=\"og:description\" content=\"Ke\u0161u natur\u00e1l s\u00fa chrumkav\u00e9 a pln\u00e9 pr\u00edrodnej chuti. Skvel\u00e9 ako zdrav\u00fd snack, do \u0161al\u00e1tov, m\u00fcsli alebo na pe\u010denie a varenie..\" \/>\n<meta property=\"og:url\" content=\"https:\/\/korenina.sk\/cs\/produkt\/kesu-natural\/?wmc-currency=CZK\" \/>\n<meta property=\"og:site_name\" content=\"Koreni.na\" \/>\n<meta property=\"article:modified_time\" content=\"2026-04-15T14:48:59+00:00\" \/>\n<meta property=\"og:image\" content=\"https:\/\/korenina.sk\/wp-content\/uploads\/2025\/09\/kesu.webp\" \/>\n\t<meta property=\"og:image:width\" content=\"600\" \/>\n\t<meta property=\"og:image:height\" content=\"383\" \/>\n\t<meta property=\"og:image:type\" content=\"image\/webp\" \/>\n<meta name=\"twitter:card\" content=\"summary_large_image\" \/>\n<meta name=\"twitter:label1\" content=\"Odhadovan\u00e1 doba \u010dten\u00ed\" \/>\n\t<meta name=\"twitter:data1\" content=\"2 minuty\" \/>\n<script type=\"application\/ld+json\" class=\"yoast-schema-graph\">{\"@context\":\"https:\/\/schema.org\",\"@graph\":[{\"@type\":\"WebPage\",\"@id\":\"https:\/\/korenina.sk\/produkt\/kesu-natural\/\",\"url\":\"https:\/\/korenina.sk\/produkt\/kesu-natural\/\",\"name\":\"Ke\u0161u natur\u00e1l \u2013 zdrav\u00e9 a chrumkav\u00e9 orechy &#8211; Koreni.na\",\"isPartOf\":{\"@id\":\"https:\/\/korenina.sk\/#website\"},\"primaryImageOfPage\":{\"@id\":\"https:\/\/korenina.sk\/produkt\/kesu-natural\/#primaryimage\"},\"image\":{\"@id\":\"https:\/\/korenina.sk\/produkt\/kesu-natural\/#primaryimage\"},\"thumbnailUrl\":\"https:\/\/korenina.sk\/wp-content\/uploads\/2025\/09\/kesu.webp\",\"datePublished\":\"2025-09-26T08:32:14+00:00\",\"dateModified\":\"2026-04-15T14:48:59+00:00\",\"description\":\"Ke\u0161u natur\u00e1l s\u00fa chrumkav\u00e9 a pln\u00e9 pr\u00edrodnej chuti. Skvel\u00e9 ako zdrav\u00fd snack, do \u0161al\u00e1tov, m\u00fcsli alebo na pe\u010denie a varenie..\",\"breadcrumb\":{\"@id\":\"https:\/\/korenina.sk\/produkt\/kesu-natural\/#breadcrumb\"},\"inLanguage\":\"cs\",\"potentialAction\":[{\"@type\":\"ReadAction\",\"target\":[\"https:\/\/korenina.sk\/produkt\/kesu-natural\/\"]}]},{\"@type\":\"ImageObject\",\"inLanguage\":\"cs\",\"@id\":\"https:\/\/korenina.sk\/produkt\/kesu-natural\/#primaryimage\",\"url\":\"https:\/\/korenina.sk\/wp-content\/uploads\/2025\/09\/kesu.webp\",\"contentUrl\":\"https:\/\/korenina.sk\/wp-content\/uploads\/2025\/09\/kesu.webp\",\"width\":600,\"height\":383,\"caption\":\"ke\u0161u natural\"},{\"@type\":\"BreadcrumbList\",\"@id\":\"https:\/\/korenina.sk\/produkt\/kesu-natural\/#breadcrumb\",\"itemListElement\":[{\"@type\":\"ListItem\",\"position\":1,\"name\":\"Domovsk\u00e1 str\u00e1nka\",\"item\":\"https:\/\/korenina.sk\/\"},{\"@type\":\"ListItem\",\"position\":2,\"name\":\"Na\u0161e koreniny a su\u0161en\u00e9 plody\",\"item\":\"https:\/\/korenina.sk\/nase-produkty\/\"},{\"@type\":\"ListItem\",\"position\":3,\"name\":\"Ke\u0161u natur\u00e1l \u2013 zdrav\u00e9 a chrumkav\u00e9 orechy\"}]},{\"@type\":\"WebSite\",\"@id\":\"https:\/\/korenina.sk\/#website\",\"url\":\"https:\/\/korenina.sk\/\",\"name\":\"Koreni.na\",\"description\":\"Z\u00e1\u017eitok z toho prav\u00e9ho korenia\",\"publisher\":{\"@id\":\"https:\/\/korenina.sk\/#organization\"},\"potentialAction\":[{\"@type\":\"SearchAction\",\"target\":{\"@type\":\"EntryPoint\",\"urlTemplate\":\"https:\/\/korenina.sk\/?s={search_term_string}\"},\"query-input\":{\"@type\":\"PropertyValueSpecification\",\"valueRequired\":true,\"valueName\":\"search_term_string\"}}],\"inLanguage\":\"cs\"},{\"@type\":\"Organization\",\"@id\":\"https:\/\/korenina.sk\/#organization\",\"name\":\"Koreni.na\",\"url\":\"https:\/\/korenina.sk\/\",\"logo\":{\"@type\":\"ImageObject\",\"inLanguage\":\"cs\",\"@id\":\"https:\/\/korenina.sk\/#\/schema\/logo\/image\/\",\"url\":\"https:\/\/korenina.sk\/wp-content\/uploads\/2025\/02\/logo.svg\",\"contentUrl\":\"https:\/\/korenina.sk\/wp-content\/uploads\/2025\/02\/logo.svg\",\"width\":500,\"height\":80,\"caption\":\"Koreni.na\"},\"image\":{\"@id\":\"https:\/\/korenina.sk\/#\/schema\/logo\/image\/\"}}]}<\/script>\n<!-- \/ Yoast SEO plugin. -->","yoast_head_json":{"title":"Ke\u0161u natur\u00e1l \u2013 zdrav\u00e9 a k\u0159upav\u00e9 o\u0159echy \u2013 Koreni.na","description":"Ke\u0161u natur\u00e1l jsou k\u0159upav\u00e9 a pln\u00e9 p\u0159\u00edrodn\u00ed chuti. Skv\u011bl\u00e9 jako zdrav\u00fd snack, do sal\u00e1t\u016f, m\u00fcsli nebo na pe\u010den\u00ed a va\u0159en\u00ed.","robots":{"index":"index","follow":"follow","max-snippet":"max-snippet:-1","max-image-preview":"max-image-preview:large","max-video-preview":"max-video-preview:-1"},"canonical":"https:\/\/korenina.sk\/cs\/produkt\/kesu-natural\/?wmc-currency=CZK","og_locale":"cs_CZ","og_type":"article","og_title":"Ke\u0161u natur\u00e1l \u2013 zdrav\u00e9 a chrumkav\u00e9 orechy &#8211; Koreni.na","og_description":"Ke\u0161u natur\u00e1l s\u00fa chrumkav\u00e9 a pln\u00e9 pr\u00edrodnej chuti. Skvel\u00e9 ako zdrav\u00fd snack, do \u0161al\u00e1tov, m\u00fcsli alebo na pe\u010denie a varenie..","og_url":"https:\/\/korenina.sk\/cs\/produkt\/kesu-natural\/?wmc-currency=CZK","og_site_name":"Koreni.na","article_modified_time":"2026-04-15T14:48:59+00:00","og_image":[{"width":600,"height":383,"url":"https:\/\/korenina.sk\/wp-content\/uploads\/2025\/09\/kesu.webp","type":"image\/webp"}],"twitter_card":"summary_large_image","twitter_misc":{"Odhadovan\u00e1 doba \u010dten\u00ed":"2 minuty"},"schema":{"@context":"https:\/\/schema.org","@graph":[{"@type":"WebPage","@id":"https:\/\/korenina.sk\/produkt\/kesu-natural\/","url":"https:\/\/korenina.sk\/produkt\/kesu-natural\/","name":"Ke\u0161u natur\u00e1l \u2013 zdrav\u00e9 a k\u0159upav\u00e9 o\u0159echy \u2013 Koreni.na","isPartOf":{"@id":"https:\/\/korenina.sk\/#website"},"primaryImageOfPage":{"@id":"https:\/\/korenina.sk\/produkt\/kesu-natural\/#primaryimage"},"image":{"@id":"https:\/\/korenina.sk\/produkt\/kesu-natural\/#primaryimage"},"thumbnailUrl":"https:\/\/korenina.sk\/wp-content\/uploads\/2025\/09\/kesu.webp","datePublished":"2025-09-26T08:32:14+00:00","dateModified":"2026-04-15T14:48:59+00:00","description":"Ke\u0161u natur\u00e1l jsou k\u0159upav\u00e9 a pln\u00e9 p\u0159\u00edrodn\u00ed chuti. Skv\u011bl\u00e9 jako zdrav\u00fd snack, do sal\u00e1t\u016f, m\u00fcsli nebo na pe\u010den\u00ed a va\u0159en\u00ed.","breadcrumb":{"@id":"https:\/\/korenina.sk\/produkt\/kesu-natural\/#breadcrumb"},"inLanguage":"cs","potentialAction":[{"@type":"ReadAction","target":["https:\/\/korenina.sk\/produkt\/kesu-natural\/"]}]},{"@type":"ImageObject","inLanguage":"cs","@id":"https:\/\/korenina.sk\/produkt\/kesu-natural\/#primaryimage","url":"https:\/\/korenina.sk\/wp-content\/uploads\/2025\/09\/kesu.webp","contentUrl":"https:\/\/korenina.sk\/wp-content\/uploads\/2025\/09\/kesu.webp","width":600,"height":383,"caption":"ke\u0161u natural"},{"@type":"BreadcrumbList","@id":"https:\/\/korenina.sk\/produkt\/kesu-natural\/#breadcrumb","itemListElement":[{"@type":"ListItem","position":1,"name":"Domovsk\u00e1 str\u00e1nka","item":"https:\/\/korenina.sk\/"},{"@type":"ListItem","position":2,"name":"Na\u0161e koreniny a su\u0161en\u00e9 plody","item":"https:\/\/korenina.sk\/nase-produkty\/"},{"@type":"ListItem","position":3,"name":"Ke\u0161u natur\u00e1l \u2013 zdrav\u00e9 a chrumkav\u00e9 orechy"}]},{"@type":"WebSite","@id":"https:\/\/korenina.sk\/#website","url":"https:\/\/korenina.sk\/","name":"Koreni.na","description":"Z\u00e1\u017eitek z toho prav\u00e9ho pep\u0159e","publisher":{"@id":"https:\/\/korenina.sk\/#organization"},"potentialAction":[{"@type":"SearchAction","target":{"@type":"EntryPoint","urlTemplate":"https:\/\/korenina.sk\/?s={search_term_string}"},"query-input":{"@type":"PropertyValueSpecification","valueRequired":true,"valueName":"search_term_string"}}],"inLanguage":"cs"},{"@type":"Organization","@id":"https:\/\/korenina.sk\/#organization","name":"Koreni.na","url":"https:\/\/korenina.sk\/","logo":{"@type":"ImageObject","inLanguage":"cs","@id":"https:\/\/korenina.sk\/#\/schema\/logo\/image\/","url":"https:\/\/korenina.sk\/wp-content\/uploads\/2025\/02\/logo.svg","contentUrl":"https:\/\/korenina.sk\/wp-content\/uploads\/2025\/02\/logo.svg","width":500,"height":80,"caption":"Koreni.na"},"image":{"@id":"https:\/\/korenina.sk\/#\/schema\/logo\/image\/"}}]}},"_links":{"self":[{"href":"https:\/\/korenina.sk\/cs\/wp-json\/wp\/v2\/product\/2719","targetHints":{"allow":["GET"]}}],"collection":[{"href":"https:\/\/korenina.sk\/cs\/wp-json\/wp\/v2\/product"}],"about":[{"href":"https:\/\/korenina.sk\/cs\/wp-json\/wp\/v2\/types\/product"}],"replies":[{"embeddable":true,"href":"https:\/\/korenina.sk\/cs\/wp-json\/wp\/v2\/comments?post=2719"}],"wp:featuredmedia":[{"embeddable":true,"href":"https:\/\/korenina.sk\/cs\/wp-json\/wp\/v2\/media\/4715"}],"wp:attachment":[{"href":"https:\/\/korenina.sk\/cs\/wp-json\/wp\/v2\/media?parent=2719"}],"wp:term":[{"taxonomy":"product_brand","embeddable":true,"href":"https:\/\/korenina.sk\/cs\/wp-json\/wp\/v2\/product_brand?post=2719"},{"taxonomy":"product_cat","embeddable":true,"href":"https:\/\/korenina.sk\/cs\/wp-json\/wp\/v2\/product_cat?post=2719"},{"taxonomy":"product_tag","embeddable":true,"href":"https:\/\/korenina.sk\/cs\/wp-json\/wp\/v2\/product_tag?post=2719"}],"curies":[{"name":"wp","href":"https:\/\/api.w.org\/{rel}","templated":true}]}}