{"id":2703,"date":"2025-09-25T20:08:34","date_gmt":"2025-09-25T18:08:34","guid":{"rendered":"https:\/\/korenina.sk\/?post_type=product&#038;p=2703"},"modified":"2026-04-15T16:49:00","modified_gmt":"2026-04-15T14:49:00","slug":"studentska-smes-zdrave-orechy-a-susene-ovoce","status":"publish","type":"product","link":"https:\/\/korenina.sk\/cs\/produkt\/studentska-smes-zdrave-orechy-a-susene-ovoce\/","title":{"rendered":"Studentsk\u00e1 sm\u011bs \u2013 zdrav\u00e9 o\u0159echy a su\u0161en\u00e9 ovoce"},"content":{"rendered":"<p data-start=\"194\" data-end=\"475\">Studentsk\u00e1 sm\u011bs je obl\u00edben\u00e1 kombinace su\u0161en\u00e9ho ovoce a o\u0159ech\u016f, kter\u00e1 p\u0159in\u00e1\u0161\u00ed vyv\u00e1\u017eenou chu\u0165, p\u0159irozenou energii a prakti\u010dnost v jednom balen\u00ed. Spojuje sladkost su\u0161en\u00e9ho ovoce s jemnou k\u0159upavost\u00ed o\u0159ech\u016f, \u010d\u00edm\u017e vytv\u00e1\u0159\u00ed ide\u00e1ln\u00ed snack b\u011bhem dne, do pr\u00e1ce, \u0161koly nebo na cestov\u00e1n\u00ed.<\/p>\n<p data-start=\"477\" data-end=\"604\">Je p\u0159irozen\u00fdm zdrojem energie, vl\u00e1kniny a zdrav\u00fdch tuk\u016f, kter\u00e9 pom\u00e1haj\u00ed udr\u017eet stabiln\u00ed hladinu energie bez prudk\u00fdch v\u00fdkyv\u016f.<\/p>\n<hr data-start=\"606\" data-end=\"609\" \/>\n<h2 data-start=\"611\" data-end=\"651\">Pro\u010d si vybrat na\u0161i Studentskou sm\u011bs?<\/h2>\n<p data-start=\"653\" data-end=\"824\">Vyv\u00e1\u017een\u00e1 kombinace sladk\u00e9 a jemn\u011b o\u0159echov\u00e9 chuti.<br data-start=\"705\" data-end=\"708\" \/>Rychl\u00fd zdroj p\u0159irozen\u00e9 energie.<br data-start=\"741\" data-end=\"744\" \/>Vhodn\u00e1 jako zdrav\u011bj\u0161\u00ed alternativa sladkost\u00ed.<br data-start=\"786\" data-end=\"789\" \/>Praktick\u00e1 pro ka\u017edodenn\u00ed mls\u00e1n\u00ed.<\/p>\n<p data-start=\"826\" data-end=\"902\">Ka\u017ed\u00e9 balen\u00ed obsahuje pe\u010dliv\u011b vybran\u00e9 suroviny pro plnou chu\u0165 a kvalitu.<\/p>\n<hr data-start=\"904\" data-end=\"907\" \/>\n<h2 data-start=\"909\" data-end=\"926\">Jak ji pou\u017e\u00edt?<\/h2>\n<p data-start=\"928\" data-end=\"1247\">Studentsk\u00e1 sm\u011bs je v\u00fdborn\u00e1 jako samostatn\u00fd snack, ale skv\u011ble se hod\u00ed i do sn\u00edda\u0148ov\u00e9ho jogurtu nebo ka\u0161e. Sta\u010d\u00ed p\u0159idat hrst sm\u011bsi do b\u00edl\u00e9ho jogurtu a pro je\u0161t\u011b intenzivn\u011bj\u0161\u00ed chu\u0165 m\u016f\u017eete doplnit \u0161petku <a href=\"https:\/\/korenina.sk\/cs\/produkt\/kurkuma-mleta\/?wmc-currency=CZK\"><strong data-start=\"1129\" data-end=\"1140\">kurkumy<\/strong><\/a>, kter\u00e1 dod\u00e1 jemn\u011b ko\u0159en\u011bn\u00fd t\u00f3n, a trochu <a href=\"https:\/\/korenina.sk\/cs\/produkt\/skorice-mleta\/?wmc-currency=CZK\"><strong data-start=\"1183\" data-end=\"1194\">sko\u0159ice mlet\u00e9<\/strong><\/a>, kter\u00e1 zv\u00fdrazn\u00ed p\u0159irozenou sladkost su\u0161en\u00e9ho ovoce.<\/p>\n<p data-start=\"1249\" data-end=\"1407\">","protected":false},"excerpt":{"rendered":"<p><strong>Slo\u017een\u00ed:<\/strong><br \/>\nSu\u0161en\u00e9 ovoce, sm\u011bs o\u0159\u00ed\u0161k\u016f<\/p>\n<p><strong>Zem\u011b p\u016fvodu:<\/strong><br \/>\n\u010cesk\u00e1 Republika<\/p>\n<p><strong>Skladov\u00e1n\u00ed:<\/strong><br \/>\nSkladujte na such\u00e9m a tmav\u00e9m m\u00edst\u011b ve sklen\u011bn\u00e9 uzav\u00edrateln\u00e9 n\u00e1dob\u011b<\/p>\n<p><strong>Minim\u00e1ln\u00ed trvanlivost 12 m\u011bs\u00edc\u016f<\/strong><\/p>","protected":false},"featured_media":4709,"comment_status":"closed","ping_status":"closed","template":"","meta":[],"product_brand":[25],"product_cat":[115],"product_tag":[],"class_list":{"0":"post-2703","1":"product","2":"type-product","3":"status-publish","4":"has-post-thumbnail","6":"product_brand-korenina","7":"product_cat-susene-a-kandizovane-ovocie","9":"first","10":"instock","11":"shipping-taxable","12":"purchasable","13":"product-type-variable"},"yoast_head":"<!-- This site is optimized with the Yoast SEO plugin v27.0 - https:\/\/yoast.com\/product\/yoast-seo-wordpress\/ -->\n<title>\u0160tudentsk\u00e1 zmes \u2013 zdrav\u00e9 orechy a su\u0161en\u00e9 ovocie &#8211; Koreni.na<\/title>\n<meta name=\"description\" content=\"\u0160tudentsk\u00e1 zmes je v\u00fd\u017eivn\u00fd snack pln\u00fd orechov, semien a su\u0161en\u00e9ho ovocia. Ide\u00e1lna na energiu do \u0161koly, pr\u00e1ce alebo na v\u00fdlety.\" \/>\n<meta name=\"robots\" content=\"index, follow, max-snippet:-1, max-image-preview:large, max-video-preview:-1\" \/>\n<link rel=\"canonical\" href=\"https:\/\/korenina.sk\/cs\/produkt\/studentska-smes-zdrave-orechy-a-susene-ovoce\/?wmc-currency=CZK\" \/>\n<meta property=\"og:locale\" content=\"cs_CZ\" \/>\n<meta property=\"og:type\" content=\"article\" \/>\n<meta property=\"og:title\" content=\"\u0160tudentsk\u00e1 zmes \u2013 zdrav\u00e9 orechy a su\u0161en\u00e9 ovocie &#8211; Koreni.na\" \/>\n<meta property=\"og:description\" content=\"\u0160tudentsk\u00e1 zmes je v\u00fd\u017eivn\u00fd snack pln\u00fd orechov, semien a su\u0161en\u00e9ho ovocia. Ide\u00e1lna na energiu do \u0161koly, pr\u00e1ce alebo na v\u00fdlety.\" \/>\n<meta property=\"og:url\" content=\"https:\/\/korenina.sk\/cs\/produkt\/studentska-smes-zdrave-orechy-a-susene-ovoce\/?wmc-currency=CZK\" \/>\n<meta property=\"og:site_name\" content=\"Koreni.na\" \/>\n<meta property=\"article:modified_time\" content=\"2026-04-15T14:49:00+00:00\" \/>\n<meta property=\"og:image\" content=\"https:\/\/korenina.sk\/wp-content\/uploads\/2025\/09\/studentska-zmes.webp\" \/>\n\t<meta property=\"og:image:width\" content=\"600\" \/>\n\t<meta property=\"og:image:height\" content=\"382\" \/>\n\t<meta property=\"og:image:type\" content=\"image\/webp\" \/>\n<meta name=\"twitter:card\" content=\"summary_large_image\" \/>\n<meta name=\"twitter:label1\" content=\"Odhadovan\u00e1 doba \u010dten\u00ed\" \/>\n\t<meta name=\"twitter:data1\" content=\"1 minuta\" \/>\n<script type=\"application\/ld+json\" class=\"yoast-schema-graph\">{\"@context\":\"https:\/\/schema.org\",\"@graph\":[{\"@type\":\"WebPage\",\"@id\":\"https:\/\/korenina.sk\/produkt\/studentska-zmes-zdrave-orechy-a-susene-ovocie\/\",\"url\":\"https:\/\/korenina.sk\/produkt\/studentska-zmes-zdrave-orechy-a-susene-ovocie\/\",\"name\":\"\u0160tudentsk\u00e1 zmes \u2013 zdrav\u00e9 orechy a su\u0161en\u00e9 ovocie &#8211; Koreni.na\",\"isPartOf\":{\"@id\":\"https:\/\/korenina.sk\/#website\"},\"primaryImageOfPage\":{\"@id\":\"https:\/\/korenina.sk\/produkt\/studentska-zmes-zdrave-orechy-a-susene-ovocie\/#primaryimage\"},\"image\":{\"@id\":\"https:\/\/korenina.sk\/produkt\/studentska-zmes-zdrave-orechy-a-susene-ovocie\/#primaryimage\"},\"thumbnailUrl\":\"https:\/\/korenina.sk\/wp-content\/uploads\/2025\/09\/studentska-zmes.webp\",\"datePublished\":\"2025-09-25T18:08:34+00:00\",\"dateModified\":\"2026-04-15T14:49:00+00:00\",\"description\":\"\u0160tudentsk\u00e1 zmes je v\u00fd\u017eivn\u00fd snack pln\u00fd orechov, semien a su\u0161en\u00e9ho ovocia. Ide\u00e1lna na energiu do \u0161koly, pr\u00e1ce alebo na v\u00fdlety.\",\"breadcrumb\":{\"@id\":\"https:\/\/korenina.sk\/produkt\/studentska-zmes-zdrave-orechy-a-susene-ovocie\/#breadcrumb\"},\"inLanguage\":\"cs\",\"potentialAction\":[{\"@type\":\"ReadAction\",\"target\":[\"https:\/\/korenina.sk\/produkt\/studentska-zmes-zdrave-orechy-a-susene-ovocie\/\"]}]},{\"@type\":\"ImageObject\",\"inLanguage\":\"cs\",\"@id\":\"https:\/\/korenina.sk\/produkt\/studentska-zmes-zdrave-orechy-a-susene-ovocie\/#primaryimage\",\"url\":\"https:\/\/korenina.sk\/wp-content\/uploads\/2025\/09\/studentska-zmes.webp\",\"contentUrl\":\"https:\/\/korenina.sk\/wp-content\/uploads\/2025\/09\/studentska-zmes.webp\",\"width\":600,\"height\":382,\"caption\":\"\u0161tudentsk\u00e1 zmes\"},{\"@type\":\"BreadcrumbList\",\"@id\":\"https:\/\/korenina.sk\/produkt\/studentska-zmes-zdrave-orechy-a-susene-ovocie\/#breadcrumb\",\"itemListElement\":[{\"@type\":\"ListItem\",\"position\":1,\"name\":\"Domovsk\u00e1 str\u00e1nka\",\"item\":\"https:\/\/korenina.sk\/\"},{\"@type\":\"ListItem\",\"position\":2,\"name\":\"Na\u0161e koreniny a su\u0161en\u00e9 plody\",\"item\":\"https:\/\/korenina.sk\/nase-produkty\/\"},{\"@type\":\"ListItem\",\"position\":3,\"name\":\"\u0160tudentsk\u00e1 zmes \u2013 zdrav\u00e9 orechy a su\u0161en\u00e9 ovocie\"}]},{\"@type\":\"WebSite\",\"@id\":\"https:\/\/korenina.sk\/#website\",\"url\":\"https:\/\/korenina.sk\/\",\"name\":\"Koreni.na\",\"description\":\"Z\u00e1\u017eitok z toho prav\u00e9ho korenia\",\"publisher\":{\"@id\":\"https:\/\/korenina.sk\/#organization\"},\"potentialAction\":[{\"@type\":\"SearchAction\",\"target\":{\"@type\":\"EntryPoint\",\"urlTemplate\":\"https:\/\/korenina.sk\/?s={search_term_string}\"},\"query-input\":{\"@type\":\"PropertyValueSpecification\",\"valueRequired\":true,\"valueName\":\"search_term_string\"}}],\"inLanguage\":\"cs\"},{\"@type\":\"Organization\",\"@id\":\"https:\/\/korenina.sk\/#organization\",\"name\":\"Koreni.na\",\"url\":\"https:\/\/korenina.sk\/\",\"logo\":{\"@type\":\"ImageObject\",\"inLanguage\":\"cs\",\"@id\":\"https:\/\/korenina.sk\/#\/schema\/logo\/image\/\",\"url\":\"https:\/\/korenina.sk\/wp-content\/uploads\/2025\/02\/logo.svg\",\"contentUrl\":\"https:\/\/korenina.sk\/wp-content\/uploads\/2025\/02\/logo.svg\",\"width\":500,\"height\":80,\"caption\":\"Koreni.na\"},\"image\":{\"@id\":\"https:\/\/korenina.sk\/#\/schema\/logo\/image\/\"}}]}<\/script>\n<!-- \/ Yoast SEO plugin. -->","yoast_head_json":{"title":"Studentsk\u00e1 sm\u011bs \u2013 zdrav\u00e9 o\u0159echy a su\u0161en\u00e9 ovoce \u2013 Koreni.na","description":"Studentsk\u00e1 sm\u011bs je v\u00fd\u017eivn\u00fd snack pln\u00fd o\u0159ech\u016f, semen a su\u0161en\u00e9ho ovoce. Ide\u00e1ln\u00ed pro energii do \u0161koly, pr\u00e1ce nebo na v\u00fdlety.","robots":{"index":"index","follow":"follow","max-snippet":"max-snippet:-1","max-image-preview":"max-image-preview:large","max-video-preview":"max-video-preview:-1"},"canonical":"https:\/\/korenina.sk\/cs\/produkt\/studentska-smes-zdrave-orechy-a-susene-ovoce\/?wmc-currency=CZK","og_locale":"cs_CZ","og_type":"article","og_title":"\u0160tudentsk\u00e1 zmes \u2013 zdrav\u00e9 orechy a su\u0161en\u00e9 ovocie &#8211; Koreni.na","og_description":"\u0160tudentsk\u00e1 zmes je v\u00fd\u017eivn\u00fd snack pln\u00fd orechov, semien a su\u0161en\u00e9ho ovocia. Ide\u00e1lna na energiu do \u0161koly, pr\u00e1ce alebo na v\u00fdlety.","og_url":"https:\/\/korenina.sk\/cs\/produkt\/studentska-smes-zdrave-orechy-a-susene-ovoce\/?wmc-currency=CZK","og_site_name":"Koreni.na","article_modified_time":"2026-04-15T14:49:00+00:00","og_image":[{"width":600,"height":382,"url":"https:\/\/korenina.sk\/wp-content\/uploads\/2025\/09\/studentska-zmes.webp","type":"image\/webp"}],"twitter_card":"summary_large_image","twitter_misc":{"Odhadovan\u00e1 doba \u010dten\u00ed":"1 minuta"},"schema":{"@context":"https:\/\/schema.org","@graph":[{"@type":"WebPage","@id":"https:\/\/korenina.sk\/produkt\/studentska-zmes-zdrave-orechy-a-susene-ovocie\/","url":"https:\/\/korenina.sk\/produkt\/studentska-zmes-zdrave-orechy-a-susene-ovocie\/","name":"Studentsk\u00e1 sm\u011bs \u2013 zdrav\u00e9 o\u0159echy a su\u0161en\u00e9 ovoce \u2013 Koreni.na","isPartOf":{"@id":"https:\/\/korenina.sk\/#website"},"primaryImageOfPage":{"@id":"https:\/\/korenina.sk\/produkt\/studentska-zmes-zdrave-orechy-a-susene-ovocie\/#primaryimage"},"image":{"@id":"https:\/\/korenina.sk\/produkt\/studentska-zmes-zdrave-orechy-a-susene-ovocie\/#primaryimage"},"thumbnailUrl":"https:\/\/korenina.sk\/wp-content\/uploads\/2025\/09\/studentska-zmes.webp","datePublished":"2025-09-25T18:08:34+00:00","dateModified":"2026-04-15T14:49:00+00:00","description":"Studentsk\u00e1 sm\u011bs je v\u00fd\u017eivn\u00fd snack pln\u00fd o\u0159ech\u016f, semen a su\u0161en\u00e9ho ovoce. Ide\u00e1ln\u00ed pro energii do \u0161koly, pr\u00e1ce nebo na v\u00fdlety.","breadcrumb":{"@id":"https:\/\/korenina.sk\/produkt\/studentska-zmes-zdrave-orechy-a-susene-ovocie\/#breadcrumb"},"inLanguage":"cs","potentialAction":[{"@type":"ReadAction","target":["https:\/\/korenina.sk\/produkt\/studentska-zmes-zdrave-orechy-a-susene-ovocie\/"]}]},{"@type":"ImageObject","inLanguage":"cs","@id":"https:\/\/korenina.sk\/produkt\/studentska-zmes-zdrave-orechy-a-susene-ovocie\/#primaryimage","url":"https:\/\/korenina.sk\/wp-content\/uploads\/2025\/09\/studentska-zmes.webp","contentUrl":"https:\/\/korenina.sk\/wp-content\/uploads\/2025\/09\/studentska-zmes.webp","width":600,"height":382,"caption":"\u0161tudentsk\u00e1 zmes"},{"@type":"BreadcrumbList","@id":"https:\/\/korenina.sk\/produkt\/studentska-zmes-zdrave-orechy-a-susene-ovocie\/#breadcrumb","itemListElement":[{"@type":"ListItem","position":1,"name":"Domovsk\u00e1 str\u00e1nka","item":"https:\/\/korenina.sk\/"},{"@type":"ListItem","position":2,"name":"Na\u0161e koreniny a su\u0161en\u00e9 plody","item":"https:\/\/korenina.sk\/nase-produkty\/"},{"@type":"ListItem","position":3,"name":"\u0160tudentsk\u00e1 zmes \u2013 zdrav\u00e9 orechy a su\u0161en\u00e9 ovocie"}]},{"@type":"WebSite","@id":"https:\/\/korenina.sk\/#website","url":"https:\/\/korenina.sk\/","name":"Koreni.na","description":"Z\u00e1\u017eitek z toho prav\u00e9ho pep\u0159e","publisher":{"@id":"https:\/\/korenina.sk\/#organization"},"potentialAction":[{"@type":"SearchAction","target":{"@type":"EntryPoint","urlTemplate":"https:\/\/korenina.sk\/?s={search_term_string}"},"query-input":{"@type":"PropertyValueSpecification","valueRequired":true,"valueName":"search_term_string"}}],"inLanguage":"cs"},{"@type":"Organization","@id":"https:\/\/korenina.sk\/#organization","name":"Koreni.na","url":"https:\/\/korenina.sk\/","logo":{"@type":"ImageObject","inLanguage":"cs","@id":"https:\/\/korenina.sk\/#\/schema\/logo\/image\/","url":"https:\/\/korenina.sk\/wp-content\/uploads\/2025\/02\/logo.svg","contentUrl":"https:\/\/korenina.sk\/wp-content\/uploads\/2025\/02\/logo.svg","width":500,"height":80,"caption":"Koreni.na"},"image":{"@id":"https:\/\/korenina.sk\/#\/schema\/logo\/image\/"}}]}},"_links":{"self":[{"href":"https:\/\/korenina.sk\/cs\/wp-json\/wp\/v2\/product\/2703","targetHints":{"allow":["GET"]}}],"collection":[{"href":"https:\/\/korenina.sk\/cs\/wp-json\/wp\/v2\/product"}],"about":[{"href":"https:\/\/korenina.sk\/cs\/wp-json\/wp\/v2\/types\/product"}],"replies":[{"embeddable":true,"href":"https:\/\/korenina.sk\/cs\/wp-json\/wp\/v2\/comments?post=2703"}],"wp:featuredmedia":[{"embeddable":true,"href":"https:\/\/korenina.sk\/cs\/wp-json\/wp\/v2\/media\/4709"}],"wp:attachment":[{"href":"https:\/\/korenina.sk\/cs\/wp-json\/wp\/v2\/media?parent=2703"}],"wp:term":[{"taxonomy":"product_brand","embeddable":true,"href":"https:\/\/korenina.sk\/cs\/wp-json\/wp\/v2\/product_brand?post=2703"},{"taxonomy":"product_cat","embeddable":true,"href":"https:\/\/korenina.sk\/cs\/wp-json\/wp\/v2\/product_cat?post=2703"},{"taxonomy":"product_tag","embeddable":true,"href":"https:\/\/korenina.sk\/cs\/wp-json\/wp\/v2\/product_tag?post=2703"}],"curies":[{"name":"wp","href":"https:\/\/api.w.org\/{rel}","templated":true}]}}