{"id":2687,"date":"2025-09-25T17:37:37","date_gmt":"2025-09-25T15:37:37","guid":{"rendered":"https:\/\/korenina.sk\/?post_type=product&#038;p=2687"},"modified":"2026-04-15T16:49:00","modified_gmt":"2026-04-15T14:49:00","slug":"bananove-chipsy-platky","status":"publish","type":"product","link":"https:\/\/korenina.sk\/cs\/produkt\/bananove-chipsy-platky\/","title":{"rendered":"Ban\u00e1nov\u00e9 chipsy\/pl\u00e1tky \u2013 k\u0159upav\u00e9 a sladk\u00e9 snacky"},"content":{"rendered":"<div class=\"flex flex-col text-sm pb-25\">\n<article class=\"text-token-text-primary w-full focus:outline-none [--shadow-height:45px] has-data-writing-block:pointer-events-none has-data-writing-block:-mt-(--shadow-height) has-data-writing-block:pt-(--shadow-height) [&amp;:has([data-writing-block])&gt;*]:pointer-events-auto scroll-mt-[calc(var(--header-height)+min(200px,max(70px,20svh)))]\" dir=\"auto\" tabindex=\"-1\" data-turn-id=\"request-WEB:1326e8d9-dfa2-4685-a22b-419c49d83ca6-105\" data-testid=\"conversation-turn-207\" data-scroll-anchor=\"true\" data-turn=\"assistant\">\n<div class=\"text-base my-auto mx-auto pb-10 [--thread-content-margin:--spacing(4)] @w-sm\/main:[--thread-content-margin:--spacing(6)] @w-lg\/main:[--thread-content-margin:--spacing(16)] px-(--thread-content-margin)\">\n<div class=\"[--thread-content-max-width:40rem] @w-lg\/main:[--thread-content-max-width:48rem] mx-auto max-w-(--thread-content-max-width) flex-1 group\/turn-messages focus-visible:outline-hidden relative flex w-full min-w-0 flex-col agent-turn\" tabindex=\"-1\">\n<div class=\"flex max-w-full flex-col grow\">\n<div class=\"min-h-8 text-message relative flex w-full flex-col items-end gap-2 text-start break-words whitespace-normal [.text-message+&amp;]:mt-1\" dir=\"auto\" data-message-author-role=\"assistant\" data-message-id=\"32bc0556-1956-4565-a1b1-c04451911be3\" data-message-model-slug=\"gpt-5-2\">\n<div class=\"flex w-full flex-col gap-1 empty:hidden first:pt-[1px]\">\n<div class=\"markdown prose dark:prose-invert w-full wrap-break-word light markdown-new-styling\">\n<p data-start=\"57\" data-end=\"299\"><strong data-start=\"57\" data-end=\"85\">Ban\u00e1nov\u00e9 chipsy (pl\u00e1tky)<\/strong> jsou obl\u00edbenou pochoutkou pro svou p\u0159\u00edjemnou sladkost a k\u0159upavou konzistenci. Vyr\u00e1b\u011bj\u00ed se z kvalitn\u00edch ban\u00e1n\u016f, kter\u00e9 se nakr\u00e1jej\u00ed na tenk\u00e9 pl\u00e1tky a \u0161etrn\u011b zpracuj\u00ed, aby si zachovaly svoji chu\u0165 i p\u0159irozen\u00e9 aroma.<\/p>\n<p data-start=\"301\" data-end=\"389\">Jsou ide\u00e1ln\u00ed volbou jako rychl\u00e1 sva\u010dinka b\u011bhem dne, na cestov\u00e1n\u00ed, do pr\u00e1ce nebo do \u0161koly.<\/p>\n<hr data-start=\"391\" data-end=\"394\" \/>\n<h3 data-start=\"396\" data-end=\"432\">Pro\u010d si vybrat ban\u00e1nov\u00e9 chipsy?<\/h3>\n<p data-start=\"434\" data-end=\"580\">\u2714 sladk\u00e1 a k\u0159upav\u00e1 chu\u0165<br data-start=\"459\" data-end=\"462\" \/>\u2714 rychl\u00fd zdroj energie<br data-start=\"484\" data-end=\"487\" \/>\u2714 praktick\u00e9 balen\u00ed na cesty<br data-start=\"515\" data-end=\"518\" \/>\u2714 vhodn\u00e9 do m\u00fcsli a jogurtu<br data-start=\"545\" data-end=\"548\" \/>\u2714 obl\u00edben\u00e9 u d\u011bt\u00ed i dosp\u011bl\u00fdch<\/p>\n<hr data-start=\"717\" data-end=\"720\" \/>\n<h3 data-start=\"722\" data-end=\"741\">Jak je vyu\u017e\u00edt?<\/h3>\n<p data-start=\"743\" data-end=\"1074\">Ban\u00e1nov\u00e9 pl\u00e1tky si m\u016f\u017eete vychutnat samostatn\u011b jako sladk\u00fd snack, ale v\u00fdborn\u011b se hod\u00ed i do sn\u00edda\u0148ov\u00fdch ka\u0161\u00ed, jogurt\u016f \u010di dom\u00e1c\u00ed granoly. Jsou skv\u011bl\u00fdm dopl\u0148kem do <a href=\"https:\/\/korenina.sk\/cs\/produkt\/studentska-smes-zdrave-orechy-a-susene-ovoce\/?wmc-currency=CZK\"><strong data-start=\"904\" data-end=\"923\">Studentsk\u00e9 MIX<\/strong><\/a>, kde dodaj\u00ed k\u0159upavou strukturu, spolu s <a href=\"https:\/\/korenina.sk\/cs\/produkt\/kanadske-brusinky-susene-bez-pridavneho-cukru\/?wmc-currency=CZK\"><strong data-start=\"965\" data-end=\"979\">Brusinky<\/strong><\/a> vytvo\u0159\u00ed sladkokysel\u00fd kontrast a v kombinaci s <a href=\"https:\/\/korenina.sk\/cs\/produkt\/mango-kandovane-platky\/?wmc-currency=CZK\"><strong data-start=\"1027\" data-end=\"1044\">Mango su\u0161en\u00fdm<\/strong><\/a> z\u00edsk\u00e1te exotickou ovocnou sm\u011bs.<\/p>\n<hr data-start=\"1076\" data-end=\"1079\" \/>\n<h3 data-start=\"1081\" data-end=\"1096\">Skladov\u00e1n\u00ed<\/h3>\n<p data-start=\"1098\" data-end=\"1260\">Uchov\u00e1vejte na such\u00e9m a chladn\u00e9m m\u00edst\u011b, mimo p\u0159\u00edm\u00e9 slune\u010dn\u00ed z\u00e1\u0159en\u00ed. Po otev\u0159en\u00ed doporu\u010dujeme dob\u0159e uzav\u0159\u00edt obal, aby si chipsy zachovaly svoji k\u0159upavost.<\/p>\n<p data-start=\"1262\" data-end=\"1392\" data-is-last-node=\"\" data-is-only-node=\"\">Ban\u00e1nov\u00e9 chipsy jsou jednoduchou a chutnou volbou pro ka\u017ed\u00e9ho, kdo si chce dop\u0159\u00e1t sladkou a k\u0159upavou pochoutku kdykoli b\u011bhem dne.<\/p>\n<\/div>\n<\/div>\n<\/div>\n<\/div>\n<div class=\"z-0 flex min-h-[46px] justify-start\"><\/div>\n<div class=\"mt-3 w-full empty:hidden\">\n<div class=\"text-center\"><\/div>\n<\/div>\n<\/div>\n<\/div>\n<\/article>\n<\/div>\n<div class=\"pointer-events-none h-px w-px absolute bottom-0\" aria-hidden=\"true\" data-edge=\"true\"><\/div>","protected":false},"excerpt":{"rendered":"<p><strong>Slo\u017een\u00ed:<\/strong><br \/>\nMusa acuminata, cukr<\/p>\n<p><strong>Zem\u011b p\u016fvodu:<\/strong><br \/>\nCosta Rica<\/p>\n<p><strong>Skladov\u00e1n\u00ed:<\/strong><br \/>\nSkladujte na such\u00e9m a tmav\u00e9m m\u00edst\u011b ve sklen\u011bn\u00e9 uzav\u00edrateln\u00e9 n\u00e1dob\u011b<\/p>\n<p><strong>Minim\u00e1ln\u00ed trvanlivost 12 m\u011bs\u00edc\u016f<\/strong><\/p>","protected":false},"featured_media":4699,"comment_status":"closed","ping_status":"closed","template":"","meta":[],"product_brand":[25],"product_cat":[115],"product_tag":[],"class_list":{"0":"post-2687","1":"product","2":"type-product","3":"status-publish","4":"has-post-thumbnail","6":"product_brand-korenina","7":"product_cat-susene-a-kandizovane-ovocie","9":"first","10":"instock","11":"shipping-taxable","12":"purchasable","13":"product-type-variable"},"yoast_head":"<!-- This site is optimized with the Yoast SEO plugin v27.0 - https:\/\/yoast.com\/product\/yoast-seo-wordpress\/ -->\n<title>Ban\u00e1nov\u00e9 chipsy\/pl\u00e1tky &#8211; Koreni.na<\/title>\n<meta name=\"description\" content=\"Chrumkav\u00e9 ban\u00e1nov\u00e9 chipsy\/pl\u00e1tky s\u00fa sladk\u00e9 a zdrav\u00e9, ide\u00e1lne ako snack alebo do ra\u0148ajkov\u00fdch m\u00fcsli, vhodn\u00e9 pre deti aj dospel\u00fdch.\" \/>\n<meta name=\"robots\" content=\"index, follow, max-snippet:-1, max-image-preview:large, max-video-preview:-1\" \/>\n<link rel=\"canonical\" href=\"https:\/\/korenina.sk\/cs\/produkt\/bananove-chipsy-platky\/?wmc-currency=CZK\" \/>\n<meta property=\"og:locale\" content=\"cs_CZ\" \/>\n<meta property=\"og:type\" content=\"article\" \/>\n<meta property=\"og:title\" content=\"Ban\u00e1nov\u00e9 chipsy\/pl\u00e1tky &#8211; Koreni.na\" \/>\n<meta property=\"og:description\" content=\"Chrumkav\u00e9 ban\u00e1nov\u00e9 chipsy\/pl\u00e1tky s\u00fa sladk\u00e9 a zdrav\u00e9, ide\u00e1lne ako snack alebo do ra\u0148ajkov\u00fdch m\u00fcsli, vhodn\u00e9 pre deti aj dospel\u00fdch.\" \/>\n<meta property=\"og:url\" content=\"https:\/\/korenina.sk\/cs\/produkt\/bananove-chipsy-platky\/?wmc-currency=CZK\" \/>\n<meta property=\"og:site_name\" content=\"Koreni.na\" \/>\n<meta property=\"article:modified_time\" content=\"2026-04-15T14:49:00+00:00\" \/>\n<meta property=\"og:image\" content=\"https:\/\/korenina.sk\/wp-content\/uploads\/2025\/09\/banan-suseny.webp\" \/>\n\t<meta property=\"og:image:width\" content=\"600\" \/>\n\t<meta property=\"og:image:height\" content=\"398\" \/>\n\t<meta property=\"og:image:type\" content=\"image\/webp\" \/>\n<meta name=\"twitter:card\" content=\"summary_large_image\" \/>\n<meta name=\"twitter:label1\" content=\"Odhadovan\u00e1 doba \u010dten\u00ed\" \/>\n\t<meta name=\"twitter:data1\" content=\"2 minuty\" \/>\n<script type=\"application\/ld+json\" class=\"yoast-schema-graph\">{\"@context\":\"https:\/\/schema.org\",\"@graph\":[{\"@type\":\"WebPage\",\"@id\":\"https:\/\/korenina.sk\/produkt\/bananove-chipsy-platky\/\",\"url\":\"https:\/\/korenina.sk\/produkt\/bananove-chipsy-platky\/\",\"name\":\"Ban\u00e1nov\u00e9 chipsy\/pl\u00e1tky &#8211; Koreni.na\",\"isPartOf\":{\"@id\":\"https:\/\/korenina.sk\/#website\"},\"primaryImageOfPage\":{\"@id\":\"https:\/\/korenina.sk\/produkt\/bananove-chipsy-platky\/#primaryimage\"},\"image\":{\"@id\":\"https:\/\/korenina.sk\/produkt\/bananove-chipsy-platky\/#primaryimage\"},\"thumbnailUrl\":\"https:\/\/korenina.sk\/wp-content\/uploads\/2025\/09\/banan-suseny.webp\",\"datePublished\":\"2025-09-25T15:37:37+00:00\",\"dateModified\":\"2026-04-15T14:49:00+00:00\",\"description\":\"Chrumkav\u00e9 ban\u00e1nov\u00e9 chipsy\/pl\u00e1tky s\u00fa sladk\u00e9 a zdrav\u00e9, ide\u00e1lne ako snack alebo do ra\u0148ajkov\u00fdch m\u00fcsli, vhodn\u00e9 pre deti aj dospel\u00fdch.\",\"breadcrumb\":{\"@id\":\"https:\/\/korenina.sk\/produkt\/bananove-chipsy-platky\/#breadcrumb\"},\"inLanguage\":\"cs\",\"potentialAction\":[{\"@type\":\"ReadAction\",\"target\":[\"https:\/\/korenina.sk\/produkt\/bananove-chipsy-platky\/\"]}]},{\"@type\":\"ImageObject\",\"inLanguage\":\"cs\",\"@id\":\"https:\/\/korenina.sk\/produkt\/bananove-chipsy-platky\/#primaryimage\",\"url\":\"https:\/\/korenina.sk\/wp-content\/uploads\/2025\/09\/banan-suseny.webp\",\"contentUrl\":\"https:\/\/korenina.sk\/wp-content\/uploads\/2025\/09\/banan-suseny.webp\",\"width\":600,\"height\":398,\"caption\":\"ban\u00e1n su\u0161en\u00fd\"},{\"@type\":\"BreadcrumbList\",\"@id\":\"https:\/\/korenina.sk\/produkt\/bananove-chipsy-platky\/#breadcrumb\",\"itemListElement\":[{\"@type\":\"ListItem\",\"position\":1,\"name\":\"Domovsk\u00e1 str\u00e1nka\",\"item\":\"https:\/\/korenina.sk\/\"},{\"@type\":\"ListItem\",\"position\":2,\"name\":\"Na\u0161e koreniny a su\u0161en\u00e9 plody\",\"item\":\"https:\/\/korenina.sk\/nase-produkty\/\"},{\"@type\":\"ListItem\",\"position\":3,\"name\":\"Ban\u00e1nov\u00e9 chipsy\/pl\u00e1tky \u2013 chrumkav\u00e9 a sladk\u00e9 snacky\"}]},{\"@type\":\"WebSite\",\"@id\":\"https:\/\/korenina.sk\/#website\",\"url\":\"https:\/\/korenina.sk\/\",\"name\":\"Koreni.na\",\"description\":\"Z\u00e1\u017eitok z toho prav\u00e9ho korenia\",\"publisher\":{\"@id\":\"https:\/\/korenina.sk\/#organization\"},\"potentialAction\":[{\"@type\":\"SearchAction\",\"target\":{\"@type\":\"EntryPoint\",\"urlTemplate\":\"https:\/\/korenina.sk\/?s={search_term_string}\"},\"query-input\":{\"@type\":\"PropertyValueSpecification\",\"valueRequired\":true,\"valueName\":\"search_term_string\"}}],\"inLanguage\":\"cs\"},{\"@type\":\"Organization\",\"@id\":\"https:\/\/korenina.sk\/#organization\",\"name\":\"Koreni.na\",\"url\":\"https:\/\/korenina.sk\/\",\"logo\":{\"@type\":\"ImageObject\",\"inLanguage\":\"cs\",\"@id\":\"https:\/\/korenina.sk\/#\/schema\/logo\/image\/\",\"url\":\"https:\/\/korenina.sk\/wp-content\/uploads\/2025\/02\/logo.svg\",\"contentUrl\":\"https:\/\/korenina.sk\/wp-content\/uploads\/2025\/02\/logo.svg\",\"width\":500,\"height\":80,\"caption\":\"Koreni.na\"},\"image\":{\"@id\":\"https:\/\/korenina.sk\/#\/schema\/logo\/image\/\"}}]}<\/script>\n<!-- \/ Yoast SEO plugin. -->","yoast_head_json":{"title":"Ban\u00e1nov\u00e9 chipsy\/pl\u00e1tky \u2013 Ko\u0159eni.na","description":"K\u0159upav\u00e9 ban\u00e1nov\u00e9 chipsy\/pl\u00e1tky jsou sladk\u00e9 a zdrav\u00e9, ide\u00e1ln\u00ed jako snack nebo do sn\u00edda\u0148ov\u00fdch m\u00fcsli, vhodn\u00e9 pro d\u011bti i dosp\u011bl\u00e9.","robots":{"index":"index","follow":"follow","max-snippet":"max-snippet:-1","max-image-preview":"max-image-preview:large","max-video-preview":"max-video-preview:-1"},"canonical":"https:\/\/korenina.sk\/cs\/produkt\/bananove-chipsy-platky\/?wmc-currency=CZK","og_locale":"cs_CZ","og_type":"article","og_title":"Ban\u00e1nov\u00e9 chipsy\/pl\u00e1tky &#8211; Koreni.na","og_description":"Chrumkav\u00e9 ban\u00e1nov\u00e9 chipsy\/pl\u00e1tky s\u00fa sladk\u00e9 a zdrav\u00e9, ide\u00e1lne ako snack alebo do ra\u0148ajkov\u00fdch m\u00fcsli, vhodn\u00e9 pre deti aj dospel\u00fdch.","og_url":"https:\/\/korenina.sk\/cs\/produkt\/bananove-chipsy-platky\/?wmc-currency=CZK","og_site_name":"Koreni.na","article_modified_time":"2026-04-15T14:49:00+00:00","og_image":[{"width":600,"height":398,"url":"https:\/\/korenina.sk\/wp-content\/uploads\/2025\/09\/banan-suseny.webp","type":"image\/webp"}],"twitter_card":"summary_large_image","twitter_misc":{"Odhadovan\u00e1 doba \u010dten\u00ed":"2 minuty"},"schema":{"@context":"https:\/\/schema.org","@graph":[{"@type":"WebPage","@id":"https:\/\/korenina.sk\/produkt\/bananove-chipsy-platky\/","url":"https:\/\/korenina.sk\/produkt\/bananove-chipsy-platky\/","name":"Ban\u00e1nov\u00e9 chipsy\/pl\u00e1tky \u2013 Ko\u0159eni.na","isPartOf":{"@id":"https:\/\/korenina.sk\/#website"},"primaryImageOfPage":{"@id":"https:\/\/korenina.sk\/produkt\/bananove-chipsy-platky\/#primaryimage"},"image":{"@id":"https:\/\/korenina.sk\/produkt\/bananove-chipsy-platky\/#primaryimage"},"thumbnailUrl":"https:\/\/korenina.sk\/wp-content\/uploads\/2025\/09\/banan-suseny.webp","datePublished":"2025-09-25T15:37:37+00:00","dateModified":"2026-04-15T14:49:00+00:00","description":"K\u0159upav\u00e9 ban\u00e1nov\u00e9 chipsy\/pl\u00e1tky jsou sladk\u00e9 a zdrav\u00e9, ide\u00e1ln\u00ed jako snack nebo do sn\u00edda\u0148ov\u00fdch m\u00fcsli, vhodn\u00e9 pro d\u011bti i dosp\u011bl\u00e9.","breadcrumb":{"@id":"https:\/\/korenina.sk\/produkt\/bananove-chipsy-platky\/#breadcrumb"},"inLanguage":"cs","potentialAction":[{"@type":"ReadAction","target":["https:\/\/korenina.sk\/produkt\/bananove-chipsy-platky\/"]}]},{"@type":"ImageObject","inLanguage":"cs","@id":"https:\/\/korenina.sk\/produkt\/bananove-chipsy-platky\/#primaryimage","url":"https:\/\/korenina.sk\/wp-content\/uploads\/2025\/09\/banan-suseny.webp","contentUrl":"https:\/\/korenina.sk\/wp-content\/uploads\/2025\/09\/banan-suseny.webp","width":600,"height":398,"caption":"ban\u00e1n su\u0161en\u00fd"},{"@type":"BreadcrumbList","@id":"https:\/\/korenina.sk\/produkt\/bananove-chipsy-platky\/#breadcrumb","itemListElement":[{"@type":"ListItem","position":1,"name":"Domovsk\u00e1 str\u00e1nka","item":"https:\/\/korenina.sk\/"},{"@type":"ListItem","position":2,"name":"Na\u0161e koreniny a su\u0161en\u00e9 plody","item":"https:\/\/korenina.sk\/nase-produkty\/"},{"@type":"ListItem","position":3,"name":"Ban\u00e1nov\u00e9 chipsy\/pl\u00e1tky \u2013 chrumkav\u00e9 a sladk\u00e9 snacky"}]},{"@type":"WebSite","@id":"https:\/\/korenina.sk\/#website","url":"https:\/\/korenina.sk\/","name":"Koreni.na","description":"Z\u00e1\u017eitek z toho prav\u00e9ho pep\u0159e","publisher":{"@id":"https:\/\/korenina.sk\/#organization"},"potentialAction":[{"@type":"SearchAction","target":{"@type":"EntryPoint","urlTemplate":"https:\/\/korenina.sk\/?s={search_term_string}"},"query-input":{"@type":"PropertyValueSpecification","valueRequired":true,"valueName":"search_term_string"}}],"inLanguage":"cs"},{"@type":"Organization","@id":"https:\/\/korenina.sk\/#organization","name":"Koreni.na","url":"https:\/\/korenina.sk\/","logo":{"@type":"ImageObject","inLanguage":"cs","@id":"https:\/\/korenina.sk\/#\/schema\/logo\/image\/","url":"https:\/\/korenina.sk\/wp-content\/uploads\/2025\/02\/logo.svg","contentUrl":"https:\/\/korenina.sk\/wp-content\/uploads\/2025\/02\/logo.svg","width":500,"height":80,"caption":"Koreni.na"},"image":{"@id":"https:\/\/korenina.sk\/#\/schema\/logo\/image\/"}}]}},"_links":{"self":[{"href":"https:\/\/korenina.sk\/cs\/wp-json\/wp\/v2\/product\/2687","targetHints":{"allow":["GET"]}}],"collection":[{"href":"https:\/\/korenina.sk\/cs\/wp-json\/wp\/v2\/product"}],"about":[{"href":"https:\/\/korenina.sk\/cs\/wp-json\/wp\/v2\/types\/product"}],"replies":[{"embeddable":true,"href":"https:\/\/korenina.sk\/cs\/wp-json\/wp\/v2\/comments?post=2687"}],"wp:featuredmedia":[{"embeddable":true,"href":"https:\/\/korenina.sk\/cs\/wp-json\/wp\/v2\/media\/4699"}],"wp:attachment":[{"href":"https:\/\/korenina.sk\/cs\/wp-json\/wp\/v2\/media?parent=2687"}],"wp:term":[{"taxonomy":"product_brand","embeddable":true,"href":"https:\/\/korenina.sk\/cs\/wp-json\/wp\/v2\/product_brand?post=2687"},{"taxonomy":"product_cat","embeddable":true,"href":"https:\/\/korenina.sk\/cs\/wp-json\/wp\/v2\/product_cat?post=2687"},{"taxonomy":"product_tag","embeddable":true,"href":"https:\/\/korenina.sk\/cs\/wp-json\/wp\/v2\/product_tag?post=2687"}],"curies":[{"name":"wp","href":"https:\/\/api.w.org\/{rel}","templated":true}]}}