{"id":2680,"date":"2025-09-25T17:04:15","date_gmt":"2025-09-25T15:04:15","guid":{"rendered":"https:\/\/korenina.sk\/?post_type=product&#038;p=2680"},"modified":"2026-04-15T16:49:01","modified_gmt":"2026-04-15T14:49:01","slug":"cervena-quinoa","status":"publish","type":"product","link":"https:\/\/korenina.sk\/cs\/produkt\/cervena-quinoa\/","title":{"rendered":"\u010cerven\u00e1 quinoa \u2013 bezlepkov\u00e1 superpotravina"},"content":{"rendered":"<p data-start=\"143\" data-end=\"368\"><strong data-start=\"143\" data-end=\"161\">\u010cerven\u00e1 quinoa<\/strong> je p\u0159irozen\u011b bezlepkov\u00e1 pseudoobilnina bohat\u00e1 na b\u00edlkoviny, vl\u00e1kninu a miner\u00e1ly. Oproti b\u00edl\u00e9 quinoe m\u00e1 v\u00fdrazn\u011bj\u0161\u00ed, jemn\u011b o\u0159\u00ed\u0161kovou chu\u0165 a pevn\u011bj\u0161\u00ed strukturu, d\u00edky \u010demu\u017e si l\u00e9pe dr\u017e\u00ed tvar po uva\u0159en\u00ed.<\/p>\n<p data-start=\"370\" data-end=\"481\">Je ide\u00e1ln\u00ed volbou pro aktivn\u00ed lidi, sportovce i ka\u017ed\u00e9ho, kdo hled\u00e1 zdrav\u011bj\u0161\u00ed alternativu klasick\u00fdch p\u0159\u00edloh.<\/p>\n<hr data-start=\"483\" data-end=\"486\" \/>\n<h3 data-start=\"488\" data-end=\"511\">Pro\u010d si ji vybrat?<\/h3>\n<p data-start=\"513\" data-end=\"641\">\u2714 p\u0159irozen\u011b bez lepku<br data-start=\"535\" data-end=\"538\" \/>\u2714 vysok\u00fd obsah rostlinn\u00fdch b\u00edlkovin<br data-start=\"574\" data-end=\"577\" \/>\u2714 zasyt\u00ed na del\u0161\u00ed dobu<br data-start=\"598\" data-end=\"601\" \/>\u2714 vhodn\u00e1 do tepl\u00e9 i studen\u00e9 kuchyn\u011b<\/p>\n<hr data-start=\"797\" data-end=\"800\" \/>\n<h3 data-start=\"802\" data-end=\"820\">Jak ji pou\u017e\u00edt?<\/h3>\n<p data-start=\"822\" data-end=\"1060\">V\u00fdborn\u011b se hod\u00ed do sal\u00e1t\u016f, zeleninov\u00fdch bowl misek, jako p\u0159\u00edloha k masu nebo tofu. M\u016f\u017ee\u0161 ji pou\u017e\u00edt i do pln\u011bn\u00fdch paprik, pol\u00e9vek nebo jako z\u00e1klad zdrav\u00e9ho ob\u011bda. Skv\u011ble chutn\u00e1 dochucen\u00e1 <a href=\"https:\/\/korenina.sk\/cs\/produkt\/rozmarin-mlety\/?wmc-currency=CZK\"><strong data-start=\"1011\" data-end=\"1032\">Rozmar\u00fdnem mlet\u00fdm<\/strong><\/a> nebo <a href=\"https:\/\/korenina.sk\/cs\/produkt\/oregano-drcene\/?wmc-currency=CZK\"><strong data-start=\"1039\" data-end=\"1059\">Oreganem drcen\u00fdm<\/strong><\/a>.<\/p>\n<hr data-start=\"1062\" data-end=\"1065\" \/>\n<h3 data-start=\"1067\" data-end=\"1084\">Kombinujte s:<\/h3>\n<p data-start=\"1086\" data-end=\"1311\">Pro barevnou kombinaci ji m\u016f\u017ee\u0161 spojit s <a href=\"https:\/\/korenina.sk\/cs\/produkt\/cerna-ryze\/?wmc-currency=CZK\"><strong data-start=\"1127\" data-end=\"1144\">\u010cernou r\u00fd\u017e\u00ed<\/strong><\/a>, kter\u00e1 dod\u00e1 j\u00eddlu v\u00fdrazn\u00fd kontrast. V\u00fdborn\u011b se dopl\u0148uje is <a href=\"https:\/\/korenina.sk\/cs\/produkt\/bulgur-psenicni\/?wmc-currency=CZK\"><strong data-start=\"1204\" data-end=\"1224\">Bulgur p\u0161eni\u010dn\u00fdm<\/strong><\/a>, pokud p\u0159ipravuje\u0161 m\u00edchan\u00e9 obilovinov\u00e9 sal\u00e1ty. K exotick\u00fdm recept\u016fm se hod\u00ed i <a href=\"https:\/\/korenina.sk\/cs\/produkt\/kuskus\/?wmc-currency=CZK\"><strong data-start=\"1300\" data-end=\"1310\">Kuskus<\/strong><\/a>.<\/p>","protected":false},"excerpt":{"rendered":"<p><strong>Slo\u017een\u00ed:<\/strong><br \/>\nChenopodium quinoa I.T\u0159\u00edda 100%<\/p>\n<p><strong>Zem\u011b p\u016fvodu:<\/strong><br \/>\nJi\u017en\u00ed Amerika<\/p>\n<p><strong>Skladov\u00e1n\u00ed:<\/strong><br \/>\nSkladujte na such\u00e9m a tmav\u00e9m m\u00edst\u011b ve sklen\u011bn\u00e9 uzav\u00edrateln\u00e9 n\u00e1dob\u011b<\/p>\n<p><strong>Minim\u00e1ln\u00ed trvanlivost 12 m\u011bs\u00edc\u016f<\/strong><\/p>","protected":false},"featured_media":4693,"comment_status":"closed","ping_status":"closed","template":"","meta":[],"product_brand":[25],"product_cat":[119],"product_tag":[],"class_list":{"0":"post-2680","1":"product","2":"type-product","3":"status-publish","4":"has-post-thumbnail","6":"product_brand-korenina","7":"product_cat-obilniny-a-ryza","9":"first","10":"instock","11":"shipping-taxable","12":"purchasable","13":"product-type-variable"},"yoast_head":"<!-- This site is optimized with the Yoast SEO plugin v27.0 - https:\/\/yoast.com\/product\/yoast-seo-wordpress\/ -->\n<title>\u010cerven\u00e1 quinoa \u2013 bezlepkov\u00e1 superpotravina &#8211; Koreni.na<\/title>\n<meta name=\"description\" content=\"\u010cerven\u00e1 quinoa \u2013 v\u00fd\u017eivn\u00e1 superpotravina bez lepku. Bohat\u00e1 na bielkoviny, vl\u00e1kninu a miner\u00e1ly, vhodn\u00e1 pre veg\u00e1nov, celiatikov aj \u0161portovcov.\" \/>\n<meta name=\"robots\" content=\"index, follow, max-snippet:-1, max-image-preview:large, max-video-preview:-1\" \/>\n<link rel=\"canonical\" href=\"https:\/\/korenina.sk\/cs\/produkt\/cervena-quinoa\/?wmc-currency=CZK\" \/>\n<meta property=\"og:locale\" content=\"cs_CZ\" \/>\n<meta property=\"og:type\" content=\"article\" \/>\n<meta property=\"og:title\" content=\"\u010cerven\u00e1 quinoa \u2013 bezlepkov\u00e1 superpotravina &#8211; Koreni.na\" \/>\n<meta property=\"og:description\" content=\"\u010cerven\u00e1 quinoa \u2013 v\u00fd\u017eivn\u00e1 superpotravina bez lepku. Bohat\u00e1 na bielkoviny, vl\u00e1kninu a miner\u00e1ly, vhodn\u00e1 pre veg\u00e1nov, celiatikov aj \u0161portovcov.\" \/>\n<meta property=\"og:url\" content=\"https:\/\/korenina.sk\/cs\/produkt\/cervena-quinoa\/?wmc-currency=CZK\" \/>\n<meta property=\"og:site_name\" content=\"Koreni.na\" \/>\n<meta property=\"article:modified_time\" content=\"2026-04-15T14:49:01+00:00\" \/>\n<meta property=\"og:image\" content=\"https:\/\/korenina.sk\/wp-content\/uploads\/2025\/09\/quinoa-cervena.webp\" \/>\n\t<meta property=\"og:image:width\" content=\"600\" \/>\n\t<meta property=\"og:image:height\" content=\"527\" \/>\n\t<meta property=\"og:image:type\" content=\"image\/webp\" \/>\n<meta name=\"twitter:card\" content=\"summary_large_image\" \/>\n<meta name=\"twitter:label1\" content=\"Odhadovan\u00e1 doba \u010dten\u00ed\" \/>\n\t<meta name=\"twitter:data1\" content=\"1 minuta\" \/>\n<script type=\"application\/ld+json\" class=\"yoast-schema-graph\">{\"@context\":\"https:\/\/schema.org\",\"@graph\":[{\"@type\":\"WebPage\",\"@id\":\"https:\/\/korenina.sk\/produkt\/cervena-quinoa\/\",\"url\":\"https:\/\/korenina.sk\/produkt\/cervena-quinoa\/\",\"name\":\"\u010cerven\u00e1 quinoa \u2013 bezlepkov\u00e1 superpotravina &#8211; Koreni.na\",\"isPartOf\":{\"@id\":\"https:\/\/korenina.sk\/#website\"},\"primaryImageOfPage\":{\"@id\":\"https:\/\/korenina.sk\/produkt\/cervena-quinoa\/#primaryimage\"},\"image\":{\"@id\":\"https:\/\/korenina.sk\/produkt\/cervena-quinoa\/#primaryimage\"},\"thumbnailUrl\":\"https:\/\/korenina.sk\/wp-content\/uploads\/2025\/09\/quinoa-cervena.webp\",\"datePublished\":\"2025-09-25T15:04:15+00:00\",\"dateModified\":\"2026-04-15T14:49:01+00:00\",\"description\":\"\u010cerven\u00e1 quinoa \u2013 v\u00fd\u017eivn\u00e1 superpotravina bez lepku. Bohat\u00e1 na bielkoviny, vl\u00e1kninu a miner\u00e1ly, vhodn\u00e1 pre veg\u00e1nov, celiatikov aj \u0161portovcov.\",\"breadcrumb\":{\"@id\":\"https:\/\/korenina.sk\/produkt\/cervena-quinoa\/#breadcrumb\"},\"inLanguage\":\"cs\",\"potentialAction\":[{\"@type\":\"ReadAction\",\"target\":[\"https:\/\/korenina.sk\/produkt\/cervena-quinoa\/\"]}]},{\"@type\":\"ImageObject\",\"inLanguage\":\"cs\",\"@id\":\"https:\/\/korenina.sk\/produkt\/cervena-quinoa\/#primaryimage\",\"url\":\"https:\/\/korenina.sk\/wp-content\/uploads\/2025\/09\/quinoa-cervena.webp\",\"contentUrl\":\"https:\/\/korenina.sk\/wp-content\/uploads\/2025\/09\/quinoa-cervena.webp\",\"width\":600,\"height\":527,\"caption\":\"quinoa \u010derven\u00e1\"},{\"@type\":\"BreadcrumbList\",\"@id\":\"https:\/\/korenina.sk\/produkt\/cervena-quinoa\/#breadcrumb\",\"itemListElement\":[{\"@type\":\"ListItem\",\"position\":1,\"name\":\"Domovsk\u00e1 str\u00e1nka\",\"item\":\"https:\/\/korenina.sk\/\"},{\"@type\":\"ListItem\",\"position\":2,\"name\":\"Na\u0161e koreniny a su\u0161en\u00e9 plody\",\"item\":\"https:\/\/korenina.sk\/nase-produkty\/\"},{\"@type\":\"ListItem\",\"position\":3,\"name\":\"\u010cerven\u00e1 quinoa \u2013 bezlepkov\u00e1 superpotravina\"}]},{\"@type\":\"WebSite\",\"@id\":\"https:\/\/korenina.sk\/#website\",\"url\":\"https:\/\/korenina.sk\/\",\"name\":\"Koreni.na\",\"description\":\"Z\u00e1\u017eitok z toho prav\u00e9ho korenia\",\"publisher\":{\"@id\":\"https:\/\/korenina.sk\/#organization\"},\"potentialAction\":[{\"@type\":\"SearchAction\",\"target\":{\"@type\":\"EntryPoint\",\"urlTemplate\":\"https:\/\/korenina.sk\/?s={search_term_string}\"},\"query-input\":{\"@type\":\"PropertyValueSpecification\",\"valueRequired\":true,\"valueName\":\"search_term_string\"}}],\"inLanguage\":\"cs\"},{\"@type\":\"Organization\",\"@id\":\"https:\/\/korenina.sk\/#organization\",\"name\":\"Koreni.na\",\"url\":\"https:\/\/korenina.sk\/\",\"logo\":{\"@type\":\"ImageObject\",\"inLanguage\":\"cs\",\"@id\":\"https:\/\/korenina.sk\/#\/schema\/logo\/image\/\",\"url\":\"https:\/\/korenina.sk\/wp-content\/uploads\/2025\/02\/logo.svg\",\"contentUrl\":\"https:\/\/korenina.sk\/wp-content\/uploads\/2025\/02\/logo.svg\",\"width\":500,\"height\":80,\"caption\":\"Koreni.na\"},\"image\":{\"@id\":\"https:\/\/korenina.sk\/#\/schema\/logo\/image\/\"}}]}<\/script>\n<!-- \/ Yoast SEO plugin. -->","yoast_head_json":{"title":"\u010cerven\u00e1 quinoa \u2013 bezlepkov\u00e1 superpotravina \u2013 Ko\u0159eni.na","description":"\u010cerven\u00e1 quinoa \u2013 v\u00fd\u017eivn\u00e1 superpotravina bez lepku. Bohat\u00e1 na b\u00edlkoviny, vl\u00e1kninu a miner\u00e1ly, vhodn\u00e1 pro vegany, celiatiky i sportovce.","robots":{"index":"index","follow":"follow","max-snippet":"max-snippet:-1","max-image-preview":"max-image-preview:large","max-video-preview":"max-video-preview:-1"},"canonical":"https:\/\/korenina.sk\/cs\/produkt\/cervena-quinoa\/?wmc-currency=CZK","og_locale":"cs_CZ","og_type":"article","og_title":"\u010cerven\u00e1 quinoa \u2013 bezlepkov\u00e1 superpotravina &#8211; Koreni.na","og_description":"\u010cerven\u00e1 quinoa \u2013 v\u00fd\u017eivn\u00e1 superpotravina bez lepku. Bohat\u00e1 na bielkoviny, vl\u00e1kninu a miner\u00e1ly, vhodn\u00e1 pre veg\u00e1nov, celiatikov aj \u0161portovcov.","og_url":"https:\/\/korenina.sk\/cs\/produkt\/cervena-quinoa\/?wmc-currency=CZK","og_site_name":"Koreni.na","article_modified_time":"2026-04-15T14:49:01+00:00","og_image":[{"width":600,"height":527,"url":"https:\/\/korenina.sk\/wp-content\/uploads\/2025\/09\/quinoa-cervena.webp","type":"image\/webp"}],"twitter_card":"summary_large_image","twitter_misc":{"Odhadovan\u00e1 doba \u010dten\u00ed":"1 minuta"},"schema":{"@context":"https:\/\/schema.org","@graph":[{"@type":"WebPage","@id":"https:\/\/korenina.sk\/produkt\/cervena-quinoa\/","url":"https:\/\/korenina.sk\/produkt\/cervena-quinoa\/","name":"\u010cerven\u00e1 quinoa \u2013 bezlepkov\u00e1 superpotravina \u2013 Ko\u0159eni.na","isPartOf":{"@id":"https:\/\/korenina.sk\/#website"},"primaryImageOfPage":{"@id":"https:\/\/korenina.sk\/produkt\/cervena-quinoa\/#primaryimage"},"image":{"@id":"https:\/\/korenina.sk\/produkt\/cervena-quinoa\/#primaryimage"},"thumbnailUrl":"https:\/\/korenina.sk\/wp-content\/uploads\/2025\/09\/quinoa-cervena.webp","datePublished":"2025-09-25T15:04:15+00:00","dateModified":"2026-04-15T14:49:01+00:00","description":"\u010cerven\u00e1 quinoa \u2013 v\u00fd\u017eivn\u00e1 superpotravina bez lepku. Bohat\u00e1 na b\u00edlkoviny, vl\u00e1kninu a miner\u00e1ly, vhodn\u00e1 pro vegany, celiatiky i sportovce.","breadcrumb":{"@id":"https:\/\/korenina.sk\/produkt\/cervena-quinoa\/#breadcrumb"},"inLanguage":"cs","potentialAction":[{"@type":"ReadAction","target":["https:\/\/korenina.sk\/produkt\/cervena-quinoa\/"]}]},{"@type":"ImageObject","inLanguage":"cs","@id":"https:\/\/korenina.sk\/produkt\/cervena-quinoa\/#primaryimage","url":"https:\/\/korenina.sk\/wp-content\/uploads\/2025\/09\/quinoa-cervena.webp","contentUrl":"https:\/\/korenina.sk\/wp-content\/uploads\/2025\/09\/quinoa-cervena.webp","width":600,"height":527,"caption":"quinoa \u010derven\u00e1"},{"@type":"BreadcrumbList","@id":"https:\/\/korenina.sk\/produkt\/cervena-quinoa\/#breadcrumb","itemListElement":[{"@type":"ListItem","position":1,"name":"Domovsk\u00e1 str\u00e1nka","item":"https:\/\/korenina.sk\/"},{"@type":"ListItem","position":2,"name":"Na\u0161e koreniny a su\u0161en\u00e9 plody","item":"https:\/\/korenina.sk\/nase-produkty\/"},{"@type":"ListItem","position":3,"name":"\u010cerven\u00e1 quinoa \u2013 bezlepkov\u00e1 superpotravina"}]},{"@type":"WebSite","@id":"https:\/\/korenina.sk\/#website","url":"https:\/\/korenina.sk\/","name":"Koreni.na","description":"Z\u00e1\u017eitek z toho prav\u00e9ho pep\u0159e","publisher":{"@id":"https:\/\/korenina.sk\/#organization"},"potentialAction":[{"@type":"SearchAction","target":{"@type":"EntryPoint","urlTemplate":"https:\/\/korenina.sk\/?s={search_term_string}"},"query-input":{"@type":"PropertyValueSpecification","valueRequired":true,"valueName":"search_term_string"}}],"inLanguage":"cs"},{"@type":"Organization","@id":"https:\/\/korenina.sk\/#organization","name":"Koreni.na","url":"https:\/\/korenina.sk\/","logo":{"@type":"ImageObject","inLanguage":"cs","@id":"https:\/\/korenina.sk\/#\/schema\/logo\/image\/","url":"https:\/\/korenina.sk\/wp-content\/uploads\/2025\/02\/logo.svg","contentUrl":"https:\/\/korenina.sk\/wp-content\/uploads\/2025\/02\/logo.svg","width":500,"height":80,"caption":"Koreni.na"},"image":{"@id":"https:\/\/korenina.sk\/#\/schema\/logo\/image\/"}}]}},"_links":{"self":[{"href":"https:\/\/korenina.sk\/cs\/wp-json\/wp\/v2\/product\/2680","targetHints":{"allow":["GET"]}}],"collection":[{"href":"https:\/\/korenina.sk\/cs\/wp-json\/wp\/v2\/product"}],"about":[{"href":"https:\/\/korenina.sk\/cs\/wp-json\/wp\/v2\/types\/product"}],"replies":[{"embeddable":true,"href":"https:\/\/korenina.sk\/cs\/wp-json\/wp\/v2\/comments?post=2680"}],"wp:featuredmedia":[{"embeddable":true,"href":"https:\/\/korenina.sk\/cs\/wp-json\/wp\/v2\/media\/4693"}],"wp:attachment":[{"href":"https:\/\/korenina.sk\/cs\/wp-json\/wp\/v2\/media?parent=2680"}],"wp:term":[{"taxonomy":"product_brand","embeddable":true,"href":"https:\/\/korenina.sk\/cs\/wp-json\/wp\/v2\/product_brand?post=2680"},{"taxonomy":"product_cat","embeddable":true,"href":"https:\/\/korenina.sk\/cs\/wp-json\/wp\/v2\/product_cat?post=2680"},{"taxonomy":"product_tag","embeddable":true,"href":"https:\/\/korenina.sk\/cs\/wp-json\/wp\/v2\/product_tag?post=2680"}],"curies":[{"name":"wp","href":"https:\/\/api.w.org\/{rel}","templated":true}]}}