{"id":268,"date":"2025-02-17T17:20:59","date_gmt":"2025-02-17T16:20:59","guid":{"rendered":"https:\/\/korenina.sk\/?post_type=product&#038;p=268"},"modified":"2026-04-25T08:43:16","modified_gmt":"2026-04-25T06:43:16","slug":"pepr-mlety","status":"publish","type":"product","link":"https:\/\/korenina.sk\/cs\/produkt\/pepr-mlety\/","title":{"rendered":"\u010cern\u00fd pep\u0159 mlet\u00fd"},"content":{"rendered":"<p data-start=\"0\" data-end=\"264\"><strong data-start=\"0\" data-end=\"24\">\u010cern\u00fd pep\u0159 mlet\u00fd<\/strong> je vyrobeno z kvalitn\u00edch cel\u00fdch bobul\u00ed, kter\u00e9 jsou jemn\u011b pomlet\u00e9 pro okam\u017eit\u00e9 uvoln\u011bn\u00ed intenzivn\u00edho aroma a charakteristick\u00e9 ko\u0159en\u011bn\u00e9 chuti. D\u00edky jemn\u00e9 konzistenci se rychle spoj\u00ed s ostatn\u00edmi surovinami a rovnom\u011brn\u011b dochut\u00ed ka\u017ed\u00e9 j\u00eddlo.<\/p>\n<p data-start=\"266\" data-end=\"441\">Je ide\u00e1ln\u00ed do pol\u00e9vek, om\u00e1\u010dek, du\u0161en\u00e9ho masa, marin\u00e1d, p\u0159i pe\u010den\u00ed i do dom\u00e1c\u00edch ko\u0159eninov\u00fdch sm\u011bs\u00ed. Praktick\u00e1 forma umo\u017e\u0148uje rychl\u00e9 a pohodln\u00e9 pou\u017eit\u00ed bez pot\u0159eby ml\u00fdnku.<\/p>\n<hr data-start=\"443\" data-end=\"446\" \/>\n<h3 data-start=\"448\" data-end=\"494\">Pro\u010d si vybrat n\u00e1\u0161 mlet\u00fd pep\u0159?<\/h3>\n<p data-start=\"496\" data-end=\"684\">\u2714 100 % p\u0159\u00edrodn\u00ed ko\u0159en\u00ed \u2013 bez p\u0159\u00eddatn\u00fdch l\u00e1tek<br data-start=\"543\" data-end=\"546\" \/>\u2714 Jemn\u00e9 mlet\u00ed pro okam\u017eit\u00e9 uvoln\u011bn\u00ed aroma<br data-start=\"589\" data-end=\"592\" \/>\u2714 Intenzivn\u00ed, charakteristick\u00e1 \u010dern\u00e1 ko\u0159en\u011bn\u00e1 chu\u0165<br data-start=\"644\" data-end=\"647\" \/>\u2714 Praktick\u00e9 a snadn\u00e9 d\u00e1vkov\u00e1n\u00ed<\/p>\n<p data-start=\"686\" data-end=\"741\">Vyrobeno je z kvalitn\u00edch cel\u00fdch bobul\u00ed \u2013 ne z odpadu.<\/p>\n<p data-start=\"743\" data-end=\"916\">Nab\u00edz\u00ed siln\u00e9 aroma, kter\u00e9 z\u00e1kazn\u00edci vyhled\u00e1vaj\u00ed p\u0159i ka\u017edodenn\u00edm va\u0159en\u00ed i profesion\u00e1ln\u00ed gastronomii. Stabiln\u00ed kvalita a \u010derstv\u00e1 chu\u0165 zaru\u010duj\u00ed autentick\u00fd kulin\u00e1\u0159sk\u00fd z\u00e1\u017eitek.<\/p>\n<hr data-start=\"918\" data-end=\"921\" \/>\n<h3 data-start=\"923\" data-end=\"941\">Jak jej pou\u017e\u00edt?<\/h3>\n<p data-start=\"943\" data-end=\"1147\">P\u0159idej jej p\u0159\u00edmo do v\u00fdvar\u016f, om\u00e1\u010dek, gul\u00e1\u0161\u016f, masn\u00fdch sm\u011bs\u00ed nebo marin\u00e1d. Skv\u011ble se hod\u00ed tak\u00e9 k dochucen\u00ed pe\u010den\u00e9ho masa, zeleniny \u010di t\u011bstovin. Sta\u010d\u00ed mal\u00e9 mno\u017estv\u00ed ke zv\u00fdrazn\u011bn\u00ed p\u0159irozen\u00e9 chuti j\u00eddla.<\/p>\n<hr data-start=\"1149\" data-end=\"1152\" \/>\n<h3 data-start=\"1154\" data-end=\"1182\">Doporu\u010dujeme kombinovat s:<\/h3>\n<p data-start=\"1184\" data-end=\"1326\">Do tradi\u010dn\u00edch du\u0161en\u00fdch j\u00eddel ho zkombinuj s <a href=\"https:\/\/korenina.sk\/cs\/produkt\/bobkovy-list\/?wmc-currency=CZK\"><strong data-start=\"1228\" data-end=\"1253\">Bobkov\u00fdm listem cel\u00fdm<\/strong><\/a>.<br data-start=\"1254\" data-end=\"1257\" \/>Do aromatick\u00fdch masn\u00fdch sm\u011bs\u00ed se v\u00fdborn\u011b dopl\u0148uje s <a href=\"https:\/\/korenina.sk\/cs\/produkt\/kmin-mleta\/?wmc-currency=CZK\"><strong data-start=\"1308\" data-end=\"1325\">Km\u00ednem mletou<\/strong><\/a>.<\/p>","protected":false},"excerpt":{"rendered":"<p><strong>Slo\u017een\u00ed:<\/strong><br \/>\nPiper nigrum su\u0161en\u00e9 mlet\u00e9 I.T\u0159\u00edda 100%<\/p>\n<p><strong>Zem\u011b p\u016fvodu:<\/strong><br \/>\nIndie<\/p>\n<p><strong>Skladov\u00e1n\u00ed:<\/strong><br \/>\nSkladujte na such\u00e9m a tmav\u00e9m m\u00edst\u011b ve sklen\u011bn\u00e9 uzav\u00edrateln\u00e9 n\u00e1dob\u011b<\/p>\n<p><strong>Minim\u00e1ln\u00ed trvanlivost 12 m\u011bs\u00edc\u016f<\/strong><\/p>","protected":false},"featured_media":6447,"comment_status":"closed","ping_status":"closed","template":"","meta":[],"product_brand":[25],"product_cat":[38],"product_tag":[106],"class_list":{"0":"post-268","1":"product","2":"type-product","3":"status-publish","4":"has-post-thumbnail","6":"product_brand-korenina","7":"product_cat-mlete-korenie","8":"product_tag-exoticke-korenie","10":"first","11":"instock","12":"sale","13":"shipping-taxable","14":"purchasable","15":"product-type-variable"},"yoast_head":"<!-- This site is optimized with the Yoast SEO plugin v27.0 - https:\/\/yoast.com\/product\/yoast-seo-wordpress\/ -->\n<title>\u010cierne korenie mlet\u00e9 &#8211; Koreni.na<\/title>\n<meta name=\"description\" content=\"Mlet\u00e9 \u010dierne korenie s intenz\u00edvnou ar\u00f3mou a chu\u0165ou. Ide\u00e1lne do polievok, om\u00e1\u010dok, marin\u00e1d a pe\u010den\u00e9ho m\u00e4sa. 100% pr\u00edrodn\u00e9 a kvalitn\u00e9.\" \/>\n<meta name=\"robots\" content=\"index, follow, max-snippet:-1, max-image-preview:large, max-video-preview:-1\" \/>\n<link rel=\"canonical\" href=\"https:\/\/korenina.sk\/cs\/produkt\/pepr-mlety\/?wmc-currency=CZK\" \/>\n<meta property=\"og:locale\" content=\"cs_CZ\" \/>\n<meta property=\"og:type\" content=\"article\" \/>\n<meta property=\"og:title\" content=\"\u010cierne korenie mlet\u00e9 &#8211; Koreni.na\" \/>\n<meta property=\"og:description\" content=\"Mlet\u00e9 \u010dierne korenie s intenz\u00edvnou ar\u00f3mou a chu\u0165ou. Ide\u00e1lne do polievok, om\u00e1\u010dok, marin\u00e1d a pe\u010den\u00e9ho m\u00e4sa. 100% pr\u00edrodn\u00e9 a kvalitn\u00e9.\" \/>\n<meta property=\"og:url\" content=\"https:\/\/korenina.sk\/cs\/produkt\/pepr-mlety\/?wmc-currency=CZK\" \/>\n<meta property=\"og:site_name\" content=\"Koreni.na\" \/>\n<meta property=\"article:modified_time\" content=\"2026-04-25T06:43:16+00:00\" \/>\n<meta property=\"og:image\" content=\"https:\/\/korenina.sk\/wp-content\/uploads\/2025\/02\/pepr-cerny-mlety.jpg\" \/>\n\t<meta property=\"og:image:width\" content=\"330\" \/>\n\t<meta property=\"og:image:height\" content=\"250\" \/>\n\t<meta property=\"og:image:type\" content=\"image\/jpeg\" \/>\n<meta name=\"twitter:card\" content=\"summary_large_image\" \/>\n<meta name=\"twitter:label1\" content=\"Odhadovan\u00e1 doba \u010dten\u00ed\" \/>\n\t<meta name=\"twitter:data1\" content=\"2 minuty\" \/>\n<script type=\"application\/ld+json\" class=\"yoast-schema-graph\">{\"@context\":\"https:\/\/schema.org\",\"@graph\":[{\"@type\":\"WebPage\",\"@id\":\"https:\/\/korenina.sk\/produkt\/cierne-korenie-mlete\/\",\"url\":\"https:\/\/korenina.sk\/produkt\/cierne-korenie-mlete\/\",\"name\":\"\u010cierne korenie mlet\u00e9 &#8211; Koreni.na\",\"isPartOf\":{\"@id\":\"https:\/\/korenina.sk\/#website\"},\"primaryImageOfPage\":{\"@id\":\"https:\/\/korenina.sk\/produkt\/cierne-korenie-mlete\/#primaryimage\"},\"image\":{\"@id\":\"https:\/\/korenina.sk\/produkt\/cierne-korenie-mlete\/#primaryimage\"},\"thumbnailUrl\":\"https:\/\/korenina.sk\/wp-content\/uploads\/2025\/02\/pepr-cerny-mlety.jpg\",\"datePublished\":\"2025-02-17T16:20:59+00:00\",\"dateModified\":\"2026-04-25T06:43:16+00:00\",\"description\":\"Mlet\u00e9 \u010dierne korenie s intenz\u00edvnou ar\u00f3mou a chu\u0165ou. Ide\u00e1lne do polievok, om\u00e1\u010dok, marin\u00e1d a pe\u010den\u00e9ho m\u00e4sa. 100% pr\u00edrodn\u00e9 a kvalitn\u00e9.\",\"breadcrumb\":{\"@id\":\"https:\/\/korenina.sk\/produkt\/cierne-korenie-mlete\/#breadcrumb\"},\"inLanguage\":\"cs\",\"potentialAction\":[{\"@type\":\"ReadAction\",\"target\":[\"https:\/\/korenina.sk\/produkt\/cierne-korenie-mlete\/\"]}]},{\"@type\":\"ImageObject\",\"inLanguage\":\"cs\",\"@id\":\"https:\/\/korenina.sk\/produkt\/cierne-korenie-mlete\/#primaryimage\",\"url\":\"https:\/\/korenina.sk\/wp-content\/uploads\/2025\/02\/pepr-cerny-mlety.jpg\",\"contentUrl\":\"https:\/\/korenina.sk\/wp-content\/uploads\/2025\/02\/pepr-cerny-mlety.jpg\",\"width\":330,\"height\":250},{\"@type\":\"BreadcrumbList\",\"@id\":\"https:\/\/korenina.sk\/produkt\/cierne-korenie-mlete\/#breadcrumb\",\"itemListElement\":[{\"@type\":\"ListItem\",\"position\":1,\"name\":\"Domovsk\u00e1 str\u00e1nka\",\"item\":\"https:\/\/korenina.sk\/\"},{\"@type\":\"ListItem\",\"position\":2,\"name\":\"Na\u0161e koreniny a su\u0161en\u00e9 plody\",\"item\":\"https:\/\/korenina.sk\/nase-produkty\/\"},{\"@type\":\"ListItem\",\"position\":3,\"name\":\"\u010cierne korenie mlet\u00e9\"}]},{\"@type\":\"WebSite\",\"@id\":\"https:\/\/korenina.sk\/#website\",\"url\":\"https:\/\/korenina.sk\/\",\"name\":\"Koreni.na\",\"description\":\"Z\u00e1\u017eitok z toho prav\u00e9ho korenia\",\"publisher\":{\"@id\":\"https:\/\/korenina.sk\/#organization\"},\"potentialAction\":[{\"@type\":\"SearchAction\",\"target\":{\"@type\":\"EntryPoint\",\"urlTemplate\":\"https:\/\/korenina.sk\/?s={search_term_string}\"},\"query-input\":{\"@type\":\"PropertyValueSpecification\",\"valueRequired\":true,\"valueName\":\"search_term_string\"}}],\"inLanguage\":\"cs\"},{\"@type\":\"Organization\",\"@id\":\"https:\/\/korenina.sk\/#organization\",\"name\":\"Koreni.na\",\"url\":\"https:\/\/korenina.sk\/\",\"logo\":{\"@type\":\"ImageObject\",\"inLanguage\":\"cs\",\"@id\":\"https:\/\/korenina.sk\/#\/schema\/logo\/image\/\",\"url\":\"https:\/\/korenina.sk\/wp-content\/uploads\/2025\/02\/logo.svg\",\"contentUrl\":\"https:\/\/korenina.sk\/wp-content\/uploads\/2025\/02\/logo.svg\",\"width\":500,\"height\":80,\"caption\":\"Koreni.na\"},\"image\":{\"@id\":\"https:\/\/korenina.sk\/#\/schema\/logo\/image\/\"}}]}<\/script>\n<!-- \/ Yoast SEO plugin. -->","yoast_head_json":{"title":"\u010cern\u00fd pep\u0159 mlet\u00fd \u2013 Ko\u0159eni.","description":"Mlet\u00fd pep\u0159 s intenzivn\u00edm aroma a chut\u00ed. Ide\u00e1ln\u00ed do pol\u00e9vek, om\u00e1\u010dek, marin\u00e1d a pe\u010den\u00e9ho masa. 100% p\u0159\u00edrodn\u00ed a kvalitn\u00ed.","robots":{"index":"index","follow":"follow","max-snippet":"max-snippet:-1","max-image-preview":"max-image-preview:large","max-video-preview":"max-video-preview:-1"},"canonical":"https:\/\/korenina.sk\/cs\/produkt\/pepr-mlety\/?wmc-currency=CZK","og_locale":"cs_CZ","og_type":"article","og_title":"\u010cierne korenie mlet\u00e9 &#8211; Koreni.na","og_description":"Mlet\u00e9 \u010dierne korenie s intenz\u00edvnou ar\u00f3mou a chu\u0165ou. Ide\u00e1lne do polievok, om\u00e1\u010dok, marin\u00e1d a pe\u010den\u00e9ho m\u00e4sa. 100% pr\u00edrodn\u00e9 a kvalitn\u00e9.","og_url":"https:\/\/korenina.sk\/cs\/produkt\/pepr-mlety\/?wmc-currency=CZK","og_site_name":"Koreni.na","article_modified_time":"2026-04-25T06:43:16+00:00","og_image":[{"width":330,"height":250,"url":"https:\/\/korenina.sk\/wp-content\/uploads\/2025\/02\/pepr-cerny-mlety.jpg","type":"image\/jpeg"}],"twitter_card":"summary_large_image","twitter_misc":{"Odhadovan\u00e1 doba \u010dten\u00ed":"2 minuty"},"schema":{"@context":"https:\/\/schema.org","@graph":[{"@type":"WebPage","@id":"https:\/\/korenina.sk\/produkt\/cierne-korenie-mlete\/","url":"https:\/\/korenina.sk\/produkt\/cierne-korenie-mlete\/","name":"\u010cern\u00fd pep\u0159 mlet\u00fd \u2013 Ko\u0159eni.","isPartOf":{"@id":"https:\/\/korenina.sk\/#website"},"primaryImageOfPage":{"@id":"https:\/\/korenina.sk\/produkt\/cierne-korenie-mlete\/#primaryimage"},"image":{"@id":"https:\/\/korenina.sk\/produkt\/cierne-korenie-mlete\/#primaryimage"},"thumbnailUrl":"https:\/\/korenina.sk\/wp-content\/uploads\/2025\/02\/pepr-cerny-mlety.jpg","datePublished":"2025-02-17T16:20:59+00:00","dateModified":"2026-04-25T06:43:16+00:00","description":"Mlet\u00fd pep\u0159 s intenzivn\u00edm aroma a chut\u00ed. Ide\u00e1ln\u00ed do pol\u00e9vek, om\u00e1\u010dek, marin\u00e1d a pe\u010den\u00e9ho masa. 100% p\u0159\u00edrodn\u00ed a kvalitn\u00ed.","breadcrumb":{"@id":"https:\/\/korenina.sk\/produkt\/cierne-korenie-mlete\/#breadcrumb"},"inLanguage":"cs","potentialAction":[{"@type":"ReadAction","target":["https:\/\/korenina.sk\/produkt\/cierne-korenie-mlete\/"]}]},{"@type":"ImageObject","inLanguage":"cs","@id":"https:\/\/korenina.sk\/produkt\/cierne-korenie-mlete\/#primaryimage","url":"https:\/\/korenina.sk\/wp-content\/uploads\/2025\/02\/pepr-cerny-mlety.jpg","contentUrl":"https:\/\/korenina.sk\/wp-content\/uploads\/2025\/02\/pepr-cerny-mlety.jpg","width":330,"height":250},{"@type":"BreadcrumbList","@id":"https:\/\/korenina.sk\/produkt\/cierne-korenie-mlete\/#breadcrumb","itemListElement":[{"@type":"ListItem","position":1,"name":"Domovsk\u00e1 str\u00e1nka","item":"https:\/\/korenina.sk\/"},{"@type":"ListItem","position":2,"name":"Na\u0161e koreniny a su\u0161en\u00e9 plody","item":"https:\/\/korenina.sk\/nase-produkty\/"},{"@type":"ListItem","position":3,"name":"\u010cierne korenie mlet\u00e9"}]},{"@type":"WebSite","@id":"https:\/\/korenina.sk\/#website","url":"https:\/\/korenina.sk\/","name":"Koreni.na","description":"Z\u00e1\u017eitek z toho prav\u00e9ho pep\u0159e","publisher":{"@id":"https:\/\/korenina.sk\/#organization"},"potentialAction":[{"@type":"SearchAction","target":{"@type":"EntryPoint","urlTemplate":"https:\/\/korenina.sk\/?s={search_term_string}"},"query-input":{"@type":"PropertyValueSpecification","valueRequired":true,"valueName":"search_term_string"}}],"inLanguage":"cs"},{"@type":"Organization","@id":"https:\/\/korenina.sk\/#organization","name":"Koreni.na","url":"https:\/\/korenina.sk\/","logo":{"@type":"ImageObject","inLanguage":"cs","@id":"https:\/\/korenina.sk\/#\/schema\/logo\/image\/","url":"https:\/\/korenina.sk\/wp-content\/uploads\/2025\/02\/logo.svg","contentUrl":"https:\/\/korenina.sk\/wp-content\/uploads\/2025\/02\/logo.svg","width":500,"height":80,"caption":"Koreni.na"},"image":{"@id":"https:\/\/korenina.sk\/#\/schema\/logo\/image\/"}}]}},"_links":{"self":[{"href":"https:\/\/korenina.sk\/cs\/wp-json\/wp\/v2\/product\/268","targetHints":{"allow":["GET"]}}],"collection":[{"href":"https:\/\/korenina.sk\/cs\/wp-json\/wp\/v2\/product"}],"about":[{"href":"https:\/\/korenina.sk\/cs\/wp-json\/wp\/v2\/types\/product"}],"replies":[{"embeddable":true,"href":"https:\/\/korenina.sk\/cs\/wp-json\/wp\/v2\/comments?post=268"}],"wp:featuredmedia":[{"embeddable":true,"href":"https:\/\/korenina.sk\/cs\/wp-json\/wp\/v2\/media\/6447"}],"wp:attachment":[{"href":"https:\/\/korenina.sk\/cs\/wp-json\/wp\/v2\/media?parent=268"}],"wp:term":[{"taxonomy":"product_brand","embeddable":true,"href":"https:\/\/korenina.sk\/cs\/wp-json\/wp\/v2\/product_brand?post=268"},{"taxonomy":"product_cat","embeddable":true,"href":"https:\/\/korenina.sk\/cs\/wp-json\/wp\/v2\/product_cat?post=268"},{"taxonomy":"product_tag","embeddable":true,"href":"https:\/\/korenina.sk\/cs\/wp-json\/wp\/v2\/product_tag?post=268"}],"curies":[{"name":"wp","href":"https:\/\/api.w.org\/{rel}","templated":true}]}}