{"id":2605,"date":"2025-09-05T07:48:30","date_gmt":"2025-09-05T05:48:30","guid":{"rendered":"https:\/\/korenina.sk\/?post_type=product&#038;p=2605"},"modified":"2026-04-15T16:49:01","modified_gmt":"2026-04-15T14:49:01","slug":"merunky-susene-bez-pridavneho-cukru","status":"publish","type":"product","link":"https:\/\/korenina.sk\/cs\/produkt\/merunky-susene-bez-pridavneho-cukru\/","title":{"rendered":"Meru\u0148ky su\u0161en\u00e9 bez p\u0159\u00eddavn\u00e9ho cukru"},"content":{"rendered":"<div class=\"flex max-w-full flex-col grow\">\n<div class=\"min-h-8 text-message relative flex w-full flex-col items-end gap-2 text-start break-words whitespace-normal [.text-message+&amp;]:mt-1\" dir=\"auto\" data-message-author-role=\"assistant\" data-message-id=\"4374cb92-813b-4b20-9420-a3e993e1fc76\" data-message-model-slug=\"gpt-5-2\">\n<div class=\"flex w-full flex-col gap-1 empty:hidden first:pt-[1px]\">\n<div class=\"markdown prose dark:prose-invert w-full wrap-break-word light markdown-new-styling\">\n<p data-start=\"71\" data-end=\"320\">Na\u0161e <strong data-start=\"76\" data-end=\"115\">su\u0161en\u00e9 meru\u0148ky bez p\u0159\u00eddavn\u00e9ho cukru<\/strong> si zachov\u00e1vaj\u00ed svou p\u0159irozenou sladkost, jemnou nakyslou chu\u0165 a typick\u00e9 ovocn\u00e9 aroma. Jsou \u0161etrn\u011b su\u0161en\u00e9 tak, aby si uchovaly maximum chuti i \u017eivin \u2013 bez doslazov\u00e1n\u00ed, bez sirup\u016f a bez zbyte\u010dn\u00fdch p\u0159\u00edsad.<\/p>\n<p data-start=\"322\" data-end=\"471\">D\u00edky sv\u00e9 m\u011bkk\u00e9 konzistenci a pln\u00e9 chuti jsou ide\u00e1ln\u00ed jako zdrav\u011bj\u0161\u00ed alternativa sladkost\u00ed i jako praktick\u00e1 sva\u010dinka na cesty, do pr\u00e1ce \u010di do \u0161koly.<\/p>\n<hr data-start=\"473\" data-end=\"476\" \/>\n<h3 data-start=\"478\" data-end=\"518\">Pro\u010d si vybrat na\u0161e su\u0161en\u00e9 meru\u0148ky?<\/h3>\n<p data-start=\"520\" data-end=\"656\">\u2714 bez p\u0159idan\u00e9ho cukru<br data-start=\"541\" data-end=\"544\" \/>\u2714 p\u0159irozen\u011b sladk\u00e9 a m\u011bkk\u00e9<br data-start=\"571\" data-end=\"574\" \/>\u2714 vysok\u00fd obsah vl\u00e1kniny<br data-start=\"597\" data-end=\"600\" \/>\u2714 zdroj energie b\u011bhem dne<br data-start=\"625\" data-end=\"628\" \/>\u2714 vhodn\u00e9 do zdrav\u00e9 v\u00fd\u017eivy<\/p>\n<p data-start=\"658\" data-end=\"805\">Z\u00e1kazn\u00edci \u010dasto vyhled\u00e1vaj\u00ed:<br data-start=\"686\" data-end=\"689\" \/><em data-start=\"689\" data-end=\"715\">meru\u0148ky su\u0161en\u00e9 bez cukru<\/em>, <em data-start=\"717\" data-end=\"735\">nes\u00ed\u0159en\u00e9 meru\u0148ky<\/em>, <em data-start=\"737\" data-end=\"759\">zdrav\u00e9 su\u0161en\u00e9 ovoce<\/em>, <em data-start=\"761\" data-end=\"781\">meru\u0148ky na pe\u010den\u00ed<\/em>, <em data-start=\"783\" data-end=\"804\">meru\u0148ky na tr\u00e1ven\u00ed<\/em>.<\/p>\n<hr data-start=\"807\" data-end=\"810\" \/>\n<h3 data-start=\"812\" data-end=\"831\">Jak je vyu\u017e\u00edt?<\/h3>\n<p data-start=\"833\" data-end=\"1011\">Su\u0161en\u00e9 meru\u0148ky jsou v\u00fdborn\u00e9 samotn\u00e9 jako snack, nakr\u00e1jen\u00e9 do ka\u0161e nebo jogurtu, p\u0159\u00edpadn\u011b jako sou\u010d\u00e1st dom\u00e1c\u00edho m\u00fcsli. Skv\u011ble se hod\u00ed i do kol\u00e1\u010d\u016f, ovocn\u00fdch kol\u00e1\u010d\u016f \u010di RAW dezert\u016f.<\/p>\n<p data-start=\"1013\" data-end=\"1270\">V kombinaci se <a href=\"https:\/\/korenina.sk\/cs\/produkt\/susene-svestky-extra-makke\/?wmc-currency=CZK\"><strong data-start=\"1029\" data-end=\"1064\">Su\u0161en\u00fdmi \u0161vestkami extra m\u011bkk\u00fdmi<\/strong><\/a> vytvo\u0159\u00ed harmonickou ovocnou chu\u0165, spolu s <a href=\"https:\/\/korenina.sk\/cs\/produkt\/medjool-datle-susene-s-kockou\/?wmc-currency=CZK\"><strong data-start=\"1106\" data-end=\"1134\">Dateli JUMBO obrovsk\u00fdmi<\/strong> <\/a>poslou\u017e\u00ed jako p\u0159irozen\u00fd z\u00e1klad do dom\u00e1c\u00edch energetick\u00fdch ty\u010dinek a <strong data-start=\"1206\" data-end=\"1225\">Studentskou MIX<\/strong> jsou ide\u00e1ln\u00ed jako v\u00fd\u017eivn\u00e1 sva\u010dinka pln\u00e1 energie.<\/p>\n<hr data-start=\"1272\" data-end=\"1275\" \/>\n<h3 data-start=\"1277\" data-end=\"1292\">Skladov\u00e1n\u00ed<\/h3>\n<p data-start=\"1294\" data-end=\"1451\">Skladujte na such\u00e9m a chladn\u00e9m m\u00edst\u011b, mimo p\u0159\u00edm\u00e9 slune\u010dn\u00ed z\u00e1\u0159en\u00ed. Po otev\u0159en\u00ed doporu\u010dujeme dob\u0159e uzav\u0159\u00edt obal, aby si meru\u0148ky zachovaly svoji m\u011bkkost.<\/p>\n<p data-start=\"1453\" data-end=\"1594\" data-is-last-node=\"\" data-is-only-node=\"\">Su\u0161en\u00e9 meru\u0148ky bez p\u0159idan\u00e9ho cukru jsou jednoduchou, \u010distou a p\u0159irozenou volbou pro ka\u017ed\u00e9ho, kdo hled\u00e1 kvalitn\u00ed su\u0161en\u00e9 ovoce bez kompromis\u016f.<\/p>\n<\/div>\n<\/div>\n<\/div>\n<\/div>\n<div class=\"z-0 flex min-h-[46px] justify-start\"><\/div>\n<div class=\"border-token-border-light my-2 flex gap-10 border-t pt-4\">\n<div class=\"flex items-center justify-center overflow-hidden h-12 w-12 rounded-lg\"><\/div>\n<\/div>","protected":false},"excerpt":{"rendered":"<p><strong>Slo\u017een\u00ed:<\/strong><br \/>\nPrunus armen\u00edc\u00ed I.T\u0159\u00edda 100%<\/p>\n<p><strong>Zem\u011b p\u016fvodu:<\/strong><br \/>\nMa\u010farsko<\/p>\n<p><strong>Skladov\u00e1n\u00ed:<\/strong><br \/>\nSkladujte na such\u00e9m a tmav\u00e9m m\u00edst\u011b ve sklen\u011bn\u00e9 uzav\u00edrateln\u00e9 n\u00e1dob\u011b<\/p>\n<p><strong>Minim\u00e1ln\u00ed trvanlivost 12 m\u011bs\u00edc\u016f<\/strong><\/p>","protected":false},"featured_media":4701,"comment_status":"closed","ping_status":"closed","template":"","meta":[],"product_brand":[],"product_cat":[115],"product_tag":[],"class_list":{"0":"post-2605","1":"product","2":"type-product","3":"status-publish","4":"has-post-thumbnail","6":"product_cat-susene-a-kandizovane-ovocie","8":"first","9":"instock","10":"sale","11":"shipping-taxable","12":"purchasable","13":"product-type-variable"},"yoast_head":"<!-- This site is optimized with the Yoast SEO plugin v27.0 - https:\/\/yoast.com\/product\/yoast-seo-wordpress\/ -->\n<title>Marhule su\u0161en\u00e9 bez pr\u00eddavn\u00e9ho cukru &#8211; Koreni.na<\/title>\n<meta name=\"description\" content=\"Su\u0161en\u00e9 marhule bez cukru s prirodzenou ovocnou sladkos\u0165ou a jemnou ar\u00f3mou. 100 % pr\u00edrodn\u00fd produkt, ide\u00e1lny do m\u00fcsli, jogurtov a pe\u010denia.\" \/>\n<meta name=\"robots\" content=\"index, follow, max-snippet:-1, max-image-preview:large, max-video-preview:-1\" \/>\n<link rel=\"canonical\" href=\"https:\/\/korenina.sk\/cs\/produkt\/merunky-susene-bez-pridavneho-cukru\/?wmc-currency=CZK\" \/>\n<meta property=\"og:locale\" content=\"cs_CZ\" \/>\n<meta property=\"og:type\" content=\"article\" \/>\n<meta property=\"og:title\" content=\"Marhule su\u0161en\u00e9 bez pr\u00eddavn\u00e9ho cukru &#8211; Koreni.na\" \/>\n<meta property=\"og:description\" content=\"Su\u0161en\u00e9 marhule bez cukru s prirodzenou ovocnou sladkos\u0165ou a jemnou ar\u00f3mou. 100 % pr\u00edrodn\u00fd produkt, ide\u00e1lny do m\u00fcsli, jogurtov a pe\u010denia.\" \/>\n<meta property=\"og:url\" content=\"https:\/\/korenina.sk\/cs\/produkt\/merunky-susene-bez-pridavneho-cukru\/?wmc-currency=CZK\" \/>\n<meta property=\"og:site_name\" content=\"Koreni.na\" \/>\n<meta property=\"article:modified_time\" content=\"2026-04-15T14:49:01+00:00\" \/>\n<meta property=\"og:image\" content=\"https:\/\/korenina.sk\/wp-content\/uploads\/2025\/09\/marhule-susene.webp\" \/>\n\t<meta property=\"og:image:width\" content=\"600\" \/>\n\t<meta property=\"og:image:height\" content=\"359\" \/>\n\t<meta property=\"og:image:type\" content=\"image\/webp\" \/>\n<meta name=\"twitter:card\" content=\"summary_large_image\" \/>\n<meta name=\"twitter:label1\" content=\"Odhadovan\u00e1 doba \u010dten\u00ed\" \/>\n\t<meta name=\"twitter:data1\" content=\"2 minuty\" \/>\n<script type=\"application\/ld+json\" class=\"yoast-schema-graph\">{\"@context\":\"https:\/\/schema.org\",\"@graph\":[{\"@type\":\"WebPage\",\"@id\":\"https:\/\/korenina.sk\/produkt\/marhule-susene-bez-pridavneho-cukru\/\",\"url\":\"https:\/\/korenina.sk\/produkt\/marhule-susene-bez-pridavneho-cukru\/\",\"name\":\"Marhule su\u0161en\u00e9 bez pr\u00eddavn\u00e9ho cukru &#8211; Koreni.na\",\"isPartOf\":{\"@id\":\"https:\/\/korenina.sk\/#website\"},\"primaryImageOfPage\":{\"@id\":\"https:\/\/korenina.sk\/produkt\/marhule-susene-bez-pridavneho-cukru\/#primaryimage\"},\"image\":{\"@id\":\"https:\/\/korenina.sk\/produkt\/marhule-susene-bez-pridavneho-cukru\/#primaryimage\"},\"thumbnailUrl\":\"https:\/\/korenina.sk\/wp-content\/uploads\/2025\/09\/marhule-susene.webp\",\"datePublished\":\"2025-09-05T05:48:30+00:00\",\"dateModified\":\"2026-04-15T14:49:01+00:00\",\"description\":\"Su\u0161en\u00e9 marhule bez cukru s prirodzenou ovocnou sladkos\u0165ou a jemnou ar\u00f3mou. 100 % pr\u00edrodn\u00fd produkt, ide\u00e1lny do m\u00fcsli, jogurtov a pe\u010denia.\",\"breadcrumb\":{\"@id\":\"https:\/\/korenina.sk\/produkt\/marhule-susene-bez-pridavneho-cukru\/#breadcrumb\"},\"inLanguage\":\"cs\",\"potentialAction\":[{\"@type\":\"ReadAction\",\"target\":[\"https:\/\/korenina.sk\/produkt\/marhule-susene-bez-pridavneho-cukru\/\"]}]},{\"@type\":\"ImageObject\",\"inLanguage\":\"cs\",\"@id\":\"https:\/\/korenina.sk\/produkt\/marhule-susene-bez-pridavneho-cukru\/#primaryimage\",\"url\":\"https:\/\/korenina.sk\/wp-content\/uploads\/2025\/09\/marhule-susene.webp\",\"contentUrl\":\"https:\/\/korenina.sk\/wp-content\/uploads\/2025\/09\/marhule-susene.webp\",\"width\":600,\"height\":359,\"caption\":\"marhule su\u0161en\u00e9\"},{\"@type\":\"BreadcrumbList\",\"@id\":\"https:\/\/korenina.sk\/produkt\/marhule-susene-bez-pridavneho-cukru\/#breadcrumb\",\"itemListElement\":[{\"@type\":\"ListItem\",\"position\":1,\"name\":\"Domovsk\u00e1 str\u00e1nka\",\"item\":\"https:\/\/korenina.sk\/\"},{\"@type\":\"ListItem\",\"position\":2,\"name\":\"Na\u0161e koreniny a su\u0161en\u00e9 plody\",\"item\":\"https:\/\/korenina.sk\/nase-produkty\/\"},{\"@type\":\"ListItem\",\"position\":3,\"name\":\"Marhule su\u0161en\u00e9 bez pr\u00eddavn\u00e9ho cukru\"}]},{\"@type\":\"WebSite\",\"@id\":\"https:\/\/korenina.sk\/#website\",\"url\":\"https:\/\/korenina.sk\/\",\"name\":\"Koreni.na\",\"description\":\"Z\u00e1\u017eitok z toho prav\u00e9ho korenia\",\"publisher\":{\"@id\":\"https:\/\/korenina.sk\/#organization\"},\"potentialAction\":[{\"@type\":\"SearchAction\",\"target\":{\"@type\":\"EntryPoint\",\"urlTemplate\":\"https:\/\/korenina.sk\/?s={search_term_string}\"},\"query-input\":{\"@type\":\"PropertyValueSpecification\",\"valueRequired\":true,\"valueName\":\"search_term_string\"}}],\"inLanguage\":\"cs\"},{\"@type\":\"Organization\",\"@id\":\"https:\/\/korenina.sk\/#organization\",\"name\":\"Koreni.na\",\"url\":\"https:\/\/korenina.sk\/\",\"logo\":{\"@type\":\"ImageObject\",\"inLanguage\":\"cs\",\"@id\":\"https:\/\/korenina.sk\/#\/schema\/logo\/image\/\",\"url\":\"https:\/\/korenina.sk\/wp-content\/uploads\/2025\/02\/logo.svg\",\"contentUrl\":\"https:\/\/korenina.sk\/wp-content\/uploads\/2025\/02\/logo.svg\",\"width\":500,\"height\":80,\"caption\":\"Koreni.na\"},\"image\":{\"@id\":\"https:\/\/korenina.sk\/#\/schema\/logo\/image\/\"}}]}<\/script>\n<!-- \/ Yoast SEO plugin. -->","yoast_head_json":{"title":"Meru\u0148ky su\u0161en\u00e9 bez p\u0159\u00eddavn\u00e9ho cukru \u2013 Ko\u0159eni.na","description":"Su\u0161en\u00e9 meru\u0148ky bez cukru s p\u0159irozenou ovocnou sladkost\u00ed a jemn\u00fdm aroma. 100 % p\u0159\u00edrodn\u00ed produkt, ide\u00e1ln\u00ed do m\u00fcsli, jogurt\u016f a pe\u010den\u00ed.","robots":{"index":"index","follow":"follow","max-snippet":"max-snippet:-1","max-image-preview":"max-image-preview:large","max-video-preview":"max-video-preview:-1"},"canonical":"https:\/\/korenina.sk\/cs\/produkt\/merunky-susene-bez-pridavneho-cukru\/?wmc-currency=CZK","og_locale":"cs_CZ","og_type":"article","og_title":"Marhule su\u0161en\u00e9 bez pr\u00eddavn\u00e9ho cukru &#8211; Koreni.na","og_description":"Su\u0161en\u00e9 marhule bez cukru s prirodzenou ovocnou sladkos\u0165ou a jemnou ar\u00f3mou. 100 % pr\u00edrodn\u00fd produkt, ide\u00e1lny do m\u00fcsli, jogurtov a pe\u010denia.","og_url":"https:\/\/korenina.sk\/cs\/produkt\/merunky-susene-bez-pridavneho-cukru\/?wmc-currency=CZK","og_site_name":"Koreni.na","article_modified_time":"2026-04-15T14:49:01+00:00","og_image":[{"width":600,"height":359,"url":"https:\/\/korenina.sk\/wp-content\/uploads\/2025\/09\/marhule-susene.webp","type":"image\/webp"}],"twitter_card":"summary_large_image","twitter_misc":{"Odhadovan\u00e1 doba \u010dten\u00ed":"2 minuty"},"schema":{"@context":"https:\/\/schema.org","@graph":[{"@type":"WebPage","@id":"https:\/\/korenina.sk\/produkt\/marhule-susene-bez-pridavneho-cukru\/","url":"https:\/\/korenina.sk\/produkt\/marhule-susene-bez-pridavneho-cukru\/","name":"Meru\u0148ky su\u0161en\u00e9 bez p\u0159\u00eddavn\u00e9ho cukru \u2013 Ko\u0159eni.na","isPartOf":{"@id":"https:\/\/korenina.sk\/#website"},"primaryImageOfPage":{"@id":"https:\/\/korenina.sk\/produkt\/marhule-susene-bez-pridavneho-cukru\/#primaryimage"},"image":{"@id":"https:\/\/korenina.sk\/produkt\/marhule-susene-bez-pridavneho-cukru\/#primaryimage"},"thumbnailUrl":"https:\/\/korenina.sk\/wp-content\/uploads\/2025\/09\/marhule-susene.webp","datePublished":"2025-09-05T05:48:30+00:00","dateModified":"2026-04-15T14:49:01+00:00","description":"Su\u0161en\u00e9 meru\u0148ky bez cukru s p\u0159irozenou ovocnou sladkost\u00ed a jemn\u00fdm aroma. 100 % p\u0159\u00edrodn\u00ed produkt, ide\u00e1ln\u00ed do m\u00fcsli, jogurt\u016f a pe\u010den\u00ed.","breadcrumb":{"@id":"https:\/\/korenina.sk\/produkt\/marhule-susene-bez-pridavneho-cukru\/#breadcrumb"},"inLanguage":"cs","potentialAction":[{"@type":"ReadAction","target":["https:\/\/korenina.sk\/produkt\/marhule-susene-bez-pridavneho-cukru\/"]}]},{"@type":"ImageObject","inLanguage":"cs","@id":"https:\/\/korenina.sk\/produkt\/marhule-susene-bez-pridavneho-cukru\/#primaryimage","url":"https:\/\/korenina.sk\/wp-content\/uploads\/2025\/09\/marhule-susene.webp","contentUrl":"https:\/\/korenina.sk\/wp-content\/uploads\/2025\/09\/marhule-susene.webp","width":600,"height":359,"caption":"marhule su\u0161en\u00e9"},{"@type":"BreadcrumbList","@id":"https:\/\/korenina.sk\/produkt\/marhule-susene-bez-pridavneho-cukru\/#breadcrumb","itemListElement":[{"@type":"ListItem","position":1,"name":"Domovsk\u00e1 str\u00e1nka","item":"https:\/\/korenina.sk\/"},{"@type":"ListItem","position":2,"name":"Na\u0161e koreniny a su\u0161en\u00e9 plody","item":"https:\/\/korenina.sk\/nase-produkty\/"},{"@type":"ListItem","position":3,"name":"Marhule su\u0161en\u00e9 bez pr\u00eddavn\u00e9ho cukru"}]},{"@type":"WebSite","@id":"https:\/\/korenina.sk\/#website","url":"https:\/\/korenina.sk\/","name":"Koreni.na","description":"Z\u00e1\u017eitek z toho prav\u00e9ho pep\u0159e","publisher":{"@id":"https:\/\/korenina.sk\/#organization"},"potentialAction":[{"@type":"SearchAction","target":{"@type":"EntryPoint","urlTemplate":"https:\/\/korenina.sk\/?s={search_term_string}"},"query-input":{"@type":"PropertyValueSpecification","valueRequired":true,"valueName":"search_term_string"}}],"inLanguage":"cs"},{"@type":"Organization","@id":"https:\/\/korenina.sk\/#organization","name":"Koreni.na","url":"https:\/\/korenina.sk\/","logo":{"@type":"ImageObject","inLanguage":"cs","@id":"https:\/\/korenina.sk\/#\/schema\/logo\/image\/","url":"https:\/\/korenina.sk\/wp-content\/uploads\/2025\/02\/logo.svg","contentUrl":"https:\/\/korenina.sk\/wp-content\/uploads\/2025\/02\/logo.svg","width":500,"height":80,"caption":"Koreni.na"},"image":{"@id":"https:\/\/korenina.sk\/#\/schema\/logo\/image\/"}}]}},"_links":{"self":[{"href":"https:\/\/korenina.sk\/cs\/wp-json\/wp\/v2\/product\/2605","targetHints":{"allow":["GET"]}}],"collection":[{"href":"https:\/\/korenina.sk\/cs\/wp-json\/wp\/v2\/product"}],"about":[{"href":"https:\/\/korenina.sk\/cs\/wp-json\/wp\/v2\/types\/product"}],"replies":[{"embeddable":true,"href":"https:\/\/korenina.sk\/cs\/wp-json\/wp\/v2\/comments?post=2605"}],"wp:featuredmedia":[{"embeddable":true,"href":"https:\/\/korenina.sk\/cs\/wp-json\/wp\/v2\/media\/4701"}],"wp:attachment":[{"href":"https:\/\/korenina.sk\/cs\/wp-json\/wp\/v2\/media?parent=2605"}],"wp:term":[{"taxonomy":"product_brand","embeddable":true,"href":"https:\/\/korenina.sk\/cs\/wp-json\/wp\/v2\/product_brand?post=2605"},{"taxonomy":"product_cat","embeddable":true,"href":"https:\/\/korenina.sk\/cs\/wp-json\/wp\/v2\/product_cat?post=2605"},{"taxonomy":"product_tag","embeddable":true,"href":"https:\/\/korenina.sk\/cs\/wp-json\/wp\/v2\/product_tag?post=2605"}],"curies":[{"name":"wp","href":"https:\/\/api.w.org\/{rel}","templated":true}]}}