{"id":2593,"date":"2025-09-05T07:22:03","date_gmt":"2025-09-05T05:22:03","guid":{"rendered":"https:\/\/korenina.sk\/?post_type=product&#038;p=2593"},"modified":"2026-04-15T16:49:01","modified_gmt":"2026-04-15T14:49:01","slug":"goji-kustovnice-cinska","status":"publish","type":"product","link":"https:\/\/korenina.sk\/cs\/produkt\/goji-kustovnice-cinska\/","title":{"rendered":"Goji \u2013 kustovnice \u010d\u00ednsk\u00e1"},"content":{"rendered":"<div class=\"flex flex-col text-sm pb-25\">\n<article class=\"text-token-text-primary w-full focus:outline-none [--shadow-height:45px] has-data-writing-block:pointer-events-none has-data-writing-block:-mt-(--shadow-height) has-data-writing-block:pt-(--shadow-height) [&amp;:has([data-writing-block])&gt;*]:pointer-events-auto scroll-mt-[calc(var(--header-height)+min(200px,max(70px,20svh)))]\" dir=\"auto\" tabindex=\"-1\" data-turn-id=\"request-WEB:1326e8d9-dfa2-4685-a22b-419c49d83ca6-103\" data-testid=\"conversation-turn-203\" data-scroll-anchor=\"true\" data-turn=\"assistant\">\n<div class=\"text-base my-auto mx-auto pb-10 [--thread-content-margin:--spacing(4)] @w-sm\/main:[--thread-content-margin:--spacing(6)] @w-lg\/main:[--thread-content-margin:--spacing(16)] px-(--thread-content-margin)\">\n<div class=\"[--thread-content-max-width:40rem] @w-lg\/main:[--thread-content-max-width:48rem] mx-auto max-w-(--thread-content-max-width) flex-1 group\/turn-messages focus-visible:outline-hidden relative flex w-full min-w-0 flex-col agent-turn\" tabindex=\"-1\">\n<div class=\"flex max-w-full flex-col grow\">\n<div class=\"min-h-8 text-message relative flex w-full flex-col items-end gap-2 text-start break-words whitespace-normal [.text-message+&amp;]:mt-1\" dir=\"auto\" data-message-author-role=\"assistant\" data-message-id=\"f15e0268-f15f-4b8e-a02e-0a8908545e03\" data-message-model-slug=\"gpt-5-2\">\n<div class=\"flex w-full flex-col gap-1 empty:hidden first:pt-[1px]\">\n<div class=\"markdown prose dark:prose-invert w-full wrap-break-word light markdown-new-styling\">\n<p data-start=\"76\" data-end=\"286\"><strong data-start=\"76\" data-end=\"116\">Goji, zn\u00e1m\u00e1 tak\u00e9 jako kustovnice \u010d\u00ednsk\u00e1<\/strong>, pat\u0159\u00ed mezi nejvyhled\u00e1van\u011bj\u0161\u00ed su\u0161en\u00e9 plody v oblasti zdrav\u00e9 v\u00fd\u017eivy. Tyto mal\u00e9 \u010derven\u00e9 bobule se tradi\u010dn\u011b vyu\u017e\u00edvaj\u00ed v asijsk\u00e9 kuchyni a bylink\u00e1\u0159stv\u00ed ji\u017e stovky let.<\/p>\n<p data-start=\"288\" data-end=\"505\">Na\u0161e su\u0161en\u00e9 goji plody jsou pe\u010dliv\u011b vyb\u00edr\u00e1ny, \u0161etrn\u011b su\u0161eny a p\u0159ipraveny tak, aby si zachovaly svoji p\u0159irozenou chu\u0165, barvu i v\u00fd\u017eivov\u00e9 hodnoty. Maj\u00ed jemn\u011b sladkou, m\u00edrn\u011b nakyslou chu\u0165 a p\u0159\u00edjemn\u011b m\u011bkkou konzistenci.<\/p>\n<hr data-start=\"507\" data-end=\"510\" \/>\n<h3 data-start=\"512\" data-end=\"549\">Pro\u010d za\u0159adit goji do j\u00eddeln\u00ed\u010dku?<\/h3>\n<p data-start=\"551\" data-end=\"717\">\u2714 p\u0159irozen\u00fd zdroj vl\u00e1kniny<br data-start=\"578\" data-end=\"581\" \/>\u2714 obsahuj\u00ed vitam\u00edny a antioxidanty<br data-start=\"615\" data-end=\"618\" \/>\u2714 vhodn\u00e9 do zdrav\u00e9 v\u00fd\u017eivy<br data-start=\"644\" data-end=\"647\" \/>\u2714 ide\u00e1ln\u00ed pro aktivn\u00ed \u017eivotn\u00ed styl<br data-start=\"681\" data-end=\"684\" \/>\u2714 rychl\u00fd p\u0159\u00edrodn\u00ed zdroj energie<\/p>\n<hr data-start=\"842\" data-end=\"845\" \/>\n<h3 data-start=\"847\" data-end=\"866\">Jak je pou\u017e\u00edt?<\/h3>\n<p data-start=\"868\" data-end=\"1086\">Goji m\u016f\u017eete konzumovat samotn\u00e9 jako snack, p\u0159idat je do rann\u00edho jogurtu, ka\u0161e nebo m\u00fcsli. Skv\u011ble se hod\u00ed tak\u00e9 do smoothies, dom\u00e1c\u00edch energetick\u00fdch ty\u010dinek \u010di \u010daj\u016f. Sta\u010d\u00ed je kr\u00e1tce namo\u010dit do vody a zm\u011bknou je\u0161t\u011b v\u00edc.<\/p>\n<p data-start=\"1088\" data-end=\"1289\">V\u00fdborn\u011b se kombinuj\u00ed s <a href=\"https:\/\/korenina.sk\/cs\/produkt\/kanadske-brusinky-susene-bez-pridavneho-cukru\/?wmc-currency=CZK\"><strong data-start=\"1111\" data-end=\"1125\">Brusinky<\/strong><\/a>, kter\u00e9 dodaj\u00ed v\u00fdrazn\u011bj\u0161\u00ed kyselost, s <a href=\"https:\/\/korenina.sk\/cs\/produkt\/morusa-bila-susena\/?wmc-currency=CZK\"><strong data-start=\"1163\" data-end=\"1189\">Moru\u0161ou b\u00edlou su\u0161enou<\/strong><\/a>, kter\u00e1 zv\u00fdrazn\u00ed p\u0159irozenou sladkost, nebo se <a href=\"https:\/\/korenina.sk\/cs\/produkt\/studentska-smes-zdrave-orechy-a-susene-ovoce\/?wmc-currency=CZK\"><strong data-start=\"1236\" data-end=\"1255\">Studentskou MIX<\/strong><\/a>, kterou obohat\u00ed o v\u00fd\u017eivnou slo\u017eku.<\/p>\n<hr data-start=\"1291\" data-end=\"1294\" \/>\n<h3 data-start=\"1296\" data-end=\"1311\">Skladov\u00e1n\u00ed<\/h3>\n<p data-start=\"1313\" data-end=\"1432\">Uchov\u00e1vejte na such\u00e9m a chladn\u00e9m m\u00edst\u011b, mimo p\u0159\u00edm\u00e9 slune\u010dn\u00ed z\u00e1\u0159en\u00ed. Po otev\u0159en\u00ed doporu\u010dujeme dob\u0159e uzav\u0159\u00edt obal.<\/p>\n<p data-start=\"1434\" data-end=\"1559\" data-is-last-node=\"\" data-is-only-node=\"\">Goji \u2013 kustovnice \u010d\u00ednsk\u00e1 je snadn\u00fd zp\u016fsob, jak obohatit ka\u017edodenn\u00ed j\u00eddeln\u00ed\u010dek o kvalitn\u00ed su\u0161en\u00e9 ovoce s dlouhou tradic\u00ed.<\/p>\n<\/div>\n<\/div>\n<\/div>\n<\/div>\n<div class=\"z-0 flex min-h-[46px] justify-start\"><\/div>\n<div class=\"mt-3 w-full empty:hidden\">\n<div class=\"text-center\"><\/div>\n<\/div>\n<\/div>\n<\/div>\n<\/article>\n<\/div>\n<div class=\"pointer-events-none h-px w-px absolute bottom-0\" aria-hidden=\"true\" data-edge=\"true\"><\/div>","protected":false},"excerpt":{"rendered":"<p><strong>Slo\u017een\u00ed:<\/strong><br \/>\nLycium chinense I.T\u0159\u00edda 100%<\/p>\n<p><strong>Zem\u011b p\u016fvodu:<\/strong><br \/>\n\u010c\u00edna<\/p>\n<p><strong>Skladov\u00e1n\u00ed:<\/strong><br \/>\nSkladujte na such\u00e9m a tmav\u00e9m m\u00edst\u011b ve sklen\u011bn\u00e9 uzav\u00edrateln\u00e9 n\u00e1dob\u011b<\/p>\n<p><strong>Minim\u00e1ln\u00ed trvanlivost 12 m\u011bs\u00edc\u016f<\/strong><\/p>","protected":false},"featured_media":4700,"comment_status":"closed","ping_status":"closed","template":"","meta":[],"product_brand":[],"product_cat":[115],"product_tag":[],"class_list":{"0":"post-2593","1":"product","2":"type-product","3":"status-publish","4":"has-post-thumbnail","6":"product_cat-susene-a-kandizovane-ovocie","8":"first","9":"instock","10":"sale","11":"shipping-taxable","12":"purchasable","13":"product-type-variable"},"yoast_head":"<!-- This site is optimized with the Yoast SEO plugin v27.0 - https:\/\/yoast.com\/product\/yoast-seo-wordpress\/ -->\n<title>Goji \u2013 kustovnica \u010d\u00ednska &#8211; Koreni.na<\/title>\n<meta name=\"description\" content=\"Goji \u2013 kustovnica \u010d\u00ednska s prirodzene sladkokyslou chu\u0165ou. 100% pr\u00edrodn\u00fd produkt, ide\u00e1lny do m\u00fcsli, jogurtov, smoothie a dezertov.\" \/>\n<meta name=\"robots\" content=\"index, follow, max-snippet:-1, max-image-preview:large, max-video-preview:-1\" \/>\n<link rel=\"canonical\" href=\"https:\/\/korenina.sk\/cs\/produkt\/goji-kustovnice-cinska\/?wmc-currency=CZK\" \/>\n<meta property=\"og:locale\" content=\"cs_CZ\" \/>\n<meta property=\"og:type\" content=\"article\" \/>\n<meta property=\"og:title\" content=\"Goji \u2013 kustovnica \u010d\u00ednska &#8211; Koreni.na\" \/>\n<meta property=\"og:description\" content=\"Goji \u2013 kustovnica \u010d\u00ednska s prirodzene sladkokyslou chu\u0165ou. 100% pr\u00edrodn\u00fd produkt, ide\u00e1lny do m\u00fcsli, jogurtov, smoothie a dezertov.\" \/>\n<meta property=\"og:url\" content=\"https:\/\/korenina.sk\/cs\/produkt\/goji-kustovnice-cinska\/?wmc-currency=CZK\" \/>\n<meta property=\"og:site_name\" content=\"Koreni.na\" \/>\n<meta property=\"article:modified_time\" content=\"2026-04-15T14:49:01+00:00\" \/>\n<meta property=\"og:image\" content=\"https:\/\/korenina.sk\/wp-content\/uploads\/2025\/09\/goji-susene.webp\" \/>\n\t<meta property=\"og:image:width\" content=\"600\" \/>\n\t<meta property=\"og:image:height\" content=\"400\" \/>\n\t<meta property=\"og:image:type\" content=\"image\/webp\" \/>\n<meta name=\"twitter:card\" content=\"summary_large_image\" \/>\n<meta name=\"twitter:label1\" content=\"Odhadovan\u00e1 doba \u010dten\u00ed\" \/>\n\t<meta name=\"twitter:data1\" content=\"2 minuty\" \/>\n<script type=\"application\/ld+json\" class=\"yoast-schema-graph\">{\"@context\":\"https:\/\/schema.org\",\"@graph\":[{\"@type\":\"WebPage\",\"@id\":\"https:\/\/korenina.sk\/produkt\/goji-kustovnica-cinska\/\",\"url\":\"https:\/\/korenina.sk\/produkt\/goji-kustovnica-cinska\/\",\"name\":\"Goji \u2013 kustovnica \u010d\u00ednska &#8211; Koreni.na\",\"isPartOf\":{\"@id\":\"https:\/\/korenina.sk\/#website\"},\"primaryImageOfPage\":{\"@id\":\"https:\/\/korenina.sk\/produkt\/goji-kustovnica-cinska\/#primaryimage\"},\"image\":{\"@id\":\"https:\/\/korenina.sk\/produkt\/goji-kustovnica-cinska\/#primaryimage\"},\"thumbnailUrl\":\"https:\/\/korenina.sk\/wp-content\/uploads\/2025\/09\/goji-susene.webp\",\"datePublished\":\"2025-09-05T05:22:03+00:00\",\"dateModified\":\"2026-04-15T14:49:01+00:00\",\"description\":\"Goji \u2013 kustovnica \u010d\u00ednska s prirodzene sladkokyslou chu\u0165ou. 100% pr\u00edrodn\u00fd produkt, ide\u00e1lny do m\u00fcsli, jogurtov, smoothie a dezertov.\",\"breadcrumb\":{\"@id\":\"https:\/\/korenina.sk\/produkt\/goji-kustovnica-cinska\/#breadcrumb\"},\"inLanguage\":\"cs\",\"potentialAction\":[{\"@type\":\"ReadAction\",\"target\":[\"https:\/\/korenina.sk\/produkt\/goji-kustovnica-cinska\/\"]}]},{\"@type\":\"ImageObject\",\"inLanguage\":\"cs\",\"@id\":\"https:\/\/korenina.sk\/produkt\/goji-kustovnica-cinska\/#primaryimage\",\"url\":\"https:\/\/korenina.sk\/wp-content\/uploads\/2025\/09\/goji-susene.webp\",\"contentUrl\":\"https:\/\/korenina.sk\/wp-content\/uploads\/2025\/09\/goji-susene.webp\",\"width\":600,\"height\":400,\"caption\":\"goji su\u0161en\u00e9\"},{\"@type\":\"BreadcrumbList\",\"@id\":\"https:\/\/korenina.sk\/produkt\/goji-kustovnica-cinska\/#breadcrumb\",\"itemListElement\":[{\"@type\":\"ListItem\",\"position\":1,\"name\":\"Domovsk\u00e1 str\u00e1nka\",\"item\":\"https:\/\/korenina.sk\/\"},{\"@type\":\"ListItem\",\"position\":2,\"name\":\"Na\u0161e koreniny a su\u0161en\u00e9 plody\",\"item\":\"https:\/\/korenina.sk\/nase-produkty\/\"},{\"@type\":\"ListItem\",\"position\":3,\"name\":\"Goji \u2013 kustovnica \u010d\u00ednska\"}]},{\"@type\":\"WebSite\",\"@id\":\"https:\/\/korenina.sk\/#website\",\"url\":\"https:\/\/korenina.sk\/\",\"name\":\"Koreni.na\",\"description\":\"Z\u00e1\u017eitok z toho prav\u00e9ho korenia\",\"publisher\":{\"@id\":\"https:\/\/korenina.sk\/#organization\"},\"potentialAction\":[{\"@type\":\"SearchAction\",\"target\":{\"@type\":\"EntryPoint\",\"urlTemplate\":\"https:\/\/korenina.sk\/?s={search_term_string}\"},\"query-input\":{\"@type\":\"PropertyValueSpecification\",\"valueRequired\":true,\"valueName\":\"search_term_string\"}}],\"inLanguage\":\"cs\"},{\"@type\":\"Organization\",\"@id\":\"https:\/\/korenina.sk\/#organization\",\"name\":\"Koreni.na\",\"url\":\"https:\/\/korenina.sk\/\",\"logo\":{\"@type\":\"ImageObject\",\"inLanguage\":\"cs\",\"@id\":\"https:\/\/korenina.sk\/#\/schema\/logo\/image\/\",\"url\":\"https:\/\/korenina.sk\/wp-content\/uploads\/2025\/02\/logo.svg\",\"contentUrl\":\"https:\/\/korenina.sk\/wp-content\/uploads\/2025\/02\/logo.svg\",\"width\":500,\"height\":80,\"caption\":\"Koreni.na\"},\"image\":{\"@id\":\"https:\/\/korenina.sk\/#\/schema\/logo\/image\/\"}}]}<\/script>\n<!-- \/ Yoast SEO plugin. -->","yoast_head_json":{"title":"Goji - kustovnice \u010d\u00ednsk\u00e1 - Ko\u0159eni.","description":"Goji \u2013 kustovnice \u010d\u00ednsk\u00e1 s p\u0159irozen\u011b sladkokyselou chut\u00ed. 100% p\u0159\u00edrodn\u00ed produkt, ide\u00e1ln\u00ed do m\u00fcsli, jogurt\u016f, smoothie a dezert\u016f.","robots":{"index":"index","follow":"follow","max-snippet":"max-snippet:-1","max-image-preview":"max-image-preview:large","max-video-preview":"max-video-preview:-1"},"canonical":"https:\/\/korenina.sk\/cs\/produkt\/goji-kustovnice-cinska\/?wmc-currency=CZK","og_locale":"cs_CZ","og_type":"article","og_title":"Goji \u2013 kustovnica \u010d\u00ednska &#8211; Koreni.na","og_description":"Goji \u2013 kustovnica \u010d\u00ednska s prirodzene sladkokyslou chu\u0165ou. 100% pr\u00edrodn\u00fd produkt, ide\u00e1lny do m\u00fcsli, jogurtov, smoothie a dezertov.","og_url":"https:\/\/korenina.sk\/cs\/produkt\/goji-kustovnice-cinska\/?wmc-currency=CZK","og_site_name":"Koreni.na","article_modified_time":"2026-04-15T14:49:01+00:00","og_image":[{"width":600,"height":400,"url":"https:\/\/korenina.sk\/wp-content\/uploads\/2025\/09\/goji-susene.webp","type":"image\/webp"}],"twitter_card":"summary_large_image","twitter_misc":{"Odhadovan\u00e1 doba \u010dten\u00ed":"2 minuty"},"schema":{"@context":"https:\/\/schema.org","@graph":[{"@type":"WebPage","@id":"https:\/\/korenina.sk\/produkt\/goji-kustovnica-cinska\/","url":"https:\/\/korenina.sk\/produkt\/goji-kustovnica-cinska\/","name":"Goji - kustovnice \u010d\u00ednsk\u00e1 - Ko\u0159eni.","isPartOf":{"@id":"https:\/\/korenina.sk\/#website"},"primaryImageOfPage":{"@id":"https:\/\/korenina.sk\/produkt\/goji-kustovnica-cinska\/#primaryimage"},"image":{"@id":"https:\/\/korenina.sk\/produkt\/goji-kustovnica-cinska\/#primaryimage"},"thumbnailUrl":"https:\/\/korenina.sk\/wp-content\/uploads\/2025\/09\/goji-susene.webp","datePublished":"2025-09-05T05:22:03+00:00","dateModified":"2026-04-15T14:49:01+00:00","description":"Goji \u2013 kustovnice \u010d\u00ednsk\u00e1 s p\u0159irozen\u011b sladkokyselou chut\u00ed. 100% p\u0159\u00edrodn\u00ed produkt, ide\u00e1ln\u00ed do m\u00fcsli, jogurt\u016f, smoothie a dezert\u016f.","breadcrumb":{"@id":"https:\/\/korenina.sk\/produkt\/goji-kustovnica-cinska\/#breadcrumb"},"inLanguage":"cs","potentialAction":[{"@type":"ReadAction","target":["https:\/\/korenina.sk\/produkt\/goji-kustovnica-cinska\/"]}]},{"@type":"ImageObject","inLanguage":"cs","@id":"https:\/\/korenina.sk\/produkt\/goji-kustovnica-cinska\/#primaryimage","url":"https:\/\/korenina.sk\/wp-content\/uploads\/2025\/09\/goji-susene.webp","contentUrl":"https:\/\/korenina.sk\/wp-content\/uploads\/2025\/09\/goji-susene.webp","width":600,"height":400,"caption":"goji su\u0161en\u00e9"},{"@type":"BreadcrumbList","@id":"https:\/\/korenina.sk\/produkt\/goji-kustovnica-cinska\/#breadcrumb","itemListElement":[{"@type":"ListItem","position":1,"name":"Domovsk\u00e1 str\u00e1nka","item":"https:\/\/korenina.sk\/"},{"@type":"ListItem","position":2,"name":"Na\u0161e koreniny a su\u0161en\u00e9 plody","item":"https:\/\/korenina.sk\/nase-produkty\/"},{"@type":"ListItem","position":3,"name":"Goji \u2013 kustovnica \u010d\u00ednska"}]},{"@type":"WebSite","@id":"https:\/\/korenina.sk\/#website","url":"https:\/\/korenina.sk\/","name":"Koreni.na","description":"Z\u00e1\u017eitek z toho prav\u00e9ho pep\u0159e","publisher":{"@id":"https:\/\/korenina.sk\/#organization"},"potentialAction":[{"@type":"SearchAction","target":{"@type":"EntryPoint","urlTemplate":"https:\/\/korenina.sk\/?s={search_term_string}"},"query-input":{"@type":"PropertyValueSpecification","valueRequired":true,"valueName":"search_term_string"}}],"inLanguage":"cs"},{"@type":"Organization","@id":"https:\/\/korenina.sk\/#organization","name":"Koreni.na","url":"https:\/\/korenina.sk\/","logo":{"@type":"ImageObject","inLanguage":"cs","@id":"https:\/\/korenina.sk\/#\/schema\/logo\/image\/","url":"https:\/\/korenina.sk\/wp-content\/uploads\/2025\/02\/logo.svg","contentUrl":"https:\/\/korenina.sk\/wp-content\/uploads\/2025\/02\/logo.svg","width":500,"height":80,"caption":"Koreni.na"},"image":{"@id":"https:\/\/korenina.sk\/#\/schema\/logo\/image\/"}}]}},"_links":{"self":[{"href":"https:\/\/korenina.sk\/cs\/wp-json\/wp\/v2\/product\/2593","targetHints":{"allow":["GET"]}}],"collection":[{"href":"https:\/\/korenina.sk\/cs\/wp-json\/wp\/v2\/product"}],"about":[{"href":"https:\/\/korenina.sk\/cs\/wp-json\/wp\/v2\/types\/product"}],"replies":[{"embeddable":true,"href":"https:\/\/korenina.sk\/cs\/wp-json\/wp\/v2\/comments?post=2593"}],"wp:featuredmedia":[{"embeddable":true,"href":"https:\/\/korenina.sk\/cs\/wp-json\/wp\/v2\/media\/4700"}],"wp:attachment":[{"href":"https:\/\/korenina.sk\/cs\/wp-json\/wp\/v2\/media?parent=2593"}],"wp:term":[{"taxonomy":"product_brand","embeddable":true,"href":"https:\/\/korenina.sk\/cs\/wp-json\/wp\/v2\/product_brand?post=2593"},{"taxonomy":"product_cat","embeddable":true,"href":"https:\/\/korenina.sk\/cs\/wp-json\/wp\/v2\/product_cat?post=2593"},{"taxonomy":"product_tag","embeddable":true,"href":"https:\/\/korenina.sk\/cs\/wp-json\/wp\/v2\/product_tag?post=2593"}],"curies":[{"name":"wp","href":"https:\/\/api.w.org\/{rel}","templated":true}]}}