{"id":2528,"date":"2025-09-05T03:34:03","date_gmt":"2025-09-05T01:34:03","guid":{"rendered":"https:\/\/korenina.sk\/?post_type=product&#038;p=2528"},"modified":"2026-04-15T16:49:02","modified_gmt":"2026-04-15T14:49:02","slug":"ryzova-muka","status":"publish","type":"product","link":"https:\/\/korenina.sk\/cs\/produkt\/ryzova-muka\/","title":{"rendered":"R\u00fd\u017eov\u00e1 mouka"},"content":{"rendered":"<p data-start=\"162\" data-end=\"333\"><strong data-start=\"162\" data-end=\"177\">R\u00fd\u017eov\u00e1 mouka<\/strong> je jemn\u011b mlet\u00e1 mouka vyroben\u00e1 z kvalitn\u00ed r\u00fd\u017ee. Je p\u0159irozen\u011b bezlepkov\u00e1, lehce straviteln\u00e1 a vhodn\u00e1 na pe\u010den\u00ed, va\u0159en\u00ed i zahu\u0161\u0165ov\u00e1n\u00ed om\u00e1\u010dek \u010di pol\u00e9vek.<\/p>\n<p data-start=\"335\" data-end=\"459\">D\u00edky sv\u00e9 neutr\u00e1ln\u00ed chuti je v\u00fdbornou alternativou klasick\u00e9 p\u0161eni\u010dn\u00e9 mouky a obl\u00edbenou surovinou v bezlepkov\u00e9 kuchyni.<\/p>\n<hr data-start=\"461\" data-end=\"464\" \/>\n<h3 data-start=\"466\" data-end=\"489\">Pro\u010d si ji vybrat?<\/h3>\n<p data-start=\"491\" data-end=\"601\">\u2714 p\u0159irozen\u011b bez lepku<br data-start=\"513\" data-end=\"516\" \/>\u2714 jemn\u00e1 konzistence<br data-start=\"536\" data-end=\"539\" \/>\u2714 vhodn\u00e1 k pe\u010den\u00ed i zahu\u0161\u0165ov\u00e1n\u00ed<br data-start=\"574\" data-end=\"577\" \/>\u2714 univerz\u00e1ln\u00ed pou\u017eit\u00ed<\/p>\n<hr data-start=\"754\" data-end=\"757\" \/>\n<h3 data-start=\"759\" data-end=\"777\">Jak ji pou\u017e\u00edt?<\/h3>\n<p data-start=\"779\" data-end=\"991\">M\u016f\u017ee\u0161 ji pou\u017e\u00edt pro p\u0159\u00edpravu bezlepkov\u00fdch kol\u00e1\u010d\u016f, pala\u010dinek \u010di su\u0161enek. V\u00fdborn\u011b se hod\u00ed k zahu\u0161\u0165ov\u00e1n\u00ed om\u00e1\u010dek a pol\u00e9vek bez hrudek. V asijsk\u00e9 kuchyni se pou\u017e\u00edv\u00e1 tak\u00e9 pro p\u0159\u00edpravu t\u011bst\u00ed\u010dka \u010di dom\u00e1c\u00edch nudl\u00ed.<\/p>\n<hr data-start=\"993\" data-end=\"996\" \/>\n<h3 data-start=\"998\" data-end=\"1015\">Kombinujte s:<\/h3>\n<p data-start=\"1017\" data-end=\"1257\">Pro bezlepkov\u00e9 recepty ji m\u016f\u017ee\u0161 kombinovat s <strong data-start=\"1062\" data-end=\"1081\">\u010cervenou quinou<\/strong> nebo <strong data-start=\"1088\" data-end=\"1105\">\u010cernou r\u00fd\u017e\u00ed<\/strong> v podob\u011b mou\u010dn\u00fdch sm\u011bs\u00ed. Do sladk\u00fdch recept\u016f se skv\u011ble hod\u00ed spolu s <a href=\"https:\/\/korenina.sk\/cs\/produkt\/kokos-strouhany\/?wmc-currency=CZK\"><strong data-start=\"1174\" data-end=\"1195\">Kokosem strouhan\u00fdm<\/strong><\/a> nebo dochucen\u00e1 <a href=\"https:\/\/korenina.sk\/cs\/produkt\/skorice-mleta\/?wmc-currency=CZK\"><strong data-start=\"1212\" data-end=\"1240\">Sko\u0159ic\u00ed mletou<\/strong><\/a>.<\/p>","protected":false},"excerpt":{"rendered":"<p><strong>Slo\u017een\u00ed:<\/strong><br \/>\nR\u00fd\u017eov\u00e1 mouka I.T\u0159\u00edda 100%<\/p>\n<p><strong>Zem\u011b p\u016fvodu:<\/strong><br \/>\nThajsko<\/p>\n<p><strong>Skladov\u00e1n\u00ed:<\/strong><br \/>\nSkladujte na such\u00e9m a tmav\u00e9m m\u00edst\u011b ve sklen\u011bn\u00e9 uzav\u00edrateln\u00e9 n\u00e1dob\u011b<\/p>\n<p><strong>Minim\u00e1ln\u00ed trvanlivost 12 m\u011bs\u00edc\u016f<\/strong><\/p>","protected":false},"featured_media":5987,"comment_status":"closed","ping_status":"closed","template":"","meta":[],"product_brand":[],"product_cat":[119],"product_tag":[],"class_list":{"0":"post-2528","1":"product","2":"type-product","3":"status-publish","4":"has-post-thumbnail","6":"product_cat-obilniny-a-ryza","8":"first","9":"instock","10":"shipping-taxable","11":"purchasable","12":"product-type-variable"},"yoast_head":"<!-- This site is optimized with the Yoast SEO plugin v27.0 - https:\/\/yoast.com\/product\/yoast-seo-wordpress\/ -->\n<title>Ry\u017eov\u00e1 m\u00faka &#8211; Koreni.na<\/title>\n<meta name=\"description\" content=\"Ry\u017eov\u00e1 m\u00faka je jemne mlet\u00e1, prirodzene bezlepkov\u00e1 a \u013eahko str\u00e1vite\u013en\u00e1 alternat\u00edva klasickej p\u0161eni\u010dnej m\u00faky. Je vhodn\u00e1 aj pre celiatikov.\" \/>\n<meta name=\"robots\" content=\"index, follow, max-snippet:-1, max-image-preview:large, max-video-preview:-1\" \/>\n<link rel=\"canonical\" href=\"https:\/\/korenina.sk\/cs\/produkt\/ryzova-muka\/?wmc-currency=CZK\" \/>\n<meta property=\"og:locale\" content=\"cs_CZ\" \/>\n<meta property=\"og:type\" content=\"article\" \/>\n<meta property=\"og:title\" content=\"Ry\u017eov\u00e1 m\u00faka &#8211; Koreni.na\" \/>\n<meta property=\"og:description\" content=\"Ry\u017eov\u00e1 m\u00faka je jemne mlet\u00e1, prirodzene bezlepkov\u00e1 a \u013eahko str\u00e1vite\u013en\u00e1 alternat\u00edva klasickej p\u0161eni\u010dnej m\u00faky. Je vhodn\u00e1 aj pre celiatikov.\" \/>\n<meta property=\"og:url\" content=\"https:\/\/korenina.sk\/cs\/produkt\/ryzova-muka\/?wmc-currency=CZK\" \/>\n<meta property=\"og:site_name\" content=\"Koreni.na\" \/>\n<meta property=\"article:modified_time\" content=\"2026-04-15T14:49:02+00:00\" \/>\n<meta property=\"og:image\" content=\"https:\/\/korenina.sk\/wp-content\/uploads\/2026\/02\/ryzova-muka.webp\" \/>\n\t<meta property=\"og:image:width\" content=\"1280\" \/>\n\t<meta property=\"og:image:height\" content=\"853\" \/>\n\t<meta property=\"og:image:type\" content=\"image\/webp\" \/>\n<meta name=\"twitter:card\" content=\"summary_large_image\" \/>\n<meta name=\"twitter:label1\" content=\"Odhadovan\u00e1 doba \u010dten\u00ed\" \/>\n\t<meta name=\"twitter:data1\" content=\"1 minuta\" \/>\n<script type=\"application\/ld+json\" class=\"yoast-schema-graph\">{\"@context\":\"https:\/\/schema.org\",\"@graph\":[{\"@type\":\"WebPage\",\"@id\":\"https:\/\/korenina.sk\/produkt\/ryzova-muka\/\",\"url\":\"https:\/\/korenina.sk\/produkt\/ryzova-muka\/\",\"name\":\"Ry\u017eov\u00e1 m\u00faka &#8211; Koreni.na\",\"isPartOf\":{\"@id\":\"https:\/\/korenina.sk\/#website\"},\"primaryImageOfPage\":{\"@id\":\"https:\/\/korenina.sk\/produkt\/ryzova-muka\/#primaryimage\"},\"image\":{\"@id\":\"https:\/\/korenina.sk\/produkt\/ryzova-muka\/#primaryimage\"},\"thumbnailUrl\":\"https:\/\/korenina.sk\/wp-content\/uploads\/2026\/02\/ryzova-muka.webp\",\"datePublished\":\"2025-09-05T01:34:03+00:00\",\"dateModified\":\"2026-04-15T14:49:02+00:00\",\"description\":\"Ry\u017eov\u00e1 m\u00faka je jemne mlet\u00e1, prirodzene bezlepkov\u00e1 a \u013eahko str\u00e1vite\u013en\u00e1 alternat\u00edva klasickej p\u0161eni\u010dnej m\u00faky. Je vhodn\u00e1 aj pre celiatikov.\",\"breadcrumb\":{\"@id\":\"https:\/\/korenina.sk\/produkt\/ryzova-muka\/#breadcrumb\"},\"inLanguage\":\"cs\",\"potentialAction\":[{\"@type\":\"ReadAction\",\"target\":[\"https:\/\/korenina.sk\/produkt\/ryzova-muka\/\"]}]},{\"@type\":\"ImageObject\",\"inLanguage\":\"cs\",\"@id\":\"https:\/\/korenina.sk\/produkt\/ryzova-muka\/#primaryimage\",\"url\":\"https:\/\/korenina.sk\/wp-content\/uploads\/2026\/02\/ryzova-muka.webp\",\"contentUrl\":\"https:\/\/korenina.sk\/wp-content\/uploads\/2026\/02\/ryzova-muka.webp\",\"width\":1280,\"height\":853,\"caption\":\"ry\u017eov\u00e1 m\u00faka\"},{\"@type\":\"BreadcrumbList\",\"@id\":\"https:\/\/korenina.sk\/produkt\/ryzova-muka\/#breadcrumb\",\"itemListElement\":[{\"@type\":\"ListItem\",\"position\":1,\"name\":\"Domovsk\u00e1 str\u00e1nka\",\"item\":\"https:\/\/korenina.sk\/\"},{\"@type\":\"ListItem\",\"position\":2,\"name\":\"Na\u0161e koreniny a su\u0161en\u00e9 plody\",\"item\":\"https:\/\/korenina.sk\/nase-produkty\/\"},{\"@type\":\"ListItem\",\"position\":3,\"name\":\"Ry\u017eov\u00e1 m\u00faka\"}]},{\"@type\":\"WebSite\",\"@id\":\"https:\/\/korenina.sk\/#website\",\"url\":\"https:\/\/korenina.sk\/\",\"name\":\"Koreni.na\",\"description\":\"Z\u00e1\u017eitok z toho prav\u00e9ho korenia\",\"publisher\":{\"@id\":\"https:\/\/korenina.sk\/#organization\"},\"potentialAction\":[{\"@type\":\"SearchAction\",\"target\":{\"@type\":\"EntryPoint\",\"urlTemplate\":\"https:\/\/korenina.sk\/?s={search_term_string}\"},\"query-input\":{\"@type\":\"PropertyValueSpecification\",\"valueRequired\":true,\"valueName\":\"search_term_string\"}}],\"inLanguage\":\"cs\"},{\"@type\":\"Organization\",\"@id\":\"https:\/\/korenina.sk\/#organization\",\"name\":\"Koreni.na\",\"url\":\"https:\/\/korenina.sk\/\",\"logo\":{\"@type\":\"ImageObject\",\"inLanguage\":\"cs\",\"@id\":\"https:\/\/korenina.sk\/#\/schema\/logo\/image\/\",\"url\":\"https:\/\/korenina.sk\/wp-content\/uploads\/2025\/02\/logo.svg\",\"contentUrl\":\"https:\/\/korenina.sk\/wp-content\/uploads\/2025\/02\/logo.svg\",\"width\":500,\"height\":80,\"caption\":\"Koreni.na\"},\"image\":{\"@id\":\"https:\/\/korenina.sk\/#\/schema\/logo\/image\/\"}}]}<\/script>\n<!-- \/ Yoast SEO plugin. -->","yoast_head_json":{"title":"R\u00fd\u017eov\u00e1 mouka \u2013 Ko\u0159eni.na","description":"R\u00fd\u017eov\u00e1 mouka je jemn\u011b mlet\u00e1, p\u0159irozen\u011b bezlepkov\u00e1 a lehce straviteln\u00e1 alternativa klasick\u00e9 p\u0161eni\u010dn\u00e9 mouky. Je vhodn\u00e1 i pro celiatiky.","robots":{"index":"index","follow":"follow","max-snippet":"max-snippet:-1","max-image-preview":"max-image-preview:large","max-video-preview":"max-video-preview:-1"},"canonical":"https:\/\/korenina.sk\/cs\/produkt\/ryzova-muka\/?wmc-currency=CZK","og_locale":"cs_CZ","og_type":"article","og_title":"Ry\u017eov\u00e1 m\u00faka &#8211; Koreni.na","og_description":"Ry\u017eov\u00e1 m\u00faka je jemne mlet\u00e1, prirodzene bezlepkov\u00e1 a \u013eahko str\u00e1vite\u013en\u00e1 alternat\u00edva klasickej p\u0161eni\u010dnej m\u00faky. Je vhodn\u00e1 aj pre celiatikov.","og_url":"https:\/\/korenina.sk\/cs\/produkt\/ryzova-muka\/?wmc-currency=CZK","og_site_name":"Koreni.na","article_modified_time":"2026-04-15T14:49:02+00:00","og_image":[{"width":1280,"height":853,"url":"https:\/\/korenina.sk\/wp-content\/uploads\/2026\/02\/ryzova-muka.webp","type":"image\/webp"}],"twitter_card":"summary_large_image","twitter_misc":{"Odhadovan\u00e1 doba \u010dten\u00ed":"1 minuta"},"schema":{"@context":"https:\/\/schema.org","@graph":[{"@type":"WebPage","@id":"https:\/\/korenina.sk\/produkt\/ryzova-muka\/","url":"https:\/\/korenina.sk\/produkt\/ryzova-muka\/","name":"R\u00fd\u017eov\u00e1 mouka \u2013 Ko\u0159eni.na","isPartOf":{"@id":"https:\/\/korenina.sk\/#website"},"primaryImageOfPage":{"@id":"https:\/\/korenina.sk\/produkt\/ryzova-muka\/#primaryimage"},"image":{"@id":"https:\/\/korenina.sk\/produkt\/ryzova-muka\/#primaryimage"},"thumbnailUrl":"https:\/\/korenina.sk\/wp-content\/uploads\/2026\/02\/ryzova-muka.webp","datePublished":"2025-09-05T01:34:03+00:00","dateModified":"2026-04-15T14:49:02+00:00","description":"R\u00fd\u017eov\u00e1 mouka je jemn\u011b mlet\u00e1, p\u0159irozen\u011b bezlepkov\u00e1 a lehce straviteln\u00e1 alternativa klasick\u00e9 p\u0161eni\u010dn\u00e9 mouky. Je vhodn\u00e1 i pro celiatiky.","breadcrumb":{"@id":"https:\/\/korenina.sk\/produkt\/ryzova-muka\/#breadcrumb"},"inLanguage":"cs","potentialAction":[{"@type":"ReadAction","target":["https:\/\/korenina.sk\/produkt\/ryzova-muka\/"]}]},{"@type":"ImageObject","inLanguage":"cs","@id":"https:\/\/korenina.sk\/produkt\/ryzova-muka\/#primaryimage","url":"https:\/\/korenina.sk\/wp-content\/uploads\/2026\/02\/ryzova-muka.webp","contentUrl":"https:\/\/korenina.sk\/wp-content\/uploads\/2026\/02\/ryzova-muka.webp","width":1280,"height":853,"caption":"ry\u017eov\u00e1 m\u00faka"},{"@type":"BreadcrumbList","@id":"https:\/\/korenina.sk\/produkt\/ryzova-muka\/#breadcrumb","itemListElement":[{"@type":"ListItem","position":1,"name":"Domovsk\u00e1 str\u00e1nka","item":"https:\/\/korenina.sk\/"},{"@type":"ListItem","position":2,"name":"Na\u0161e koreniny a su\u0161en\u00e9 plody","item":"https:\/\/korenina.sk\/nase-produkty\/"},{"@type":"ListItem","position":3,"name":"Ry\u017eov\u00e1 m\u00faka"}]},{"@type":"WebSite","@id":"https:\/\/korenina.sk\/#website","url":"https:\/\/korenina.sk\/","name":"Koreni.na","description":"Z\u00e1\u017eitek z toho prav\u00e9ho pep\u0159e","publisher":{"@id":"https:\/\/korenina.sk\/#organization"},"potentialAction":[{"@type":"SearchAction","target":{"@type":"EntryPoint","urlTemplate":"https:\/\/korenina.sk\/?s={search_term_string}"},"query-input":{"@type":"PropertyValueSpecification","valueRequired":true,"valueName":"search_term_string"}}],"inLanguage":"cs"},{"@type":"Organization","@id":"https:\/\/korenina.sk\/#organization","name":"Koreni.na","url":"https:\/\/korenina.sk\/","logo":{"@type":"ImageObject","inLanguage":"cs","@id":"https:\/\/korenina.sk\/#\/schema\/logo\/image\/","url":"https:\/\/korenina.sk\/wp-content\/uploads\/2025\/02\/logo.svg","contentUrl":"https:\/\/korenina.sk\/wp-content\/uploads\/2025\/02\/logo.svg","width":500,"height":80,"caption":"Koreni.na"},"image":{"@id":"https:\/\/korenina.sk\/#\/schema\/logo\/image\/"}}]}},"_links":{"self":[{"href":"https:\/\/korenina.sk\/cs\/wp-json\/wp\/v2\/product\/2528","targetHints":{"allow":["GET"]}}],"collection":[{"href":"https:\/\/korenina.sk\/cs\/wp-json\/wp\/v2\/product"}],"about":[{"href":"https:\/\/korenina.sk\/cs\/wp-json\/wp\/v2\/types\/product"}],"replies":[{"embeddable":true,"href":"https:\/\/korenina.sk\/cs\/wp-json\/wp\/v2\/comments?post=2528"}],"wp:featuredmedia":[{"embeddable":true,"href":"https:\/\/korenina.sk\/cs\/wp-json\/wp\/v2\/media\/5987"}],"wp:attachment":[{"href":"https:\/\/korenina.sk\/cs\/wp-json\/wp\/v2\/media?parent=2528"}],"wp:term":[{"taxonomy":"product_brand","embeddable":true,"href":"https:\/\/korenina.sk\/cs\/wp-json\/wp\/v2\/product_brand?post=2528"},{"taxonomy":"product_cat","embeddable":true,"href":"https:\/\/korenina.sk\/cs\/wp-json\/wp\/v2\/product_cat?post=2528"},{"taxonomy":"product_tag","embeddable":true,"href":"https:\/\/korenina.sk\/cs\/wp-json\/wp\/v2\/product_tag?post=2528"}],"curies":[{"name":"wp","href":"https:\/\/api.w.org\/{rel}","templated":true}]}}