{"id":2516,"date":"2025-09-05T03:18:50","date_gmt":"2025-09-05T01:18:50","guid":{"rendered":"https:\/\/korenina.sk\/?post_type=product&#038;p=2516"},"modified":"2026-04-15T16:49:02","modified_gmt":"2026-04-15T14:49:02","slug":"ryze-cervena","status":"publish","type":"product","link":"https:\/\/korenina.sk\/cs\/produkt\/ryze-cervena\/","title":{"rendered":"R\u00fd\u017ee \u010derven\u00e1"},"content":{"rendered":"<p data-start=\"136\" data-end=\"336\"><strong data-start=\"136\" data-end=\"152\">R\u00fd\u017ee \u010derven\u00e1<\/strong> je celozrnn\u00fd druh r\u00fd\u017ee s jemn\u011b o\u0159\u00ed\u0161kovou chut\u00ed a pevn\u011bj\u0161\u00ed strukturou. Svou charakteristickou barvu z\u00edsk\u00e1v\u00e1 d\u00edky p\u0159irozen\u00e9mu obsahu antioxidant\u016f ve slupce, kter\u00e1 z\u016fst\u00e1v\u00e1 zachov\u00e1na.<\/p>\n<p data-start=\"338\" data-end=\"470\">Po uva\u0159en\u00ed je m\u00edrn\u011b sypk\u00e1, pevn\u00e1 a v\u00fdborn\u011b zasyt\u00ed. Je ide\u00e1ln\u00ed volbou pro ka\u017ed\u00e9ho, kdo hled\u00e1 v\u00fd\u017eivn\u011bj\u0161\u00ed alternativu k b\u00edl\u00e9 r\u00fd\u017ei.<\/p>\n<hr data-start=\"472\" data-end=\"475\" \/>\n<h3 data-start=\"477\" data-end=\"500\">Pro\u010d si ji vybrat?<\/h3>\n<p data-start=\"502\" data-end=\"621\">\u2714 p\u0159irozen\u011b vy\u0161\u0161\u00ed obsah vl\u00e1kniny<br data-start=\"535\" data-end=\"538\" \/>\u2714 jemn\u00e1 o\u0159\u00ed\u0161kov\u00e1 chu\u0165<br data-start=\"560\" data-end=\"563\" \/>\u2714 d\u00e9le zasyt\u00ed<br data-start=\"578\" data-end=\"581\" \/>\u2714 vhodn\u00e1 do zdrav\u00e9 a vyv\u00e1\u017een\u00e9 stravy<\/p>\n<hr data-start=\"772\" data-end=\"775\" \/>\n<h3 data-start=\"777\" data-end=\"795\">Jak ji pou\u017e\u00edt?<\/h3>\n<p data-start=\"797\" data-end=\"1053\">V\u00fdborn\u011b se hod\u00ed jako p\u0159\u00edloha ke grilovan\u00e9mu masu, ryb\u00e1m nebo zelenin\u011b. M\u016f\u017ee\u0161 ji pou\u017e\u00edt do sal\u00e1t\u016f, rizota \u010di modern\u00edch ob\u011bdov\u00fdch misek. Skv\u011ble chutn\u00e1 dochucen\u00e1 <a href=\"https:\/\/korenina.sk\/cs\/produkt\/cesnek-jemne-mlety-prasek\/?wmc-currency=CZK\"><strong data-start=\"957\" data-end=\"982\">\u010cesnekem jemn\u011b mlet\u00fdm<\/strong><\/a>, <a href=\"https:\/\/korenina.sk\/cs\/produkt\/rozmarin-mlety\/?wmc-currency=CZK\"><strong data-start=\"984\" data-end=\"1005\">Rozmar\u00fdnem mlet\u00fdm<\/strong><\/a> nebo jemn\u011b pikantn\u00ed paprikou z tv\u00e9 nab\u00eddky.<\/p>\n<hr data-start=\"1055\" data-end=\"1058\" \/>\n<h3 data-start=\"1060\" data-end=\"1077\">Kombinujte s:<\/h3>\n<p data-start=\"1079\" data-end=\"1242\">Pro barevn\u00fd a v\u00fd\u017eivn\u00fd mix ji m\u016f\u017ee\u0161 spojit s <a href=\"https:\/\/korenina.sk\/cs\/produkt\/cerna-ryze\/?wmc-currency=CZK\"><strong data-start=\"1123\" data-end=\"1140\">\u010cernou r\u00fd\u017e\u00ed<\/strong><\/a>. Skv\u011ble se dopl\u0148uje is <a href=\"https:\/\/korenina.sk\/cs\/produkt\/cervena-quinoa\/?wmc-currency=CZK\"><strong data-start=\"1164\" data-end=\"1183\">\u010cervenou quinou<\/strong><\/a>. Jako rychlej\u0161\u00ed alternativa p\u0159\u00edlohy se hod\u00ed i <a href=\"https:\/\/korenina.sk\/cs\/produkt\/kuskus\/?wmc-currency=CZK\"><strong data-start=\"1231\" data-end=\"1241\">Kuskus<\/strong><\/a>.<\/p>","protected":false},"excerpt":{"rendered":"<p><strong>Slo\u017een\u00ed:<\/strong><br \/>\nOryza sativa I.T\u0159\u00edda 100%<\/p>\n<p><strong>Zem\u011b p\u016fvodu:<\/strong><br \/>\nThajsko<\/p>\n<p><strong>Skladov\u00e1n\u00ed:<\/strong><br \/>\nSkladujte na such\u00e9m a tmav\u00e9m m\u00edst\u011b ve sklen\u011bn\u00e9 uzav\u00edrateln\u00e9 n\u00e1dob\u011b<\/p>\n<p><strong>Minim\u00e1ln\u00ed trvanlivost 12 m\u011bs\u00edc\u016f<\/strong><\/p>","protected":false},"featured_media":4696,"comment_status":"closed","ping_status":"closed","template":"","meta":[],"product_brand":[25],"product_cat":[119],"product_tag":[],"class_list":{"0":"post-2516","1":"product","2":"type-product","3":"status-publish","4":"has-post-thumbnail","6":"product_brand-korenina","7":"product_cat-obilniny-a-ryza","9":"first","10":"instock","11":"sale","12":"shipping-taxable","13":"purchasable","14":"product-type-variable"},"yoast_head":"<!-- This site is optimized with the Yoast SEO plugin v27.0 - https:\/\/yoast.com\/product\/yoast-seo-wordpress\/ -->\n<title>Ry\u017ea \u010derven\u00e1 &#8211; Koreni.na<\/title>\n<meta name=\"description\" content=\"\u010cerven\u00e1 ry\u017ea s jemnou orie\u0161kovou chu\u0165ou a pevnou \u0161trukt\u00farou zrna. Ide\u00e1lna ako pr\u00edloha, do \u0161al\u00e1tov a vegetari\u00e1nskych jed\u00e1l. 100% pr\u00edrodn\u00e1.\" \/>\n<meta name=\"robots\" content=\"index, follow, max-snippet:-1, max-image-preview:large, max-video-preview:-1\" \/>\n<link rel=\"canonical\" href=\"https:\/\/korenina.sk\/cs\/produkt\/ryze-cervena\/?wmc-currency=CZK\" \/>\n<meta property=\"og:locale\" content=\"cs_CZ\" \/>\n<meta property=\"og:type\" content=\"article\" \/>\n<meta property=\"og:title\" content=\"Ry\u017ea \u010derven\u00e1 &#8211; Koreni.na\" \/>\n<meta property=\"og:description\" content=\"\u010cerven\u00e1 ry\u017ea s jemnou orie\u0161kovou chu\u0165ou a pevnou \u0161trukt\u00farou zrna. Ide\u00e1lna ako pr\u00edloha, do \u0161al\u00e1tov a vegetari\u00e1nskych jed\u00e1l. 100% pr\u00edrodn\u00e1.\" \/>\n<meta property=\"og:url\" content=\"https:\/\/korenina.sk\/cs\/produkt\/ryze-cervena\/?wmc-currency=CZK\" \/>\n<meta property=\"og:site_name\" content=\"Koreni.na\" \/>\n<meta property=\"article:modified_time\" content=\"2026-04-15T14:49:02+00:00\" \/>\n<meta property=\"og:image\" content=\"https:\/\/korenina.sk\/wp-content\/uploads\/2025\/09\/cervena-ryza.webp\" \/>\n\t<meta property=\"og:image:width\" content=\"600\" \/>\n\t<meta property=\"og:image:height\" content=\"471\" \/>\n\t<meta property=\"og:image:type\" content=\"image\/webp\" \/>\n<meta name=\"twitter:card\" content=\"summary_large_image\" \/>\n<meta name=\"twitter:label1\" content=\"Odhadovan\u00e1 doba \u010dten\u00ed\" \/>\n\t<meta name=\"twitter:data1\" content=\"1 minuta\" \/>\n<script type=\"application\/ld+json\" class=\"yoast-schema-graph\">{\"@context\":\"https:\/\/schema.org\",\"@graph\":[{\"@type\":\"WebPage\",\"@id\":\"https:\/\/korenina.sk\/produkt\/ryza-cervena\/\",\"url\":\"https:\/\/korenina.sk\/produkt\/ryza-cervena\/\",\"name\":\"Ry\u017ea \u010derven\u00e1 &#8211; Koreni.na\",\"isPartOf\":{\"@id\":\"https:\/\/korenina.sk\/#website\"},\"primaryImageOfPage\":{\"@id\":\"https:\/\/korenina.sk\/produkt\/ryza-cervena\/#primaryimage\"},\"image\":{\"@id\":\"https:\/\/korenina.sk\/produkt\/ryza-cervena\/#primaryimage\"},\"thumbnailUrl\":\"https:\/\/korenina.sk\/wp-content\/uploads\/2025\/09\/cervena-ryza.webp\",\"datePublished\":\"2025-09-05T01:18:50+00:00\",\"dateModified\":\"2026-04-15T14:49:02+00:00\",\"description\":\"\u010cerven\u00e1 ry\u017ea s jemnou orie\u0161kovou chu\u0165ou a pevnou \u0161trukt\u00farou zrna. Ide\u00e1lna ako pr\u00edloha, do \u0161al\u00e1tov a vegetari\u00e1nskych jed\u00e1l. 100% pr\u00edrodn\u00e1.\",\"breadcrumb\":{\"@id\":\"https:\/\/korenina.sk\/produkt\/ryza-cervena\/#breadcrumb\"},\"inLanguage\":\"cs\",\"potentialAction\":[{\"@type\":\"ReadAction\",\"target\":[\"https:\/\/korenina.sk\/produkt\/ryza-cervena\/\"]}]},{\"@type\":\"ImageObject\",\"inLanguage\":\"cs\",\"@id\":\"https:\/\/korenina.sk\/produkt\/ryza-cervena\/#primaryimage\",\"url\":\"https:\/\/korenina.sk\/wp-content\/uploads\/2025\/09\/cervena-ryza.webp\",\"contentUrl\":\"https:\/\/korenina.sk\/wp-content\/uploads\/2025\/09\/cervena-ryza.webp\",\"width\":600,\"height\":471,\"caption\":\"\u010derven\u00e1 ry\u017ea\"},{\"@type\":\"BreadcrumbList\",\"@id\":\"https:\/\/korenina.sk\/produkt\/ryza-cervena\/#breadcrumb\",\"itemListElement\":[{\"@type\":\"ListItem\",\"position\":1,\"name\":\"Domovsk\u00e1 str\u00e1nka\",\"item\":\"https:\/\/korenina.sk\/\"},{\"@type\":\"ListItem\",\"position\":2,\"name\":\"Na\u0161e koreniny a su\u0161en\u00e9 plody\",\"item\":\"https:\/\/korenina.sk\/nase-produkty\/\"},{\"@type\":\"ListItem\",\"position\":3,\"name\":\"Ry\u017ea \u010derven\u00e1\"}]},{\"@type\":\"WebSite\",\"@id\":\"https:\/\/korenina.sk\/#website\",\"url\":\"https:\/\/korenina.sk\/\",\"name\":\"Koreni.na\",\"description\":\"Z\u00e1\u017eitok z toho prav\u00e9ho korenia\",\"publisher\":{\"@id\":\"https:\/\/korenina.sk\/#organization\"},\"potentialAction\":[{\"@type\":\"SearchAction\",\"target\":{\"@type\":\"EntryPoint\",\"urlTemplate\":\"https:\/\/korenina.sk\/?s={search_term_string}\"},\"query-input\":{\"@type\":\"PropertyValueSpecification\",\"valueRequired\":true,\"valueName\":\"search_term_string\"}}],\"inLanguage\":\"cs\"},{\"@type\":\"Organization\",\"@id\":\"https:\/\/korenina.sk\/#organization\",\"name\":\"Koreni.na\",\"url\":\"https:\/\/korenina.sk\/\",\"logo\":{\"@type\":\"ImageObject\",\"inLanguage\":\"cs\",\"@id\":\"https:\/\/korenina.sk\/#\/schema\/logo\/image\/\",\"url\":\"https:\/\/korenina.sk\/wp-content\/uploads\/2025\/02\/logo.svg\",\"contentUrl\":\"https:\/\/korenina.sk\/wp-content\/uploads\/2025\/02\/logo.svg\",\"width\":500,\"height\":80,\"caption\":\"Koreni.na\"},\"image\":{\"@id\":\"https:\/\/korenina.sk\/#\/schema\/logo\/image\/\"}}]}<\/script>\n<!-- \/ Yoast SEO plugin. -->","yoast_head_json":{"title":"R\u00fd\u017ee \u010derven\u00e1 \u2013 Ko\u0159en\u00ed.na","description":"\u010cerven\u00e1 r\u00fd\u017ee s jemnou o\u0159\u00ed\u0161kovou chut\u00ed a pevnou strukturou zrna. Ide\u00e1ln\u00ed jako p\u0159\u00edloha, do sal\u00e1t\u016f a vegetari\u00e1nsk\u00fdch j\u00eddel. 100% p\u0159\u00edrodn\u00ed.","robots":{"index":"index","follow":"follow","max-snippet":"max-snippet:-1","max-image-preview":"max-image-preview:large","max-video-preview":"max-video-preview:-1"},"canonical":"https:\/\/korenina.sk\/cs\/produkt\/ryze-cervena\/?wmc-currency=CZK","og_locale":"cs_CZ","og_type":"article","og_title":"Ry\u017ea \u010derven\u00e1 &#8211; Koreni.na","og_description":"\u010cerven\u00e1 ry\u017ea s jemnou orie\u0161kovou chu\u0165ou a pevnou \u0161trukt\u00farou zrna. Ide\u00e1lna ako pr\u00edloha, do \u0161al\u00e1tov a vegetari\u00e1nskych jed\u00e1l. 100% pr\u00edrodn\u00e1.","og_url":"https:\/\/korenina.sk\/cs\/produkt\/ryze-cervena\/?wmc-currency=CZK","og_site_name":"Koreni.na","article_modified_time":"2026-04-15T14:49:02+00:00","og_image":[{"width":600,"height":471,"url":"https:\/\/korenina.sk\/wp-content\/uploads\/2025\/09\/cervena-ryza.webp","type":"image\/webp"}],"twitter_card":"summary_large_image","twitter_misc":{"Odhadovan\u00e1 doba \u010dten\u00ed":"1 minuta"},"schema":{"@context":"https:\/\/schema.org","@graph":[{"@type":"WebPage","@id":"https:\/\/korenina.sk\/produkt\/ryza-cervena\/","url":"https:\/\/korenina.sk\/produkt\/ryza-cervena\/","name":"R\u00fd\u017ee \u010derven\u00e1 \u2013 Ko\u0159en\u00ed.na","isPartOf":{"@id":"https:\/\/korenina.sk\/#website"},"primaryImageOfPage":{"@id":"https:\/\/korenina.sk\/produkt\/ryza-cervena\/#primaryimage"},"image":{"@id":"https:\/\/korenina.sk\/produkt\/ryza-cervena\/#primaryimage"},"thumbnailUrl":"https:\/\/korenina.sk\/wp-content\/uploads\/2025\/09\/cervena-ryza.webp","datePublished":"2025-09-05T01:18:50+00:00","dateModified":"2026-04-15T14:49:02+00:00","description":"\u010cerven\u00e1 r\u00fd\u017ee s jemnou o\u0159\u00ed\u0161kovou chut\u00ed a pevnou strukturou zrna. Ide\u00e1ln\u00ed jako p\u0159\u00edloha, do sal\u00e1t\u016f a vegetari\u00e1nsk\u00fdch j\u00eddel. 100% p\u0159\u00edrodn\u00ed.","breadcrumb":{"@id":"https:\/\/korenina.sk\/produkt\/ryza-cervena\/#breadcrumb"},"inLanguage":"cs","potentialAction":[{"@type":"ReadAction","target":["https:\/\/korenina.sk\/produkt\/ryza-cervena\/"]}]},{"@type":"ImageObject","inLanguage":"cs","@id":"https:\/\/korenina.sk\/produkt\/ryza-cervena\/#primaryimage","url":"https:\/\/korenina.sk\/wp-content\/uploads\/2025\/09\/cervena-ryza.webp","contentUrl":"https:\/\/korenina.sk\/wp-content\/uploads\/2025\/09\/cervena-ryza.webp","width":600,"height":471,"caption":"\u010derven\u00e1 ry\u017ea"},{"@type":"BreadcrumbList","@id":"https:\/\/korenina.sk\/produkt\/ryza-cervena\/#breadcrumb","itemListElement":[{"@type":"ListItem","position":1,"name":"Domovsk\u00e1 str\u00e1nka","item":"https:\/\/korenina.sk\/"},{"@type":"ListItem","position":2,"name":"Na\u0161e koreniny a su\u0161en\u00e9 plody","item":"https:\/\/korenina.sk\/nase-produkty\/"},{"@type":"ListItem","position":3,"name":"Ry\u017ea \u010derven\u00e1"}]},{"@type":"WebSite","@id":"https:\/\/korenina.sk\/#website","url":"https:\/\/korenina.sk\/","name":"Koreni.na","description":"Z\u00e1\u017eitek z toho prav\u00e9ho pep\u0159e","publisher":{"@id":"https:\/\/korenina.sk\/#organization"},"potentialAction":[{"@type":"SearchAction","target":{"@type":"EntryPoint","urlTemplate":"https:\/\/korenina.sk\/?s={search_term_string}"},"query-input":{"@type":"PropertyValueSpecification","valueRequired":true,"valueName":"search_term_string"}}],"inLanguage":"cs"},{"@type":"Organization","@id":"https:\/\/korenina.sk\/#organization","name":"Koreni.na","url":"https:\/\/korenina.sk\/","logo":{"@type":"ImageObject","inLanguage":"cs","@id":"https:\/\/korenina.sk\/#\/schema\/logo\/image\/","url":"https:\/\/korenina.sk\/wp-content\/uploads\/2025\/02\/logo.svg","contentUrl":"https:\/\/korenina.sk\/wp-content\/uploads\/2025\/02\/logo.svg","width":500,"height":80,"caption":"Koreni.na"},"image":{"@id":"https:\/\/korenina.sk\/#\/schema\/logo\/image\/"}}]}},"_links":{"self":[{"href":"https:\/\/korenina.sk\/cs\/wp-json\/wp\/v2\/product\/2516","targetHints":{"allow":["GET"]}}],"collection":[{"href":"https:\/\/korenina.sk\/cs\/wp-json\/wp\/v2\/product"}],"about":[{"href":"https:\/\/korenina.sk\/cs\/wp-json\/wp\/v2\/types\/product"}],"replies":[{"embeddable":true,"href":"https:\/\/korenina.sk\/cs\/wp-json\/wp\/v2\/comments?post=2516"}],"wp:featuredmedia":[{"embeddable":true,"href":"https:\/\/korenina.sk\/cs\/wp-json\/wp\/v2\/media\/4696"}],"wp:attachment":[{"href":"https:\/\/korenina.sk\/cs\/wp-json\/wp\/v2\/media?parent=2516"}],"wp:term":[{"taxonomy":"product_brand","embeddable":true,"href":"https:\/\/korenina.sk\/cs\/wp-json\/wp\/v2\/product_brand?post=2516"},{"taxonomy":"product_cat","embeddable":true,"href":"https:\/\/korenina.sk\/cs\/wp-json\/wp\/v2\/product_cat?post=2516"},{"taxonomy":"product_tag","embeddable":true,"href":"https:\/\/korenina.sk\/cs\/wp-json\/wp\/v2\/product_tag?post=2516"}],"curies":[{"name":"wp","href":"https:\/\/api.w.org\/{rel}","templated":true}]}}