{"id":2440,"date":"2026-01-08T07:23:28","date_gmt":"2026-01-08T06:23:28","guid":{"rendered":"https:\/\/korenina.sk\/?post_type=product&#038;p=2440"},"modified":"2026-04-15T16:48:56","modified_gmt":"2026-04-15T14:48:56","slug":"exkluzivni-liskove-orechy-lupane-natur-bez-soli","status":"publish","type":"product","link":"https:\/\/korenina.sk\/cs\/produkt\/exkluzivni-liskove-orechy-lupane-natur-bez-soli\/","title":{"rendered":"Exkluzivn\u00ed l\u00edskov\u00e9 o\u0159echy loupan\u00e9 natur bez soli"},"content":{"rendered":"<p data-start=\"128\" data-end=\"398\"><strong data-start=\"128\" data-end=\"160\">L\u00edskov\u00e9 o\u0159echy loupan\u00e9 natur<\/strong> jsou pr\u00e9miov\u00e1 j\u00e1dra bez slupky, p\u0159ipraven\u00e1 k okam\u017eit\u00e9mu pou\u017eit\u00ed. Vyzna\u010duj\u00ed se jemnou, p\u0159irozen\u011b nasl\u00e1dlou chut\u00ed a p\u0159\u00edjemn\u011b k\u0159upavou strukturou. D\u00edky tomu jsou ide\u00e1ln\u00ed nejen pro mls\u00e1n\u00ed, ale tak\u00e9 do pe\u010den\u00ed, dezert\u016f \u010di dom\u00e1c\u00ed granoly.<\/p>\n<p data-start=\"400\" data-end=\"508\">Jsou bohat\u00e9 na zdrav\u00e9 tuky, vl\u00e1kninu a p\u0159irozen\u00e9 \u017eiviny, kter\u00e9 z nich \u010din\u00ed obl\u00edbenou sou\u010d\u00e1st vyv\u00e1\u017een\u00e9 stravy.<\/p>\n<hr data-start=\"510\" data-end=\"513\" \/>\n<h3 data-start=\"515\" data-end=\"539\">Pro\u010d si je vybrat?<\/h3>\n<p data-start=\"541\" data-end=\"718\">\u2714 100 % p\u0159\u00edrodn\u00ed, bez soli a bez p\u0159\u00eddatn\u00fdch l\u00e1tek<br data-start=\"590\" data-end=\"593\" \/>\u2714 jemn\u00e1 nasl\u00e1dl\u00e1 chu\u0165<br data-start=\"615\" data-end=\"618\" \/>\u2714 ide\u00e1ln\u00ed do kol\u00e1\u010d\u016f, kr\u00e9m\u016f a dezert\u016f<br data-start=\"657\" data-end=\"660\" \/>\u2714 vhodn\u00e9 i pro v\u00fdrobu dom\u00e1c\u00edho l\u00edskoo\u0159\u00ed\u0161kov\u00e9ho m\u00e1sla<\/p>\n<p data-start=\"720\" data-end=\"852\">L\u00edskov\u00e9 o\u0159echy jsou \u010dasto vyhled\u00e1v\u00e1ny na pe\u010den\u00ed dort\u016f, do \u010dokol\u00e1dov\u00fdch dezert\u016f, do m\u00fcsli nebo jako kvalitn\u00ed p\u0159\u00edrodn\u00ed snack bez soli.<\/p>\n<hr data-start=\"854\" data-end=\"857\" \/>\n<h3 data-start=\"859\" data-end=\"882\">Jak je kombinovat?<\/h3>\n<p data-start=\"884\" data-end=\"1156\">Skv\u011ble se dopl\u0148uj\u00ed s <a href=\"https:\/\/korenina.sk\/cs\/produkt\/mandle-natural-lupane-platky\/?wmc-currency=CZK\"><strong data-start=\"905\" data-end=\"943\">Mandlemi natur\u00e1l loupan\u00fdmi pl\u00e1tky<\/strong><\/a>, kter\u00e9 jsou ide\u00e1ln\u00ed do kol\u00e1\u010d\u016f a b\u00e1bovek. Spolu s <a href=\"https:\/\/korenina.sk\/cs\/produkt\/pekanove-orechy\/?wmc-currency=CZK\"><strong data-start=\"993\" data-end=\"1015\">Pekanov\u00fdmi o\u0159echy<\/strong> <\/a>vytvo\u0159\u00ed v\u00fdjime\u010dnou o\u0159echovou sm\u011bs do dezert\u016f. Pro luxusn\u011bj\u0161\u00ed chu\u0165ov\u00fd z\u00e1\u017eitek je m\u016f\u017ee\u0161 kombinovat tak\u00e9 s <a href=\"https:\/\/korenina.sk\/cs\/produkt\/piniove-orechy-blansirovane\/?wmc-currency=CZK\"><strong data-start=\"1119\" data-end=\"1155\">Piniov\u00fdmi o\u0159echy blan\u0161\u00edrovan\u00fdmi<\/strong><\/a>.<\/p>","protected":false},"excerpt":{"rendered":"<p><strong>Slo\u017een\u00ed:<\/strong><br \/>\nCorelus Avelanna I.T\u0159\u00edda 100%<\/p>\n<p><strong>Zem\u011b p\u016fvodu:<\/strong><br \/>\n\u010cesk\u00e1 republika<\/p>\n<p><strong>Skladov\u00e1n\u00ed:<\/strong><br \/>\nSkladujte na such\u00e9m a tmav\u00e9m m\u00edst\u011b ve sklen\u011bn\u00e9 uzav\u00edrateln\u00e9 n\u00e1dob\u011b<\/p>\n<p><strong>Minim\u00e1ln\u00ed trvanlivost 12 m\u011bs\u00edc\u016f<\/strong><\/p>","protected":false},"featured_media":5170,"comment_status":"closed","ping_status":"closed","template":"","meta":[],"product_brand":[],"product_cat":[116],"product_tag":[],"class_list":{"0":"post-2440","1":"product","2":"type-product","3":"status-publish","4":"has-post-thumbnail","6":"product_cat-orechy","8":"first","9":"instock","10":"shipping-taxable","11":"purchasable","12":"product-type-variable"},"yoast_head":"<!-- This site is optimized with the Yoast SEO plugin v27.0 - https:\/\/yoast.com\/product\/yoast-seo-wordpress\/ -->\n<title>Exkluz\u00edvne lieskov\u00e9 orechy l\u00fapan\u00e9 nat\u00far bez soli &#8211; Koreni.na<\/title>\n<meta name=\"description\" content=\"Exkluz\u00edvne lieskov\u00e9 orechy l\u00fapan\u00e9 nat\u00far bez soli. \u010cist\u00e1 chu\u0165, vysok\u00e1 kvalita a v\u0161estrann\u00e9 vyu\u017eitie v zdravej kuchyni.\" \/>\n<meta name=\"robots\" content=\"index, follow, max-snippet:-1, max-image-preview:large, max-video-preview:-1\" \/>\n<link rel=\"canonical\" href=\"https:\/\/korenina.sk\/cs\/produkt\/exkluzivni-liskove-orechy-lupane-natur-bez-soli\/?wmc-currency=CZK\" \/>\n<meta property=\"og:locale\" content=\"cs_CZ\" \/>\n<meta property=\"og:type\" content=\"article\" \/>\n<meta property=\"og:title\" content=\"Exkluz\u00edvne lieskov\u00e9 orechy l\u00fapan\u00e9 nat\u00far bez soli &#8211; Koreni.na\" \/>\n<meta property=\"og:description\" content=\"Exkluz\u00edvne lieskov\u00e9 orechy l\u00fapan\u00e9 nat\u00far bez soli. \u010cist\u00e1 chu\u0165, vysok\u00e1 kvalita a v\u0161estrann\u00e9 vyu\u017eitie v zdravej kuchyni.\" \/>\n<meta property=\"og:url\" content=\"https:\/\/korenina.sk\/cs\/produkt\/exkluzivni-liskove-orechy-lupane-natur-bez-soli\/?wmc-currency=CZK\" \/>\n<meta property=\"og:site_name\" content=\"Koreni.na\" \/>\n<meta property=\"article:modified_time\" content=\"2026-04-15T14:48:56+00:00\" \/>\n<meta property=\"og:image\" content=\"https:\/\/korenina.sk\/wp-content\/uploads\/2026\/01\/lieskove-orechy-lupane.webp\" \/>\n\t<meta property=\"og:image:width\" content=\"600\" \/>\n\t<meta property=\"og:image:height\" content=\"455\" \/>\n\t<meta property=\"og:image:type\" content=\"image\/webp\" \/>\n<meta name=\"twitter:card\" content=\"summary_large_image\" \/>\n<meta name=\"twitter:label1\" content=\"Odhadovan\u00e1 doba \u010dten\u00ed\" \/>\n\t<meta name=\"twitter:data1\" content=\"2 minuty\" \/>\n<script type=\"application\/ld+json\" class=\"yoast-schema-graph\">{\"@context\":\"https:\/\/schema.org\",\"@graph\":[{\"@type\":\"WebPage\",\"@id\":\"https:\/\/korenina.sk\/produkt\/exkluzivne-lieskove-orechy-lupane-natur-bez-soli\/\",\"url\":\"https:\/\/korenina.sk\/produkt\/exkluzivne-lieskove-orechy-lupane-natur-bez-soli\/\",\"name\":\"Exkluz\u00edvne lieskov\u00e9 orechy l\u00fapan\u00e9 nat\u00far bez soli &#8211; Koreni.na\",\"isPartOf\":{\"@id\":\"https:\/\/korenina.sk\/#website\"},\"primaryImageOfPage\":{\"@id\":\"https:\/\/korenina.sk\/produkt\/exkluzivne-lieskove-orechy-lupane-natur-bez-soli\/#primaryimage\"},\"image\":{\"@id\":\"https:\/\/korenina.sk\/produkt\/exkluzivne-lieskove-orechy-lupane-natur-bez-soli\/#primaryimage\"},\"thumbnailUrl\":\"https:\/\/korenina.sk\/wp-content\/uploads\/2026\/01\/lieskove-orechy-lupane.webp\",\"datePublished\":\"2026-01-08T06:23:28+00:00\",\"dateModified\":\"2026-04-15T14:48:56+00:00\",\"description\":\"Exkluz\u00edvne lieskov\u00e9 orechy l\u00fapan\u00e9 nat\u00far bez soli. \u010cist\u00e1 chu\u0165, vysok\u00e1 kvalita a v\u0161estrann\u00e9 vyu\u017eitie v zdravej kuchyni.\",\"breadcrumb\":{\"@id\":\"https:\/\/korenina.sk\/produkt\/exkluzivne-lieskove-orechy-lupane-natur-bez-soli\/#breadcrumb\"},\"inLanguage\":\"cs\",\"potentialAction\":[{\"@type\":\"ReadAction\",\"target\":[\"https:\/\/korenina.sk\/produkt\/exkluzivne-lieskove-orechy-lupane-natur-bez-soli\/\"]}]},{\"@type\":\"ImageObject\",\"inLanguage\":\"cs\",\"@id\":\"https:\/\/korenina.sk\/produkt\/exkluzivne-lieskove-orechy-lupane-natur-bez-soli\/#primaryimage\",\"url\":\"https:\/\/korenina.sk\/wp-content\/uploads\/2026\/01\/lieskove-orechy-lupane.webp\",\"contentUrl\":\"https:\/\/korenina.sk\/wp-content\/uploads\/2026\/01\/lieskove-orechy-lupane.webp\",\"width\":600,\"height\":455,\"caption\":\"lieskov\u00e9 orechy l\u00fapan\u00e9\"},{\"@type\":\"BreadcrumbList\",\"@id\":\"https:\/\/korenina.sk\/produkt\/exkluzivne-lieskove-orechy-lupane-natur-bez-soli\/#breadcrumb\",\"itemListElement\":[{\"@type\":\"ListItem\",\"position\":1,\"name\":\"Domovsk\u00e1 str\u00e1nka\",\"item\":\"https:\/\/korenina.sk\/\"},{\"@type\":\"ListItem\",\"position\":2,\"name\":\"Na\u0161e koreniny a su\u0161en\u00e9 plody\",\"item\":\"https:\/\/korenina.sk\/nase-produkty\/\"},{\"@type\":\"ListItem\",\"position\":3,\"name\":\"Exkluz\u00edvne lieskov\u00e9 orechy l\u00fapan\u00e9 nat\u00far bez soli\"}]},{\"@type\":\"WebSite\",\"@id\":\"https:\/\/korenina.sk\/#website\",\"url\":\"https:\/\/korenina.sk\/\",\"name\":\"Koreni.na\",\"description\":\"Z\u00e1\u017eitok z toho prav\u00e9ho korenia\",\"publisher\":{\"@id\":\"https:\/\/korenina.sk\/#organization\"},\"potentialAction\":[{\"@type\":\"SearchAction\",\"target\":{\"@type\":\"EntryPoint\",\"urlTemplate\":\"https:\/\/korenina.sk\/?s={search_term_string}\"},\"query-input\":{\"@type\":\"PropertyValueSpecification\",\"valueRequired\":true,\"valueName\":\"search_term_string\"}}],\"inLanguage\":\"cs\"},{\"@type\":\"Organization\",\"@id\":\"https:\/\/korenina.sk\/#organization\",\"name\":\"Koreni.na\",\"url\":\"https:\/\/korenina.sk\/\",\"logo\":{\"@type\":\"ImageObject\",\"inLanguage\":\"cs\",\"@id\":\"https:\/\/korenina.sk\/#\/schema\/logo\/image\/\",\"url\":\"https:\/\/korenina.sk\/wp-content\/uploads\/2025\/02\/logo.svg\",\"contentUrl\":\"https:\/\/korenina.sk\/wp-content\/uploads\/2025\/02\/logo.svg\",\"width\":500,\"height\":80,\"caption\":\"Koreni.na\"},\"image\":{\"@id\":\"https:\/\/korenina.sk\/#\/schema\/logo\/image\/\"}}]}<\/script>\n<!-- \/ Yoast SEO plugin. -->","yoast_head_json":{"title":"Exkluzivn\u00ed l\u00edskov\u00e9 o\u0159echy loupan\u00e9 natur bez soli \u2013 Koreni.na","description":"Exkluzivn\u00ed l\u00edskov\u00e9 o\u0159echy loupan\u00e9 natur bez soli. \u010cist\u00e1 chu\u0165, vysok\u00e1 kvalita a v\u0161estrann\u00e9 vyu\u017eit\u00ed ve zdrav\u00e9 kuchyni.","robots":{"index":"index","follow":"follow","max-snippet":"max-snippet:-1","max-image-preview":"max-image-preview:large","max-video-preview":"max-video-preview:-1"},"canonical":"https:\/\/korenina.sk\/cs\/produkt\/exkluzivni-liskove-orechy-lupane-natur-bez-soli\/?wmc-currency=CZK","og_locale":"cs_CZ","og_type":"article","og_title":"Exkluz\u00edvne lieskov\u00e9 orechy l\u00fapan\u00e9 nat\u00far bez soli &#8211; Koreni.na","og_description":"Exkluz\u00edvne lieskov\u00e9 orechy l\u00fapan\u00e9 nat\u00far bez soli. \u010cist\u00e1 chu\u0165, vysok\u00e1 kvalita a v\u0161estrann\u00e9 vyu\u017eitie v zdravej kuchyni.","og_url":"https:\/\/korenina.sk\/cs\/produkt\/exkluzivni-liskove-orechy-lupane-natur-bez-soli\/?wmc-currency=CZK","og_site_name":"Koreni.na","article_modified_time":"2026-04-15T14:48:56+00:00","og_image":[{"width":600,"height":455,"url":"https:\/\/korenina.sk\/wp-content\/uploads\/2026\/01\/lieskove-orechy-lupane.webp","type":"image\/webp"}],"twitter_card":"summary_large_image","twitter_misc":{"Odhadovan\u00e1 doba \u010dten\u00ed":"2 minuty"},"schema":{"@context":"https:\/\/schema.org","@graph":[{"@type":"WebPage","@id":"https:\/\/korenina.sk\/produkt\/exkluzivne-lieskove-orechy-lupane-natur-bez-soli\/","url":"https:\/\/korenina.sk\/produkt\/exkluzivne-lieskove-orechy-lupane-natur-bez-soli\/","name":"Exkluzivn\u00ed l\u00edskov\u00e9 o\u0159echy loupan\u00e9 natur bez soli \u2013 Koreni.na","isPartOf":{"@id":"https:\/\/korenina.sk\/#website"},"primaryImageOfPage":{"@id":"https:\/\/korenina.sk\/produkt\/exkluzivne-lieskove-orechy-lupane-natur-bez-soli\/#primaryimage"},"image":{"@id":"https:\/\/korenina.sk\/produkt\/exkluzivne-lieskove-orechy-lupane-natur-bez-soli\/#primaryimage"},"thumbnailUrl":"https:\/\/korenina.sk\/wp-content\/uploads\/2026\/01\/lieskove-orechy-lupane.webp","datePublished":"2026-01-08T06:23:28+00:00","dateModified":"2026-04-15T14:48:56+00:00","description":"Exkluzivn\u00ed l\u00edskov\u00e9 o\u0159echy loupan\u00e9 natur bez soli. \u010cist\u00e1 chu\u0165, vysok\u00e1 kvalita a v\u0161estrann\u00e9 vyu\u017eit\u00ed ve zdrav\u00e9 kuchyni.","breadcrumb":{"@id":"https:\/\/korenina.sk\/produkt\/exkluzivne-lieskove-orechy-lupane-natur-bez-soli\/#breadcrumb"},"inLanguage":"cs","potentialAction":[{"@type":"ReadAction","target":["https:\/\/korenina.sk\/produkt\/exkluzivne-lieskove-orechy-lupane-natur-bez-soli\/"]}]},{"@type":"ImageObject","inLanguage":"cs","@id":"https:\/\/korenina.sk\/produkt\/exkluzivne-lieskove-orechy-lupane-natur-bez-soli\/#primaryimage","url":"https:\/\/korenina.sk\/wp-content\/uploads\/2026\/01\/lieskove-orechy-lupane.webp","contentUrl":"https:\/\/korenina.sk\/wp-content\/uploads\/2026\/01\/lieskove-orechy-lupane.webp","width":600,"height":455,"caption":"lieskov\u00e9 orechy l\u00fapan\u00e9"},{"@type":"BreadcrumbList","@id":"https:\/\/korenina.sk\/produkt\/exkluzivne-lieskove-orechy-lupane-natur-bez-soli\/#breadcrumb","itemListElement":[{"@type":"ListItem","position":1,"name":"Domovsk\u00e1 str\u00e1nka","item":"https:\/\/korenina.sk\/"},{"@type":"ListItem","position":2,"name":"Na\u0161e koreniny a su\u0161en\u00e9 plody","item":"https:\/\/korenina.sk\/nase-produkty\/"},{"@type":"ListItem","position":3,"name":"Exkluz\u00edvne lieskov\u00e9 orechy l\u00fapan\u00e9 nat\u00far bez soli"}]},{"@type":"WebSite","@id":"https:\/\/korenina.sk\/#website","url":"https:\/\/korenina.sk\/","name":"Koreni.na","description":"Z\u00e1\u017eitek z toho prav\u00e9ho pep\u0159e","publisher":{"@id":"https:\/\/korenina.sk\/#organization"},"potentialAction":[{"@type":"SearchAction","target":{"@type":"EntryPoint","urlTemplate":"https:\/\/korenina.sk\/?s={search_term_string}"},"query-input":{"@type":"PropertyValueSpecification","valueRequired":true,"valueName":"search_term_string"}}],"inLanguage":"cs"},{"@type":"Organization","@id":"https:\/\/korenina.sk\/#organization","name":"Koreni.na","url":"https:\/\/korenina.sk\/","logo":{"@type":"ImageObject","inLanguage":"cs","@id":"https:\/\/korenina.sk\/#\/schema\/logo\/image\/","url":"https:\/\/korenina.sk\/wp-content\/uploads\/2025\/02\/logo.svg","contentUrl":"https:\/\/korenina.sk\/wp-content\/uploads\/2025\/02\/logo.svg","width":500,"height":80,"caption":"Koreni.na"},"image":{"@id":"https:\/\/korenina.sk\/#\/schema\/logo\/image\/"}}]}},"_links":{"self":[{"href":"https:\/\/korenina.sk\/cs\/wp-json\/wp\/v2\/product\/2440","targetHints":{"allow":["GET"]}}],"collection":[{"href":"https:\/\/korenina.sk\/cs\/wp-json\/wp\/v2\/product"}],"about":[{"href":"https:\/\/korenina.sk\/cs\/wp-json\/wp\/v2\/types\/product"}],"replies":[{"embeddable":true,"href":"https:\/\/korenina.sk\/cs\/wp-json\/wp\/v2\/comments?post=2440"}],"wp:featuredmedia":[{"embeddable":true,"href":"https:\/\/korenina.sk\/cs\/wp-json\/wp\/v2\/media\/5170"}],"wp:attachment":[{"href":"https:\/\/korenina.sk\/cs\/wp-json\/wp\/v2\/media?parent=2440"}],"wp:term":[{"taxonomy":"product_brand","embeddable":true,"href":"https:\/\/korenina.sk\/cs\/wp-json\/wp\/v2\/product_brand?post=2440"},{"taxonomy":"product_cat","embeddable":true,"href":"https:\/\/korenina.sk\/cs\/wp-json\/wp\/v2\/product_cat?post=2440"},{"taxonomy":"product_tag","embeddable":true,"href":"https:\/\/korenina.sk\/cs\/wp-json\/wp\/v2\/product_tag?post=2440"}],"curies":[{"name":"wp","href":"https:\/\/api.w.org\/{rel}","templated":true}]}}