{"id":2431,"date":"2025-09-04T14:10:25","date_gmt":"2025-09-04T12:10:25","guid":{"rendered":"https:\/\/korenina.sk\/?post_type=product&#038;p=2431"},"modified":"2026-04-15T16:49:02","modified_gmt":"2026-04-15T14:49:02","slug":"bezsupkova-dynova-jaderka-natur-exclusive","status":"publish","type":"product","link":"https:\/\/korenina.sk\/cs\/produkt\/bezsupkova-dynova-jaderka-natur-exclusive\/","title":{"rendered":"Bezslupkov\u00e1 d\u00fd\u0148ov\u00e1 jad\u00e9rka natur Exclusive"},"content":{"rendered":"<p data-start=\"251\" data-end=\"505\">Bezslupkov\u00e1 d\u00fd\u0148ov\u00e1 jad\u00e9rka natur v kvalit\u011b <strong data-start=\"297\" data-end=\"310\">Exclusive<\/strong> jsou pe\u010dliv\u011b vybr\u00e1na semena s \u010distou, p\u0159irozenou chut\u00ed a pevnou strukturou. D\u00edky \u0161etrn\u00e9mu zpracov\u00e1n\u00ed jsou vhodn\u00e9 k p\u0159\u00edm\u00e9mu pou\u017eit\u00ed bez dal\u0161\u00ed \u00fapravy a zachov\u00e1vaj\u00ed si sv\u016fj typick\u00fd charakter.<\/p>\n<p data-start=\"507\" data-end=\"736\">D\u00fd\u0148ov\u00e1 jad\u00e9rka natur se pou\u017e\u00edvaj\u00ed zejm\u00e9na do studen\u00e9 kuchyn\u011b, k posyp\u00e1n\u00ed j\u00eddel, do pe\u010diva nebo jako sou\u010d\u00e1st vlastn\u00edch sm\u011bs\u00ed. Jejich jemn\u00e1, o\u0159\u00ed\u0161kov\u00e1 chu\u0165 dob\u0159e zapad\u00e1 do sladk\u00fdch i slan\u00fdch recept\u016f a nep\u0159eb\u00edj\u00ed ostatn\u00ed suroviny.<\/p>\n<p data-start=\"738\" data-end=\"964\">V kuchyni se p\u0159irozen\u011b kombinuj\u00ed s produkty jako <a href=\"https:\/\/korenina.sk\/cs\/produkt\/slunecnicova-seminka-loupana-nesolena-neprazena\/?wmc-currency=CZK\"><strong data-start=\"788\" data-end=\"825\">Slune\u010dnicov\u00e1 sem\u00ednka loupan\u00e9 natur<\/strong><\/a>, <a href=\"https:\/\/korenina.sk\/cs\/produkt\/sezam-bily\/?wmc-currency=CZK\"><strong data-start=\"827\" data-end=\"842\">Sezam b\u00edl\u00fd<\/strong><\/a>, <a href=\"https:\/\/korenina.sk\/cs\/produkt\/sezam-cerny\/?wmc-currency=CZK\"><strong data-start=\"844\" data-end=\"860\">Sezam \u010dern\u00fd<\/strong><\/a> nebo <a href=\"https:\/\/korenina.sk\/cs\/produkt\/lanova-seminka\/?wmc-currency=CZK\"><strong data-start=\"867\" data-end=\"886\">Ln\u011bn\u00e1 sem\u00ednka<\/strong><\/a>, kde spolu vytv\u00e1\u0159ej\u00ed vyv\u00e1\u017een\u00e9 sem\u00ednkov\u00e9 sm\u011bsi vhodn\u00e9 pro ka\u017edodenn\u00ed pou\u017eit\u00ed.<\/p>\n<p data-start=\"966\" data-end=\"1060\">Ka\u017ed\u00e1 \u0161ar\u017ee proch\u00e1z\u00ed kontrolou kvality, aby byla jad\u00e9rka \u010dist\u00e1, chu\u0165ov\u011b stabiln\u00ed a jednotn\u00e1.<\/p>\n<h3 data-start=\"1062\" data-end=\"1130\">Pro\u010d si vybrat bez\u0161upkov\u00e1 d\u00fd\u0148ov\u00e1 jad\u00e9rka natur \u2013 Exclusive:<\/h3>\n<ul data-start=\"1131\" data-end=\"1281\">\n<li data-start=\"1131\" data-end=\"1158\">\n<p data-start=\"1133\" data-end=\"1158\">v\u00fdb\u011brov\u00e1 kvalita semen<\/p>\n<\/li>\n<li data-start=\"1159\" data-end=\"1185\">\n<p data-start=\"1161\" data-end=\"1185\">\u010dist\u00e1, p\u0159irozen\u00e1 chu\u0165<\/p>\n<\/li>\n<li data-start=\"1186\" data-end=\"1217\">\n<p data-start=\"1188\" data-end=\"1217\">pevn\u00e1 a k\u0159upav\u00e1 struktura<\/p>\n<\/li>\n<li data-start=\"1218\" data-end=\"1247\">\n<p data-start=\"1220\" data-end=\"1247\">\u0161irok\u00e9 vyu\u017eit\u00ed v kuchyni<\/p>\n<\/li>\n<li data-start=\"1248\" data-end=\"1281\">\n<p data-start=\"1250\" data-end=\"1281\">vhodn\u00e9 pro ka\u017edodenn\u00ed pou\u017eit\u00ed<\/p>\n<\/li>\n<\/ul>\n<h3 data-start=\"1283\" data-end=\"1296\">Pou\u017eit\u00ed:<\/h3>\n<p data-start=\"1297\" data-end=\"1362\">pe\u010divo, sal\u00e1ty, ka\u0161e, studen\u00e1 kuchyn\u011b, posypy, sem\u00ednkov\u00e9 sm\u011bsi<\/p>\n<p data-start=\"1364\" data-end=\"1513\">\ud83d\udca1 Tip: D\u00fd\u0148ov\u00e1 jad\u00e9rka natur vyniknou v jednoduch\u00fdch kombinac\u00edch se <strong data-start=\"1436\" data-end=\"1450\">slune\u010dnic\u00ed<\/strong>, <strong data-start=\"1452\" data-end=\"1461\">lnem<\/strong> nebo <strong data-start=\"1468\" data-end=\"1479\">sezamem<\/strong>, kde jejich chu\u0165 p\u0159irozen\u011b vynikne.<\/p>\n<p data-start=\"105\" data-end=\"401\">","protected":false},"excerpt":{"rendered":"<p><strong>Slo\u017een\u00ed:<\/strong><br \/>\nCucurbita pepo I.T\u0159\u00edda 100%<\/p>\n<p><strong>Zem\u011b p\u016fvodu:<\/strong><br \/>\nMa\u010farsko<\/p>\n<p><strong>Skladov\u00e1n\u00ed:<\/strong><br \/>\nSkladujte na such\u00e9m a tmav\u00e9m m\u00edst\u011b ve sklen\u011bn\u00e9 uzav\u00edrateln\u00e9 n\u00e1dob\u011b<\/p>\n<p><strong>Minim\u00e1ln\u00ed trvanlivost 12 m\u011bs\u00edc\u016f<\/strong><\/p>","protected":false},"featured_media":5887,"comment_status":"closed","ping_status":"closed","template":"","meta":[],"product_brand":[25],"product_cat":[120],"product_tag":[],"class_list":{"0":"post-2431","1":"product","2":"type-product","3":"status-publish","4":"has-post-thumbnail","6":"product_brand-korenina","7":"product_cat-zrna-a-semena","9":"first","10":"instock","11":"sale","12":"shipping-taxable","13":"purchasable","14":"product-type-variable"},"yoast_head":"<!-- This site is optimized with the Yoast SEO plugin v27.0 - https:\/\/yoast.com\/product\/yoast-seo-wordpress\/ -->\n<title>Bez\u0161upkov\u00e9 tekvicov\u00e9 jadierka nat\u00far Exclusive &#8211; Koreni.na<\/title>\n<meta name=\"description\" content=\"Bez\u0161upkov\u00e9 tekvicov\u00e9 jadierka Natur Exclusive s jemnou orie\u0161kovou chu\u0165ou. Pr\u00e9miov\u00e1 kvalita, ide\u00e1lne do \u0161al\u00e1tov, m\u00fcsli, pe\u010diva alebo ako zdrav\u00fd snack.\" \/>\n<meta name=\"robots\" content=\"index, follow, max-snippet:-1, max-image-preview:large, max-video-preview:-1\" \/>\n<link rel=\"canonical\" href=\"https:\/\/korenina.sk\/cs\/produkt\/bezsupkova-dynova-jaderka-natur-exclusive\/?wmc-currency=CZK\" \/>\n<meta property=\"og:locale\" content=\"cs_CZ\" \/>\n<meta property=\"og:type\" content=\"article\" \/>\n<meta property=\"og:title\" content=\"Bez\u0161upkov\u00e9 tekvicov\u00e9 jadierka nat\u00far Exclusive &#8211; Koreni.na\" \/>\n<meta property=\"og:description\" content=\"Bez\u0161upkov\u00e9 tekvicov\u00e9 jadierka Natur Exclusive s jemnou orie\u0161kovou chu\u0165ou. Pr\u00e9miov\u00e1 kvalita, ide\u00e1lne do \u0161al\u00e1tov, m\u00fcsli, pe\u010diva alebo ako zdrav\u00fd snack.\" \/>\n<meta property=\"og:url\" content=\"https:\/\/korenina.sk\/cs\/produkt\/bezsupkova-dynova-jaderka-natur-exclusive\/?wmc-currency=CZK\" \/>\n<meta property=\"og:site_name\" content=\"Koreni.na\" \/>\n<meta property=\"article:modified_time\" content=\"2026-04-15T14:49:02+00:00\" \/>\n<meta property=\"og:image\" content=\"https:\/\/korenina.sk\/wp-content\/uploads\/2026\/02\/bezsupkove-tekvicove-jadierka-natur.webp\" \/>\n\t<meta property=\"og:image:width\" content=\"1280\" \/>\n\t<meta property=\"og:image:height\" content=\"850\" \/>\n\t<meta property=\"og:image:type\" content=\"image\/webp\" \/>\n<meta name=\"twitter:card\" content=\"summary_large_image\" \/>\n<meta name=\"twitter:label1\" content=\"Odhadovan\u00e1 doba \u010dten\u00ed\" \/>\n\t<meta name=\"twitter:data1\" content=\"2 minuty\" \/>\n<script type=\"application\/ld+json\" class=\"yoast-schema-graph\">{\"@context\":\"https:\/\/schema.org\",\"@graph\":[{\"@type\":\"WebPage\",\"@id\":\"https:\/\/korenina.sk\/produkt\/bezsupkove-tekvicove-jadierka-natur-exclusive\/\",\"url\":\"https:\/\/korenina.sk\/produkt\/bezsupkove-tekvicove-jadierka-natur-exclusive\/\",\"name\":\"Bez\u0161upkov\u00e9 tekvicov\u00e9 jadierka nat\u00far Exclusive &#8211; Koreni.na\",\"isPartOf\":{\"@id\":\"https:\/\/korenina.sk\/#website\"},\"primaryImageOfPage\":{\"@id\":\"https:\/\/korenina.sk\/produkt\/bezsupkove-tekvicove-jadierka-natur-exclusive\/#primaryimage\"},\"image\":{\"@id\":\"https:\/\/korenina.sk\/produkt\/bezsupkove-tekvicove-jadierka-natur-exclusive\/#primaryimage\"},\"thumbnailUrl\":\"https:\/\/korenina.sk\/wp-content\/uploads\/2026\/02\/bezsupkove-tekvicove-jadierka-natur.webp\",\"datePublished\":\"2025-09-04T12:10:25+00:00\",\"dateModified\":\"2026-04-15T14:49:02+00:00\",\"description\":\"Bez\u0161upkov\u00e9 tekvicov\u00e9 jadierka Natur Exclusive s jemnou orie\u0161kovou chu\u0165ou. Pr\u00e9miov\u00e1 kvalita, ide\u00e1lne do \u0161al\u00e1tov, m\u00fcsli, pe\u010diva alebo ako zdrav\u00fd snack.\",\"breadcrumb\":{\"@id\":\"https:\/\/korenina.sk\/produkt\/bezsupkove-tekvicove-jadierka-natur-exclusive\/#breadcrumb\"},\"inLanguage\":\"cs\",\"potentialAction\":[{\"@type\":\"ReadAction\",\"target\":[\"https:\/\/korenina.sk\/produkt\/bezsupkove-tekvicove-jadierka-natur-exclusive\/\"]}]},{\"@type\":\"ImageObject\",\"inLanguage\":\"cs\",\"@id\":\"https:\/\/korenina.sk\/produkt\/bezsupkove-tekvicove-jadierka-natur-exclusive\/#primaryimage\",\"url\":\"https:\/\/korenina.sk\/wp-content\/uploads\/2026\/02\/bezsupkove-tekvicove-jadierka-natur.webp\",\"contentUrl\":\"https:\/\/korenina.sk\/wp-content\/uploads\/2026\/02\/bezsupkove-tekvicove-jadierka-natur.webp\",\"width\":1280,\"height\":850,\"caption\":\"bez\u0161upkov\u00e9 tekvicov\u00e9 jadierka natur\"},{\"@type\":\"BreadcrumbList\",\"@id\":\"https:\/\/korenina.sk\/produkt\/bezsupkove-tekvicove-jadierka-natur-exclusive\/#breadcrumb\",\"itemListElement\":[{\"@type\":\"ListItem\",\"position\":1,\"name\":\"Domovsk\u00e1 str\u00e1nka\",\"item\":\"https:\/\/korenina.sk\/\"},{\"@type\":\"ListItem\",\"position\":2,\"name\":\"Na\u0161e koreniny a su\u0161en\u00e9 plody\",\"item\":\"https:\/\/korenina.sk\/nase-produkty\/\"},{\"@type\":\"ListItem\",\"position\":3,\"name\":\"Bez\u0161upkov\u00e9 tekvicov\u00e9 jadierka nat\u00far Exclusive\"}]},{\"@type\":\"WebSite\",\"@id\":\"https:\/\/korenina.sk\/#website\",\"url\":\"https:\/\/korenina.sk\/\",\"name\":\"Koreni.na\",\"description\":\"Z\u00e1\u017eitok z toho prav\u00e9ho korenia\",\"publisher\":{\"@id\":\"https:\/\/korenina.sk\/#organization\"},\"potentialAction\":[{\"@type\":\"SearchAction\",\"target\":{\"@type\":\"EntryPoint\",\"urlTemplate\":\"https:\/\/korenina.sk\/?s={search_term_string}\"},\"query-input\":{\"@type\":\"PropertyValueSpecification\",\"valueRequired\":true,\"valueName\":\"search_term_string\"}}],\"inLanguage\":\"cs\"},{\"@type\":\"Organization\",\"@id\":\"https:\/\/korenina.sk\/#organization\",\"name\":\"Koreni.na\",\"url\":\"https:\/\/korenina.sk\/\",\"logo\":{\"@type\":\"ImageObject\",\"inLanguage\":\"cs\",\"@id\":\"https:\/\/korenina.sk\/#\/schema\/logo\/image\/\",\"url\":\"https:\/\/korenina.sk\/wp-content\/uploads\/2025\/02\/logo.svg\",\"contentUrl\":\"https:\/\/korenina.sk\/wp-content\/uploads\/2025\/02\/logo.svg\",\"width\":500,\"height\":80,\"caption\":\"Koreni.na\"},\"image\":{\"@id\":\"https:\/\/korenina.sk\/#\/schema\/logo\/image\/\"}}]}<\/script>\n<!-- \/ Yoast SEO plugin. -->","yoast_head_json":{"title":"Bezslupkov\u00e1 d\u00fd\u0148ov\u00e1 jad\u00e9rka natur Exclusive \u2013 Koreni.na","description":"Bezslupkov\u00e1 d\u00fd\u0148ov\u00e1 jad\u00e9rka Natur Exclusive s jemnou o\u0159\u00ed\u0161kovou chut\u00ed. Pr\u00e9miov\u00e1 kvalita, ide\u00e1ln\u00ed do sal\u00e1t\u016f, m\u00fcsli, pe\u010diva nebo jako zdrav\u00fd snack.","robots":{"index":"index","follow":"follow","max-snippet":"max-snippet:-1","max-image-preview":"max-image-preview:large","max-video-preview":"max-video-preview:-1"},"canonical":"https:\/\/korenina.sk\/cs\/produkt\/bezsupkova-dynova-jaderka-natur-exclusive\/?wmc-currency=CZK","og_locale":"cs_CZ","og_type":"article","og_title":"Bez\u0161upkov\u00e9 tekvicov\u00e9 jadierka nat\u00far Exclusive &#8211; Koreni.na","og_description":"Bez\u0161upkov\u00e9 tekvicov\u00e9 jadierka Natur Exclusive s jemnou orie\u0161kovou chu\u0165ou. Pr\u00e9miov\u00e1 kvalita, ide\u00e1lne do \u0161al\u00e1tov, m\u00fcsli, pe\u010diva alebo ako zdrav\u00fd snack.","og_url":"https:\/\/korenina.sk\/cs\/produkt\/bezsupkova-dynova-jaderka-natur-exclusive\/?wmc-currency=CZK","og_site_name":"Koreni.na","article_modified_time":"2026-04-15T14:49:02+00:00","og_image":[{"width":1280,"height":850,"url":"https:\/\/korenina.sk\/wp-content\/uploads\/2026\/02\/bezsupkove-tekvicove-jadierka-natur.webp","type":"image\/webp"}],"twitter_card":"summary_large_image","twitter_misc":{"Odhadovan\u00e1 doba \u010dten\u00ed":"2 minuty"},"schema":{"@context":"https:\/\/schema.org","@graph":[{"@type":"WebPage","@id":"https:\/\/korenina.sk\/produkt\/bezsupkove-tekvicove-jadierka-natur-exclusive\/","url":"https:\/\/korenina.sk\/produkt\/bezsupkove-tekvicove-jadierka-natur-exclusive\/","name":"Bezslupkov\u00e1 d\u00fd\u0148ov\u00e1 jad\u00e9rka natur Exclusive \u2013 Koreni.na","isPartOf":{"@id":"https:\/\/korenina.sk\/#website"},"primaryImageOfPage":{"@id":"https:\/\/korenina.sk\/produkt\/bezsupkove-tekvicove-jadierka-natur-exclusive\/#primaryimage"},"image":{"@id":"https:\/\/korenina.sk\/produkt\/bezsupkove-tekvicove-jadierka-natur-exclusive\/#primaryimage"},"thumbnailUrl":"https:\/\/korenina.sk\/wp-content\/uploads\/2026\/02\/bezsupkove-tekvicove-jadierka-natur.webp","datePublished":"2025-09-04T12:10:25+00:00","dateModified":"2026-04-15T14:49:02+00:00","description":"Bezslupkov\u00e1 d\u00fd\u0148ov\u00e1 jad\u00e9rka Natur Exclusive s jemnou o\u0159\u00ed\u0161kovou chut\u00ed. Pr\u00e9miov\u00e1 kvalita, ide\u00e1ln\u00ed do sal\u00e1t\u016f, m\u00fcsli, pe\u010diva nebo jako zdrav\u00fd snack.","breadcrumb":{"@id":"https:\/\/korenina.sk\/produkt\/bezsupkove-tekvicove-jadierka-natur-exclusive\/#breadcrumb"},"inLanguage":"cs","potentialAction":[{"@type":"ReadAction","target":["https:\/\/korenina.sk\/produkt\/bezsupkove-tekvicove-jadierka-natur-exclusive\/"]}]},{"@type":"ImageObject","inLanguage":"cs","@id":"https:\/\/korenina.sk\/produkt\/bezsupkove-tekvicove-jadierka-natur-exclusive\/#primaryimage","url":"https:\/\/korenina.sk\/wp-content\/uploads\/2026\/02\/bezsupkove-tekvicove-jadierka-natur.webp","contentUrl":"https:\/\/korenina.sk\/wp-content\/uploads\/2026\/02\/bezsupkove-tekvicove-jadierka-natur.webp","width":1280,"height":850,"caption":"bez\u0161upkov\u00e9 tekvicov\u00e9 jadierka natur"},{"@type":"BreadcrumbList","@id":"https:\/\/korenina.sk\/produkt\/bezsupkove-tekvicove-jadierka-natur-exclusive\/#breadcrumb","itemListElement":[{"@type":"ListItem","position":1,"name":"Domovsk\u00e1 str\u00e1nka","item":"https:\/\/korenina.sk\/"},{"@type":"ListItem","position":2,"name":"Na\u0161e koreniny a su\u0161en\u00e9 plody","item":"https:\/\/korenina.sk\/nase-produkty\/"},{"@type":"ListItem","position":3,"name":"Bez\u0161upkov\u00e9 tekvicov\u00e9 jadierka nat\u00far Exclusive"}]},{"@type":"WebSite","@id":"https:\/\/korenina.sk\/#website","url":"https:\/\/korenina.sk\/","name":"Koreni.na","description":"Z\u00e1\u017eitek z toho prav\u00e9ho pep\u0159e","publisher":{"@id":"https:\/\/korenina.sk\/#organization"},"potentialAction":[{"@type":"SearchAction","target":{"@type":"EntryPoint","urlTemplate":"https:\/\/korenina.sk\/?s={search_term_string}"},"query-input":{"@type":"PropertyValueSpecification","valueRequired":true,"valueName":"search_term_string"}}],"inLanguage":"cs"},{"@type":"Organization","@id":"https:\/\/korenina.sk\/#organization","name":"Koreni.na","url":"https:\/\/korenina.sk\/","logo":{"@type":"ImageObject","inLanguage":"cs","@id":"https:\/\/korenina.sk\/#\/schema\/logo\/image\/","url":"https:\/\/korenina.sk\/wp-content\/uploads\/2025\/02\/logo.svg","contentUrl":"https:\/\/korenina.sk\/wp-content\/uploads\/2025\/02\/logo.svg","width":500,"height":80,"caption":"Koreni.na"},"image":{"@id":"https:\/\/korenina.sk\/#\/schema\/logo\/image\/"}}]}},"_links":{"self":[{"href":"https:\/\/korenina.sk\/cs\/wp-json\/wp\/v2\/product\/2431","targetHints":{"allow":["GET"]}}],"collection":[{"href":"https:\/\/korenina.sk\/cs\/wp-json\/wp\/v2\/product"}],"about":[{"href":"https:\/\/korenina.sk\/cs\/wp-json\/wp\/v2\/types\/product"}],"replies":[{"embeddable":true,"href":"https:\/\/korenina.sk\/cs\/wp-json\/wp\/v2\/comments?post=2431"}],"wp:featuredmedia":[{"embeddable":true,"href":"https:\/\/korenina.sk\/cs\/wp-json\/wp\/v2\/media\/5887"}],"wp:attachment":[{"href":"https:\/\/korenina.sk\/cs\/wp-json\/wp\/v2\/media?parent=2431"}],"wp:term":[{"taxonomy":"product_brand","embeddable":true,"href":"https:\/\/korenina.sk\/cs\/wp-json\/wp\/v2\/product_brand?post=2431"},{"taxonomy":"product_cat","embeddable":true,"href":"https:\/\/korenina.sk\/cs\/wp-json\/wp\/v2\/product_cat?post=2431"},{"taxonomy":"product_tag","embeddable":true,"href":"https:\/\/korenina.sk\/cs\/wp-json\/wp\/v2\/product_tag?post=2431"}],"curies":[{"name":"wp","href":"https:\/\/api.w.org\/{rel}","templated":true}]}}