{"id":240,"date":"2025-02-17T16:39:18","date_gmt":"2025-02-17T15:39:18","guid":{"rendered":"https:\/\/korenina.sk\/?post_type=product&#038;p=240"},"modified":"2026-04-15T16:49:09","modified_gmt":"2026-04-15T14:49:09","slug":"extra-pikantni-paprika","status":"publish","type":"product","link":"https:\/\/korenina.sk\/cs\/produkt\/extra-pikantni-paprika\/","title":{"rendered":"Extra pikantn\u00ed paprika"},"content":{"rendered":"<p data-start=\"0\" data-end=\"349\"><strong data-start=\"0\" data-end=\"32\">Extra pikantn\u00ed paprika mlet\u00e1<\/strong> poch\u00e1z\u00ed z kvalitn\u00edch ma\u010farsk\u00fdch paprik p\u011bstovan\u00fdch v tradi\u010dn\u00edch oblastech zn\u00e1m\u00fdch svoj\u00ed paprik\u00e1\u0159skou kulturou. Papriky jsou pe\u010dliv\u011b su\u0161en\u00e9 a mlet\u00e9 pomalu na ml\u00fdnsk\u00e9m kameni, d\u00edky \u010demu\u017e si zachov\u00e1vaj\u00ed p\u0159irozenou barvu, olejnatost a plnou chu\u0165 bez nep\u0159\u00edjemn\u00e9 ho\u0159kosti, kter\u00e1 vznik\u00e1 p\u0159i rychl\u00e9m pr\u016fmyslov\u00e9m mlet\u00ed.<\/p>\n<p data-start=\"351\" data-end=\"534\">V\u00fdsledkem je paprika s intenzivn\u00ed \u010dervenou barvou, \u010dist\u00fdm aroma a v\u00fdraznou, ale p\u0159\u00edjemn\u011b vyv\u00e1\u017eenou p\u00e1livost\u00ed. Zv\u00fdrazn\u00ed j\u00eddlo, dod\u00e1 mu charakter a s\u00edlu \u2013 ani\u017e by ho p\u0159ehlu\u0161ila.<\/p>\n<p data-start=\"536\" data-end=\"653\">Je ide\u00e1ln\u00ed do gul\u00e1\u0161\u016f, pol\u00e9vek, om\u00e1\u010dek, masn\u00fdch j\u00eddel, klob\u00e1s, marin\u00e1d i tradi\u010dn\u00ed ma\u010farsk\u00e9 a slovensk\u00e9 kuchyn\u011b.<\/p>\n<hr data-start=\"655\" data-end=\"658\" \/>\n<h3 data-start=\"660\" data-end=\"708\">Pro\u010d si vybrat na\u0161i extra pikantn\u00ed papriku?<\/h3>\n<p data-start=\"710\" data-end=\"938\">\u2714 P\u016fvod: Ma\u010farsko \u2013 tradi\u010dn\u00ed paprik\u00e1\u0159sk\u00e1 kvalita<br data-start=\"758\" data-end=\"761\" \/>\u2714 Mlet\u00e1 na ml\u00fdnsk\u00e9m kameni \u2013 bez ho\u0159kosti<br data-start=\"802\" data-end=\"805\" \/>\u2714 Extra pikantn\u00ed, ale chu\u0165ov\u011b vyv\u00e1\u017een\u00e1<br data-start=\"842\" data-end=\"845\" \/>\u2714 Intenzivn\u00ed \u010derven\u00e1 barva a p\u0159irozen\u00e9 aroma<br data-start=\"890\" data-end=\"893\" \/>\u2714 100 % \u010dist\u00e1 paprika \u2013 bez barviv a p\u0159\u00edsad<\/p>\n<p data-start=\"940\" data-end=\"1038\">Pou\u017e\u00edv\u00e1me jen vyzr\u00e1l\u00e9 ma\u010farsk\u00e9 papriky \u2013 nikoli sm\u011bsi r\u016fzn\u00e9ho p\u016fvodu ani levn\u00e9 pr\u016fmyslov\u00e9 n\u00e1hrady.<\/p>\n<p data-start=\"1040\" data-end=\"1248\">Mlet\u00ed na kameni minimalizuje p\u0159eh\u0159\u00edv\u00e1n\u00ed, d\u00edky \u010demu\u017e si paprika zachov\u00e1v\u00e1 p\u0159irozen\u00e9 oleje i plnou chu\u0165. Vyv\u00e1\u017een\u00e1 p\u00e1livost umo\u017e\u0148uje p\u0159esn\u00e9 d\u00e1vkov\u00e1n\u00ed \u2013 dod\u00e1 s\u00edlu i charakter bez potla\u010den\u00ed ostatn\u00edch chut\u00ed.<\/p>\n<p data-start=\"1250\" data-end=\"1331\">Stabiln\u00ed kvalita, kterou ocen\u00ed profesion\u00e1ln\u00ed kucha\u0159i i n\u00e1ro\u010dn\u00ed dom\u00e1c\u00ed z\u00e1kazn\u00edci.<\/p>\n<hr data-start=\"1333\" data-end=\"1336\" \/>\n<h3 data-start=\"1338\" data-end=\"1356\">Jak ji pou\u017e\u00edt?<\/h3>\n<p data-start=\"1358\" data-end=\"1616\">P\u0159idej ji do gul\u00e1\u0161e, perkeltu, pol\u00e9vek, om\u00e1\u010dek \u010di dom\u00e1c\u00edch klob\u00e1s. V\u00fdborn\u011b se hod\u00ed tak\u00e9 do marin\u00e1d na grilovan\u00e9 maso nebo do pikantn\u00edch zeleninov\u00fdch j\u00eddel. Pro zachov\u00e1n\u00ed barvy ji p\u0159id\u00e1vej ke konci restov\u00e1n\u00ed nebo ji kr\u00e1tce prom\u00edchej s tukem bez p\u0159ep\u00e1len\u00ed.<\/p>\n<hr data-start=\"1618\" data-end=\"1621\" \/>\n<h3 data-start=\"1623\" data-end=\"1651\">Doporu\u010dujeme kombinovat s:<\/h3>\n<p data-start=\"1653\" data-end=\"1786\">Do tradi\u010dn\u00edch gul\u00e1\u0161\u016f ji zkombinuj s <a href=\"https:\/\/korenina.sk\/cs\/produkt\/kmin-cela\/?wmc-currency=CZK\"><strong data-start=\"1690\" data-end=\"1706\">Km\u00ednem celou<\/strong><\/a>.<br data-start=\"1707\" data-end=\"1710\" \/>Do v\u00fdrazn\u00fdch masov\u00fdch marin\u00e1d se v\u00fdborn\u011b dopl\u0148uje s <a href=\"https:\/\/korenina.sk\/cs\/produkt\/cesnek-granulovany\/?wmc-currency=CZK\"><strong data-start=\"1760\" data-end=\"1785\">\u010cesnekem granulovan\u00fdm<\/strong>.<\/a><\/p>","protected":false},"excerpt":{"rendered":"<p><strong>Slo\u017een\u00ed:<\/strong><br \/>\nCapsicum annuum su\u0161en\u00e1 mlet\u00e1 I.T\u0159\u00edda 100%<\/p>\n<p><strong>Zem\u011b p\u016fvodu:<\/strong><br \/>\nMa\u010farsko<\/p>\n<p><strong>Skladov\u00e1n\u00ed:<\/strong><br \/>\nSkladujte na such\u00e9m a tmav\u00e9m m\u00edst\u011b ve sklen\u011bn\u00e9 uzav\u00edrateln\u00e9 n\u00e1dob\u011b<\/p>\n<p><strong>Minim\u00e1ln\u00ed trvanlivost 12 m\u011bs\u00edc\u016f<\/strong><\/p>","protected":false},"featured_media":5900,"comment_status":"closed","ping_status":"closed","template":"","meta":[],"product_brand":[25],"product_cat":[38],"product_tag":[104,105],"class_list":{"0":"post-240","1":"product","2":"type-product","3":"status-publish","4":"has-post-thumbnail","6":"product_brand-korenina","7":"product_cat-mlete-korenie","8":"product_tag-cervena-paprika","9":"product_tag-poctive-korenie-zo-zahrady","11":"first","12":"instock","13":"sale","14":"shipping-taxable","15":"purchasable","16":"product-type-variable"},"yoast_head":"<!-- This site is optimized with the Yoast SEO plugin v27.0 - https:\/\/yoast.com\/product\/yoast-seo-wordpress\/ -->\n<title>Extra pikantn\u00e1 paprika &#8211; Koreni.na<\/title>\n<meta name=\"description\" content=\"Extra pikantn\u00e1 mlet\u00e1 paprika z Ma\u010farska, mlet\u00e1 na mlynskom kameni bez horkosti. Intenz\u00edvna farba, \u010dist\u00e1 chu\u0165 a v\u00fdrazn\u00e1 p\u00e1livos\u0165 bez pr\u00edsad.\" \/>\n<meta name=\"robots\" content=\"index, follow, max-snippet:-1, max-image-preview:large, max-video-preview:-1\" \/>\n<link rel=\"canonical\" href=\"https:\/\/korenina.sk\/cs\/produkt\/extra-pikantni-paprika\/?wmc-currency=CZK\" \/>\n<meta property=\"og:locale\" content=\"cs_CZ\" \/>\n<meta property=\"og:type\" content=\"article\" \/>\n<meta property=\"og:title\" content=\"Extra pikantn\u00e1 paprika &#8211; Koreni.na\" \/>\n<meta property=\"og:description\" content=\"Extra pikantn\u00e1 mlet\u00e1 paprika z Ma\u010farska, mlet\u00e1 na mlynskom kameni bez horkosti. Intenz\u00edvna farba, \u010dist\u00e1 chu\u0165 a v\u00fdrazn\u00e1 p\u00e1livos\u0165 bez pr\u00edsad.\" \/>\n<meta property=\"og:url\" content=\"https:\/\/korenina.sk\/cs\/produkt\/extra-pikantni-paprika\/?wmc-currency=CZK\" \/>\n<meta property=\"og:site_name\" content=\"Koreni.na\" \/>\n<meta property=\"article:modified_time\" content=\"2026-04-15T14:49:09+00:00\" \/>\n<meta property=\"og:image\" content=\"https:\/\/korenina.sk\/wp-content\/uploads\/2026\/02\/chili-paprika.webp\" \/>\n\t<meta property=\"og:image:width\" content=\"1000\" \/>\n\t<meta property=\"og:image:height\" content=\"1000\" \/>\n\t<meta property=\"og:image:type\" content=\"image\/webp\" \/>\n<meta name=\"twitter:card\" content=\"summary_large_image\" \/>\n<meta name=\"twitter:label1\" content=\"Odhadovan\u00e1 doba \u010dten\u00ed\" \/>\n\t<meta name=\"twitter:data1\" content=\"2 minuty\" \/>\n<script type=\"application\/ld+json\" class=\"yoast-schema-graph\">{\"@context\":\"https:\/\/schema.org\",\"@graph\":[{\"@type\":\"WebPage\",\"@id\":\"https:\/\/korenina.sk\/produkt\/extra-pikantna-paprika\/\",\"url\":\"https:\/\/korenina.sk\/produkt\/extra-pikantna-paprika\/\",\"name\":\"Extra pikantn\u00e1 paprika &#8211; Koreni.na\",\"isPartOf\":{\"@id\":\"https:\/\/korenina.sk\/#website\"},\"primaryImageOfPage\":{\"@id\":\"https:\/\/korenina.sk\/produkt\/extra-pikantna-paprika\/#primaryimage\"},\"image\":{\"@id\":\"https:\/\/korenina.sk\/produkt\/extra-pikantna-paprika\/#primaryimage\"},\"thumbnailUrl\":\"https:\/\/korenina.sk\/wp-content\/uploads\/2026\/02\/chili-paprika.webp\",\"datePublished\":\"2025-02-17T15:39:18+00:00\",\"dateModified\":\"2026-04-15T14:49:09+00:00\",\"description\":\"Extra pikantn\u00e1 mlet\u00e1 paprika z Ma\u010farska, mlet\u00e1 na mlynskom kameni bez horkosti. Intenz\u00edvna farba, \u010dist\u00e1 chu\u0165 a v\u00fdrazn\u00e1 p\u00e1livos\u0165 bez pr\u00edsad.\",\"breadcrumb\":{\"@id\":\"https:\/\/korenina.sk\/produkt\/extra-pikantna-paprika\/#breadcrumb\"},\"inLanguage\":\"cs\",\"potentialAction\":[{\"@type\":\"ReadAction\",\"target\":[\"https:\/\/korenina.sk\/produkt\/extra-pikantna-paprika\/\"]}]},{\"@type\":\"ImageObject\",\"inLanguage\":\"cs\",\"@id\":\"https:\/\/korenina.sk\/produkt\/extra-pikantna-paprika\/#primaryimage\",\"url\":\"https:\/\/korenina.sk\/wp-content\/uploads\/2026\/02\/chili-paprika.webp\",\"contentUrl\":\"https:\/\/korenina.sk\/wp-content\/uploads\/2026\/02\/chili-paprika.webp\",\"width\":1000,\"height\":1000,\"caption\":\"chilli paprika mlet\u00e1\"},{\"@type\":\"BreadcrumbList\",\"@id\":\"https:\/\/korenina.sk\/produkt\/extra-pikantna-paprika\/#breadcrumb\",\"itemListElement\":[{\"@type\":\"ListItem\",\"position\":1,\"name\":\"Domovsk\u00e1 str\u00e1nka\",\"item\":\"https:\/\/korenina.sk\/\"},{\"@type\":\"ListItem\",\"position\":2,\"name\":\"Na\u0161e koreniny a su\u0161en\u00e9 plody\",\"item\":\"https:\/\/korenina.sk\/nase-produkty\/\"},{\"@type\":\"ListItem\",\"position\":3,\"name\":\"Extra pikantn\u00e1 paprika\"}]},{\"@type\":\"WebSite\",\"@id\":\"https:\/\/korenina.sk\/#website\",\"url\":\"https:\/\/korenina.sk\/\",\"name\":\"Koreni.na\",\"description\":\"Z\u00e1\u017eitok z toho prav\u00e9ho korenia\",\"publisher\":{\"@id\":\"https:\/\/korenina.sk\/#organization\"},\"potentialAction\":[{\"@type\":\"SearchAction\",\"target\":{\"@type\":\"EntryPoint\",\"urlTemplate\":\"https:\/\/korenina.sk\/?s={search_term_string}\"},\"query-input\":{\"@type\":\"PropertyValueSpecification\",\"valueRequired\":true,\"valueName\":\"search_term_string\"}}],\"inLanguage\":\"cs\"},{\"@type\":\"Organization\",\"@id\":\"https:\/\/korenina.sk\/#organization\",\"name\":\"Koreni.na\",\"url\":\"https:\/\/korenina.sk\/\",\"logo\":{\"@type\":\"ImageObject\",\"inLanguage\":\"cs\",\"@id\":\"https:\/\/korenina.sk\/#\/schema\/logo\/image\/\",\"url\":\"https:\/\/korenina.sk\/wp-content\/uploads\/2025\/02\/logo.svg\",\"contentUrl\":\"https:\/\/korenina.sk\/wp-content\/uploads\/2025\/02\/logo.svg\",\"width\":500,\"height\":80,\"caption\":\"Koreni.na\"},\"image\":{\"@id\":\"https:\/\/korenina.sk\/#\/schema\/logo\/image\/\"}}]}<\/script>\n<!-- \/ Yoast SEO plugin. -->","yoast_head_json":{"title":"Extra pikantn\u00ed paprika \u2013 Ko\u0159eni.na","description":"Extra pikantn\u00ed mlet\u00e1 paprika z Ma\u010farska, mlet\u00e1 na ml\u00fdnsk\u00e9m kameni bez ho\u0159kosti. Intenzivn\u00ed barva, \u010dist\u00e1 chu\u0165 a v\u00fdrazn\u00e1 p\u00e1livost bez p\u0159\u00edsad.","robots":{"index":"index","follow":"follow","max-snippet":"max-snippet:-1","max-image-preview":"max-image-preview:large","max-video-preview":"max-video-preview:-1"},"canonical":"https:\/\/korenina.sk\/cs\/produkt\/extra-pikantni-paprika\/?wmc-currency=CZK","og_locale":"cs_CZ","og_type":"article","og_title":"Extra pikantn\u00e1 paprika &#8211; Koreni.na","og_description":"Extra pikantn\u00e1 mlet\u00e1 paprika z Ma\u010farska, mlet\u00e1 na mlynskom kameni bez horkosti. Intenz\u00edvna farba, \u010dist\u00e1 chu\u0165 a v\u00fdrazn\u00e1 p\u00e1livos\u0165 bez pr\u00edsad.","og_url":"https:\/\/korenina.sk\/cs\/produkt\/extra-pikantni-paprika\/?wmc-currency=CZK","og_site_name":"Koreni.na","article_modified_time":"2026-04-15T14:49:09+00:00","og_image":[{"width":1000,"height":1000,"url":"https:\/\/korenina.sk\/wp-content\/uploads\/2026\/02\/chili-paprika.webp","type":"image\/webp"}],"twitter_card":"summary_large_image","twitter_misc":{"Odhadovan\u00e1 doba \u010dten\u00ed":"2 minuty"},"schema":{"@context":"https:\/\/schema.org","@graph":[{"@type":"WebPage","@id":"https:\/\/korenina.sk\/produkt\/extra-pikantna-paprika\/","url":"https:\/\/korenina.sk\/produkt\/extra-pikantna-paprika\/","name":"Extra pikantn\u00ed paprika \u2013 Ko\u0159eni.na","isPartOf":{"@id":"https:\/\/korenina.sk\/#website"},"primaryImageOfPage":{"@id":"https:\/\/korenina.sk\/produkt\/extra-pikantna-paprika\/#primaryimage"},"image":{"@id":"https:\/\/korenina.sk\/produkt\/extra-pikantna-paprika\/#primaryimage"},"thumbnailUrl":"https:\/\/korenina.sk\/wp-content\/uploads\/2026\/02\/chili-paprika.webp","datePublished":"2025-02-17T15:39:18+00:00","dateModified":"2026-04-15T14:49:09+00:00","description":"Extra pikantn\u00ed mlet\u00e1 paprika z Ma\u010farska, mlet\u00e1 na ml\u00fdnsk\u00e9m kameni bez ho\u0159kosti. Intenzivn\u00ed barva, \u010dist\u00e1 chu\u0165 a v\u00fdrazn\u00e1 p\u00e1livost bez p\u0159\u00edsad.","breadcrumb":{"@id":"https:\/\/korenina.sk\/produkt\/extra-pikantna-paprika\/#breadcrumb"},"inLanguage":"cs","potentialAction":[{"@type":"ReadAction","target":["https:\/\/korenina.sk\/produkt\/extra-pikantna-paprika\/"]}]},{"@type":"ImageObject","inLanguage":"cs","@id":"https:\/\/korenina.sk\/produkt\/extra-pikantna-paprika\/#primaryimage","url":"https:\/\/korenina.sk\/wp-content\/uploads\/2026\/02\/chili-paprika.webp","contentUrl":"https:\/\/korenina.sk\/wp-content\/uploads\/2026\/02\/chili-paprika.webp","width":1000,"height":1000,"caption":"chilli paprika mlet\u00e1"},{"@type":"BreadcrumbList","@id":"https:\/\/korenina.sk\/produkt\/extra-pikantna-paprika\/#breadcrumb","itemListElement":[{"@type":"ListItem","position":1,"name":"Domovsk\u00e1 str\u00e1nka","item":"https:\/\/korenina.sk\/"},{"@type":"ListItem","position":2,"name":"Na\u0161e koreniny a su\u0161en\u00e9 plody","item":"https:\/\/korenina.sk\/nase-produkty\/"},{"@type":"ListItem","position":3,"name":"Extra pikantn\u00e1 paprika"}]},{"@type":"WebSite","@id":"https:\/\/korenina.sk\/#website","url":"https:\/\/korenina.sk\/","name":"Koreni.na","description":"Z\u00e1\u017eitek z toho prav\u00e9ho pep\u0159e","publisher":{"@id":"https:\/\/korenina.sk\/#organization"},"potentialAction":[{"@type":"SearchAction","target":{"@type":"EntryPoint","urlTemplate":"https:\/\/korenina.sk\/?s={search_term_string}"},"query-input":{"@type":"PropertyValueSpecification","valueRequired":true,"valueName":"search_term_string"}}],"inLanguage":"cs"},{"@type":"Organization","@id":"https:\/\/korenina.sk\/#organization","name":"Koreni.na","url":"https:\/\/korenina.sk\/","logo":{"@type":"ImageObject","inLanguage":"cs","@id":"https:\/\/korenina.sk\/#\/schema\/logo\/image\/","url":"https:\/\/korenina.sk\/wp-content\/uploads\/2025\/02\/logo.svg","contentUrl":"https:\/\/korenina.sk\/wp-content\/uploads\/2025\/02\/logo.svg","width":500,"height":80,"caption":"Koreni.na"},"image":{"@id":"https:\/\/korenina.sk\/#\/schema\/logo\/image\/"}}]}},"_links":{"self":[{"href":"https:\/\/korenina.sk\/cs\/wp-json\/wp\/v2\/product\/240","targetHints":{"allow":["GET"]}}],"collection":[{"href":"https:\/\/korenina.sk\/cs\/wp-json\/wp\/v2\/product"}],"about":[{"href":"https:\/\/korenina.sk\/cs\/wp-json\/wp\/v2\/types\/product"}],"replies":[{"embeddable":true,"href":"https:\/\/korenina.sk\/cs\/wp-json\/wp\/v2\/comments?post=240"}],"wp:featuredmedia":[{"embeddable":true,"href":"https:\/\/korenina.sk\/cs\/wp-json\/wp\/v2\/media\/5900"}],"wp:attachment":[{"href":"https:\/\/korenina.sk\/cs\/wp-json\/wp\/v2\/media?parent=240"}],"wp:term":[{"taxonomy":"product_brand","embeddable":true,"href":"https:\/\/korenina.sk\/cs\/wp-json\/wp\/v2\/product_brand?post=240"},{"taxonomy":"product_cat","embeddable":true,"href":"https:\/\/korenina.sk\/cs\/wp-json\/wp\/v2\/product_cat?post=240"},{"taxonomy":"product_tag","embeddable":true,"href":"https:\/\/korenina.sk\/cs\/wp-json\/wp\/v2\/product_tag?post=240"}],"curies":[{"name":"wp","href":"https:\/\/api.w.org\/{rel}","templated":true}]}}