{"id":1188,"date":"2025-03-17T20:11:09","date_gmt":"2025-03-17T19:11:09","guid":{"rendered":"https:\/\/korenina.sk\/?post_type=product&#038;p=1188"},"modified":"2026-04-15T16:49:06","modified_gmt":"2026-04-15T14:49:06","slug":"saturejka-mleta","status":"publish","type":"product","link":"https:\/\/korenina.sk\/cs\/produkt\/saturejka-mleta\/","title":{"rendered":"Saturejka mlet\u00e1"},"content":{"rendered":"<p data-start=\"0\" data-end=\"247\"><strong data-start=\"0\" data-end=\"19\">Saturejka mlet\u00e1<\/strong> je vyrobena z kvalitn\u00ed nat\u011b saturejky, kter\u00e1 je \u0161etrn\u011b su\u0161en\u00e1 a n\u00e1sledn\u011b jemn\u011b mlet\u00e1 tak, aby si zachovala svou typickou v\u00fdraznou, ko\u0159en\u011bnou a jemn\u011b pikantn\u00ed chu\u0165 spolu s intenzivn\u00edm bylinkov\u00fdm aroma bez nep\u0159\u00edjemn\u00e9 ho\u0159kosti.<\/p>\n<p data-start=\"249\" data-end=\"492\">Jemn\u00e9 mlet\u00ed zaji\u0161\u0165uje rychl\u00e9 a rovnom\u011brn\u00e9 uvoln\u011bn\u00ed chuti, d\u00edky \u010demu\u017e je saturejka ide\u00e1ln\u00ed zejm\u00e9na do lu\u0161t\u011bninov\u00fdch j\u00eddel, fazol\u00ed, hrachu, \u010do\u010dky, pol\u00e9vek, om\u00e1\u010dek, masov\u00fdch pokrm\u016f i ko\u0159eninov\u00fdch sm\u011bs\u00ed, kde je zapot\u0159eb\u00ed p\u0159esn\u00e9ho d\u00e1vkov\u00e1n\u00ed.<\/p>\n<hr data-start=\"494\" data-end=\"497\" \/>\n<h3 data-start=\"499\" data-end=\"540\">Pro\u010d si vybrat na\u0161i saturejku mletou?<\/h3>\n<p data-start=\"542\" data-end=\"703\">\u2714 Jemn\u011b mlet\u00e1 saturejka z kvalitn\u00ed nat\u011b<br data-start=\"583\" data-end=\"586\" \/>\u2714 V\u00fdrazn\u00e1, ko\u0159en\u011bn\u00e1 a jemn\u011b pikantn\u00ed chu\u0165<br data-start=\"628\" data-end=\"631\" \/>\u2714 Ide\u00e1ln\u00ed pro p\u0159esn\u00e9 d\u00e1vkov\u00e1n\u00ed<br data-start=\"661\" data-end=\"664\" \/>\u2714 100 % p\u0159\u00edrodn\u00ed produkt \u2013 bez p\u0159\u00edsad<\/p>\n<p data-start=\"705\" data-end=\"776\">Pou\u017e\u00edv\u00e1me jen aromatickou na\u0165 \u2013 ne tvrd\u00e9 stonky ani proset\u00fd odpad.<\/p>\n<p data-start=\"778\" data-end=\"968\">\u0160etrn\u00e9 su\u0161en\u00ed a mlet\u00ed zachov\u00e1v\u00e1 p\u0159\u00edrodn\u00ed silice, d\u00edky \u010demu\u017e m\u00e1 saturejka plnou chu\u0165 i p\u0159i mal\u00e9m mno\u017estv\u00ed. Jemn\u00e1 konzistence umo\u017e\u0148uje snadn\u00e9 zapracov\u00e1n\u00ed do j\u00eddel a ko\u0159eninov\u00fdch sm\u011bs\u00ed.<\/p>\n<p data-start=\"970\" data-end=\"1042\">St\u00e1l\u00e1 kvalita je vhodn\u00e1 pro dom\u00e1c\u00ed kuchyni i profesion\u00e1ln\u00ed gastronomii.<\/p>\n<hr data-start=\"1044\" data-end=\"1047\" \/>\n<h3 data-start=\"1049\" data-end=\"1067\">Jak ji pou\u017e\u00edt?<\/h3>\n<p data-start=\"1069\" data-end=\"1250\">P\u0159idej ji do fazolov\u00e9 pol\u00e9vky, \u010do\u010dky nebo du\u0161en\u00e9ho masa. Skv\u011ble se hod\u00ed tak\u00e9 do dom\u00e1c\u00edch klob\u00e1s a bylinkov\u00fdch sm\u011bs\u00ed. D\u00edky mlet\u00e9 form\u011b se okam\u017eit\u011b zapracuje do om\u00e1\u010dek a n\u00e1divek.<\/p>\n<hr data-start=\"1252\" data-end=\"1255\" \/>\n<h3 data-start=\"1257\" data-end=\"1285\">Doporu\u010dujeme kombinovat s:<\/h3>\n<p data-start=\"1287\" data-end=\"1422\">Do lu\u0161t\u011bninov\u00fdch j\u00eddel ji zkombinuj s <a href=\"https:\/\/korenina.sk\/cs\/produkt\/kmin-mleta\/?wmc-currency=CZK\"><strong data-start=\"1326\" data-end=\"1343\">Km\u00ednem mletou<\/strong>.<\/a><br data-start=\"1344\" data-end=\"1347\" \/>Do tradi\u010dn\u00edch dom\u00e1c\u00edch recept\u016f se v\u00fdborn\u011b dopl\u0148uje s<a href=\"https:\/\/korenina.sk\/cs\/produkt\/majoranka-drcena\/?wmc-currency=CZK\"> <strong data-start=\"1399\" data-end=\"1421\">Major\u00e1nkou drcenou<\/strong><\/a>.<\/p>","protected":false},"excerpt":{"rendered":"<p><strong>Slo\u017een\u00ed:<\/strong><br \/>\nSatureja hortensis su\u0161en\u00e1 mlet\u00e1 I.T\u0159\u00edda 100%<\/p>\n<p><strong>Zem\u011b p\u016fvodu:<\/strong><br \/>\nIt\u00e1lie<\/p>\n<p><strong>Skladov\u00e1n\u00ed:<\/strong><br \/>\nSkladujte na such\u00e9m a tmav\u00e9m m\u00edst\u011b ve sklen\u011bn\u00e9 uzav\u00edrateln\u00e9 n\u00e1dob\u011b<\/p>\n<p><strong>Minim\u00e1ln\u00ed trvanlivost 12 m\u011bs\u00edc\u016f<\/strong><\/p>","protected":false},"featured_media":6016,"comment_status":"closed","ping_status":"closed","template":"","meta":[],"product_brand":[25],"product_cat":[38],"product_tag":[106,107,105],"class_list":{"0":"post-1188","1":"product","2":"type-product","3":"status-publish","4":"has-post-thumbnail","6":"product_brand-korenina","7":"product_cat-mlete-korenie","8":"product_tag-exoticke-korenie","9":"product_tag-kvalitne-bylinky","10":"product_tag-poctive-korenie-zo-zahrady","12":"first","13":"instock","14":"sale","15":"shipping-taxable","16":"purchasable","17":"product-type-variable"},"yoast_head":"<!-- This site is optimized with the Yoast SEO plugin v27.0 - https:\/\/yoast.com\/product\/yoast-seo-wordpress\/ -->\n<title>Saturejka mlet\u00e1 &#8211; Koreni.na<\/title>\n<meta name=\"description\" content=\"Saturejka mlet\u00e1 s v\u00fdraznou korenistou chu\u0165ou a intenz\u00edvnou ar\u00f3mou. 100% pr\u00edrodn\u00fd produkt, ide\u00e1lny do strukov\u00edn, polievok, om\u00e1\u010dok a m\u00e4sov\u00fdch jed\u00e1l.\" \/>\n<meta name=\"robots\" content=\"index, follow, max-snippet:-1, max-image-preview:large, max-video-preview:-1\" \/>\n<link rel=\"canonical\" href=\"https:\/\/korenina.sk\/cs\/produkt\/saturejka-mleta\/?wmc-currency=CZK\" \/>\n<meta property=\"og:locale\" content=\"cs_CZ\" \/>\n<meta property=\"og:type\" content=\"article\" \/>\n<meta property=\"og:title\" content=\"Saturejka mlet\u00e1 &#8211; Koreni.na\" \/>\n<meta property=\"og:description\" content=\"Saturejka mlet\u00e1 s v\u00fdraznou korenistou chu\u0165ou a intenz\u00edvnou ar\u00f3mou. 100% pr\u00edrodn\u00fd produkt, ide\u00e1lny do strukov\u00edn, polievok, om\u00e1\u010dok a m\u00e4sov\u00fdch jed\u00e1l.\" \/>\n<meta property=\"og:url\" content=\"https:\/\/korenina.sk\/cs\/produkt\/saturejka-mleta\/?wmc-currency=CZK\" \/>\n<meta property=\"og:site_name\" content=\"Koreni.na\" \/>\n<meta property=\"article:modified_time\" content=\"2026-04-15T14:49:06+00:00\" \/>\n<meta property=\"og:image\" content=\"https:\/\/korenina.sk\/wp-content\/uploads\/2026\/02\/Saturejka-mleta.webp\" \/>\n\t<meta property=\"og:image:width\" content=\"600\" \/>\n\t<meta property=\"og:image:height\" content=\"600\" \/>\n\t<meta property=\"og:image:type\" content=\"image\/webp\" \/>\n<meta name=\"twitter:card\" content=\"summary_large_image\" \/>\n<meta name=\"twitter:label1\" content=\"Odhadovan\u00e1 doba \u010dten\u00ed\" \/>\n\t<meta name=\"twitter:data1\" content=\"2 minuty\" \/>\n<script type=\"application\/ld+json\" class=\"yoast-schema-graph\">{\"@context\":\"https:\/\/schema.org\",\"@graph\":[{\"@type\":\"WebPage\",\"@id\":\"https:\/\/korenina.sk\/produkt\/saturejka-mleta\/\",\"url\":\"https:\/\/korenina.sk\/produkt\/saturejka-mleta\/\",\"name\":\"Saturejka mlet\u00e1 &#8211; Koreni.na\",\"isPartOf\":{\"@id\":\"https:\/\/korenina.sk\/#website\"},\"primaryImageOfPage\":{\"@id\":\"https:\/\/korenina.sk\/produkt\/saturejka-mleta\/#primaryimage\"},\"image\":{\"@id\":\"https:\/\/korenina.sk\/produkt\/saturejka-mleta\/#primaryimage\"},\"thumbnailUrl\":\"https:\/\/korenina.sk\/wp-content\/uploads\/2026\/02\/Saturejka-mleta.webp\",\"datePublished\":\"2025-03-17T19:11:09+00:00\",\"dateModified\":\"2026-04-15T14:49:06+00:00\",\"description\":\"Saturejka mlet\u00e1 s v\u00fdraznou korenistou chu\u0165ou a intenz\u00edvnou ar\u00f3mou. 100% pr\u00edrodn\u00fd produkt, ide\u00e1lny do strukov\u00edn, polievok, om\u00e1\u010dok a m\u00e4sov\u00fdch jed\u00e1l.\",\"breadcrumb\":{\"@id\":\"https:\/\/korenina.sk\/produkt\/saturejka-mleta\/#breadcrumb\"},\"inLanguage\":\"cs\",\"potentialAction\":[{\"@type\":\"ReadAction\",\"target\":[\"https:\/\/korenina.sk\/produkt\/saturejka-mleta\/\"]}]},{\"@type\":\"ImageObject\",\"inLanguage\":\"cs\",\"@id\":\"https:\/\/korenina.sk\/produkt\/saturejka-mleta\/#primaryimage\",\"url\":\"https:\/\/korenina.sk\/wp-content\/uploads\/2026\/02\/Saturejka-mleta.webp\",\"contentUrl\":\"https:\/\/korenina.sk\/wp-content\/uploads\/2026\/02\/Saturejka-mleta.webp\",\"width\":600,\"height\":600,\"caption\":\"saturejka mlet\u00e1\"},{\"@type\":\"BreadcrumbList\",\"@id\":\"https:\/\/korenina.sk\/produkt\/saturejka-mleta\/#breadcrumb\",\"itemListElement\":[{\"@type\":\"ListItem\",\"position\":1,\"name\":\"Domovsk\u00e1 str\u00e1nka\",\"item\":\"https:\/\/korenina.sk\/\"},{\"@type\":\"ListItem\",\"position\":2,\"name\":\"Na\u0161e koreniny a su\u0161en\u00e9 plody\",\"item\":\"https:\/\/korenina.sk\/nase-produkty\/\"},{\"@type\":\"ListItem\",\"position\":3,\"name\":\"Saturejka mlet\u00e1\"}]},{\"@type\":\"WebSite\",\"@id\":\"https:\/\/korenina.sk\/#website\",\"url\":\"https:\/\/korenina.sk\/\",\"name\":\"Koreni.na\",\"description\":\"Z\u00e1\u017eitok z toho prav\u00e9ho korenia\",\"publisher\":{\"@id\":\"https:\/\/korenina.sk\/#organization\"},\"potentialAction\":[{\"@type\":\"SearchAction\",\"target\":{\"@type\":\"EntryPoint\",\"urlTemplate\":\"https:\/\/korenina.sk\/?s={search_term_string}\"},\"query-input\":{\"@type\":\"PropertyValueSpecification\",\"valueRequired\":true,\"valueName\":\"search_term_string\"}}],\"inLanguage\":\"cs\"},{\"@type\":\"Organization\",\"@id\":\"https:\/\/korenina.sk\/#organization\",\"name\":\"Koreni.na\",\"url\":\"https:\/\/korenina.sk\/\",\"logo\":{\"@type\":\"ImageObject\",\"inLanguage\":\"cs\",\"@id\":\"https:\/\/korenina.sk\/#\/schema\/logo\/image\/\",\"url\":\"https:\/\/korenina.sk\/wp-content\/uploads\/2025\/02\/logo.svg\",\"contentUrl\":\"https:\/\/korenina.sk\/wp-content\/uploads\/2025\/02\/logo.svg\",\"width\":500,\"height\":80,\"caption\":\"Koreni.na\"},\"image\":{\"@id\":\"https:\/\/korenina.sk\/#\/schema\/logo\/image\/\"}}]}<\/script>\n<!-- \/ Yoast SEO plugin. -->","yoast_head_json":{"title":"Saturejka mlet\u00e1 \u2013 Ko\u0159eni.","description":"Saturejka mlet\u00e1 s v\u00fdraznou ko\u0159en\u011bnou chut\u00ed a intenzivn\u00edm aroma. 100% p\u0159\u00edrodn\u00ed produkt, ide\u00e1ln\u00ed do lu\u0161t\u011bnin, pol\u00e9vek, om\u00e1\u010dek a masn\u00fdch j\u00eddel.","robots":{"index":"index","follow":"follow","max-snippet":"max-snippet:-1","max-image-preview":"max-image-preview:large","max-video-preview":"max-video-preview:-1"},"canonical":"https:\/\/korenina.sk\/cs\/produkt\/saturejka-mleta\/?wmc-currency=CZK","og_locale":"cs_CZ","og_type":"article","og_title":"Saturejka mlet\u00e1 &#8211; Koreni.na","og_description":"Saturejka mlet\u00e1 s v\u00fdraznou korenistou chu\u0165ou a intenz\u00edvnou ar\u00f3mou. 100% pr\u00edrodn\u00fd produkt, ide\u00e1lny do strukov\u00edn, polievok, om\u00e1\u010dok a m\u00e4sov\u00fdch jed\u00e1l.","og_url":"https:\/\/korenina.sk\/cs\/produkt\/saturejka-mleta\/?wmc-currency=CZK","og_site_name":"Koreni.na","article_modified_time":"2026-04-15T14:49:06+00:00","og_image":[{"width":600,"height":600,"url":"https:\/\/korenina.sk\/wp-content\/uploads\/2026\/02\/Saturejka-mleta.webp","type":"image\/webp"}],"twitter_card":"summary_large_image","twitter_misc":{"Odhadovan\u00e1 doba \u010dten\u00ed":"2 minuty"},"schema":{"@context":"https:\/\/schema.org","@graph":[{"@type":"WebPage","@id":"https:\/\/korenina.sk\/produkt\/saturejka-mleta\/","url":"https:\/\/korenina.sk\/produkt\/saturejka-mleta\/","name":"Saturejka mlet\u00e1 \u2013 Ko\u0159eni.","isPartOf":{"@id":"https:\/\/korenina.sk\/#website"},"primaryImageOfPage":{"@id":"https:\/\/korenina.sk\/produkt\/saturejka-mleta\/#primaryimage"},"image":{"@id":"https:\/\/korenina.sk\/produkt\/saturejka-mleta\/#primaryimage"},"thumbnailUrl":"https:\/\/korenina.sk\/wp-content\/uploads\/2026\/02\/Saturejka-mleta.webp","datePublished":"2025-03-17T19:11:09+00:00","dateModified":"2026-04-15T14:49:06+00:00","description":"Saturejka mlet\u00e1 s v\u00fdraznou ko\u0159en\u011bnou chut\u00ed a intenzivn\u00edm aroma. 100% p\u0159\u00edrodn\u00ed produkt, ide\u00e1ln\u00ed do lu\u0161t\u011bnin, pol\u00e9vek, om\u00e1\u010dek a masn\u00fdch j\u00eddel.","breadcrumb":{"@id":"https:\/\/korenina.sk\/produkt\/saturejka-mleta\/#breadcrumb"},"inLanguage":"cs","potentialAction":[{"@type":"ReadAction","target":["https:\/\/korenina.sk\/produkt\/saturejka-mleta\/"]}]},{"@type":"ImageObject","inLanguage":"cs","@id":"https:\/\/korenina.sk\/produkt\/saturejka-mleta\/#primaryimage","url":"https:\/\/korenina.sk\/wp-content\/uploads\/2026\/02\/Saturejka-mleta.webp","contentUrl":"https:\/\/korenina.sk\/wp-content\/uploads\/2026\/02\/Saturejka-mleta.webp","width":600,"height":600,"caption":"saturejka mlet\u00e1"},{"@type":"BreadcrumbList","@id":"https:\/\/korenina.sk\/produkt\/saturejka-mleta\/#breadcrumb","itemListElement":[{"@type":"ListItem","position":1,"name":"Domovsk\u00e1 str\u00e1nka","item":"https:\/\/korenina.sk\/"},{"@type":"ListItem","position":2,"name":"Na\u0161e koreniny a su\u0161en\u00e9 plody","item":"https:\/\/korenina.sk\/nase-produkty\/"},{"@type":"ListItem","position":3,"name":"Saturejka mlet\u00e1"}]},{"@type":"WebSite","@id":"https:\/\/korenina.sk\/#website","url":"https:\/\/korenina.sk\/","name":"Koreni.na","description":"Z\u00e1\u017eitek z toho prav\u00e9ho pep\u0159e","publisher":{"@id":"https:\/\/korenina.sk\/#organization"},"potentialAction":[{"@type":"SearchAction","target":{"@type":"EntryPoint","urlTemplate":"https:\/\/korenina.sk\/?s={search_term_string}"},"query-input":{"@type":"PropertyValueSpecification","valueRequired":true,"valueName":"search_term_string"}}],"inLanguage":"cs"},{"@type":"Organization","@id":"https:\/\/korenina.sk\/#organization","name":"Koreni.na","url":"https:\/\/korenina.sk\/","logo":{"@type":"ImageObject","inLanguage":"cs","@id":"https:\/\/korenina.sk\/#\/schema\/logo\/image\/","url":"https:\/\/korenina.sk\/wp-content\/uploads\/2025\/02\/logo.svg","contentUrl":"https:\/\/korenina.sk\/wp-content\/uploads\/2025\/02\/logo.svg","width":500,"height":80,"caption":"Koreni.na"},"image":{"@id":"https:\/\/korenina.sk\/#\/schema\/logo\/image\/"}}]}},"_links":{"self":[{"href":"https:\/\/korenina.sk\/cs\/wp-json\/wp\/v2\/product\/1188","targetHints":{"allow":["GET"]}}],"collection":[{"href":"https:\/\/korenina.sk\/cs\/wp-json\/wp\/v2\/product"}],"about":[{"href":"https:\/\/korenina.sk\/cs\/wp-json\/wp\/v2\/types\/product"}],"replies":[{"embeddable":true,"href":"https:\/\/korenina.sk\/cs\/wp-json\/wp\/v2\/comments?post=1188"}],"wp:featuredmedia":[{"embeddable":true,"href":"https:\/\/korenina.sk\/cs\/wp-json\/wp\/v2\/media\/6016"}],"wp:attachment":[{"href":"https:\/\/korenina.sk\/cs\/wp-json\/wp\/v2\/media?parent=1188"}],"wp:term":[{"taxonomy":"product_brand","embeddable":true,"href":"https:\/\/korenina.sk\/cs\/wp-json\/wp\/v2\/product_brand?post=1188"},{"taxonomy":"product_cat","embeddable":true,"href":"https:\/\/korenina.sk\/cs\/wp-json\/wp\/v2\/product_cat?post=1188"},{"taxonomy":"product_tag","embeddable":true,"href":"https:\/\/korenina.sk\/cs\/wp-json\/wp\/v2\/product_tag?post=1188"}],"curies":[{"name":"wp","href":"https:\/\/api.w.org\/{rel}","templated":true}]}}