{"id":1113,"date":"2025-03-22T16:50:33","date_gmt":"2025-03-22T15:50:33","guid":{"rendered":"https:\/\/korenina.sk\/?post_type=product&#038;p=1113"},"modified":"2026-04-15T16:49:05","modified_gmt":"2026-04-15T14:49:05","slug":"jalovec-jalovec-cela","status":"publish","type":"product","link":"https:\/\/korenina.sk\/cs\/produkt\/jalovec-jalovec-cela\/","title":{"rendered":"Jalovec \u2013 cel\u00e9 plody"},"content":{"rendered":"<p data-start=\"0\" data-end=\"215\"><strong data-start=\"0\" data-end=\"27\">Jalovec \/ jalovec cel\u00e1<\/strong> jsou pe\u010dliv\u011b vyb\u00edr\u00e1ny plody s intenzivn\u00ed v\u016fn\u00ed a typickou jemn\u011b d\u0159evitou, prysky\u0159i\u010dnou chut\u00ed s lehk\u00fdm nasl\u00e1dl\u00fdm podt\u00f3nem. V cel\u00e9 form\u011b si zachov\u00e1vaj\u00ed pln\u00e9 aroma a\u017e do momentu pou\u017eit\u00ed.<\/p>\n<p data-start=\"217\" data-end=\"410\">Je ide\u00e1ln\u00ed do du\u0161en\u00e9ho masa, zv\u011b\u0159iny, marin\u00e1d, pa\u0161tik, om\u00e1\u010dek, ale tak\u00e9 do dom\u00e1c\u00edch lik\u00e9r\u016f \u010di tradi\u010dn\u00edch recept\u016f. Po jemn\u00e9m podrcen\u00ed se jej\u00ed aroma je\u0161t\u011b v\u00edce zv\u00fdrazn\u00ed a dod\u00e1 j\u00eddlu hlub\u0161\u00ed charakter.<\/p>\n<p data-start=\"412\" data-end=\"484\">100 % p\u0159\u00edrodn\u00ed produkt \u2013 bez p\u0159\u00eddatn\u00fdch l\u00e1tek a chemick\u00fdch konzervant\u016f.<\/p>\n<hr data-start=\"486\" data-end=\"489\" \/>\n<h3 data-start=\"491\" data-end=\"530\">Pro\u010d si vybrat na\u0161i jalovci celou?<\/h3>\n<p data-start=\"532\" data-end=\"717\">\u2714 Cel\u00e9, aromatick\u00e9 bobule \u2013 ne dr\u0165 ani pr\u00e1\u0161ek<br data-start=\"578\" data-end=\"581\" \/>\u2714 Siln\u00e1, p\u0159\u00edrodn\u00ed v\u016fn\u011b a autentick\u00e1 chu\u0165<br data-start=\"621\" data-end=\"624\" \/>\u2714 100 % p\u0159\u00edrodn\u00ed \u2013 bez chemick\u00fdch p\u0159\u00edsad<br data-start=\"664\" data-end=\"667\" \/>\u2714 Perfektn\u00ed do masa, gul\u00e1\u0161\u016f, lik\u00e9r\u016f i pe\u010den\u00ed<\/p>\n<p data-start=\"719\" data-end=\"776\">Plody jsou ru\u010dn\u011b t\u0159\u00edd\u011bny a \u010dist\u00e9, pro maxim\u00e1ln\u00ed kvalitu.<\/p>\n<p data-start=\"778\" data-end=\"936\">Intenzivn\u00ed aroma provon\u00ed ka\u017ed\u00e9 j\u00eddlo nebo n\u00e1poj a dod\u00e1 mu tradi\u010dn\u00ed charakter. Vhodn\u00e1 do klasick\u00fdch \u010desk\u00fdch recept\u016f i modern\u00edch kulin\u00e1\u0159sk\u00fdch kombinac\u00ed.<\/p>\n<p data-start=\"938\" data-end=\"999\">Z\u00e1kazn\u00edci vyhled\u00e1vaj\u00ed kvalitn\u00ed jalovci celou \u2013 ne levnou dr\u0165.<\/p>\n<hr data-start=\"1001\" data-end=\"1004\" \/>\n<h3 data-start=\"1006\" data-end=\"1024\">Jak ji pou\u017e\u00edt?<\/h3>\n<p data-start=\"1026\" data-end=\"1211\">P\u0159ed pou\u017eit\u00edm ji jemn\u011b podrv v hmo\u017ed\u00ed\u0159i nebo rozpu\u010d no\u017eem, aby se uvolnilo aroma. P\u0159idej ji do marin\u00e1d na zv\u011b\u0159inu, hov\u011bz\u00ed \u010di vep\u0159ov\u00e9 maso, do zeln\u00fdch j\u00eddel nebo dom\u00e1c\u00edch lik\u00e9r\u016f.<\/p>\n<hr data-start=\"1213\" data-end=\"1216\" \/>\n<h3 data-start=\"1218\" data-end=\"1246\">Doporu\u010dujeme kombinovat s:<\/h3>\n<p data-start=\"1248\" data-end=\"1398\">Do zv\u011b\u0159inov\u00fdch a du\u0161en\u00fdch j\u00eddel ji zkombinuj s <a href=\"https:\/\/korenina.sk\/cs\/produkt\/bobkovy-list\/?wmc-currency=CZK\"><strong data-start=\"1294\" data-end=\"1319\">Bobkov\u00fdm listem cel\u00fdm<\/strong>.<\/a><br data-start=\"1320\" data-end=\"1323\" \/>Do aromatick\u00fdch masn\u00fdch sm\u011bs\u00ed se v\u00fdborn\u011b dopl\u0148uje s<a href=\"https:\/\/korenina.sk\/cs\/produkt\/novy-pepr-cele\/?wmc-currency=CZK\"> <strong data-start=\"1374\" data-end=\"1397\">Nov\u00fdm pep\u0159em cel\u00fdm<\/strong><\/a>.<\/p>","protected":false},"excerpt":{"rendered":"<p><strong>Slo\u017een\u00ed:<\/strong><br \/>\nJuniperus communis cel\u00e1 su\u0161en\u00e1 I.T\u0159\u00edda 100%<\/p>\n<p><strong>Zem\u011b p\u016fvodu:<\/strong><br \/>\n\u010cesko<\/p>\n<p><strong>Skladov\u00e1n\u00ed:<\/strong><br \/>\nSkladujte na such\u00e9m a tmav\u00e9m m\u00edst\u011b ve sklen\u011bn\u00e9 uzav\u00edrateln\u00e9 n\u00e1dob\u011b<\/p>\n<p><strong>Minim\u00e1ln\u00ed trvanlivost 12 m\u011bs\u00edc\u016f<\/strong><\/p>","protected":false},"featured_media":5893,"comment_status":"closed","ping_status":"closed","template":"","meta":[],"product_brand":[25],"product_cat":[39],"product_tag":[106],"class_list":{"0":"post-1113","1":"product","2":"type-product","3":"status-publish","4":"has-post-thumbnail","6":"product_brand-korenina","7":"product_cat-cele-korenie","8":"product_tag-exoticke-korenie","10":"first","11":"instock","12":"sale","13":"shipping-taxable","14":"purchasable","15":"product-type-variable"},"yoast_head":"<!-- This site is optimized with the Yoast SEO plugin v27.0 - https:\/\/yoast.com\/product\/yoast-seo-wordpress\/ -->\n<title>Jalovec\/borievka cel\u00e1 &#8211; Koreni.na<\/title>\n<meta name=\"description\" content=\"Cel\u00e1 borievka s intenz\u00edvnou v\u00f4\u0148ou a autentickou chu\u0165ou. Ide\u00e1lna do m\u00e4sa, diviny, gul\u00e1\u0161ov, lik\u00e9rov aj pe\u010denia. 100% pr\u00edrodn\u00e9 plody.\" \/>\n<meta name=\"robots\" content=\"index, follow, max-snippet:-1, max-image-preview:large, max-video-preview:-1\" \/>\n<link rel=\"canonical\" href=\"https:\/\/korenina.sk\/cs\/produkt\/jalovec-jalovec-cela\/?wmc-currency=CZK\" \/>\n<meta property=\"og:locale\" content=\"cs_CZ\" \/>\n<meta property=\"og:type\" content=\"article\" \/>\n<meta property=\"og:title\" content=\"Jalovec\/borievka cel\u00e1 &#8211; Koreni.na\" \/>\n<meta property=\"og:description\" content=\"Cel\u00e1 borievka s intenz\u00edvnou v\u00f4\u0148ou a autentickou chu\u0165ou. Ide\u00e1lna do m\u00e4sa, diviny, gul\u00e1\u0161ov, lik\u00e9rov aj pe\u010denia. 100% pr\u00edrodn\u00e9 plody.\" \/>\n<meta property=\"og:url\" content=\"https:\/\/korenina.sk\/cs\/produkt\/jalovec-jalovec-cela\/?wmc-currency=CZK\" \/>\n<meta property=\"og:site_name\" content=\"Koreni.na\" \/>\n<meta property=\"article:modified_time\" content=\"2026-04-15T14:49:05+00:00\" \/>\n<meta property=\"og:image\" content=\"https:\/\/korenina.sk\/wp-content\/uploads\/2026\/02\/Borievka-jemne-mleta.webp\" \/>\n\t<meta property=\"og:image:width\" content=\"600\" \/>\n\t<meta property=\"og:image:height\" content=\"600\" \/>\n\t<meta property=\"og:image:type\" content=\"image\/webp\" \/>\n<meta name=\"twitter:card\" content=\"summary_large_image\" \/>\n<meta name=\"twitter:label1\" content=\"Odhadovan\u00e1 doba \u010dten\u00ed\" \/>\n\t<meta name=\"twitter:data1\" content=\"2 minuty\" \/>\n<script type=\"application\/ld+json\" class=\"yoast-schema-graph\">{\"@context\":\"https:\/\/schema.org\",\"@graph\":[{\"@type\":\"WebPage\",\"@id\":\"https:\/\/korenina.sk\/produkt\/jalovec-borievka-cela\/\",\"url\":\"https:\/\/korenina.sk\/produkt\/jalovec-borievka-cela\/\",\"name\":\"Jalovec\/borievka cel\u00e1 &#8211; Koreni.na\",\"isPartOf\":{\"@id\":\"https:\/\/korenina.sk\/#website\"},\"primaryImageOfPage\":{\"@id\":\"https:\/\/korenina.sk\/produkt\/jalovec-borievka-cela\/#primaryimage\"},\"image\":{\"@id\":\"https:\/\/korenina.sk\/produkt\/jalovec-borievka-cela\/#primaryimage\"},\"thumbnailUrl\":\"https:\/\/korenina.sk\/wp-content\/uploads\/2026\/02\/Borievka-jemne-mleta.webp\",\"datePublished\":\"2025-03-22T15:50:33+00:00\",\"dateModified\":\"2026-04-15T14:49:05+00:00\",\"description\":\"Cel\u00e1 borievka s intenz\u00edvnou v\u00f4\u0148ou a autentickou chu\u0165ou. Ide\u00e1lna do m\u00e4sa, diviny, gul\u00e1\u0161ov, lik\u00e9rov aj pe\u010denia. 100% pr\u00edrodn\u00e9 plody.\",\"breadcrumb\":{\"@id\":\"https:\/\/korenina.sk\/produkt\/jalovec-borievka-cela\/#breadcrumb\"},\"inLanguage\":\"cs\",\"potentialAction\":[{\"@type\":\"ReadAction\",\"target\":[\"https:\/\/korenina.sk\/produkt\/jalovec-borievka-cela\/\"]}]},{\"@type\":\"ImageObject\",\"inLanguage\":\"cs\",\"@id\":\"https:\/\/korenina.sk\/produkt\/jalovec-borievka-cela\/#primaryimage\",\"url\":\"https:\/\/korenina.sk\/wp-content\/uploads\/2026\/02\/Borievka-jemne-mleta.webp\",\"contentUrl\":\"https:\/\/korenina.sk\/wp-content\/uploads\/2026\/02\/Borievka-jemne-mleta.webp\",\"width\":600,\"height\":600,\"caption\":\"borievky\"},{\"@type\":\"BreadcrumbList\",\"@id\":\"https:\/\/korenina.sk\/produkt\/jalovec-borievka-cela\/#breadcrumb\",\"itemListElement\":[{\"@type\":\"ListItem\",\"position\":1,\"name\":\"Domovsk\u00e1 str\u00e1nka\",\"item\":\"https:\/\/korenina.sk\/\"},{\"@type\":\"ListItem\",\"position\":2,\"name\":\"Na\u0161e koreniny a su\u0161en\u00e9 plody\",\"item\":\"https:\/\/korenina.sk\/nase-produkty\/\"},{\"@type\":\"ListItem\",\"position\":3,\"name\":\"Jalovec\/borievka cel\u00e1\"}]},{\"@type\":\"WebSite\",\"@id\":\"https:\/\/korenina.sk\/#website\",\"url\":\"https:\/\/korenina.sk\/\",\"name\":\"Koreni.na\",\"description\":\"Z\u00e1\u017eitok z toho prav\u00e9ho korenia\",\"publisher\":{\"@id\":\"https:\/\/korenina.sk\/#organization\"},\"potentialAction\":[{\"@type\":\"SearchAction\",\"target\":{\"@type\":\"EntryPoint\",\"urlTemplate\":\"https:\/\/korenina.sk\/?s={search_term_string}\"},\"query-input\":{\"@type\":\"PropertyValueSpecification\",\"valueRequired\":true,\"valueName\":\"search_term_string\"}}],\"inLanguage\":\"cs\"},{\"@type\":\"Organization\",\"@id\":\"https:\/\/korenina.sk\/#organization\",\"name\":\"Koreni.na\",\"url\":\"https:\/\/korenina.sk\/\",\"logo\":{\"@type\":\"ImageObject\",\"inLanguage\":\"cs\",\"@id\":\"https:\/\/korenina.sk\/#\/schema\/logo\/image\/\",\"url\":\"https:\/\/korenina.sk\/wp-content\/uploads\/2025\/02\/logo.svg\",\"contentUrl\":\"https:\/\/korenina.sk\/wp-content\/uploads\/2025\/02\/logo.svg\",\"width\":500,\"height\":80,\"caption\":\"Koreni.na\"},\"image\":{\"@id\":\"https:\/\/korenina.sk\/#\/schema\/logo\/image\/\"}}]}<\/script>\n<!-- \/ Yoast SEO plugin. -->","yoast_head_json":{"title":"Jalovec\/jalovec cel\u00fd \u2013 Ko\u0159eni.","description":"Cel\u00fd jalovce s intenzivn\u00ed v\u016fn\u00ed a autentickou chut\u00ed. Ide\u00e1ln\u00ed do masa, zv\u011b\u0159iny, gul\u00e1\u0161\u016f, lik\u00e9r\u016f i pe\u010den\u00ed. 100% p\u0159\u00edrodn\u00ed plody.","robots":{"index":"index","follow":"follow","max-snippet":"max-snippet:-1","max-image-preview":"max-image-preview:large","max-video-preview":"max-video-preview:-1"},"canonical":"https:\/\/korenina.sk\/cs\/produkt\/jalovec-jalovec-cela\/?wmc-currency=CZK","og_locale":"cs_CZ","og_type":"article","og_title":"Jalovec\/borievka cel\u00e1 &#8211; Koreni.na","og_description":"Cel\u00e1 borievka s intenz\u00edvnou v\u00f4\u0148ou a autentickou chu\u0165ou. Ide\u00e1lna do m\u00e4sa, diviny, gul\u00e1\u0161ov, lik\u00e9rov aj pe\u010denia. 100% pr\u00edrodn\u00e9 plody.","og_url":"https:\/\/korenina.sk\/cs\/produkt\/jalovec-jalovec-cela\/?wmc-currency=CZK","og_site_name":"Koreni.na","article_modified_time":"2026-04-15T14:49:05+00:00","og_image":[{"width":600,"height":600,"url":"https:\/\/korenina.sk\/wp-content\/uploads\/2026\/02\/Borievka-jemne-mleta.webp","type":"image\/webp"}],"twitter_card":"summary_large_image","twitter_misc":{"Odhadovan\u00e1 doba \u010dten\u00ed":"2 minuty"},"schema":{"@context":"https:\/\/schema.org","@graph":[{"@type":"WebPage","@id":"https:\/\/korenina.sk\/produkt\/jalovec-borievka-cela\/","url":"https:\/\/korenina.sk\/produkt\/jalovec-borievka-cela\/","name":"Jalovec\/jalovec cel\u00fd \u2013 Ko\u0159eni.","isPartOf":{"@id":"https:\/\/korenina.sk\/#website"},"primaryImageOfPage":{"@id":"https:\/\/korenina.sk\/produkt\/jalovec-borievka-cela\/#primaryimage"},"image":{"@id":"https:\/\/korenina.sk\/produkt\/jalovec-borievka-cela\/#primaryimage"},"thumbnailUrl":"https:\/\/korenina.sk\/wp-content\/uploads\/2026\/02\/Borievka-jemne-mleta.webp","datePublished":"2025-03-22T15:50:33+00:00","dateModified":"2026-04-15T14:49:05+00:00","description":"Cel\u00fd jalovce s intenzivn\u00ed v\u016fn\u00ed a autentickou chut\u00ed. Ide\u00e1ln\u00ed do masa, zv\u011b\u0159iny, gul\u00e1\u0161\u016f, lik\u00e9r\u016f i pe\u010den\u00ed. 100% p\u0159\u00edrodn\u00ed plody.","breadcrumb":{"@id":"https:\/\/korenina.sk\/produkt\/jalovec-borievka-cela\/#breadcrumb"},"inLanguage":"cs","potentialAction":[{"@type":"ReadAction","target":["https:\/\/korenina.sk\/produkt\/jalovec-borievka-cela\/"]}]},{"@type":"ImageObject","inLanguage":"cs","@id":"https:\/\/korenina.sk\/produkt\/jalovec-borievka-cela\/#primaryimage","url":"https:\/\/korenina.sk\/wp-content\/uploads\/2026\/02\/Borievka-jemne-mleta.webp","contentUrl":"https:\/\/korenina.sk\/wp-content\/uploads\/2026\/02\/Borievka-jemne-mleta.webp","width":600,"height":600,"caption":"borievky"},{"@type":"BreadcrumbList","@id":"https:\/\/korenina.sk\/produkt\/jalovec-borievka-cela\/#breadcrumb","itemListElement":[{"@type":"ListItem","position":1,"name":"Domovsk\u00e1 str\u00e1nka","item":"https:\/\/korenina.sk\/"},{"@type":"ListItem","position":2,"name":"Na\u0161e koreniny a su\u0161en\u00e9 plody","item":"https:\/\/korenina.sk\/nase-produkty\/"},{"@type":"ListItem","position":3,"name":"Jalovec\/borievka cel\u00e1"}]},{"@type":"WebSite","@id":"https:\/\/korenina.sk\/#website","url":"https:\/\/korenina.sk\/","name":"Koreni.na","description":"Z\u00e1\u017eitek z toho prav\u00e9ho pep\u0159e","publisher":{"@id":"https:\/\/korenina.sk\/#organization"},"potentialAction":[{"@type":"SearchAction","target":{"@type":"EntryPoint","urlTemplate":"https:\/\/korenina.sk\/?s={search_term_string}"},"query-input":{"@type":"PropertyValueSpecification","valueRequired":true,"valueName":"search_term_string"}}],"inLanguage":"cs"},{"@type":"Organization","@id":"https:\/\/korenina.sk\/#organization","name":"Koreni.na","url":"https:\/\/korenina.sk\/","logo":{"@type":"ImageObject","inLanguage":"cs","@id":"https:\/\/korenina.sk\/#\/schema\/logo\/image\/","url":"https:\/\/korenina.sk\/wp-content\/uploads\/2025\/02\/logo.svg","contentUrl":"https:\/\/korenina.sk\/wp-content\/uploads\/2025\/02\/logo.svg","width":500,"height":80,"caption":"Koreni.na"},"image":{"@id":"https:\/\/korenina.sk\/#\/schema\/logo\/image\/"}}]}},"_links":{"self":[{"href":"https:\/\/korenina.sk\/cs\/wp-json\/wp\/v2\/product\/1113","targetHints":{"allow":["GET"]}}],"collection":[{"href":"https:\/\/korenina.sk\/cs\/wp-json\/wp\/v2\/product"}],"about":[{"href":"https:\/\/korenina.sk\/cs\/wp-json\/wp\/v2\/types\/product"}],"replies":[{"embeddable":true,"href":"https:\/\/korenina.sk\/cs\/wp-json\/wp\/v2\/comments?post=1113"}],"wp:featuredmedia":[{"embeddable":true,"href":"https:\/\/korenina.sk\/cs\/wp-json\/wp\/v2\/media\/5893"}],"wp:attachment":[{"href":"https:\/\/korenina.sk\/cs\/wp-json\/wp\/v2\/media?parent=1113"}],"wp:term":[{"taxonomy":"product_brand","embeddable":true,"href":"https:\/\/korenina.sk\/cs\/wp-json\/wp\/v2\/product_brand?post=1113"},{"taxonomy":"product_cat","embeddable":true,"href":"https:\/\/korenina.sk\/cs\/wp-json\/wp\/v2\/product_cat?post=1113"},{"taxonomy":"product_tag","embeddable":true,"href":"https:\/\/korenina.sk\/cs\/wp-json\/wp\/v2\/product_tag?post=1113"}],"curies":[{"name":"wp","href":"https:\/\/api.w.org\/{rel}","templated":true}]}}